{"id":22939,"date":"2026-02-18T12:53:48","date_gmt":"2026-02-18T11:53:48","guid":{"rendered":"https:\/\/perpignan.alfmed.com\/?post_type=product&#038;p=22939"},"modified":"2026-04-07T09:41:23","modified_gmt":"2026-04-07T08:41:23","slug":"examen-civique","status":"publish","type":"product","link":"https:\/\/perpignan.alfmed.com\/it\/produit\/examen-civique\/","title":{"rendered":"EXAMEN CIVIQUE"},"content":{"rendered":"","protected":false},"excerpt":{"rendered":"<p>L&#8217;examen civique est une \u00e9valuation officielle mise en place par l\u2019\u00c9tat fran\u00e7ais dans le cadre de la nouvelle r\u00e9glementation relative \u00e0 l\u2019int\u00e9gration et \u00e0 l\u2019acc\u00e8s au s\u00e9jour en France.\u00a0\u00c0 partir du 1er janvier 2026, la r\u00e9ussite \u00e0 cet examen devient obligatoire pour les :<\/p>\n<ul>\n<li>primo-demandeurs ou renouvellements de carte de s\u00e9jour pluriannuelle (CSP)<\/li>\n<li>primo-demandeurs de carte de r\u00e9sident (CR)<\/li>\n<li>demandeurs de naturalisation fran\u00e7aise<\/li>\n<\/ul>\n<p><a href=\"https:\/\/perpignan.alfmed.com\/examen-civique\/\" target=\"_blank\" rel=\"noopener\">INFORMATIONS SUR L&#8217;EXAMEN CIVIQUE<\/a><\/p>\n<p>&nbsp;<\/p>\n<article class=\"text-token-text-primary w-full focus:outline-none [--shadow-height:45px] has-data-writing-block:pointer-events-none has-data-writing-block:-mt-(--shadow-height) has-data-writing-block:pt-(--shadow-height) [&amp;:has([data-writing-block])&gt;*]:pointer-events-auto scroll-mt-(--header-height)\" dir=\"auto\" tabindex=\"-1\" data-turn-id=\"cda1a9e6-63f7-474f-bd19-89e65f5d54ca\" data-testid=\"conversation-turn-1\" data-scroll-anchor=\"false\" data-turn=\"user\"><\/article>\n<article class=\"text-token-text-primary w-full focus:outline-none [--shadow-height:45px] has-data-writing-block:pointer-events-none has-data-writing-block:-mt-(--shadow-height) has-data-writing-block:pt-(--shadow-height) [&amp;:has([data-writing-block])&gt;*]:pointer-events-auto scroll-mt-[calc(var(--header-height)+min(200px,max(70px,20svh)))]\" dir=\"auto\" tabindex=\"-1\" data-turn-id=\"request-WEB:1c89d00d-b8c5-4a64-bc39-4a4530e1e538-0\" data-testid=\"conversation-turn-2\" data-scroll-anchor=\"true\" data-turn=\"assistant\">\n<div class=\"text-base my-auto mx-auto pb-10 [--thread-content-margin:--spacing(4)] @w-sm\/main:[--thread-content-margin:--spacing(6)] @w-lg\/main:[--thread-content-margin:--spacing(16)] px-(--thread-content-margin)\">\n<div class=\"[--thread-content-max-width:40rem] @w-lg\/main:[--thread-content-max-width:48rem] mx-auto max-w-(--thread-content-max-width) flex-1 group\/turn-messages focus-visible:outline-hidden relative flex w-full min-w-0 flex-col agent-turn\" tabindex=\"-1\">\n<div class=\"flex max-w-full flex-col grow\">\n<div class=\"min-h-8 text-message relative flex w-full flex-col items-end gap-2 text-start break-words whitespace-normal [.text-message+&amp;]:mt-1\" dir=\"auto\" data-message-author-role=\"assistant\" data-message-id=\"58f6ff60-e621-41f5-b6db-79525bae3e15\" data-message-model-slug=\"gpt-5-2\">\n<div class=\"flex w-full flex-col gap-1 empty:hidden first:pt-[1px]\">\n<div class=\"markdown prose dark:prose-invert w-full wrap-break-word light markdown-new-styling\">\n<p data-start=\"0\" data-end=\"173\">Attention : vous allez proc\u00e9der \u00e0 votre inscription \u00e0 l\u2019examen civique \u00e0 ALFMED ; merci de vous \u00eatre pr\u00e9alablement <a href=\"https:\/\/test-civique.fr\/inscription\" target=\"_blank\" rel=\"noopener\">pr\u00e9-inscrit(e) sur le site officiel de l\u2019examen civique<\/a>. Votre inscription et r\u00e8glement \u00e0 ALFMED doit \u00eatre r\u00e9alis\u00e9e 48h avant la date de l&#8217;examen pour pouvoir \u00eatre confirm\u00e9e.<\/p>\n<\/div>\n<\/div>\n<\/div>\n<\/div>\n<\/div>\n<\/div>\n<\/article>\n","protected":false},"featured_media":23312,"template":"","meta":{"_acf_changed":false,"_et_pb_use_builder":"","_et_pb_old_content":"","_et_gb_content_width":""},"product_brand":[],"product_cat":[225,159],"product_tag":[],"class_list":{"0":"post-22939","1":"product","2":"type-product","3":"status-publish","4":"has-post-thumbnail","6":"product_cat-examen-civique","7":"product_cat-nos-produits-it","9":"first","10":"instock","11":"shipping-taxable","12":"purchasable","13":"product-type-variable"},"acf":[],"yoast_head":"<!-- This site is optimized with the Yoast SEO plugin v27.3 - https:\/\/yoast.com\/product\/yoast-seo-wordpress\/ -->\n<title>ALFMED Perpignan | Examen Civique<\/title>\n<meta name=\"description\" content=\"Examen civique requis dans le cadre d\u2019une demande de nationalit\u00e9 fran\u00e7aise, d\u2019une carte de r\u00e9sident ou d&#039;un titre de s\u00e9jour pluri-annuel, permettant d\u2019\u00e9valuer vos connaissances des valeurs, de l\u2019histoire et du fonctionnement de la R\u00e9publique fran\u00e7aise.\" \/>\n<meta name=\"robots\" content=\"index, follow, max-snippet:-1, max-image-preview:large, max-video-preview:-1\" \/>\n<link rel=\"canonical\" href=\"https:\/\/perpignan.alfmed.com\/it\/produit\/examen-civique\/\" \/>\n<meta property=\"og:locale\" content=\"it_IT\" \/>\n<meta property=\"og:type\" content=\"article\" \/>\n<meta property=\"og:title\" content=\"ALFMED Perpignan | Examen Civique\" \/>\n<meta property=\"og:description\" content=\"Examen civique requis dans le cadre d\u2019une demande de nationalit\u00e9 fran\u00e7aise, d\u2019une carte de r\u00e9sident ou d&#039;un titre de s\u00e9jour pluri-annuel, permettant d\u2019\u00e9valuer vos connaissances des valeurs, de l\u2019histoire et du fonctionnement de la R\u00e9publique fran\u00e7aise.\" \/>\n<meta property=\"og:url\" content=\"https:\/\/perpignan.alfmed.com\/it\/produit\/examen-civique\/\" \/>\n<meta property=\"og:site_name\" content=\"Alfmed\" \/>\n<meta property=\"article:modified_time\" content=\"2026-04-07T08:41:23+00:00\" \/>\n<meta property=\"og:image\" content=\"https:\/\/perpignan.alfmed.com\/wp-content\/uploads\/2026\/03\/ChatGPT-Image-10-mars-2026-18_19_40.png\" \/>\n\t<meta property=\"og:image:width\" content=\"1536\" \/>\n\t<meta property=\"og:image:height\" content=\"1024\" \/>\n\t<meta property=\"og:image:type\" content=\"image\/png\" \/>\n<meta name=\"twitter:card\" content=\"summary_large_image\" \/>\n<script type=\"application\/ld+json\" class=\"yoast-schema-graph\">{\"@context\":\"https:\\\/\\\/schema.org\",\"@graph\":[{\"@type\":\"WebPage\",\"@id\":\"https:\\\/\\\/perpignan.alfmed.com\\\/it\\\/produit\\\/examen-civique\\\/\",\"url\":\"https:\\\/\\\/perpignan.alfmed.com\\\/it\\\/produit\\\/examen-civique\\\/\",\"name\":\"ALFMED Perpignan | Examen Civique\",\"isPartOf\":{\"@id\":\"https:\\\/\\\/perpignan.alfmed.com\\\/it\\\/#website\"},\"primaryImageOfPage\":{\"@id\":\"https:\\\/\\\/perpignan.alfmed.com\\\/it\\\/produit\\\/examen-civique\\\/#primaryimage\"},\"image\":{\"@id\":\"https:\\\/\\\/perpignan.alfmed.com\\\/it\\\/produit\\\/examen-civique\\\/#primaryimage\"},\"thumbnailUrl\":\"https:\\\/\\\/perpignan.alfmed.com\\\/wp-content\\\/uploads\\\/2026\\\/03\\\/ChatGPT-Image-10-mars-2026-18_19_40.png\",\"datePublished\":\"2026-02-18T11:53:48+00:00\",\"dateModified\":\"2026-04-07T08:41:23+00:00\",\"description\":\"Examen civique requis dans le cadre d\u2019une demande de nationalit\u00e9 fran\u00e7aise, d\u2019une carte de r\u00e9sident ou d'un titre de s\u00e9jour pluri-annuel, permettant d\u2019\u00e9valuer vos connaissances des valeurs, de l\u2019histoire et du fonctionnement de la R\u00e9publique fran\u00e7aise.\",\"breadcrumb\":{\"@id\":\"https:\\\/\\\/perpignan.alfmed.com\\\/it\\\/produit\\\/examen-civique\\\/#breadcrumb\"},\"inLanguage\":\"it-IT\",\"potentialAction\":[{\"@type\":\"ReadAction\",\"target\":[\"https:\\\/\\\/perpignan.alfmed.com\\\/it\\\/produit\\\/examen-civique\\\/\"]}]},{\"@type\":\"ImageObject\",\"inLanguage\":\"it-IT\",\"@id\":\"https:\\\/\\\/perpignan.alfmed.com\\\/it\\\/produit\\\/examen-civique\\\/#primaryimage\",\"url\":\"https:\\\/\\\/perpignan.alfmed.com\\\/wp-content\\\/uploads\\\/2026\\\/03\\\/ChatGPT-Image-10-mars-2026-18_19_40.png\",\"contentUrl\":\"https:\\\/\\\/perpignan.alfmed.com\\\/wp-content\\\/uploads\\\/2026\\\/03\\\/ChatGPT-Image-10-mars-2026-18_19_40.png\",\"width\":1536,\"height\":1024},{\"@type\":\"BreadcrumbList\",\"@id\":\"https:\\\/\\\/perpignan.alfmed.com\\\/it\\\/produit\\\/examen-civique\\\/#breadcrumb\",\"itemListElement\":[{\"@type\":\"ListItem\",\"position\":1,\"name\":\"Home\",\"item\":\"https:\\\/\\\/perpignan.alfmed.com\\\/it\\\/\"},{\"@type\":\"ListItem\",\"position\":2,\"name\":\"Prodotti\",\"item\":\"https:\\\/\\\/perpignan.alfmed.com\\\/it\\\/shop\\\/\"},{\"@type\":\"ListItem\",\"position\":3,\"name\":\"EXAMEN CIVIQUE\"}]},{\"@type\":\"WebSite\",\"@id\":\"https:\\\/\\\/perpignan.alfmed.com\\\/it\\\/#website\",\"url\":\"https:\\\/\\\/perpignan.alfmed.com\\\/it\\\/\",\"name\":\"Alfmed\",\"description\":\"EXPERTS EN LANGUES &amp; PROJETS EUROP\u00c9ENS\",\"potentialAction\":[{\"@type\":\"SearchAction\",\"target\":{\"@type\":\"EntryPoint\",\"urlTemplate\":\"https:\\\/\\\/perpignan.alfmed.com\\\/it\\\/?s={search_term_string}\"},\"query-input\":{\"@type\":\"PropertyValueSpecification\",\"valueRequired\":true,\"valueName\":\"search_term_string\"}}],\"inLanguage\":\"it-IT\"}]}<\/script>\n<!-- \/ Yoast SEO plugin. -->","yoast_head_json":{"title":"ALFMED Perpignan | Examen Civique","description":"Examen civique requis dans le cadre d\u2019une demande de nationalit\u00e9 fran\u00e7aise, d\u2019une carte de r\u00e9sident ou d'un titre de s\u00e9jour pluri-annuel, permettant d\u2019\u00e9valuer vos connaissances des valeurs, de l\u2019histoire et du fonctionnement de la R\u00e9publique fran\u00e7aise.","robots":{"index":"index","follow":"follow","max-snippet":"max-snippet:-1","max-image-preview":"max-image-preview:large","max-video-preview":"max-video-preview:-1"},"canonical":"https:\/\/perpignan.alfmed.com\/it\/produit\/examen-civique\/","og_locale":"it_IT","og_type":"article","og_title":"ALFMED Perpignan | Examen Civique","og_description":"Examen civique requis dans le cadre d\u2019une demande de nationalit\u00e9 fran\u00e7aise, d\u2019une carte de r\u00e9sident ou d'un titre de s\u00e9jour pluri-annuel, permettant d\u2019\u00e9valuer vos connaissances des valeurs, de l\u2019histoire et du fonctionnement de la R\u00e9publique fran\u00e7aise.","og_url":"https:\/\/perpignan.alfmed.com\/it\/produit\/examen-civique\/","og_site_name":"Alfmed","article_modified_time":"2026-04-07T08:41:23+00:00","og_image":[{"width":1536,"height":1024,"url":"https:\/\/perpignan.alfmed.com\/wp-content\/uploads\/2026\/03\/ChatGPT-Image-10-mars-2026-18_19_40.png","type":"image\/png"}],"twitter_card":"summary_large_image","schema":{"@context":"https:\/\/schema.org","@graph":[{"@type":"WebPage","@id":"https:\/\/perpignan.alfmed.com\/it\/produit\/examen-civique\/","url":"https:\/\/perpignan.alfmed.com\/it\/produit\/examen-civique\/","name":"ALFMED Perpignan | Examen Civique","isPartOf":{"@id":"https:\/\/perpignan.alfmed.com\/it\/#website"},"primaryImageOfPage":{"@id":"https:\/\/perpignan.alfmed.com\/it\/produit\/examen-civique\/#primaryimage"},"image":{"@id":"https:\/\/perpignan.alfmed.com\/it\/produit\/examen-civique\/#primaryimage"},"thumbnailUrl":"https:\/\/perpignan.alfmed.com\/wp-content\/uploads\/2026\/03\/ChatGPT-Image-10-mars-2026-18_19_40.png","datePublished":"2026-02-18T11:53:48+00:00","dateModified":"2026-04-07T08:41:23+00:00","description":"Examen civique requis dans le cadre d\u2019une demande de nationalit\u00e9 fran\u00e7aise, d\u2019une carte de r\u00e9sident ou d'un titre de s\u00e9jour pluri-annuel, permettant d\u2019\u00e9valuer vos connaissances des valeurs, de l\u2019histoire et du fonctionnement de la R\u00e9publique fran\u00e7aise.","breadcrumb":{"@id":"https:\/\/perpignan.alfmed.com\/it\/produit\/examen-civique\/#breadcrumb"},"inLanguage":"it-IT","potentialAction":[{"@type":"ReadAction","target":["https:\/\/perpignan.alfmed.com\/it\/produit\/examen-civique\/"]}]},{"@type":"ImageObject","inLanguage":"it-IT","@id":"https:\/\/perpignan.alfmed.com\/it\/produit\/examen-civique\/#primaryimage","url":"https:\/\/perpignan.alfmed.com\/wp-content\/uploads\/2026\/03\/ChatGPT-Image-10-mars-2026-18_19_40.png","contentUrl":"https:\/\/perpignan.alfmed.com\/wp-content\/uploads\/2026\/03\/ChatGPT-Image-10-mars-2026-18_19_40.png","width":1536,"height":1024},{"@type":"BreadcrumbList","@id":"https:\/\/perpignan.alfmed.com\/it\/produit\/examen-civique\/#breadcrumb","itemListElement":[{"@type":"ListItem","position":1,"name":"Home","item":"https:\/\/perpignan.alfmed.com\/it\/"},{"@type":"ListItem","position":2,"name":"Prodotti","item":"https:\/\/perpignan.alfmed.com\/it\/shop\/"},{"@type":"ListItem","position":3,"name":"EXAMEN CIVIQUE"}]},{"@type":"WebSite","@id":"https:\/\/perpignan.alfmed.com\/it\/#website","url":"https:\/\/perpignan.alfmed.com\/it\/","name":"Alfmed","description":"EXPERTS EN LANGUES &amp; PROJETS EUROP\u00c9ENS","potentialAction":[{"@type":"SearchAction","target":{"@type":"EntryPoint","urlTemplate":"https:\/\/perpignan.alfmed.com\/it\/?s={search_term_string}"},"query-input":{"@type":"PropertyValueSpecification","valueRequired":true,"valueName":"search_term_string"}}],"inLanguage":"it-IT"}]}},"_links":{"self":[{"href":"https:\/\/perpignan.alfmed.com\/it\/wp-json\/wp\/v2\/product\/22939","targetHints":{"allow":["GET"]}}],"collection":[{"href":"https:\/\/perpignan.alfmed.com\/it\/wp-json\/wp\/v2\/product"}],"about":[{"href":"https:\/\/perpignan.alfmed.com\/it\/wp-json\/wp\/v2\/types\/product"}],"wp:featuredmedia":[{"embeddable":true,"href":"https:\/\/perpignan.alfmed.com\/it\/wp-json\/wp\/v2\/media\/23312"}],"wp:attachment":[{"href":"https:\/\/perpignan.alfmed.com\/it\/wp-json\/wp\/v2\/media?parent=22939"}],"wp:term":[{"taxonomy":"product_brand","embeddable":true,"href":"https:\/\/perpignan.alfmed.com\/it\/wp-json\/wp\/v2\/product_brand?post=22939"},{"taxonomy":"product_cat","embeddable":true,"href":"https:\/\/perpignan.alfmed.com\/it\/wp-json\/wp\/v2\/product_cat?post=22939"},{"taxonomy":"product_tag","embeddable":true,"href":"https:\/\/perpignan.alfmed.com\/it\/wp-json\/wp\/v2\/product_tag?post=22939"}],"curies":[{"name":"wp","href":"https:\/\/api.w.org\/{rel}","templated":true}]}}