{"id":10074,"date":"2022-07-16T14:51:36","date_gmt":"2022-07-16T14:51:36","guid":{"rendered":"https:\/\/perpignan.alfmed.com\/produit\/cours-particuliers\/"},"modified":"2025-12-08T11:01:47","modified_gmt":"2025-12-08T10:01:47","slug":"cours-particuliers","status":"publish","type":"product","link":"https:\/\/perpignan.alfmed.com\/it\/produit\/cours-particuliers\/","title":{"rendered":"Cours Particuliers"},"content":{"rendered":"<p>Les -10% des cartes <a href=\"https:\/\/perpignan.alfmed.com\/it\/produit\/carte-smart-family\/\">SMART Family<\/a> et <a href=\"https:\/\/perpignan.alfmed.com\/produit\/carte-smart-company\/\">SMART Company<\/a> ne se font que pour les<a href=\"https:\/\/perpignan.alfmed.com\/it\/francese-per-stranieri\/francese-alla-carta\/lezioni-private\/\"> cours particuliers<\/a> de Anglais, Espagnol, Allemand<\/p>\n","protected":false},"excerpt":{"rendered":"<p>Vous souhaitez des renseignements pour des cours particuliers ? Remplissez ce formulaire et nous serons en mesure de vous envoyer un test de niveau et un questionnaire\/diagnostic des besoins afin d\u2019\u00e9valuer avec vous le nombre d\u2019heures que nous vous conseillons.<\/p>\n<p><a href=\"https:\/\/perpignan.alfmed.com\/it\/francese-per-stranieri\/francese-alla-carta\/lezioni-private\/\">INFORMATIONS SUR LES COURS PARTICULIERS<\/a><\/p>\n","protected":false},"featured_media":8202,"template":"","meta":{"_acf_changed":false,"_et_pb_use_builder":"","_et_pb_old_content":"","_et_gb_content_width":""},"product_brand":[],"product_cat":[167,159],"product_tag":[],"class_list":{"0":"post-10074","1":"product","2":"type-product","3":"status-publish","4":"has-post-thumbnail","6":"product_cat-cours-it","7":"product_cat-nos-produits-it","9":"first","10":"instock","11":"sold-individually","12":"shipping-taxable","13":"purchasable","14":"product-type-variable"},"acf":[],"yoast_head":"<!-- This site is optimized with the Yoast SEO plugin v27.4 - https:\/\/yoast.com\/product\/yoast-seo-wordpress\/ -->\n<title>ALFMED Perpignan | Cours particuliers de langues<\/title>\n<meta name=\"description\" content=\"Cours particuliers d&#039;Anglais | Espagnol | Catalan | Fran\u00e7ais Langue \u00e9trang\u00e8re | Italien | Allemand | Chinois | N\u00e9erlandais | Russe \u00e0 Perpignan\" \/>\n<meta name=\"robots\" content=\"index, follow, max-snippet:-1, max-image-preview:large, max-video-preview:-1\" \/>\n<link rel=\"canonical\" href=\"https:\/\/perpignan.alfmed.com\/it\/produit\/cours-particuliers\/\" \/>\n<meta property=\"og:locale\" content=\"it_IT\" \/>\n<meta property=\"og:type\" content=\"article\" \/>\n<meta property=\"og:title\" content=\"ALFMED Perpignan | Cours particuliers de langues\" \/>\n<meta property=\"og:description\" content=\"Cours particuliers d&#039;Anglais | Espagnol | Catalan | Fran\u00e7ais Langue \u00e9trang\u00e8re | Italien | Allemand | Chinois | N\u00e9erlandais | Russe \u00e0 Perpignan\" \/>\n<meta property=\"og:url\" content=\"https:\/\/perpignan.alfmed.com\/it\/produit\/cours-particuliers\/\" \/>\n<meta property=\"og:site_name\" content=\"Alfmed\" \/>\n<meta property=\"article:modified_time\" content=\"2025-12-08T10:01:47+00:00\" \/>\n<meta property=\"og:image\" content=\"https:\/\/perpignan.alfmed.com\/wp-content\/uploads\/2022\/07\/visuel-site-1-1.png\" \/>\n\t<meta property=\"og:image:width\" content=\"700\" \/>\n\t<meta property=\"og:image:height\" content=\"400\" \/>\n\t<meta property=\"og:image:type\" content=\"image\/png\" \/>\n<meta name=\"twitter:card\" content=\"summary_large_image\" \/>\n<script type=\"application\/ld+json\" class=\"yoast-schema-graph\">{\"@context\":\"https:\\\/\\\/schema.org\",\"@graph\":[{\"@type\":\"WebPage\",\"@id\":\"https:\\\/\\\/perpignan.alfmed.com\\\/it\\\/produit\\\/cours-particuliers\\\/\",\"url\":\"https:\\\/\\\/perpignan.alfmed.com\\\/it\\\/produit\\\/cours-particuliers\\\/\",\"name\":\"ALFMED Perpignan | Cours particuliers de langues\",\"isPartOf\":{\"@id\":\"https:\\\/\\\/perpignan.alfmed.com\\\/it\\\/#website\"},\"primaryImageOfPage\":{\"@id\":\"https:\\\/\\\/perpignan.alfmed.com\\\/it\\\/produit\\\/cours-particuliers\\\/#primaryimage\"},\"image\":{\"@id\":\"https:\\\/\\\/perpignan.alfmed.com\\\/it\\\/produit\\\/cours-particuliers\\\/#primaryimage\"},\"thumbnailUrl\":\"https:\\\/\\\/perpignan.alfmed.com\\\/wp-content\\\/uploads\\\/2022\\\/07\\\/visuel-site-1-1.png\",\"datePublished\":\"2022-07-16T14:51:36+00:00\",\"dateModified\":\"2025-12-08T10:01:47+00:00\",\"description\":\"Cours particuliers d'Anglais | Espagnol | Catalan | Fran\u00e7ais Langue \u00e9trang\u00e8re | Italien | Allemand | Chinois | N\u00e9erlandais | Russe \u00e0 Perpignan\",\"breadcrumb\":{\"@id\":\"https:\\\/\\\/perpignan.alfmed.com\\\/it\\\/produit\\\/cours-particuliers\\\/#breadcrumb\"},\"inLanguage\":\"it-IT\",\"potentialAction\":[{\"@type\":\"ReadAction\",\"target\":[\"https:\\\/\\\/perpignan.alfmed.com\\\/it\\\/produit\\\/cours-particuliers\\\/\"]}]},{\"@type\":\"ImageObject\",\"inLanguage\":\"it-IT\",\"@id\":\"https:\\\/\\\/perpignan.alfmed.com\\\/it\\\/produit\\\/cours-particuliers\\\/#primaryimage\",\"url\":\"https:\\\/\\\/perpignan.alfmed.com\\\/wp-content\\\/uploads\\\/2022\\\/07\\\/visuel-site-1-1.png\",\"contentUrl\":\"https:\\\/\\\/perpignan.alfmed.com\\\/wp-content\\\/uploads\\\/2022\\\/07\\\/visuel-site-1-1.png\",\"width\":700,\"height\":400},{\"@type\":\"BreadcrumbList\",\"@id\":\"https:\\\/\\\/perpignan.alfmed.com\\\/it\\\/produit\\\/cours-particuliers\\\/#breadcrumb\",\"itemListElement\":[{\"@type\":\"ListItem\",\"position\":1,\"name\":\"Home\",\"item\":\"https:\\\/\\\/perpignan.alfmed.com\\\/it\\\/\"},{\"@type\":\"ListItem\",\"position\":2,\"name\":\"Prodotti\",\"item\":\"https:\\\/\\\/perpignan.alfmed.com\\\/it\\\/shop\\\/\"},{\"@type\":\"ListItem\",\"position\":3,\"name\":\"Cours Particuliers\"}]},{\"@type\":\"WebSite\",\"@id\":\"https:\\\/\\\/perpignan.alfmed.com\\\/it\\\/#website\",\"url\":\"https:\\\/\\\/perpignan.alfmed.com\\\/it\\\/\",\"name\":\"Alfmed\",\"description\":\"EXPERTS EN LANGUES &amp; PROJETS EUROP\u00c9ENS\",\"potentialAction\":[{\"@type\":\"SearchAction\",\"target\":{\"@type\":\"EntryPoint\",\"urlTemplate\":\"https:\\\/\\\/perpignan.alfmed.com\\\/it\\\/?s={search_term_string}\"},\"query-input\":{\"@type\":\"PropertyValueSpecification\",\"valueRequired\":true,\"valueName\":\"search_term_string\"}}],\"inLanguage\":\"it-IT\"}]}<\/script>\n<!-- \/ Yoast SEO plugin. -->","yoast_head_json":{"title":"ALFMED Perpignan | Cours particuliers de langues","description":"Cours particuliers d'Anglais | Espagnol | Catalan | Fran\u00e7ais Langue \u00e9trang\u00e8re | Italien | Allemand | Chinois | N\u00e9erlandais | Russe \u00e0 Perpignan","robots":{"index":"index","follow":"follow","max-snippet":"max-snippet:-1","max-image-preview":"max-image-preview:large","max-video-preview":"max-video-preview:-1"},"canonical":"https:\/\/perpignan.alfmed.com\/it\/produit\/cours-particuliers\/","og_locale":"it_IT","og_type":"article","og_title":"ALFMED Perpignan | Cours particuliers de langues","og_description":"Cours particuliers d'Anglais | Espagnol | Catalan | Fran\u00e7ais Langue \u00e9trang\u00e8re | Italien | Allemand | Chinois | N\u00e9erlandais | Russe \u00e0 Perpignan","og_url":"https:\/\/perpignan.alfmed.com\/it\/produit\/cours-particuliers\/","og_site_name":"Alfmed","article_modified_time":"2025-12-08T10:01:47+00:00","og_image":[{"width":700,"height":400,"url":"https:\/\/perpignan.alfmed.com\/wp-content\/uploads\/2022\/07\/visuel-site-1-1.png","type":"image\/png"}],"twitter_card":"summary_large_image","schema":{"@context":"https:\/\/schema.org","@graph":[{"@type":"WebPage","@id":"https:\/\/perpignan.alfmed.com\/it\/produit\/cours-particuliers\/","url":"https:\/\/perpignan.alfmed.com\/it\/produit\/cours-particuliers\/","name":"ALFMED Perpignan | Cours particuliers de langues","isPartOf":{"@id":"https:\/\/perpignan.alfmed.com\/it\/#website"},"primaryImageOfPage":{"@id":"https:\/\/perpignan.alfmed.com\/it\/produit\/cours-particuliers\/#primaryimage"},"image":{"@id":"https:\/\/perpignan.alfmed.com\/it\/produit\/cours-particuliers\/#primaryimage"},"thumbnailUrl":"https:\/\/perpignan.alfmed.com\/wp-content\/uploads\/2022\/07\/visuel-site-1-1.png","datePublished":"2022-07-16T14:51:36+00:00","dateModified":"2025-12-08T10:01:47+00:00","description":"Cours particuliers d'Anglais | Espagnol | Catalan | Fran\u00e7ais Langue \u00e9trang\u00e8re | Italien | Allemand | Chinois | N\u00e9erlandais | Russe \u00e0 Perpignan","breadcrumb":{"@id":"https:\/\/perpignan.alfmed.com\/it\/produit\/cours-particuliers\/#breadcrumb"},"inLanguage":"it-IT","potentialAction":[{"@type":"ReadAction","target":["https:\/\/perpignan.alfmed.com\/it\/produit\/cours-particuliers\/"]}]},{"@type":"ImageObject","inLanguage":"it-IT","@id":"https:\/\/perpignan.alfmed.com\/it\/produit\/cours-particuliers\/#primaryimage","url":"https:\/\/perpignan.alfmed.com\/wp-content\/uploads\/2022\/07\/visuel-site-1-1.png","contentUrl":"https:\/\/perpignan.alfmed.com\/wp-content\/uploads\/2022\/07\/visuel-site-1-1.png","width":700,"height":400},{"@type":"BreadcrumbList","@id":"https:\/\/perpignan.alfmed.com\/it\/produit\/cours-particuliers\/#breadcrumb","itemListElement":[{"@type":"ListItem","position":1,"name":"Home","item":"https:\/\/perpignan.alfmed.com\/it\/"},{"@type":"ListItem","position":2,"name":"Prodotti","item":"https:\/\/perpignan.alfmed.com\/it\/shop\/"},{"@type":"ListItem","position":3,"name":"Cours Particuliers"}]},{"@type":"WebSite","@id":"https:\/\/perpignan.alfmed.com\/it\/#website","url":"https:\/\/perpignan.alfmed.com\/it\/","name":"Alfmed","description":"EXPERTS EN LANGUES &amp; PROJETS EUROP\u00c9ENS","potentialAction":[{"@type":"SearchAction","target":{"@type":"EntryPoint","urlTemplate":"https:\/\/perpignan.alfmed.com\/it\/?s={search_term_string}"},"query-input":{"@type":"PropertyValueSpecification","valueRequired":true,"valueName":"search_term_string"}}],"inLanguage":"it-IT"}]}},"_links":{"self":[{"href":"https:\/\/perpignan.alfmed.com\/it\/wp-json\/wp\/v2\/product\/10074","targetHints":{"allow":["GET"]}}],"collection":[{"href":"https:\/\/perpignan.alfmed.com\/it\/wp-json\/wp\/v2\/product"}],"about":[{"href":"https:\/\/perpignan.alfmed.com\/it\/wp-json\/wp\/v2\/types\/product"}],"wp:featuredmedia":[{"embeddable":true,"href":"https:\/\/perpignan.alfmed.com\/it\/wp-json\/wp\/v2\/media\/8202"}],"wp:attachment":[{"href":"https:\/\/perpignan.alfmed.com\/it\/wp-json\/wp\/v2\/media?parent=10074"}],"wp:term":[{"taxonomy":"product_brand","embeddable":true,"href":"https:\/\/perpignan.alfmed.com\/it\/wp-json\/wp\/v2\/product_brand?post=10074"},{"taxonomy":"product_cat","embeddable":true,"href":"https:\/\/perpignan.alfmed.com\/it\/wp-json\/wp\/v2\/product_cat?post=10074"},{"taxonomy":"product_tag","embeddable":true,"href":"https:\/\/perpignan.alfmed.com\/it\/wp-json\/wp\/v2\/product_tag?post=10074"}],"curies":[{"name":"wp","href":"https:\/\/api.w.org\/{rel}","templated":true}]}}