{"id":10032,"date":"2022-07-23T14:57:57","date_gmt":"2022-07-23T14:57:57","guid":{"rendered":"https:\/\/perpignan.alfmed.com\/produit\/stage-espagnol\/"},"modified":"2025-12-08T10:52:54","modified_gmt":"2025-12-08T09:52:54","slug":"stage-espagnol","status":"publish","type":"product","link":"https:\/\/perpignan.alfmed.com\/it\/produit\/stage-espagnol\/","title":{"rendered":"Stage Espagnol"},"content":{"rendered":"<p>*Afin de proc\u00e9der \u00e0 la pr\u00e9-inscription, merci de r\u00e9gler la totalit\u00e9 du stage. En cas d\u2019annulation de votre part (sauf si vous fournissez un Certificat m\u00e9dical) le Centre ALFMED conserve la somme incompressible de 30 eur, le solde vous \u00e9tant rembours\u00e9. **En cas d\u2019annulation de notre part (raisons sanitaires) la totalit\u00e9 de la somme sera conserv\u00e9e en cr\u00e9dit pendant 18 mois ou rembours\u00e9e dans sa totalit\u00e9 sur simple demande \u00e9crite sur formation@alfmed.com j&#8217;accepte les conditions<\/p>\n","protected":false},"excerpt":{"rendered":"<p>3 jours de stage d\u2019Espagnol, pour les coll\u00e9giens \/ lyc\u00e9ens de 15-18 ans, qui suivent l\u2019Espagnol en Langue Vivante 2<br \/>\nDe 14h \u00e0 17h pendant 3 jours \u00e0 ALFMED ou chez vous<\/p>\n<p><strong>Les 21, 23, 24 juillet 2026<\/strong><\/p>\n<p><a href=\"https:\/\/perpignan.alfmed.com\/scolaire\/stages-vacances-scolaires\/stage-espagnol\/\">INFORMATIONS SUR LE STAGE ESPAGNOL<\/a><\/p>\n<p>B\u00e9n\u00e9ficiez de -25% sur le stage soit le stage \u00e0 53\u20ac au lieu de 70\u20ac avec notre <a href=\"https:\/\/perpignan.alfmed.com\/it\/produit\/carte-smart-family\/\">Carte SMART Family<\/a> \/ <a href=\"https:\/\/perpignan.alfmed.com\/produit\/carte-smart-company\/\">SMART Company<\/a><\/p>\n","protected":false},"featured_media":12497,"template":"","meta":{"_acf_changed":false,"_et_pb_use_builder":"","_et_pb_old_content":"","_et_gb_content_width":""},"product_brand":[],"product_cat":[159,160],"product_tag":[],"class_list":{"0":"post-10032","1":"product","2":"type-product","3":"status-publish","4":"has-post-thumbnail","6":"product_cat-nos-produits-it","7":"product_cat-stages-sejours-it","9":"first","10":"instock","11":"virtual","12":"purchasable","13":"product-type-simple"},"acf":[],"yoast_head":"<!-- This site is optimized with the Yoast SEO plugin v27.4 - https:\/\/yoast.com\/product\/yoast-seo-wordpress\/ -->\n<title>ALFMED Perpignan | Stage d&#039;Espagnol LV2<\/title>\n<meta name=\"description\" content=\"3 jours de stage d\u2019Espagnol, pour les lyc\u00e9ens de 16-18 ans, qui suivent l\u2019Espagnol en Langue Vivante 2, de 14h \u00e0 17h pendant 3 jours \u00e0 ALFMED ou chez vous\" \/>\n<meta name=\"robots\" content=\"index, follow, max-snippet:-1, max-image-preview:large, max-video-preview:-1\" \/>\n<link rel=\"canonical\" href=\"https:\/\/perpignan.alfmed.com\/it\/produit\/stage-espagnol\/\" \/>\n<meta property=\"og:locale\" content=\"it_IT\" \/>\n<meta property=\"og:type\" content=\"article\" \/>\n<meta property=\"og:title\" content=\"ALFMED Perpignan | Stage d&#039;Espagnol LV2\" \/>\n<meta property=\"og:description\" content=\"3 jours de stage d\u2019Espagnol, pour les lyc\u00e9ens de 16-18 ans, qui suivent l\u2019Espagnol en Langue Vivante 2, de 14h \u00e0 17h pendant 3 jours \u00e0 ALFMED ou chez vous\" \/>\n<meta property=\"og:url\" content=\"https:\/\/perpignan.alfmed.com\/it\/produit\/stage-espagnol\/\" \/>\n<meta property=\"og:site_name\" content=\"Alfmed\" \/>\n<meta property=\"article:modified_time\" content=\"2025-12-08T09:52:54+00:00\" \/>\n<meta property=\"og:image\" content=\"https:\/\/perpignan.alfmed.com\/wp-content\/uploads\/2023\/02\/3.png\" \/>\n\t<meta property=\"og:image:width\" content=\"1080\" \/>\n\t<meta property=\"og:image:height\" content=\"1080\" \/>\n\t<meta property=\"og:image:type\" content=\"image\/png\" \/>\n<meta name=\"twitter:card\" content=\"summary_large_image\" \/>\n<script type=\"application\/ld+json\" class=\"yoast-schema-graph\">{\"@context\":\"https:\\\/\\\/schema.org\",\"@graph\":[{\"@type\":\"WebPage\",\"@id\":\"https:\\\/\\\/perpignan.alfmed.com\\\/it\\\/produit\\\/stage-espagnol\\\/\",\"url\":\"https:\\\/\\\/perpignan.alfmed.com\\\/it\\\/produit\\\/stage-espagnol\\\/\",\"name\":\"ALFMED Perpignan | Stage d'Espagnol LV2\",\"isPartOf\":{\"@id\":\"https:\\\/\\\/perpignan.alfmed.com\\\/it\\\/#website\"},\"primaryImageOfPage\":{\"@id\":\"https:\\\/\\\/perpignan.alfmed.com\\\/it\\\/produit\\\/stage-espagnol\\\/#primaryimage\"},\"image\":{\"@id\":\"https:\\\/\\\/perpignan.alfmed.com\\\/it\\\/produit\\\/stage-espagnol\\\/#primaryimage\"},\"thumbnailUrl\":\"https:\\\/\\\/perpignan.alfmed.com\\\/wp-content\\\/uploads\\\/2023\\\/02\\\/3.png\",\"datePublished\":\"2022-07-23T14:57:57+00:00\",\"dateModified\":\"2025-12-08T09:52:54+00:00\",\"description\":\"3 jours de stage d\u2019Espagnol, pour les lyc\u00e9ens de 16-18 ans, qui suivent l\u2019Espagnol en Langue Vivante 2, de 14h \u00e0 17h pendant 3 jours \u00e0 ALFMED ou chez vous\",\"breadcrumb\":{\"@id\":\"https:\\\/\\\/perpignan.alfmed.com\\\/it\\\/produit\\\/stage-espagnol\\\/#breadcrumb\"},\"inLanguage\":\"it-IT\",\"potentialAction\":[{\"@type\":\"ReadAction\",\"target\":[\"https:\\\/\\\/perpignan.alfmed.com\\\/it\\\/produit\\\/stage-espagnol\\\/\"]}]},{\"@type\":\"ImageObject\",\"inLanguage\":\"it-IT\",\"@id\":\"https:\\\/\\\/perpignan.alfmed.com\\\/it\\\/produit\\\/stage-espagnol\\\/#primaryimage\",\"url\":\"https:\\\/\\\/perpignan.alfmed.com\\\/wp-content\\\/uploads\\\/2023\\\/02\\\/3.png\",\"contentUrl\":\"https:\\\/\\\/perpignan.alfmed.com\\\/wp-content\\\/uploads\\\/2023\\\/02\\\/3.png\",\"width\":1080,\"height\":1080},{\"@type\":\"BreadcrumbList\",\"@id\":\"https:\\\/\\\/perpignan.alfmed.com\\\/it\\\/produit\\\/stage-espagnol\\\/#breadcrumb\",\"itemListElement\":[{\"@type\":\"ListItem\",\"position\":1,\"name\":\"Home\",\"item\":\"https:\\\/\\\/perpignan.alfmed.com\\\/it\\\/\"},{\"@type\":\"ListItem\",\"position\":2,\"name\":\"Prodotti\",\"item\":\"https:\\\/\\\/perpignan.alfmed.com\\\/it\\\/shop\\\/\"},{\"@type\":\"ListItem\",\"position\":3,\"name\":\"Stage Espagnol\"}]},{\"@type\":\"WebSite\",\"@id\":\"https:\\\/\\\/perpignan.alfmed.com\\\/it\\\/#website\",\"url\":\"https:\\\/\\\/perpignan.alfmed.com\\\/it\\\/\",\"name\":\"Alfmed\",\"description\":\"EXPERTS EN LANGUES &amp; PROJETS EUROP\u00c9ENS\",\"potentialAction\":[{\"@type\":\"SearchAction\",\"target\":{\"@type\":\"EntryPoint\",\"urlTemplate\":\"https:\\\/\\\/perpignan.alfmed.com\\\/it\\\/?s={search_term_string}\"},\"query-input\":{\"@type\":\"PropertyValueSpecification\",\"valueRequired\":true,\"valueName\":\"search_term_string\"}}],\"inLanguage\":\"it-IT\"}]}<\/script>\n<!-- \/ Yoast SEO plugin. -->","yoast_head_json":{"title":"ALFMED Perpignan | Stage d'Espagnol LV2","description":"3 jours de stage d\u2019Espagnol, pour les lyc\u00e9ens de 16-18 ans, qui suivent l\u2019Espagnol en Langue Vivante 2, de 14h \u00e0 17h pendant 3 jours \u00e0 ALFMED ou chez vous","robots":{"index":"index","follow":"follow","max-snippet":"max-snippet:-1","max-image-preview":"max-image-preview:large","max-video-preview":"max-video-preview:-1"},"canonical":"https:\/\/perpignan.alfmed.com\/it\/produit\/stage-espagnol\/","og_locale":"it_IT","og_type":"article","og_title":"ALFMED Perpignan | Stage d'Espagnol LV2","og_description":"3 jours de stage d\u2019Espagnol, pour les lyc\u00e9ens de 16-18 ans, qui suivent l\u2019Espagnol en Langue Vivante 2, de 14h \u00e0 17h pendant 3 jours \u00e0 ALFMED ou chez vous","og_url":"https:\/\/perpignan.alfmed.com\/it\/produit\/stage-espagnol\/","og_site_name":"Alfmed","article_modified_time":"2025-12-08T09:52:54+00:00","og_image":[{"width":1080,"height":1080,"url":"https:\/\/perpignan.alfmed.com\/wp-content\/uploads\/2023\/02\/3.png","type":"image\/png"}],"twitter_card":"summary_large_image","schema":{"@context":"https:\/\/schema.org","@graph":[{"@type":"WebPage","@id":"https:\/\/perpignan.alfmed.com\/it\/produit\/stage-espagnol\/","url":"https:\/\/perpignan.alfmed.com\/it\/produit\/stage-espagnol\/","name":"ALFMED Perpignan | Stage d'Espagnol LV2","isPartOf":{"@id":"https:\/\/perpignan.alfmed.com\/it\/#website"},"primaryImageOfPage":{"@id":"https:\/\/perpignan.alfmed.com\/it\/produit\/stage-espagnol\/#primaryimage"},"image":{"@id":"https:\/\/perpignan.alfmed.com\/it\/produit\/stage-espagnol\/#primaryimage"},"thumbnailUrl":"https:\/\/perpignan.alfmed.com\/wp-content\/uploads\/2023\/02\/3.png","datePublished":"2022-07-23T14:57:57+00:00","dateModified":"2025-12-08T09:52:54+00:00","description":"3 jours de stage d\u2019Espagnol, pour les lyc\u00e9ens de 16-18 ans, qui suivent l\u2019Espagnol en Langue Vivante 2, de 14h \u00e0 17h pendant 3 jours \u00e0 ALFMED ou chez vous","breadcrumb":{"@id":"https:\/\/perpignan.alfmed.com\/it\/produit\/stage-espagnol\/#breadcrumb"},"inLanguage":"it-IT","potentialAction":[{"@type":"ReadAction","target":["https:\/\/perpignan.alfmed.com\/it\/produit\/stage-espagnol\/"]}]},{"@type":"ImageObject","inLanguage":"it-IT","@id":"https:\/\/perpignan.alfmed.com\/it\/produit\/stage-espagnol\/#primaryimage","url":"https:\/\/perpignan.alfmed.com\/wp-content\/uploads\/2023\/02\/3.png","contentUrl":"https:\/\/perpignan.alfmed.com\/wp-content\/uploads\/2023\/02\/3.png","width":1080,"height":1080},{"@type":"BreadcrumbList","@id":"https:\/\/perpignan.alfmed.com\/it\/produit\/stage-espagnol\/#breadcrumb","itemListElement":[{"@type":"ListItem","position":1,"name":"Home","item":"https:\/\/perpignan.alfmed.com\/it\/"},{"@type":"ListItem","position":2,"name":"Prodotti","item":"https:\/\/perpignan.alfmed.com\/it\/shop\/"},{"@type":"ListItem","position":3,"name":"Stage Espagnol"}]},{"@type":"WebSite","@id":"https:\/\/perpignan.alfmed.com\/it\/#website","url":"https:\/\/perpignan.alfmed.com\/it\/","name":"Alfmed","description":"EXPERTS EN LANGUES &amp; PROJETS EUROP\u00c9ENS","potentialAction":[{"@type":"SearchAction","target":{"@type":"EntryPoint","urlTemplate":"https:\/\/perpignan.alfmed.com\/it\/?s={search_term_string}"},"query-input":{"@type":"PropertyValueSpecification","valueRequired":true,"valueName":"search_term_string"}}],"inLanguage":"it-IT"}]}},"_links":{"self":[{"href":"https:\/\/perpignan.alfmed.com\/it\/wp-json\/wp\/v2\/product\/10032","targetHints":{"allow":["GET"]}}],"collection":[{"href":"https:\/\/perpignan.alfmed.com\/it\/wp-json\/wp\/v2\/product"}],"about":[{"href":"https:\/\/perpignan.alfmed.com\/it\/wp-json\/wp\/v2\/types\/product"}],"wp:featuredmedia":[{"embeddable":true,"href":"https:\/\/perpignan.alfmed.com\/it\/wp-json\/wp\/v2\/media\/12497"}],"wp:attachment":[{"href":"https:\/\/perpignan.alfmed.com\/it\/wp-json\/wp\/v2\/media?parent=10032"}],"wp:term":[{"taxonomy":"product_brand","embeddable":true,"href":"https:\/\/perpignan.alfmed.com\/it\/wp-json\/wp\/v2\/product_brand?post=10032"},{"taxonomy":"product_cat","embeddable":true,"href":"https:\/\/perpignan.alfmed.com\/it\/wp-json\/wp\/v2\/product_cat?post=10032"},{"taxonomy":"product_tag","embeddable":true,"href":"https:\/\/perpignan.alfmed.com\/it\/wp-json\/wp\/v2\/product_tag?post=10032"}],"curies":[{"name":"wp","href":"https:\/\/api.w.org\/{rel}","templated":true}]}}