{"id":10025,"date":"2022-07-25T15:41:35","date_gmt":"2022-07-25T15:41:35","guid":{"rendered":"https:\/\/perpignan.alfmed.com\/produit\/stage-golf\/"},"modified":"2025-09-19T13:46:56","modified_gmt":"2025-09-19T12:46:56","slug":"stage-golf","status":"publish","type":"product","link":"https:\/\/perpignan.alfmed.com\/it\/produit\/stage-golf\/","title":{"rendered":"Stage Golf"},"content":{"rendered":"<p>* Afin de proc\u00e9der \u00e0 la pr\u00e9-inscription, merci de r\u00e9gler la totalit\u00e9 du stage. En cas d\u2019annulation de votre part (sauf si vous fournissez un Certificat m\u00e9dical) le Centre ALFMED conserve la somme incompressible de 30 eur, le solde vous \u00e9tant rembours\u00e9. **En cas d\u2019annulation de notre part (raisons sanitaires) la totalit\u00e9 de la somme sera conserv\u00e9e en cr\u00e9dit pendant 18 mois ou rembours\u00e9e dans sa totalit\u00e9 sur simple demande \u00e9crite sur formation@alfmed.com<\/p>\n","protected":false},"excerpt":{"rendered":"<p>Une semaine de stage Anglais \u2013 Golf, pour les 8-15 ans<br \/>\nDu lundi au vendredi de 9h \u00e0 17h selon le nombre d\u2019inscrits<\/p>\n<p><a href=\"https:\/\/perpignan.alfmed.com\/scolaire\/stages-vacances-scolaires\/stage-anglais-golf\/\">INFORMATIONS SUR LE STAGE ANGLAIS-GOLF<\/a><\/p>\n","protected":false},"featured_media":12562,"template":"","meta":{"_acf_changed":false,"_et_pb_use_builder":"","_et_pb_old_content":"","_et_gb_content_width":""},"product_brand":[],"product_cat":[159,160],"product_tag":[],"class_list":{"0":"post-10025","1":"product","2":"type-product","3":"status-publish","4":"has-post-thumbnail","6":"product_cat-nos-produits-it","7":"product_cat-stages-sejours-it","9":"first","10":"instock","11":"shipping-taxable","12":"purchasable","13":"product-type-variable"},"acf":[],"yoast_head":"<!-- This site is optimized with the Yoast SEO plugin v27.5 - https:\/\/yoast.com\/product\/yoast-seo-wordpress\/ -->\n<title>ALFMED Perpignan | Stage d&#039;Anglais-Golf<\/title>\n<meta name=\"description\" content=\"Une semaine de stage Anglais \u2013 Golf, pour les 8-15 ans, du lundi au vendredi de 9h \u00e0 17h selon le nombre d\u2019inscrits au Golf de Saint Cyprien\" \/>\n<meta name=\"robots\" content=\"index, follow, max-snippet:-1, max-image-preview:large, max-video-preview:-1\" \/>\n<link rel=\"canonical\" href=\"https:\/\/perpignan.alfmed.com\/it\/produit\/stage-golf\/\" \/>\n<meta property=\"og:locale\" content=\"it_IT\" \/>\n<meta property=\"og:type\" content=\"article\" \/>\n<meta property=\"og:title\" content=\"ALFMED Perpignan | Stage d&#039;Anglais-Golf\" \/>\n<meta property=\"og:description\" content=\"Une semaine de stage Anglais \u2013 Golf, pour les 8-15 ans, du lundi au vendredi de 9h \u00e0 17h selon le nombre d\u2019inscrits au Golf de Saint Cyprien\" \/>\n<meta property=\"og:url\" content=\"https:\/\/perpignan.alfmed.com\/it\/produit\/stage-golf\/\" \/>\n<meta property=\"og:site_name\" content=\"Alfmed\" \/>\n<meta property=\"article:modified_time\" content=\"2025-09-19T12:46:56+00:00\" \/>\n<meta property=\"og:image\" content=\"https:\/\/perpignan.alfmed.com\/wp-content\/uploads\/2022\/07\/PLAYSAY.png\" \/>\n\t<meta property=\"og:image:width\" content=\"1080\" \/>\n\t<meta property=\"og:image:height\" content=\"1080\" \/>\n\t<meta property=\"og:image:type\" content=\"image\/png\" \/>\n<meta name=\"twitter:card\" content=\"summary_large_image\" \/>\n<script type=\"application\/ld+json\" class=\"yoast-schema-graph\">{\"@context\":\"https:\\\/\\\/schema.org\",\"@graph\":[{\"@type\":\"WebPage\",\"@id\":\"https:\\\/\\\/perpignan.alfmed.com\\\/it\\\/produit\\\/stage-golf\\\/\",\"url\":\"https:\\\/\\\/perpignan.alfmed.com\\\/it\\\/produit\\\/stage-golf\\\/\",\"name\":\"ALFMED Perpignan | Stage d'Anglais-Golf\",\"isPartOf\":{\"@id\":\"https:\\\/\\\/perpignan.alfmed.com\\\/it\\\/#website\"},\"primaryImageOfPage\":{\"@id\":\"https:\\\/\\\/perpignan.alfmed.com\\\/it\\\/produit\\\/stage-golf\\\/#primaryimage\"},\"image\":{\"@id\":\"https:\\\/\\\/perpignan.alfmed.com\\\/it\\\/produit\\\/stage-golf\\\/#primaryimage\"},\"thumbnailUrl\":\"https:\\\/\\\/perpignan.alfmed.com\\\/wp-content\\\/uploads\\\/2022\\\/07\\\/PLAYSAY.png\",\"datePublished\":\"2022-07-25T15:41:35+00:00\",\"dateModified\":\"2025-09-19T12:46:56+00:00\",\"description\":\"Une semaine de stage Anglais \u2013 Golf, pour les 8-15 ans, du lundi au vendredi de 9h \u00e0 17h selon le nombre d\u2019inscrits au Golf de Saint Cyprien\",\"breadcrumb\":{\"@id\":\"https:\\\/\\\/perpignan.alfmed.com\\\/it\\\/produit\\\/stage-golf\\\/#breadcrumb\"},\"inLanguage\":\"it-IT\",\"potentialAction\":[{\"@type\":\"ReadAction\",\"target\":[\"https:\\\/\\\/perpignan.alfmed.com\\\/it\\\/produit\\\/stage-golf\\\/\"]}]},{\"@type\":\"ImageObject\",\"inLanguage\":\"it-IT\",\"@id\":\"https:\\\/\\\/perpignan.alfmed.com\\\/it\\\/produit\\\/stage-golf\\\/#primaryimage\",\"url\":\"https:\\\/\\\/perpignan.alfmed.com\\\/wp-content\\\/uploads\\\/2022\\\/07\\\/PLAYSAY.png\",\"contentUrl\":\"https:\\\/\\\/perpignan.alfmed.com\\\/wp-content\\\/uploads\\\/2022\\\/07\\\/PLAYSAY.png\",\"width\":1080,\"height\":1080},{\"@type\":\"BreadcrumbList\",\"@id\":\"https:\\\/\\\/perpignan.alfmed.com\\\/it\\\/produit\\\/stage-golf\\\/#breadcrumb\",\"itemListElement\":[{\"@type\":\"ListItem\",\"position\":1,\"name\":\"Home\",\"item\":\"https:\\\/\\\/perpignan.alfmed.com\\\/it\\\/\"},{\"@type\":\"ListItem\",\"position\":2,\"name\":\"Prodotti\",\"item\":\"https:\\\/\\\/perpignan.alfmed.com\\\/it\\\/shop\\\/\"},{\"@type\":\"ListItem\",\"position\":3,\"name\":\"Stage Golf\"}]},{\"@type\":\"WebSite\",\"@id\":\"https:\\\/\\\/perpignan.alfmed.com\\\/it\\\/#website\",\"url\":\"https:\\\/\\\/perpignan.alfmed.com\\\/it\\\/\",\"name\":\"Alfmed\",\"description\":\"EXPERTS EN LANGUES &amp; PROJETS EUROP\u00c9ENS\",\"potentialAction\":[{\"@type\":\"SearchAction\",\"target\":{\"@type\":\"EntryPoint\",\"urlTemplate\":\"https:\\\/\\\/perpignan.alfmed.com\\\/it\\\/?s={search_term_string}\"},\"query-input\":{\"@type\":\"PropertyValueSpecification\",\"valueRequired\":true,\"valueName\":\"search_term_string\"}}],\"inLanguage\":\"it-IT\"}]}<\/script>\n<!-- \/ Yoast SEO plugin. -->","yoast_head_json":{"title":"ALFMED Perpignan | Stage d'Anglais-Golf","description":"Une semaine de stage Anglais \u2013 Golf, pour les 8-15 ans, du lundi au vendredi de 9h \u00e0 17h selon le nombre d\u2019inscrits au Golf de Saint Cyprien","robots":{"index":"index","follow":"follow","max-snippet":"max-snippet:-1","max-image-preview":"max-image-preview:large","max-video-preview":"max-video-preview:-1"},"canonical":"https:\/\/perpignan.alfmed.com\/it\/produit\/stage-golf\/","og_locale":"it_IT","og_type":"article","og_title":"ALFMED Perpignan | Stage d'Anglais-Golf","og_description":"Une semaine de stage Anglais \u2013 Golf, pour les 8-15 ans, du lundi au vendredi de 9h \u00e0 17h selon le nombre d\u2019inscrits au Golf de Saint Cyprien","og_url":"https:\/\/perpignan.alfmed.com\/it\/produit\/stage-golf\/","og_site_name":"Alfmed","article_modified_time":"2025-09-19T12:46:56+00:00","og_image":[{"width":1080,"height":1080,"url":"https:\/\/perpignan.alfmed.com\/wp-content\/uploads\/2022\/07\/PLAYSAY.png","type":"image\/png"}],"twitter_card":"summary_large_image","schema":{"@context":"https:\/\/schema.org","@graph":[{"@type":"WebPage","@id":"https:\/\/perpignan.alfmed.com\/it\/produit\/stage-golf\/","url":"https:\/\/perpignan.alfmed.com\/it\/produit\/stage-golf\/","name":"ALFMED Perpignan | Stage d'Anglais-Golf","isPartOf":{"@id":"https:\/\/perpignan.alfmed.com\/it\/#website"},"primaryImageOfPage":{"@id":"https:\/\/perpignan.alfmed.com\/it\/produit\/stage-golf\/#primaryimage"},"image":{"@id":"https:\/\/perpignan.alfmed.com\/it\/produit\/stage-golf\/#primaryimage"},"thumbnailUrl":"https:\/\/perpignan.alfmed.com\/wp-content\/uploads\/2022\/07\/PLAYSAY.png","datePublished":"2022-07-25T15:41:35+00:00","dateModified":"2025-09-19T12:46:56+00:00","description":"Une semaine de stage Anglais \u2013 Golf, pour les 8-15 ans, du lundi au vendredi de 9h \u00e0 17h selon le nombre d\u2019inscrits au Golf de Saint Cyprien","breadcrumb":{"@id":"https:\/\/perpignan.alfmed.com\/it\/produit\/stage-golf\/#breadcrumb"},"inLanguage":"it-IT","potentialAction":[{"@type":"ReadAction","target":["https:\/\/perpignan.alfmed.com\/it\/produit\/stage-golf\/"]}]},{"@type":"ImageObject","inLanguage":"it-IT","@id":"https:\/\/perpignan.alfmed.com\/it\/produit\/stage-golf\/#primaryimage","url":"https:\/\/perpignan.alfmed.com\/wp-content\/uploads\/2022\/07\/PLAYSAY.png","contentUrl":"https:\/\/perpignan.alfmed.com\/wp-content\/uploads\/2022\/07\/PLAYSAY.png","width":1080,"height":1080},{"@type":"BreadcrumbList","@id":"https:\/\/perpignan.alfmed.com\/it\/produit\/stage-golf\/#breadcrumb","itemListElement":[{"@type":"ListItem","position":1,"name":"Home","item":"https:\/\/perpignan.alfmed.com\/it\/"},{"@type":"ListItem","position":2,"name":"Prodotti","item":"https:\/\/perpignan.alfmed.com\/it\/shop\/"},{"@type":"ListItem","position":3,"name":"Stage Golf"}]},{"@type":"WebSite","@id":"https:\/\/perpignan.alfmed.com\/it\/#website","url":"https:\/\/perpignan.alfmed.com\/it\/","name":"Alfmed","description":"EXPERTS EN LANGUES &amp; PROJETS EUROP\u00c9ENS","potentialAction":[{"@type":"SearchAction","target":{"@type":"EntryPoint","urlTemplate":"https:\/\/perpignan.alfmed.com\/it\/?s={search_term_string}"},"query-input":{"@type":"PropertyValueSpecification","valueRequired":true,"valueName":"search_term_string"}}],"inLanguage":"it-IT"}]}},"_links":{"self":[{"href":"https:\/\/perpignan.alfmed.com\/it\/wp-json\/wp\/v2\/product\/10025","targetHints":{"allow":["GET"]}}],"collection":[{"href":"https:\/\/perpignan.alfmed.com\/it\/wp-json\/wp\/v2\/product"}],"about":[{"href":"https:\/\/perpignan.alfmed.com\/it\/wp-json\/wp\/v2\/types\/product"}],"wp:featuredmedia":[{"embeddable":true,"href":"https:\/\/perpignan.alfmed.com\/it\/wp-json\/wp\/v2\/media\/12562"}],"wp:attachment":[{"href":"https:\/\/perpignan.alfmed.com\/it\/wp-json\/wp\/v2\/media?parent=10025"}],"wp:term":[{"taxonomy":"product_brand","embeddable":true,"href":"https:\/\/perpignan.alfmed.com\/it\/wp-json\/wp\/v2\/product_brand?post=10025"},{"taxonomy":"product_cat","embeddable":true,"href":"https:\/\/perpignan.alfmed.com\/it\/wp-json\/wp\/v2\/product_cat?post=10025"},{"taxonomy":"product_tag","embeddable":true,"href":"https:\/\/perpignan.alfmed.com\/it\/wp-json\/wp\/v2\/product_tag?post=10025"}],"curies":[{"name":"wp","href":"https:\/\/api.w.org\/{rel}","templated":true}]}}