{"id":10012,"date":"2024-10-22T10:00:19","date_gmt":"2024-10-22T09:00:19","guid":{"rendered":"https:\/\/perpignan.alfmed.com\/produit\/stage-english-insideout\/"},"modified":"2026-02-05T14:23:21","modified_gmt":"2026-02-05T13:23:21","slug":"stage-english-insideout","status":"publish","type":"product","link":"https:\/\/perpignan.alfmed.com\/it\/produit\/stage-english-insideout\/","title":{"rendered":"Stage English Inside Out"},"content":{"rendered":"<p>* Afin de proc\u00e9der \u00e0 la pr\u00e9-inscription, merci de r\u00e9gler la totalit\u00e9 du stage. En cas d\u2019annulation de votre part (sauf si vous fournissez un Certificat m\u00e9dical) le Centre ALFMED conserve la somme incompressible de 30 euros, le solde vous \u00e9tant rembours\u00e9. **En cas d\u2019annulation de notre part (raisons sanitaires) la totalit\u00e9 de la somme sera conserv\u00e9e en cr\u00e9dit pendant 18 mois ou rembours\u00e9e dans sa totalit\u00e9 sur simple demande \u00e9crite sur formation@alfmed.com<\/p>\n","protected":false},"excerpt":{"rendered":"<p>Une semaine de stage d&#8217;Anglais English Inside Out, pour les 12-17 ans pendant les vacances de Toussaint, F\u00e9vrier, P\u00e2ques, Juillet, Pr\u00e9-rentr\u00e9e !<br \/>\nDu lundi au vendredi de 14h \u00e0 17h \u00e0 ALFMED.<\/p>\n<p><a href=\"https:\/\/perpignan.alfmed.com\/scolaire\/stages-vacances-scolaires\/stage-english-inside-out\/\">INFORMATIONS SUR LE STAGE ENGLISH INSIDE OUT.<\/a><\/p>\n<p>B\u00e9n\u00e9ficiez de -25% sur le stage soit le stage \u00e0 90\u20ac au lieu de 120\u20ac avec notre <a href=\"https:\/\/perpignan.alfmed.com\/it\/produit\/carte-smart-family\/\">Carte SMART Family<\/a> \/ <a href=\"https:\/\/perpignan.alfmed.com\/produit\/carte-smart-company\/\">SMART Company<\/a><\/p>\n","protected":false},"featured_media":12489,"template":"","meta":{"_acf_changed":false,"_et_pb_use_builder":"","_et_pb_old_content":"","_et_gb_content_width":""},"product_brand":[],"product_cat":[159,160],"product_tag":[],"class_list":{"0":"post-10012","1":"product","2":"type-product","3":"status-publish","4":"has-post-thumbnail","6":"product_cat-nos-produits-it","7":"product_cat-stages-sejours-it","9":"first","10":"instock","11":"shipping-taxable","12":"purchasable","13":"product-type-variable"},"acf":[],"yoast_head":"<!-- This site is optimized with the Yoast SEO plugin v27.5 - https:\/\/yoast.com\/product\/yoast-seo-wordpress\/ -->\n<title>ALFMED Perpignan | Stage d&#039;Anglais vacances scolaires<\/title>\n<meta name=\"description\" content=\"Stage d&#039;Anglais English Inside Out, pour les 12-17 ans pendant les vacances de Toussaint, F\u00e9vrier, P\u00e2ques, Juillet, Pr\u00e9-rentr\u00e9e, du lundi au vendredi de 14h \u00e0 17h\" \/>\n<meta name=\"robots\" content=\"index, follow, max-snippet:-1, max-image-preview:large, max-video-preview:-1\" \/>\n<link rel=\"canonical\" href=\"https:\/\/perpignan.alfmed.com\/it\/produit\/stage-english-insideout\/\" \/>\n<meta property=\"og:locale\" content=\"it_IT\" \/>\n<meta property=\"og:type\" content=\"article\" \/>\n<meta property=\"og:title\" content=\"ALFMED Perpignan | Stage d&#039;Anglais vacances scolaires\" \/>\n<meta property=\"og:description\" content=\"Stage d&#039;Anglais English Inside Out, pour les 12-17 ans pendant les vacances de Toussaint, F\u00e9vrier, P\u00e2ques, Juillet, Pr\u00e9-rentr\u00e9e, du lundi au vendredi de 14h \u00e0 17h\" \/>\n<meta property=\"og:url\" content=\"https:\/\/perpignan.alfmed.com\/it\/produit\/stage-english-insideout\/\" \/>\n<meta property=\"og:site_name\" content=\"Alfmed\" \/>\n<meta property=\"article:modified_time\" content=\"2026-02-05T13:23:21+00:00\" \/>\n<meta property=\"og:image\" content=\"https:\/\/perpignan.alfmed.com\/wp-content\/uploads\/2023\/02\/1.png\" \/>\n\t<meta property=\"og:image:width\" content=\"1080\" \/>\n\t<meta property=\"og:image:height\" content=\"1080\" \/>\n\t<meta property=\"og:image:type\" content=\"image\/png\" \/>\n<meta name=\"twitter:card\" content=\"summary_large_image\" \/>\n<script type=\"application\/ld+json\" class=\"yoast-schema-graph\">{\"@context\":\"https:\\\/\\\/schema.org\",\"@graph\":[{\"@type\":\"WebPage\",\"@id\":\"https:\\\/\\\/perpignan.alfmed.com\\\/it\\\/produit\\\/stage-english-insideout\\\/\",\"url\":\"https:\\\/\\\/perpignan.alfmed.com\\\/it\\\/produit\\\/stage-english-insideout\\\/\",\"name\":\"ALFMED Perpignan | Stage d'Anglais vacances scolaires\",\"isPartOf\":{\"@id\":\"https:\\\/\\\/perpignan.alfmed.com\\\/it\\\/#website\"},\"primaryImageOfPage\":{\"@id\":\"https:\\\/\\\/perpignan.alfmed.com\\\/it\\\/produit\\\/stage-english-insideout\\\/#primaryimage\"},\"image\":{\"@id\":\"https:\\\/\\\/perpignan.alfmed.com\\\/it\\\/produit\\\/stage-english-insideout\\\/#primaryimage\"},\"thumbnailUrl\":\"https:\\\/\\\/perpignan.alfmed.com\\\/wp-content\\\/uploads\\\/2023\\\/02\\\/1.png\",\"datePublished\":\"2024-10-22T09:00:19+00:00\",\"dateModified\":\"2026-02-05T13:23:21+00:00\",\"description\":\"Stage d'Anglais English Inside Out, pour les 12-17 ans pendant les vacances de Toussaint, F\u00e9vrier, P\u00e2ques, Juillet, Pr\u00e9-rentr\u00e9e, du lundi au vendredi de 14h \u00e0 17h\",\"breadcrumb\":{\"@id\":\"https:\\\/\\\/perpignan.alfmed.com\\\/it\\\/produit\\\/stage-english-insideout\\\/#breadcrumb\"},\"inLanguage\":\"it-IT\",\"potentialAction\":[{\"@type\":\"ReadAction\",\"target\":[\"https:\\\/\\\/perpignan.alfmed.com\\\/it\\\/produit\\\/stage-english-insideout\\\/\"]}]},{\"@type\":\"ImageObject\",\"inLanguage\":\"it-IT\",\"@id\":\"https:\\\/\\\/perpignan.alfmed.com\\\/it\\\/produit\\\/stage-english-insideout\\\/#primaryimage\",\"url\":\"https:\\\/\\\/perpignan.alfmed.com\\\/wp-content\\\/uploads\\\/2023\\\/02\\\/1.png\",\"contentUrl\":\"https:\\\/\\\/perpignan.alfmed.com\\\/wp-content\\\/uploads\\\/2023\\\/02\\\/1.png\",\"width\":1080,\"height\":1080},{\"@type\":\"BreadcrumbList\",\"@id\":\"https:\\\/\\\/perpignan.alfmed.com\\\/it\\\/produit\\\/stage-english-insideout\\\/#breadcrumb\",\"itemListElement\":[{\"@type\":\"ListItem\",\"position\":1,\"name\":\"Home\",\"item\":\"https:\\\/\\\/perpignan.alfmed.com\\\/it\\\/\"},{\"@type\":\"ListItem\",\"position\":2,\"name\":\"Prodotti\",\"item\":\"https:\\\/\\\/perpignan.alfmed.com\\\/it\\\/shop\\\/\"},{\"@type\":\"ListItem\",\"position\":3,\"name\":\"Stage English Inside Out\"}]},{\"@type\":\"WebSite\",\"@id\":\"https:\\\/\\\/perpignan.alfmed.com\\\/it\\\/#website\",\"url\":\"https:\\\/\\\/perpignan.alfmed.com\\\/it\\\/\",\"name\":\"Alfmed\",\"description\":\"EXPERTS EN LANGUES &amp; PROJETS EUROP\u00c9ENS\",\"potentialAction\":[{\"@type\":\"SearchAction\",\"target\":{\"@type\":\"EntryPoint\",\"urlTemplate\":\"https:\\\/\\\/perpignan.alfmed.com\\\/it\\\/?s={search_term_string}\"},\"query-input\":{\"@type\":\"PropertyValueSpecification\",\"valueRequired\":true,\"valueName\":\"search_term_string\"}}],\"inLanguage\":\"it-IT\"}]}<\/script>\n<!-- \/ Yoast SEO plugin. -->","yoast_head_json":{"title":"ALFMED Perpignan | Stage d'Anglais vacances scolaires","description":"Stage d'Anglais English Inside Out, pour les 12-17 ans pendant les vacances de Toussaint, F\u00e9vrier, P\u00e2ques, Juillet, Pr\u00e9-rentr\u00e9e, du lundi au vendredi de 14h \u00e0 17h","robots":{"index":"index","follow":"follow","max-snippet":"max-snippet:-1","max-image-preview":"max-image-preview:large","max-video-preview":"max-video-preview:-1"},"canonical":"https:\/\/perpignan.alfmed.com\/it\/produit\/stage-english-insideout\/","og_locale":"it_IT","og_type":"article","og_title":"ALFMED Perpignan | Stage d'Anglais vacances scolaires","og_description":"Stage d'Anglais English Inside Out, pour les 12-17 ans pendant les vacances de Toussaint, F\u00e9vrier, P\u00e2ques, Juillet, Pr\u00e9-rentr\u00e9e, du lundi au vendredi de 14h \u00e0 17h","og_url":"https:\/\/perpignan.alfmed.com\/it\/produit\/stage-english-insideout\/","og_site_name":"Alfmed","article_modified_time":"2026-02-05T13:23:21+00:00","og_image":[{"width":1080,"height":1080,"url":"https:\/\/perpignan.alfmed.com\/wp-content\/uploads\/2023\/02\/1.png","type":"image\/png"}],"twitter_card":"summary_large_image","schema":{"@context":"https:\/\/schema.org","@graph":[{"@type":"WebPage","@id":"https:\/\/perpignan.alfmed.com\/it\/produit\/stage-english-insideout\/","url":"https:\/\/perpignan.alfmed.com\/it\/produit\/stage-english-insideout\/","name":"ALFMED Perpignan | Stage d'Anglais vacances scolaires","isPartOf":{"@id":"https:\/\/perpignan.alfmed.com\/it\/#website"},"primaryImageOfPage":{"@id":"https:\/\/perpignan.alfmed.com\/it\/produit\/stage-english-insideout\/#primaryimage"},"image":{"@id":"https:\/\/perpignan.alfmed.com\/it\/produit\/stage-english-insideout\/#primaryimage"},"thumbnailUrl":"https:\/\/perpignan.alfmed.com\/wp-content\/uploads\/2023\/02\/1.png","datePublished":"2024-10-22T09:00:19+00:00","dateModified":"2026-02-05T13:23:21+00:00","description":"Stage d'Anglais English Inside Out, pour les 12-17 ans pendant les vacances de Toussaint, F\u00e9vrier, P\u00e2ques, Juillet, Pr\u00e9-rentr\u00e9e, du lundi au vendredi de 14h \u00e0 17h","breadcrumb":{"@id":"https:\/\/perpignan.alfmed.com\/it\/produit\/stage-english-insideout\/#breadcrumb"},"inLanguage":"it-IT","potentialAction":[{"@type":"ReadAction","target":["https:\/\/perpignan.alfmed.com\/it\/produit\/stage-english-insideout\/"]}]},{"@type":"ImageObject","inLanguage":"it-IT","@id":"https:\/\/perpignan.alfmed.com\/it\/produit\/stage-english-insideout\/#primaryimage","url":"https:\/\/perpignan.alfmed.com\/wp-content\/uploads\/2023\/02\/1.png","contentUrl":"https:\/\/perpignan.alfmed.com\/wp-content\/uploads\/2023\/02\/1.png","width":1080,"height":1080},{"@type":"BreadcrumbList","@id":"https:\/\/perpignan.alfmed.com\/it\/produit\/stage-english-insideout\/#breadcrumb","itemListElement":[{"@type":"ListItem","position":1,"name":"Home","item":"https:\/\/perpignan.alfmed.com\/it\/"},{"@type":"ListItem","position":2,"name":"Prodotti","item":"https:\/\/perpignan.alfmed.com\/it\/shop\/"},{"@type":"ListItem","position":3,"name":"Stage English Inside Out"}]},{"@type":"WebSite","@id":"https:\/\/perpignan.alfmed.com\/it\/#website","url":"https:\/\/perpignan.alfmed.com\/it\/","name":"Alfmed","description":"EXPERTS EN LANGUES &amp; PROJETS EUROP\u00c9ENS","potentialAction":[{"@type":"SearchAction","target":{"@type":"EntryPoint","urlTemplate":"https:\/\/perpignan.alfmed.com\/it\/?s={search_term_string}"},"query-input":{"@type":"PropertyValueSpecification","valueRequired":true,"valueName":"search_term_string"}}],"inLanguage":"it-IT"}]}},"_links":{"self":[{"href":"https:\/\/perpignan.alfmed.com\/it\/wp-json\/wp\/v2\/product\/10012","targetHints":{"allow":["GET"]}}],"collection":[{"href":"https:\/\/perpignan.alfmed.com\/it\/wp-json\/wp\/v2\/product"}],"about":[{"href":"https:\/\/perpignan.alfmed.com\/it\/wp-json\/wp\/v2\/types\/product"}],"wp:featuredmedia":[{"embeddable":true,"href":"https:\/\/perpignan.alfmed.com\/it\/wp-json\/wp\/v2\/media\/12489"}],"wp:attachment":[{"href":"https:\/\/perpignan.alfmed.com\/it\/wp-json\/wp\/v2\/media?parent=10012"}],"wp:term":[{"taxonomy":"product_brand","embeddable":true,"href":"https:\/\/perpignan.alfmed.com\/it\/wp-json\/wp\/v2\/product_brand?post=10012"},{"taxonomy":"product_cat","embeddable":true,"href":"https:\/\/perpignan.alfmed.com\/it\/wp-json\/wp\/v2\/product_cat?post=10012"},{"taxonomy":"product_tag","embeddable":true,"href":"https:\/\/perpignan.alfmed.com\/it\/wp-json\/wp\/v2\/product_tag?post=10012"}],"curies":[{"name":"wp","href":"https:\/\/api.w.org\/{rel}","templated":true}]}}