{"id":14275,"date":"2023-08-09T10:59:31","date_gmt":"2023-08-09T10:59:31","guid":{"rendered":"https:\/\/perpignan.alfmed.com\/?page_id=14275"},"modified":"2023-11-17T15:26:47","modified_gmt":"2023-11-17T15:26:47","slug":"bachibac","status":"publish","type":"page","link":"https:\/\/perpignan.alfmed.com\/it\/scolaire\/bachibac\/","title":{"rendered":"Niveau d&#8217;espagnol et Bachibac"},"content":{"rendered":"","protected":false},"excerpt":{"rendered":"<p>Bachibac, c\u2019est une section bi-nationale franco-espagnole que tu peux int\u00e9grer au lyc\u00e9e d\u00e8s la seconde.<\/p>\n","protected":false},"author":3,"featured_media":14442,"parent":629,"menu_order":0,"comment_status":"closed","ping_status":"closed","template":"page-template-air-camp.php","meta":{"_acf_changed":false,"_et_pb_use_builder":"","_et_pb_old_content":"","_et_gb_content_width":"","footnotes":""},"categories":[],"tags":[41],"class_list":["post-14275","page","type-page","status-publish","has-post-thumbnail","hentry","tag-gabarit-page-air-camp"],"acf":[],"yoast_head":"<!-- This site is optimized with the Yoast SEO plugin v27.3 - https:\/\/yoast.com\/product\/yoast-seo-wordpress\/ -->\n<title>Niveau d&#039;espagnol et Bachibac - Alfmed<\/title>\n<meta name=\"description\" content=\"Programme de pr\u00e9paration \u00e0 Perpignan au Bachibac : section franco-espagnole (d\u00e9livrance double bac : fran\u00e7ais et espagnol)\" \/>\n<meta name=\"robots\" content=\"index, follow, max-snippet:-1, max-image-preview:large, max-video-preview:-1\" \/>\n<link rel=\"canonical\" href=\"https:\/\/perpignan.alfmed.com\/it\/scolaire\/bachibac\/\" \/>\n<meta property=\"og:locale\" content=\"it_IT\" \/>\n<meta property=\"og:type\" content=\"article\" \/>\n<meta property=\"og:title\" content=\"Niveau d&#039;espagnol et Bachibac - Alfmed\" \/>\n<meta property=\"og:description\" content=\"Programme de pr\u00e9paration \u00e0 Perpignan au Bachibac : section franco-espagnole (d\u00e9livrance double bac : fran\u00e7ais et espagnol)\" \/>\n<meta property=\"og:url\" content=\"https:\/\/perpignan.alfmed.com\/it\/scolaire\/bachibac\/\" \/>\n<meta property=\"og:site_name\" content=\"Alfmed\" \/>\n<meta property=\"article:modified_time\" content=\"2023-11-17T15:26:47+00:00\" \/>\n<meta property=\"og:image\" content=\"https:\/\/perpignan.alfmed.com\/wp-content\/uploads\/2023\/08\/36_logo_bachi_couleur.png\" \/>\n\t<meta property=\"og:image:width\" content=\"960\" \/>\n\t<meta property=\"og:image:height\" content=\"960\" \/>\n\t<meta property=\"og:image:type\" content=\"image\/png\" \/>\n<meta name=\"twitter:card\" content=\"summary_large_image\" \/>\n<script type=\"application\/ld+json\" class=\"yoast-schema-graph\">{\"@context\":\"https:\\\/\\\/schema.org\",\"@graph\":[{\"@type\":\"WebPage\",\"@id\":\"https:\\\/\\\/perpignan.alfmed.com\\\/it\\\/scolaire\\\/bachibac\\\/\",\"url\":\"https:\\\/\\\/perpignan.alfmed.com\\\/it\\\/scolaire\\\/bachibac\\\/\",\"name\":\"Niveau d'espagnol et Bachibac - Alfmed\",\"isPartOf\":{\"@id\":\"https:\\\/\\\/perpignan.alfmed.com\\\/it\\\/#website\"},\"primaryImageOfPage\":{\"@id\":\"https:\\\/\\\/perpignan.alfmed.com\\\/it\\\/scolaire\\\/bachibac\\\/#primaryimage\"},\"image\":{\"@id\":\"https:\\\/\\\/perpignan.alfmed.com\\\/it\\\/scolaire\\\/bachibac\\\/#primaryimage\"},\"thumbnailUrl\":\"https:\\\/\\\/perpignan.alfmed.com\\\/wp-content\\\/uploads\\\/2023\\\/08\\\/36_logo_bachi_couleur.png\",\"datePublished\":\"2023-08-09T10:59:31+00:00\",\"dateModified\":\"2023-11-17T15:26:47+00:00\",\"description\":\"Programme de pr\u00e9paration \u00e0 Perpignan au Bachibac : section franco-espagnole (d\u00e9livrance double bac : fran\u00e7ais et espagnol)\",\"breadcrumb\":{\"@id\":\"https:\\\/\\\/perpignan.alfmed.com\\\/it\\\/scolaire\\\/bachibac\\\/#breadcrumb\"},\"inLanguage\":\"it-IT\",\"potentialAction\":[{\"@type\":\"ReadAction\",\"target\":[\"https:\\\/\\\/perpignan.alfmed.com\\\/it\\\/scolaire\\\/bachibac\\\/\"]}]},{\"@type\":\"ImageObject\",\"inLanguage\":\"it-IT\",\"@id\":\"https:\\\/\\\/perpignan.alfmed.com\\\/it\\\/scolaire\\\/bachibac\\\/#primaryimage\",\"url\":\"https:\\\/\\\/perpignan.alfmed.com\\\/wp-content\\\/uploads\\\/2023\\\/08\\\/36_logo_bachi_couleur.png\",\"contentUrl\":\"https:\\\/\\\/perpignan.alfmed.com\\\/wp-content\\\/uploads\\\/2023\\\/08\\\/36_logo_bachi_couleur.png\",\"width\":960,\"height\":960,\"caption\":\"Embl\u00e8me espagnol et fran\u00e7ais, Bachibac\"},{\"@type\":\"BreadcrumbList\",\"@id\":\"https:\\\/\\\/perpignan.alfmed.com\\\/it\\\/scolaire\\\/bachibac\\\/#breadcrumb\",\"itemListElement\":[{\"@type\":\"ListItem\",\"position\":1,\"name\":\"Home\",\"item\":\"https:\\\/\\\/perpignan.alfmed.com\\\/it\\\/\"},{\"@type\":\"ListItem\",\"position\":2,\"name\":\"Scolaires\",\"item\":\"https:\\\/\\\/perpignan.alfmed.com\\\/it\\\/scolaire\\\/\"},{\"@type\":\"ListItem\",\"position\":3,\"name\":\"Niveau d&#8217;espagnol et Bachibac\"}]},{\"@type\":\"WebSite\",\"@id\":\"https:\\\/\\\/perpignan.alfmed.com\\\/it\\\/#website\",\"url\":\"https:\\\/\\\/perpignan.alfmed.com\\\/it\\\/\",\"name\":\"Alfmed\",\"description\":\"EXPERTS EN LANGUES &amp; PROJETS EUROP\u00c9ENS\",\"potentialAction\":[{\"@type\":\"SearchAction\",\"target\":{\"@type\":\"EntryPoint\",\"urlTemplate\":\"https:\\\/\\\/perpignan.alfmed.com\\\/it\\\/?s={search_term_string}\"},\"query-input\":{\"@type\":\"PropertyValueSpecification\",\"valueRequired\":true,\"valueName\":\"search_term_string\"}}],\"inLanguage\":\"it-IT\"}]}<\/script>\n<!-- \/ Yoast SEO plugin. -->","yoast_head_json":{"title":"Niveau d'espagnol et Bachibac - Alfmed","description":"Programme de pr\u00e9paration \u00e0 Perpignan au Bachibac : section franco-espagnole (d\u00e9livrance double bac : fran\u00e7ais et espagnol)","robots":{"index":"index","follow":"follow","max-snippet":"max-snippet:-1","max-image-preview":"max-image-preview:large","max-video-preview":"max-video-preview:-1"},"canonical":"https:\/\/perpignan.alfmed.com\/it\/scolaire\/bachibac\/","og_locale":"it_IT","og_type":"article","og_title":"Niveau d'espagnol et Bachibac - Alfmed","og_description":"Programme de pr\u00e9paration \u00e0 Perpignan au Bachibac : section franco-espagnole (d\u00e9livrance double bac : fran\u00e7ais et espagnol)","og_url":"https:\/\/perpignan.alfmed.com\/it\/scolaire\/bachibac\/","og_site_name":"Alfmed","article_modified_time":"2023-11-17T15:26:47+00:00","og_image":[{"width":960,"height":960,"url":"https:\/\/perpignan.alfmed.com\/wp-content\/uploads\/2023\/08\/36_logo_bachi_couleur.png","type":"image\/png"}],"twitter_card":"summary_large_image","schema":{"@context":"https:\/\/schema.org","@graph":[{"@type":"WebPage","@id":"https:\/\/perpignan.alfmed.com\/it\/scolaire\/bachibac\/","url":"https:\/\/perpignan.alfmed.com\/it\/scolaire\/bachibac\/","name":"Niveau d'espagnol et Bachibac - Alfmed","isPartOf":{"@id":"https:\/\/perpignan.alfmed.com\/it\/#website"},"primaryImageOfPage":{"@id":"https:\/\/perpignan.alfmed.com\/it\/scolaire\/bachibac\/#primaryimage"},"image":{"@id":"https:\/\/perpignan.alfmed.com\/it\/scolaire\/bachibac\/#primaryimage"},"thumbnailUrl":"https:\/\/perpignan.alfmed.com\/wp-content\/uploads\/2023\/08\/36_logo_bachi_couleur.png","datePublished":"2023-08-09T10:59:31+00:00","dateModified":"2023-11-17T15:26:47+00:00","description":"Programme de pr\u00e9paration \u00e0 Perpignan au Bachibac : section franco-espagnole (d\u00e9livrance double bac : fran\u00e7ais et espagnol)","breadcrumb":{"@id":"https:\/\/perpignan.alfmed.com\/it\/scolaire\/bachibac\/#breadcrumb"},"inLanguage":"it-IT","potentialAction":[{"@type":"ReadAction","target":["https:\/\/perpignan.alfmed.com\/it\/scolaire\/bachibac\/"]}]},{"@type":"ImageObject","inLanguage":"it-IT","@id":"https:\/\/perpignan.alfmed.com\/it\/scolaire\/bachibac\/#primaryimage","url":"https:\/\/perpignan.alfmed.com\/wp-content\/uploads\/2023\/08\/36_logo_bachi_couleur.png","contentUrl":"https:\/\/perpignan.alfmed.com\/wp-content\/uploads\/2023\/08\/36_logo_bachi_couleur.png","width":960,"height":960,"caption":"Embl\u00e8me espagnol et fran\u00e7ais, Bachibac"},{"@type":"BreadcrumbList","@id":"https:\/\/perpignan.alfmed.com\/it\/scolaire\/bachibac\/#breadcrumb","itemListElement":[{"@type":"ListItem","position":1,"name":"Home","item":"https:\/\/perpignan.alfmed.com\/it\/"},{"@type":"ListItem","position":2,"name":"Scolaires","item":"https:\/\/perpignan.alfmed.com\/it\/scolaire\/"},{"@type":"ListItem","position":3,"name":"Niveau d&#8217;espagnol et Bachibac"}]},{"@type":"WebSite","@id":"https:\/\/perpignan.alfmed.com\/it\/#website","url":"https:\/\/perpignan.alfmed.com\/it\/","name":"Alfmed","description":"EXPERTS EN LANGUES &amp; PROJETS EUROP\u00c9ENS","potentialAction":[{"@type":"SearchAction","target":{"@type":"EntryPoint","urlTemplate":"https:\/\/perpignan.alfmed.com\/it\/?s={search_term_string}"},"query-input":{"@type":"PropertyValueSpecification","valueRequired":true,"valueName":"search_term_string"}}],"inLanguage":"it-IT"}]}},"_links":{"self":[{"href":"https:\/\/perpignan.alfmed.com\/it\/wp-json\/wp\/v2\/pages\/14275","targetHints":{"allow":["GET"]}}],"collection":[{"href":"https:\/\/perpignan.alfmed.com\/it\/wp-json\/wp\/v2\/pages"}],"about":[{"href":"https:\/\/perpignan.alfmed.com\/it\/wp-json\/wp\/v2\/types\/page"}],"author":[{"embeddable":true,"href":"https:\/\/perpignan.alfmed.com\/it\/wp-json\/wp\/v2\/users\/3"}],"replies":[{"embeddable":true,"href":"https:\/\/perpignan.alfmed.com\/it\/wp-json\/wp\/v2\/comments?post=14275"}],"version-history":[{"count":4,"href":"https:\/\/perpignan.alfmed.com\/it\/wp-json\/wp\/v2\/pages\/14275\/revisions"}],"predecessor-version":[{"id":16225,"href":"https:\/\/perpignan.alfmed.com\/it\/wp-json\/wp\/v2\/pages\/14275\/revisions\/16225"}],"up":[{"embeddable":true,"href":"https:\/\/perpignan.alfmed.com\/it\/wp-json\/wp\/v2\/pages\/629"}],"wp:featuredmedia":[{"embeddable":true,"href":"https:\/\/perpignan.alfmed.com\/it\/wp-json\/wp\/v2\/media\/14442"}],"wp:attachment":[{"href":"https:\/\/perpignan.alfmed.com\/it\/wp-json\/wp\/v2\/media?parent=14275"}],"wp:term":[{"taxonomy":"category","embeddable":true,"href":"https:\/\/perpignan.alfmed.com\/it\/wp-json\/wp\/v2\/categories?post=14275"},{"taxonomy":"post_tag","embeddable":true,"href":"https:\/\/perpignan.alfmed.com\/it\/wp-json\/wp\/v2\/tags?post=14275"}],"curies":[{"name":"wp","href":"https:\/\/api.w.org\/{rel}","templated":true}]}}