{"id":13233,"date":"2023-05-11T08:23:35","date_gmt":"2023-05-11T08:23:35","guid":{"rendered":"https:\/\/perpignan.alfmed.com\/erasmus\/accoglienza-erasmus-tirocini\/nostri-alloggi-per-studenti\/residence-coeur\/"},"modified":"2023-06-15T09:06:20","modified_gmt":"2023-06-15T09:06:20","slug":"villa-malibu","status":"publish","type":"page","link":"https:\/\/perpignan.alfmed.com\/it\/erasmus\/accoglienza-erasmus-tirocini\/nostri-alloggi-per-studenti\/villa-malibu\/","title":{"rendered":"Villa Malibu"},"content":{"rendered":"","protected":false},"excerpt":{"rendered":"","protected":false},"author":3,"featured_media":13420,"parent":8363,"menu_order":0,"comment_status":"closed","ping_status":"closed","template":"page-template-logement.php","meta":{"_acf_changed":false,"_et_pb_use_builder":"","_et_pb_old_content":"","_et_gb_content_width":"","footnotes":""},"categories":[],"tags":[124],"class_list":["post-13233","page","type-page","status-publish","has-post-thumbnail","hentry","tag-gabarit-page-logement-it"],"acf":[],"yoast_head":"<!-- This site is optimized with the Yoast SEO plugin v27.3 - https:\/\/yoast.com\/product\/yoast-seo-wordpress\/ -->\n<title>ALFMED Perpignan | Villa Malibu<\/title>\n<meta name=\"description\" content=\"Cours d&#039;Anglais | Espagnol | Catalan | Fran\u00e7ais Langue \u00e9trang\u00e8re | Italien | Allemand | Chinois | N\u00e9erlandais | Russe \u00e0 Perpignan\" \/>\n<meta name=\"robots\" content=\"index, follow, max-snippet:-1, max-image-preview:large, max-video-preview:-1\" \/>\n<link rel=\"canonical\" href=\"https:\/\/perpignan.alfmed.com\/it\/erasmus\/accoglienza-erasmus-tirocini\/nostri-alloggi-per-studenti\/villa-malibu\/\" \/>\n<meta property=\"og:locale\" content=\"it_IT\" \/>\n<meta property=\"og:type\" content=\"article\" \/>\n<meta property=\"og:title\" content=\"ALFMED Perpignan | Villa Malibu\" \/>\n<meta property=\"og:description\" content=\"Cours d&#039;Anglais | Espagnol | Catalan | Fran\u00e7ais Langue \u00e9trang\u00e8re | Italien | Allemand | Chinois | N\u00e9erlandais | Russe \u00e0 Perpignan\" \/>\n<meta property=\"og:url\" content=\"https:\/\/perpignan.alfmed.com\/it\/erasmus\/accoglienza-erasmus-tirocini\/nostri-alloggi-per-studenti\/villa-malibu\/\" \/>\n<meta property=\"og:site_name\" content=\"Alfmed\" \/>\n<meta property=\"article:modified_time\" content=\"2023-06-15T09:06:20+00:00\" \/>\n<meta property=\"og:image\" content=\"https:\/\/perpignan.alfmed.com\/wp-content\/uploads\/2023\/06\/WhatsApp-Image-2023-06-05-a-q22.32.40.jpg\" \/>\n\t<meta property=\"og:image:width\" content=\"768\" \/>\n\t<meta property=\"og:image:height\" content=\"1024\" \/>\n\t<meta property=\"og:image:type\" content=\"image\/jpeg\" \/>\n<meta name=\"twitter:card\" content=\"summary_large_image\" \/>\n<script type=\"application\/ld+json\" class=\"yoast-schema-graph\">{\"@context\":\"https:\\\/\\\/schema.org\",\"@graph\":[{\"@type\":\"WebPage\",\"@id\":\"https:\\\/\\\/perpignan.alfmed.com\\\/it\\\/erasmus\\\/accoglienza-erasmus-tirocini\\\/nostri-alloggi-per-studenti\\\/villa-malibu\\\/\",\"url\":\"https:\\\/\\\/perpignan.alfmed.com\\\/it\\\/erasmus\\\/accoglienza-erasmus-tirocini\\\/nostri-alloggi-per-studenti\\\/villa-malibu\\\/\",\"name\":\"ALFMED Perpignan | Villa Malibu\",\"isPartOf\":{\"@id\":\"https:\\\/\\\/perpignan.alfmed.com\\\/it\\\/#website\"},\"primaryImageOfPage\":{\"@id\":\"https:\\\/\\\/perpignan.alfmed.com\\\/it\\\/erasmus\\\/accoglienza-erasmus-tirocini\\\/nostri-alloggi-per-studenti\\\/villa-malibu\\\/#primaryimage\"},\"image\":{\"@id\":\"https:\\\/\\\/perpignan.alfmed.com\\\/it\\\/erasmus\\\/accoglienza-erasmus-tirocini\\\/nostri-alloggi-per-studenti\\\/villa-malibu\\\/#primaryimage\"},\"thumbnailUrl\":\"https:\\\/\\\/perpignan.alfmed.com\\\/wp-content\\\/uploads\\\/2023\\\/06\\\/WhatsApp-Image-2023-06-05-a-q22.32.40.jpg\",\"datePublished\":\"2023-05-11T08:23:35+00:00\",\"dateModified\":\"2023-06-15T09:06:20+00:00\",\"description\":\"Cours d'Anglais | Espagnol | Catalan | Fran\u00e7ais Langue \u00e9trang\u00e8re | Italien | Allemand | Chinois | N\u00e9erlandais | Russe \u00e0 Perpignan\",\"breadcrumb\":{\"@id\":\"https:\\\/\\\/perpignan.alfmed.com\\\/it\\\/erasmus\\\/accoglienza-erasmus-tirocini\\\/nostri-alloggi-per-studenti\\\/villa-malibu\\\/#breadcrumb\"},\"inLanguage\":\"it-IT\",\"potentialAction\":[{\"@type\":\"ReadAction\",\"target\":[\"https:\\\/\\\/perpignan.alfmed.com\\\/it\\\/erasmus\\\/accoglienza-erasmus-tirocini\\\/nostri-alloggi-per-studenti\\\/villa-malibu\\\/\"]}]},{\"@type\":\"ImageObject\",\"inLanguage\":\"it-IT\",\"@id\":\"https:\\\/\\\/perpignan.alfmed.com\\\/it\\\/erasmus\\\/accoglienza-erasmus-tirocini\\\/nostri-alloggi-per-studenti\\\/villa-malibu\\\/#primaryimage\",\"url\":\"https:\\\/\\\/perpignan.alfmed.com\\\/wp-content\\\/uploads\\\/2023\\\/06\\\/WhatsApp-Image-2023-06-05-a-q22.32.40.jpg\",\"contentUrl\":\"https:\\\/\\\/perpignan.alfmed.com\\\/wp-content\\\/uploads\\\/2023\\\/06\\\/WhatsApp-Image-2023-06-05-a-q22.32.40.jpg\",\"width\":768,\"height\":1024},{\"@type\":\"BreadcrumbList\",\"@id\":\"https:\\\/\\\/perpignan.alfmed.com\\\/it\\\/erasmus\\\/accoglienza-erasmus-tirocini\\\/nostri-alloggi-per-studenti\\\/villa-malibu\\\/#breadcrumb\",\"itemListElement\":[{\"@type\":\"ListItem\",\"position\":1,\"name\":\"Home\",\"item\":\"https:\\\/\\\/perpignan.alfmed.com\\\/it\\\/\"},{\"@type\":\"ListItem\",\"position\":2,\"name\":\"Erasmus\",\"item\":\"https:\\\/\\\/perpignan.alfmed.com\\\/it\\\/erasmus\\\/\"},{\"@type\":\"ListItem\",\"position\":3,\"name\":\"Accoglienza Erasmus-tirocini\",\"item\":\"https:\\\/\\\/perpignan.alfmed.com\\\/it\\\/erasmus\\\/accoglienza-erasmus-tirocini\\\/\"},{\"@type\":\"ListItem\",\"position\":4,\"name\":\"I nostri alloggi per studenti\",\"item\":\"https:\\\/\\\/perpignan.alfmed.com\\\/it\\\/erasmus\\\/accoglienza-erasmus-tirocini\\\/nostri-alloggi-per-studenti\\\/\"},{\"@type\":\"ListItem\",\"position\":5,\"name\":\"Villa Malibu\"}]},{\"@type\":\"WebSite\",\"@id\":\"https:\\\/\\\/perpignan.alfmed.com\\\/it\\\/#website\",\"url\":\"https:\\\/\\\/perpignan.alfmed.com\\\/it\\\/\",\"name\":\"Alfmed\",\"description\":\"EXPERTS EN LANGUES &amp; PROJETS EUROP\u00c9ENS\",\"potentialAction\":[{\"@type\":\"SearchAction\",\"target\":{\"@type\":\"EntryPoint\",\"urlTemplate\":\"https:\\\/\\\/perpignan.alfmed.com\\\/it\\\/?s={search_term_string}\"},\"query-input\":{\"@type\":\"PropertyValueSpecification\",\"valueRequired\":true,\"valueName\":\"search_term_string\"}}],\"inLanguage\":\"it-IT\"}]}<\/script>\n<!-- \/ Yoast SEO plugin. -->","yoast_head_json":{"title":"ALFMED Perpignan | Villa Malibu","description":"Cours d'Anglais | Espagnol | Catalan | Fran\u00e7ais Langue \u00e9trang\u00e8re | Italien | Allemand | Chinois | N\u00e9erlandais | Russe \u00e0 Perpignan","robots":{"index":"index","follow":"follow","max-snippet":"max-snippet:-1","max-image-preview":"max-image-preview:large","max-video-preview":"max-video-preview:-1"},"canonical":"https:\/\/perpignan.alfmed.com\/it\/erasmus\/accoglienza-erasmus-tirocini\/nostri-alloggi-per-studenti\/villa-malibu\/","og_locale":"it_IT","og_type":"article","og_title":"ALFMED Perpignan | Villa Malibu","og_description":"Cours d'Anglais | Espagnol | Catalan | Fran\u00e7ais Langue \u00e9trang\u00e8re | Italien | Allemand | Chinois | N\u00e9erlandais | Russe \u00e0 Perpignan","og_url":"https:\/\/perpignan.alfmed.com\/it\/erasmus\/accoglienza-erasmus-tirocini\/nostri-alloggi-per-studenti\/villa-malibu\/","og_site_name":"Alfmed","article_modified_time":"2023-06-15T09:06:20+00:00","og_image":[{"width":768,"height":1024,"url":"https:\/\/perpignan.alfmed.com\/wp-content\/uploads\/2023\/06\/WhatsApp-Image-2023-06-05-a-q22.32.40.jpg","type":"image\/jpeg"}],"twitter_card":"summary_large_image","schema":{"@context":"https:\/\/schema.org","@graph":[{"@type":"WebPage","@id":"https:\/\/perpignan.alfmed.com\/it\/erasmus\/accoglienza-erasmus-tirocini\/nostri-alloggi-per-studenti\/villa-malibu\/","url":"https:\/\/perpignan.alfmed.com\/it\/erasmus\/accoglienza-erasmus-tirocini\/nostri-alloggi-per-studenti\/villa-malibu\/","name":"ALFMED Perpignan | Villa Malibu","isPartOf":{"@id":"https:\/\/perpignan.alfmed.com\/it\/#website"},"primaryImageOfPage":{"@id":"https:\/\/perpignan.alfmed.com\/it\/erasmus\/accoglienza-erasmus-tirocini\/nostri-alloggi-per-studenti\/villa-malibu\/#primaryimage"},"image":{"@id":"https:\/\/perpignan.alfmed.com\/it\/erasmus\/accoglienza-erasmus-tirocini\/nostri-alloggi-per-studenti\/villa-malibu\/#primaryimage"},"thumbnailUrl":"https:\/\/perpignan.alfmed.com\/wp-content\/uploads\/2023\/06\/WhatsApp-Image-2023-06-05-a-q22.32.40.jpg","datePublished":"2023-05-11T08:23:35+00:00","dateModified":"2023-06-15T09:06:20+00:00","description":"Cours d'Anglais | Espagnol | Catalan | Fran\u00e7ais Langue \u00e9trang\u00e8re | Italien | Allemand | Chinois | N\u00e9erlandais | Russe \u00e0 Perpignan","breadcrumb":{"@id":"https:\/\/perpignan.alfmed.com\/it\/erasmus\/accoglienza-erasmus-tirocini\/nostri-alloggi-per-studenti\/villa-malibu\/#breadcrumb"},"inLanguage":"it-IT","potentialAction":[{"@type":"ReadAction","target":["https:\/\/perpignan.alfmed.com\/it\/erasmus\/accoglienza-erasmus-tirocini\/nostri-alloggi-per-studenti\/villa-malibu\/"]}]},{"@type":"ImageObject","inLanguage":"it-IT","@id":"https:\/\/perpignan.alfmed.com\/it\/erasmus\/accoglienza-erasmus-tirocini\/nostri-alloggi-per-studenti\/villa-malibu\/#primaryimage","url":"https:\/\/perpignan.alfmed.com\/wp-content\/uploads\/2023\/06\/WhatsApp-Image-2023-06-05-a-q22.32.40.jpg","contentUrl":"https:\/\/perpignan.alfmed.com\/wp-content\/uploads\/2023\/06\/WhatsApp-Image-2023-06-05-a-q22.32.40.jpg","width":768,"height":1024},{"@type":"BreadcrumbList","@id":"https:\/\/perpignan.alfmed.com\/it\/erasmus\/accoglienza-erasmus-tirocini\/nostri-alloggi-per-studenti\/villa-malibu\/#breadcrumb","itemListElement":[{"@type":"ListItem","position":1,"name":"Home","item":"https:\/\/perpignan.alfmed.com\/it\/"},{"@type":"ListItem","position":2,"name":"Erasmus","item":"https:\/\/perpignan.alfmed.com\/it\/erasmus\/"},{"@type":"ListItem","position":3,"name":"Accoglienza Erasmus-tirocini","item":"https:\/\/perpignan.alfmed.com\/it\/erasmus\/accoglienza-erasmus-tirocini\/"},{"@type":"ListItem","position":4,"name":"I nostri alloggi per studenti","item":"https:\/\/perpignan.alfmed.com\/it\/erasmus\/accoglienza-erasmus-tirocini\/nostri-alloggi-per-studenti\/"},{"@type":"ListItem","position":5,"name":"Villa Malibu"}]},{"@type":"WebSite","@id":"https:\/\/perpignan.alfmed.com\/it\/#website","url":"https:\/\/perpignan.alfmed.com\/it\/","name":"Alfmed","description":"EXPERTS EN LANGUES &amp; PROJETS EUROP\u00c9ENS","potentialAction":[{"@type":"SearchAction","target":{"@type":"EntryPoint","urlTemplate":"https:\/\/perpignan.alfmed.com\/it\/?s={search_term_string}"},"query-input":{"@type":"PropertyValueSpecification","valueRequired":true,"valueName":"search_term_string"}}],"inLanguage":"it-IT"}]}},"_links":{"self":[{"href":"https:\/\/perpignan.alfmed.com\/it\/wp-json\/wp\/v2\/pages\/13233","targetHints":{"allow":["GET"]}}],"collection":[{"href":"https:\/\/perpignan.alfmed.com\/it\/wp-json\/wp\/v2\/pages"}],"about":[{"href":"https:\/\/perpignan.alfmed.com\/it\/wp-json\/wp\/v2\/types\/page"}],"author":[{"embeddable":true,"href":"https:\/\/perpignan.alfmed.com\/it\/wp-json\/wp\/v2\/users\/3"}],"replies":[{"embeddable":true,"href":"https:\/\/perpignan.alfmed.com\/it\/wp-json\/wp\/v2\/comments?post=13233"}],"version-history":[{"count":4,"href":"https:\/\/perpignan.alfmed.com\/it\/wp-json\/wp\/v2\/pages\/13233\/revisions"}],"predecessor-version":[{"id":13534,"href":"https:\/\/perpignan.alfmed.com\/it\/wp-json\/wp\/v2\/pages\/13233\/revisions\/13534"}],"up":[{"embeddable":true,"href":"https:\/\/perpignan.alfmed.com\/it\/wp-json\/wp\/v2\/pages\/8363"}],"wp:featuredmedia":[{"embeddable":true,"href":"https:\/\/perpignan.alfmed.com\/it\/wp-json\/wp\/v2\/media\/13420"}],"wp:attachment":[{"href":"https:\/\/perpignan.alfmed.com\/it\/wp-json\/wp\/v2\/media?parent=13233"}],"wp:term":[{"taxonomy":"category","embeddable":true,"href":"https:\/\/perpignan.alfmed.com\/it\/wp-json\/wp\/v2\/categories?post=13233"},{"taxonomy":"post_tag","embeddable":true,"href":"https:\/\/perpignan.alfmed.com\/it\/wp-json\/wp\/v2\/tags?post=13233"}],"curies":[{"name":"wp","href":"https:\/\/api.w.org\/{rel}","templated":true}]}}