{"id":19549,"date":"2024-10-18T10:26:08","date_gmt":"2024-10-18T09:26:08","guid":{"rendered":"https:\/\/perpignan.alfmed.com\/?post_type=product&#038;p=19549"},"modified":"2025-12-02T16:53:29","modified_gmt":"2025-12-02T15:53:29","slug":"programme-cambridge-anglais","status":"publish","type":"product","link":"https:\/\/perpignan.alfmed.com\/es\/produit\/programme-cambridge-anglais\/","title":{"rendered":"Programmes Cambridge"},"content":{"rendered":"<p>* L&#8217;inscription est valid\u00e9e sous condition du r\u00e9glement de la totalit\u00e9 l sur ce site s\u00e9curis\u00e9 ou en 2 fois sur demande|\u00a0 En cas d\u2019annulation de votre part (sauf si vous fournissez un Certificat m\u00e9dical) le Centre ALFMED conserve la somme incompressible de 30 eur, le solde vous \u00e9tant rembours\u00e9. **En cas d\u2019annulation de notre part (raisons sanitaires) la totalit\u00e9 de la somme sera conserv\u00e9e en cr\u00e9dit pendant 18 mois ou rembours\u00e9e dans sa totalit\u00e9 sur simple demande \u00e9crite sur formation@alfmed.com<\/p>\n","protected":false},"excerpt":{"rendered":"<p>Programme de pr\u00e9paration aux dipl\u00f4mes d&#8217;Anglais Cambridge\u00a0 | de 6 \u00e0 19 ans | les mardis soirs de 18h \u00e0 19h | les vendredis soirs de 18h \u00e0 19h pour le C1 Advanced |\u00a0 | groupes de niveaux (de d\u00e9butant \u00e0 avanc\u00e9) | \u00e0 ALFMED ou en phygital mixte | hors vacances scolaires |<\/p>\n<p><a href=\"https:\/\/perpignan.alfmed.com\/es\/programa-cambridge\/\" target=\"_blank\" rel=\"noopener\">INFORMATIONS SUR LE PROGRAMME CAMBRIDGE<\/a><\/p>\n<p>B\u00e9n\u00e9ficiez d&#8217;une r\u00e9duction avec notre <a href=\"https:\/\/perpignan.alfmed.com\/es\/produit\/carte-smart-family\/\" target=\"_blank\" rel=\"noopener\">Carte SMART Family<\/a> \/ <a href=\"https:\/\/perpignan.alfmed.com\/produit\/carte-smart-company\/\">SMART Company<\/a><\/p>\n<ul>\n<li>365\u20ac au lieu de 405\u20ac pour les niveaux STARTERS &#8211; MOVERS et FLYERS<\/li>\n<li>415\u20ac au lieu de 460\u20ac pour les niveaux KEY et PET<\/li>\n<li>510\u20ac au lieu de 565\u20ac pour le niveau FIRST<\/li>\n<li>605\u20ac pour le niveau C1 ADVANCED<\/li>\n<li>650\u20ac pour le niveau C2 PROFICIENCY<\/li>\n<\/ul>\n<p>Une fois l&#8217;inscription effectu\u00e9e, nous mettrons en place une \u00e9valuation de positionnement avec nos formateurs afin de d\u00e9terminer le groupe de niveau de votre enfant.<\/p>\n<p>&nbsp;<\/p>\n","protected":false},"featured_media":7855,"template":"","meta":{"_acf_changed":false,"_et_pb_use_builder":"","_et_pb_old_content":"","_et_gb_content_width":""},"product_brand":[],"product_cat":[161,162],"product_tag":[],"class_list":{"0":"post-19549","1":"product","2":"type-product","3":"status-publish","4":"has-post-thumbnail","6":"product_cat-nos-produits-es","7":"product_cat-stages-sejours-es","9":"first","10":"instock","11":"shipping-taxable","12":"purchasable","13":"product-type-variable"},"acf":[],"yoast_head":"<!-- This site is optimized with the Yoast SEO plugin v27.3 - https:\/\/yoast.com\/product\/yoast-seo-wordpress\/ -->\n<title>Pr\u00e9paration dipl\u00f4mes Cambridge d&#039;Anglais<\/title>\n<meta name=\"description\" content=\"Pr\u00e9paration aux dipl\u00f4mes d&#039;Anglais Cambridge : de 6 \u00e0 19 ans, toutes les semaines, groupes de niveaux (de d\u00e9butant \u00e0 interm\u00e9diaire avanc\u00e9), \u00e0 ALFMED ou en phygital mixte\" \/>\n<meta name=\"robots\" content=\"index, follow, max-snippet:-1, max-image-preview:large, max-video-preview:-1\" \/>\n<link rel=\"canonical\" href=\"https:\/\/perpignan.alfmed.com\/es\/produit\/programme-cambridge-anglais\/\" \/>\n<meta property=\"og:locale\" content=\"es_ES\" \/>\n<meta property=\"og:type\" content=\"article\" \/>\n<meta property=\"og:title\" content=\"Pr\u00e9paration dipl\u00f4mes Cambridge d&#039;Anglais\" \/>\n<meta property=\"og:description\" content=\"Pr\u00e9paration aux dipl\u00f4mes d&#039;Anglais Cambridge : de 6 \u00e0 19 ans, toutes les semaines, groupes de niveaux (de d\u00e9butant \u00e0 interm\u00e9diaire avanc\u00e9), \u00e0 ALFMED ou en phygital mixte\" \/>\n<meta property=\"og:url\" content=\"https:\/\/perpignan.alfmed.com\/es\/produit\/programme-cambridge-anglais\/\" \/>\n<meta property=\"og:site_name\" content=\"Alfmed\" \/>\n<meta property=\"article:modified_time\" content=\"2025-12-02T15:53:29+00:00\" \/>\n<meta property=\"og:image\" content=\"https:\/\/perpignan.alfmed.com\/wp-content\/uploads\/2022\/09\/visuel-site-2-1-e1743148386759.png\" \/>\n\t<meta property=\"og:image:width\" content=\"700\" \/>\n\t<meta property=\"og:image:height\" content=\"400\" \/>\n\t<meta property=\"og:image:type\" content=\"image\/png\" \/>\n<meta name=\"twitter:card\" content=\"summary_large_image\" \/>\n<script type=\"application\/ld+json\" class=\"yoast-schema-graph\">{\"@context\":\"https:\\\/\\\/schema.org\",\"@graph\":[{\"@type\":\"WebPage\",\"@id\":\"https:\\\/\\\/perpignan.alfmed.com\\\/es\\\/produit\\\/programme-cambridge-anglais\\\/\",\"url\":\"https:\\\/\\\/perpignan.alfmed.com\\\/es\\\/produit\\\/programme-cambridge-anglais\\\/\",\"name\":\"Pr\u00e9paration dipl\u00f4mes Cambridge d'Anglais\",\"isPartOf\":{\"@id\":\"https:\\\/\\\/perpignan.alfmed.com\\\/es\\\/#website\"},\"primaryImageOfPage\":{\"@id\":\"https:\\\/\\\/perpignan.alfmed.com\\\/es\\\/produit\\\/programme-cambridge-anglais\\\/#primaryimage\"},\"image\":{\"@id\":\"https:\\\/\\\/perpignan.alfmed.com\\\/es\\\/produit\\\/programme-cambridge-anglais\\\/#primaryimage\"},\"thumbnailUrl\":\"https:\\\/\\\/perpignan.alfmed.com\\\/wp-content\\\/uploads\\\/2022\\\/09\\\/visuel-site-2-1-e1743148386759.png\",\"datePublished\":\"2024-10-18T09:26:08+00:00\",\"dateModified\":\"2025-12-02T15:53:29+00:00\",\"description\":\"Pr\u00e9paration aux dipl\u00f4mes d'Anglais Cambridge : de 6 \u00e0 19 ans, toutes les semaines, groupes de niveaux (de d\u00e9butant \u00e0 interm\u00e9diaire avanc\u00e9), \u00e0 ALFMED ou en phygital mixte\",\"breadcrumb\":{\"@id\":\"https:\\\/\\\/perpignan.alfmed.com\\\/es\\\/produit\\\/programme-cambridge-anglais\\\/#breadcrumb\"},\"inLanguage\":\"es\",\"potentialAction\":[{\"@type\":\"ReadAction\",\"target\":[\"https:\\\/\\\/perpignan.alfmed.com\\\/es\\\/produit\\\/programme-cambridge-anglais\\\/\"]}]},{\"@type\":\"ImageObject\",\"inLanguage\":\"es\",\"@id\":\"https:\\\/\\\/perpignan.alfmed.com\\\/es\\\/produit\\\/programme-cambridge-anglais\\\/#primaryimage\",\"url\":\"https:\\\/\\\/perpignan.alfmed.com\\\/wp-content\\\/uploads\\\/2022\\\/09\\\/visuel-site-2-1-e1743148386759.png\",\"contentUrl\":\"https:\\\/\\\/perpignan.alfmed.com\\\/wp-content\\\/uploads\\\/2022\\\/09\\\/visuel-site-2-1-e1743148386759.png\",\"width\":700,\"height\":400,\"caption\":\"Logo dipl\u00f4me Cambridge\"},{\"@type\":\"BreadcrumbList\",\"@id\":\"https:\\\/\\\/perpignan.alfmed.com\\\/es\\\/produit\\\/programme-cambridge-anglais\\\/#breadcrumb\",\"itemListElement\":[{\"@type\":\"ListItem\",\"position\":1,\"name\":\"Home\",\"item\":\"https:\\\/\\\/perpignan.alfmed.com\\\/es\\\/\"},{\"@type\":\"ListItem\",\"position\":2,\"name\":\"Productos\",\"item\":\"https:\\\/\\\/perpignan.alfmed.com\\\/es\\\/shop\\\/\"},{\"@type\":\"ListItem\",\"position\":3,\"name\":\"Programmes Cambridge\"}]},{\"@type\":\"WebSite\",\"@id\":\"https:\\\/\\\/perpignan.alfmed.com\\\/es\\\/#website\",\"url\":\"https:\\\/\\\/perpignan.alfmed.com\\\/es\\\/\",\"name\":\"Alfmed\",\"description\":\"EXPERTS EN LANGUES &amp; PROJETS EUROP\u00c9ENS\",\"potentialAction\":[{\"@type\":\"SearchAction\",\"target\":{\"@type\":\"EntryPoint\",\"urlTemplate\":\"https:\\\/\\\/perpignan.alfmed.com\\\/es\\\/?s={search_term_string}\"},\"query-input\":{\"@type\":\"PropertyValueSpecification\",\"valueRequired\":true,\"valueName\":\"search_term_string\"}}],\"inLanguage\":\"es\"}]}<\/script>\n<!-- \/ Yoast SEO plugin. -->","yoast_head_json":{"title":"Pr\u00e9paration dipl\u00f4mes Cambridge d'Anglais","description":"Pr\u00e9paration aux dipl\u00f4mes d'Anglais Cambridge : de 6 \u00e0 19 ans, toutes les semaines, groupes de niveaux (de d\u00e9butant \u00e0 interm\u00e9diaire avanc\u00e9), \u00e0 ALFMED ou en phygital mixte","robots":{"index":"index","follow":"follow","max-snippet":"max-snippet:-1","max-image-preview":"max-image-preview:large","max-video-preview":"max-video-preview:-1"},"canonical":"https:\/\/perpignan.alfmed.com\/es\/produit\/programme-cambridge-anglais\/","og_locale":"es_ES","og_type":"article","og_title":"Pr\u00e9paration dipl\u00f4mes Cambridge d'Anglais","og_description":"Pr\u00e9paration aux dipl\u00f4mes d'Anglais Cambridge : de 6 \u00e0 19 ans, toutes les semaines, groupes de niveaux (de d\u00e9butant \u00e0 interm\u00e9diaire avanc\u00e9), \u00e0 ALFMED ou en phygital mixte","og_url":"https:\/\/perpignan.alfmed.com\/es\/produit\/programme-cambridge-anglais\/","og_site_name":"Alfmed","article_modified_time":"2025-12-02T15:53:29+00:00","og_image":[{"width":700,"height":400,"url":"https:\/\/perpignan.alfmed.com\/wp-content\/uploads\/2022\/09\/visuel-site-2-1-e1743148386759.png","type":"image\/png"}],"twitter_card":"summary_large_image","schema":{"@context":"https:\/\/schema.org","@graph":[{"@type":"WebPage","@id":"https:\/\/perpignan.alfmed.com\/es\/produit\/programme-cambridge-anglais\/","url":"https:\/\/perpignan.alfmed.com\/es\/produit\/programme-cambridge-anglais\/","name":"Pr\u00e9paration dipl\u00f4mes Cambridge d'Anglais","isPartOf":{"@id":"https:\/\/perpignan.alfmed.com\/es\/#website"},"primaryImageOfPage":{"@id":"https:\/\/perpignan.alfmed.com\/es\/produit\/programme-cambridge-anglais\/#primaryimage"},"image":{"@id":"https:\/\/perpignan.alfmed.com\/es\/produit\/programme-cambridge-anglais\/#primaryimage"},"thumbnailUrl":"https:\/\/perpignan.alfmed.com\/wp-content\/uploads\/2022\/09\/visuel-site-2-1-e1743148386759.png","datePublished":"2024-10-18T09:26:08+00:00","dateModified":"2025-12-02T15:53:29+00:00","description":"Pr\u00e9paration aux dipl\u00f4mes d'Anglais Cambridge : de 6 \u00e0 19 ans, toutes les semaines, groupes de niveaux (de d\u00e9butant \u00e0 interm\u00e9diaire avanc\u00e9), \u00e0 ALFMED ou en phygital mixte","breadcrumb":{"@id":"https:\/\/perpignan.alfmed.com\/es\/produit\/programme-cambridge-anglais\/#breadcrumb"},"inLanguage":"es","potentialAction":[{"@type":"ReadAction","target":["https:\/\/perpignan.alfmed.com\/es\/produit\/programme-cambridge-anglais\/"]}]},{"@type":"ImageObject","inLanguage":"es","@id":"https:\/\/perpignan.alfmed.com\/es\/produit\/programme-cambridge-anglais\/#primaryimage","url":"https:\/\/perpignan.alfmed.com\/wp-content\/uploads\/2022\/09\/visuel-site-2-1-e1743148386759.png","contentUrl":"https:\/\/perpignan.alfmed.com\/wp-content\/uploads\/2022\/09\/visuel-site-2-1-e1743148386759.png","width":700,"height":400,"caption":"Logo dipl\u00f4me Cambridge"},{"@type":"BreadcrumbList","@id":"https:\/\/perpignan.alfmed.com\/es\/produit\/programme-cambridge-anglais\/#breadcrumb","itemListElement":[{"@type":"ListItem","position":1,"name":"Home","item":"https:\/\/perpignan.alfmed.com\/es\/"},{"@type":"ListItem","position":2,"name":"Productos","item":"https:\/\/perpignan.alfmed.com\/es\/shop\/"},{"@type":"ListItem","position":3,"name":"Programmes Cambridge"}]},{"@type":"WebSite","@id":"https:\/\/perpignan.alfmed.com\/es\/#website","url":"https:\/\/perpignan.alfmed.com\/es\/","name":"Alfmed","description":"EXPERTS EN LANGUES &amp; PROJETS EUROP\u00c9ENS","potentialAction":[{"@type":"SearchAction","target":{"@type":"EntryPoint","urlTemplate":"https:\/\/perpignan.alfmed.com\/es\/?s={search_term_string}"},"query-input":{"@type":"PropertyValueSpecification","valueRequired":true,"valueName":"search_term_string"}}],"inLanguage":"es"}]}},"_links":{"self":[{"href":"https:\/\/perpignan.alfmed.com\/es\/wp-json\/wp\/v2\/product\/19549","targetHints":{"allow":["GET"]}}],"collection":[{"href":"https:\/\/perpignan.alfmed.com\/es\/wp-json\/wp\/v2\/product"}],"about":[{"href":"https:\/\/perpignan.alfmed.com\/es\/wp-json\/wp\/v2\/types\/product"}],"wp:featuredmedia":[{"embeddable":true,"href":"https:\/\/perpignan.alfmed.com\/es\/wp-json\/wp\/v2\/media\/7855"}],"wp:attachment":[{"href":"https:\/\/perpignan.alfmed.com\/es\/wp-json\/wp\/v2\/media?parent=19549"}],"wp:term":[{"taxonomy":"product_brand","embeddable":true,"href":"https:\/\/perpignan.alfmed.com\/es\/wp-json\/wp\/v2\/product_brand?post=19549"},{"taxonomy":"product_cat","embeddable":true,"href":"https:\/\/perpignan.alfmed.com\/es\/wp-json\/wp\/v2\/product_cat?post=19549"},{"taxonomy":"product_tag","embeddable":true,"href":"https:\/\/perpignan.alfmed.com\/es\/wp-json\/wp\/v2\/product_tag?post=19549"}],"curies":[{"name":"wp","href":"https:\/\/api.w.org\/{rel}","templated":true}]}}