{"id":10066,"date":"2022-07-17T16:04:58","date_gmt":"2022-07-17T16:04:58","guid":{"rendered":"https:\/\/perpignan.alfmed.com\/produit\/carte-smart-family\/"},"modified":"2026-03-06T14:10:31","modified_gmt":"2026-03-06T13:10:31","slug":"carte-smart-family","status":"publish","type":"product","link":"https:\/\/perpignan.alfmed.com\/es\/produit\/carte-smart-family\/","title":{"rendered":"Carte Smart Family"},"content":{"rendered":"<p>Cette carte d\u2019une valeur de 15 euros est valable 12 mois, elle vous ouvre diff\u00e9rentes r\u00e9ductions pour vous (<a href=\"https:\/\/perpignan.alfmed.com\/utiliser-le-cpf\/\">hors financements Formation Continue \/ CPF<\/a>), vos enfants et vos proches. Vous souhaitez offrir un stage \u00e0 votre ni\u00e8ce ou votre filleul : utilisez votre carte !<\/p>\n<p><strong>Les r\u00e9ductions qui sont \u00e0 votre port\u00e9e :<\/strong><\/p>\n<ul>\n<li>\u2013 25% de r\u00e9duction sur les stages scolaires suivants : <a href=\"https:\/\/perpignan.alfmed.com\/scolaire\/stages-vacances-scolaires\/stage-play-say\/\">Play &amp; Say<\/a>, <a href=\"https:\/\/perpignan.alfmed.com\/scolaire\/stages-vacances-scolaires\/stage-english-inside-out\/\">English Inside Out<\/a>, <a href=\"https:\/\/perpignan.alfmed.com\/scolaire\/stages-vacances-scolaires\/stage-espagnol\/\">Espagnol<\/a><\/li>\n<li>\u2013 10% sur les <a href=\"https:\/\/perpignan.alfmed.com\/es\/frances-para-extranjeros\/frances-a-la-carta\/clases-particulares\/\">cours particuliers<\/a> Anglais Espagnol Allemand<\/li>\n<li>Tarifs pr\u00e9f\u00e9rentiels sur le <a href=\"https:\/\/perpignan.alfmed.com\/scolaire\/cours-de-langues\/programme-cambridge\/\">Programme Cambridge<\/a> et sur le <a href=\"https:\/\/perpignan.alfmed.com\/scolaire\/cours-de-langues\/programme-dele-scolaire\/\">Programme DELE<\/a><\/li>\n<li>\u2013 10% sur les programmes de pr\u00e9paration des certifications <a href=\"https:\/\/perpignan.alfmed.com\/es\/toeic\/\">TOEIC<\/a> et <a href=\"https:\/\/perpignan.alfmed.com\/es\/toefl\/\">TOEFL<\/a> (hors examen)<\/li>\n<li>\u00a0\u2013 100\u20ac de r\u00e9duction sur les <a href=\"https:\/\/perpignan.alfmed.com\/scolaire\/sejours-linguistiques\/\">s\u00e9jours linguistiques<\/a> (r\u00e9duction de 250\u20ac\/pers pour inscription de 2 jeunes simultan\u00e9ment dont les familles auraient la Carte SMART Family, non cumulables avec la 1\u00e8re r\u00e9duction de 100\u20ac)<\/li>\n<li>1h de cours particuliers offerte pour toute mobilisation du CPF en anglais, allemand ou espagnol<\/li>\n<\/ul>\n<p><strong>Co\u00fbt de la carte nominative : 15\u20ac<\/strong><\/p>\n<p>Valable 12 mois.<br \/>\nLimit\u00e9e \u00e0 100 adh\u00e9rents.<br \/>\nNon cumulable avec d\u2019autres offres.<\/p>\n","protected":false},"excerpt":{"rendered":"<p>&nbsp;<\/p>\n<p>Pourquoi une Carte avantages pour toute la famille ? C\u2019est parce que nous savons que la passion des langues est toujours partag\u00e9e au sein de la famille. Parce que vous, en tant que parent, savez que la ma\u00eetrise de plusieurs langues constitue un atout ind\u00e9niable pour vos enfants.<\/p>\n","protected":false},"featured_media":22499,"template":"","meta":{"_acf_changed":false,"_et_pb_use_builder":"","_et_pb_old_content":"","_et_gb_content_width":""},"product_brand":[],"product_cat":[165,161],"product_tag":[],"class_list":{"0":"post-10066","1":"product","2":"type-product","3":"status-publish","4":"has-post-thumbnail","6":"product_cat-divers-es","7":"product_cat-nos-produits-es","9":"first","10":"instock","11":"shipping-taxable","12":"purchasable","13":"product-type-simple"},"acf":[],"yoast_head":"<!-- This site is optimized with the Yoast SEO plugin v27.4 - https:\/\/yoast.com\/product\/yoast-seo-wordpress\/ -->\n<title>ALFMED Perpignan | Carte SMART Family<\/title>\n<meta name=\"description\" content=\"Achetez notre Carte SMART Family et b\u00e9n\u00e9ficiez de nombreux avantages. Cours de langues \u00e0 Perpignan de l&#039;Anglais au Chinois...\" \/>\n<meta name=\"robots\" content=\"index, follow, max-snippet:-1, max-image-preview:large, max-video-preview:-1\" \/>\n<link rel=\"canonical\" href=\"https:\/\/perpignan.alfmed.com\/es\/produit\/carte-smart-family\/\" \/>\n<meta property=\"og:locale\" content=\"es_ES\" \/>\n<meta property=\"og:type\" content=\"article\" \/>\n<meta property=\"og:title\" content=\"ALFMED Perpignan | Carte SMART Family\" \/>\n<meta property=\"og:description\" content=\"Achetez notre Carte SMART Family et b\u00e9n\u00e9ficiez de nombreux avantages. Cours de langues \u00e0 Perpignan de l&#039;Anglais au Chinois...\" \/>\n<meta property=\"og:url\" content=\"https:\/\/perpignan.alfmed.com\/es\/produit\/carte-smart-family\/\" \/>\n<meta property=\"og:site_name\" content=\"Alfmed\" \/>\n<meta property=\"article:modified_time\" content=\"2026-03-06T13:10:31+00:00\" \/>\n<meta property=\"og:image\" content=\"https:\/\/perpignan.alfmed.com\/wp-content\/uploads\/2022\/07\/Smart-family_-scaled.png\" \/>\n\t<meta property=\"og:image:width\" content=\"2880\" \/>\n\t<meta property=\"og:image:height\" content=\"2880\" \/>\n\t<meta property=\"og:image:type\" content=\"image\/png\" \/>\n<meta name=\"twitter:card\" content=\"summary_large_image\" \/>\n<script type=\"application\/ld+json\" class=\"yoast-schema-graph\">{\"@context\":\"https:\\\/\\\/schema.org\",\"@graph\":[{\"@type\":\"WebPage\",\"@id\":\"https:\\\/\\\/perpignan.alfmed.com\\\/es\\\/produit\\\/carte-smart-family\\\/\",\"url\":\"https:\\\/\\\/perpignan.alfmed.com\\\/es\\\/produit\\\/carte-smart-family\\\/\",\"name\":\"ALFMED Perpignan | Carte SMART Family\",\"isPartOf\":{\"@id\":\"https:\\\/\\\/perpignan.alfmed.com\\\/es\\\/#website\"},\"primaryImageOfPage\":{\"@id\":\"https:\\\/\\\/perpignan.alfmed.com\\\/es\\\/produit\\\/carte-smart-family\\\/#primaryimage\"},\"image\":{\"@id\":\"https:\\\/\\\/perpignan.alfmed.com\\\/es\\\/produit\\\/carte-smart-family\\\/#primaryimage\"},\"thumbnailUrl\":\"https:\\\/\\\/perpignan.alfmed.com\\\/wp-content\\\/uploads\\\/2022\\\/07\\\/Smart-family_-scaled.png\",\"datePublished\":\"2022-07-17T16:04:58+00:00\",\"dateModified\":\"2026-03-06T13:10:31+00:00\",\"description\":\"Achetez notre Carte SMART Family et b\u00e9n\u00e9ficiez de nombreux avantages. Cours de langues \u00e0 Perpignan de l'Anglais au Chinois...\",\"breadcrumb\":{\"@id\":\"https:\\\/\\\/perpignan.alfmed.com\\\/es\\\/produit\\\/carte-smart-family\\\/#breadcrumb\"},\"inLanguage\":\"es\",\"potentialAction\":[{\"@type\":\"ReadAction\",\"target\":[\"https:\\\/\\\/perpignan.alfmed.com\\\/es\\\/produit\\\/carte-smart-family\\\/\"]}]},{\"@type\":\"ImageObject\",\"inLanguage\":\"es\",\"@id\":\"https:\\\/\\\/perpignan.alfmed.com\\\/es\\\/produit\\\/carte-smart-family\\\/#primaryimage\",\"url\":\"https:\\\/\\\/perpignan.alfmed.com\\\/wp-content\\\/uploads\\\/2022\\\/07\\\/Smart-family_-scaled.png\",\"contentUrl\":\"https:\\\/\\\/perpignan.alfmed.com\\\/wp-content\\\/uploads\\\/2022\\\/07\\\/Smart-family_-scaled.png\",\"width\":2880,\"height\":2880},{\"@type\":\"BreadcrumbList\",\"@id\":\"https:\\\/\\\/perpignan.alfmed.com\\\/es\\\/produit\\\/carte-smart-family\\\/#breadcrumb\",\"itemListElement\":[{\"@type\":\"ListItem\",\"position\":1,\"name\":\"Home\",\"item\":\"https:\\\/\\\/perpignan.alfmed.com\\\/es\\\/\"},{\"@type\":\"ListItem\",\"position\":2,\"name\":\"Productos\",\"item\":\"https:\\\/\\\/perpignan.alfmed.com\\\/es\\\/shop\\\/\"},{\"@type\":\"ListItem\",\"position\":3,\"name\":\"Carte Smart Family\"}]},{\"@type\":\"WebSite\",\"@id\":\"https:\\\/\\\/perpignan.alfmed.com\\\/es\\\/#website\",\"url\":\"https:\\\/\\\/perpignan.alfmed.com\\\/es\\\/\",\"name\":\"Alfmed\",\"description\":\"EXPERTS EN LANGUES &amp; PROJETS EUROP\u00c9ENS\",\"potentialAction\":[{\"@type\":\"SearchAction\",\"target\":{\"@type\":\"EntryPoint\",\"urlTemplate\":\"https:\\\/\\\/perpignan.alfmed.com\\\/es\\\/?s={search_term_string}\"},\"query-input\":{\"@type\":\"PropertyValueSpecification\",\"valueRequired\":true,\"valueName\":\"search_term_string\"}}],\"inLanguage\":\"es\"}]}<\/script>\n<!-- \/ Yoast SEO plugin. -->","yoast_head_json":{"title":"ALFMED Perpignan | Carte SMART Family","description":"Achetez notre Carte SMART Family et b\u00e9n\u00e9ficiez de nombreux avantages. Cours de langues \u00e0 Perpignan de l'Anglais au Chinois...","robots":{"index":"index","follow":"follow","max-snippet":"max-snippet:-1","max-image-preview":"max-image-preview:large","max-video-preview":"max-video-preview:-1"},"canonical":"https:\/\/perpignan.alfmed.com\/es\/produit\/carte-smart-family\/","og_locale":"es_ES","og_type":"article","og_title":"ALFMED Perpignan | Carte SMART Family","og_description":"Achetez notre Carte SMART Family et b\u00e9n\u00e9ficiez de nombreux avantages. Cours de langues \u00e0 Perpignan de l'Anglais au Chinois...","og_url":"https:\/\/perpignan.alfmed.com\/es\/produit\/carte-smart-family\/","og_site_name":"Alfmed","article_modified_time":"2026-03-06T13:10:31+00:00","og_image":[{"width":2880,"height":2880,"url":"https:\/\/perpignan.alfmed.com\/wp-content\/uploads\/2022\/07\/Smart-family_-scaled.png","type":"image\/png"}],"twitter_card":"summary_large_image","schema":{"@context":"https:\/\/schema.org","@graph":[{"@type":"WebPage","@id":"https:\/\/perpignan.alfmed.com\/es\/produit\/carte-smart-family\/","url":"https:\/\/perpignan.alfmed.com\/es\/produit\/carte-smart-family\/","name":"ALFMED Perpignan | Carte SMART Family","isPartOf":{"@id":"https:\/\/perpignan.alfmed.com\/es\/#website"},"primaryImageOfPage":{"@id":"https:\/\/perpignan.alfmed.com\/es\/produit\/carte-smart-family\/#primaryimage"},"image":{"@id":"https:\/\/perpignan.alfmed.com\/es\/produit\/carte-smart-family\/#primaryimage"},"thumbnailUrl":"https:\/\/perpignan.alfmed.com\/wp-content\/uploads\/2022\/07\/Smart-family_-scaled.png","datePublished":"2022-07-17T16:04:58+00:00","dateModified":"2026-03-06T13:10:31+00:00","description":"Achetez notre Carte SMART Family et b\u00e9n\u00e9ficiez de nombreux avantages. Cours de langues \u00e0 Perpignan de l'Anglais au Chinois...","breadcrumb":{"@id":"https:\/\/perpignan.alfmed.com\/es\/produit\/carte-smart-family\/#breadcrumb"},"inLanguage":"es","potentialAction":[{"@type":"ReadAction","target":["https:\/\/perpignan.alfmed.com\/es\/produit\/carte-smart-family\/"]}]},{"@type":"ImageObject","inLanguage":"es","@id":"https:\/\/perpignan.alfmed.com\/es\/produit\/carte-smart-family\/#primaryimage","url":"https:\/\/perpignan.alfmed.com\/wp-content\/uploads\/2022\/07\/Smart-family_-scaled.png","contentUrl":"https:\/\/perpignan.alfmed.com\/wp-content\/uploads\/2022\/07\/Smart-family_-scaled.png","width":2880,"height":2880},{"@type":"BreadcrumbList","@id":"https:\/\/perpignan.alfmed.com\/es\/produit\/carte-smart-family\/#breadcrumb","itemListElement":[{"@type":"ListItem","position":1,"name":"Home","item":"https:\/\/perpignan.alfmed.com\/es\/"},{"@type":"ListItem","position":2,"name":"Productos","item":"https:\/\/perpignan.alfmed.com\/es\/shop\/"},{"@type":"ListItem","position":3,"name":"Carte Smart Family"}]},{"@type":"WebSite","@id":"https:\/\/perpignan.alfmed.com\/es\/#website","url":"https:\/\/perpignan.alfmed.com\/es\/","name":"Alfmed","description":"EXPERTS EN LANGUES &amp; PROJETS EUROP\u00c9ENS","potentialAction":[{"@type":"SearchAction","target":{"@type":"EntryPoint","urlTemplate":"https:\/\/perpignan.alfmed.com\/es\/?s={search_term_string}"},"query-input":{"@type":"PropertyValueSpecification","valueRequired":true,"valueName":"search_term_string"}}],"inLanguage":"es"}]}},"_links":{"self":[{"href":"https:\/\/perpignan.alfmed.com\/es\/wp-json\/wp\/v2\/product\/10066","targetHints":{"allow":["GET"]}}],"collection":[{"href":"https:\/\/perpignan.alfmed.com\/es\/wp-json\/wp\/v2\/product"}],"about":[{"href":"https:\/\/perpignan.alfmed.com\/es\/wp-json\/wp\/v2\/types\/product"}],"wp:featuredmedia":[{"embeddable":true,"href":"https:\/\/perpignan.alfmed.com\/es\/wp-json\/wp\/v2\/media\/22499"}],"wp:attachment":[{"href":"https:\/\/perpignan.alfmed.com\/es\/wp-json\/wp\/v2\/media?parent=10066"}],"wp:term":[{"taxonomy":"product_brand","embeddable":true,"href":"https:\/\/perpignan.alfmed.com\/es\/wp-json\/wp\/v2\/product_brand?post=10066"},{"taxonomy":"product_cat","embeddable":true,"href":"https:\/\/perpignan.alfmed.com\/es\/wp-json\/wp\/v2\/product_cat?post=10066"},{"taxonomy":"product_tag","embeddable":true,"href":"https:\/\/perpignan.alfmed.com\/es\/wp-json\/wp\/v2\/product_tag?post=10066"}],"curies":[{"name":"wp","href":"https:\/\/api.w.org\/{rel}","templated":true}]}}