{"id":10058,"date":"2022-07-19T15:45:00","date_gmt":"2022-07-19T15:45:00","guid":{"rendered":"https:\/\/perpignan.alfmed.com\/produit\/sejour-angleterre-famille-daccueil\/"},"modified":"2025-12-08T10:53:55","modified_gmt":"2025-12-08T09:53:55","slug":"sejour-irlande-family","status":"publish","type":"product","link":"https:\/\/perpignan.alfmed.com\/es\/produit\/sejour-irlande-family\/","title":{"rendered":"S\u00e9jour Irlande Family"},"content":{"rendered":"","protected":false},"excerpt":{"rendered":"<p>S\u00e9jour \u00e0 Dublin, pour les 13-19 ans en famille d\u2019accueil<br \/>\nLe tarif comprend 9h de pr\u00e9paration au voyage + le s\u00e9jour (vols non inclus)<\/p>\n<p><a href=\"https:\/\/perpignan.alfmed.com\/scolaire\/sejours-linguistiques\/sejour-linguistique-dublin\/\"><strong>INFORMATIONS SUR LE S\u00c9JOUR<\/strong><\/a><\/p>\n<p><strong>ATTENTION ! Le montant de 850\u20ac correspond \u00e0 l&#8217;acompte sur le prix du s\u00e9jour !<\/strong><\/p>\n<p><strong>2 600\u20ac S\u00c9JOUR TOUT COMPRIS pour 2 semaines. Le solde sera encaiss\u00e9 le 05 Juin 2026 \/ Billet d&#8217;avion pris s\u00e9par\u00e9ment avec une agence le 04\/05\/2026.\u00a0<\/strong><\/p>\n<p><strong>Gr\u00e2ce \u00e0 notre <a href=\"https:\/\/perpignan.alfmed.com\/es\/produit\/carte-smart-family\/\">Carte SMART Family<\/a> \/ <a href=\"https:\/\/perpignan.alfmed.com\/produit\/carte-smart-company\/\">SMART Company,<\/a> b\u00e9n\u00e9ficiez de 100\u20ac de r\u00e9duction, ou de notre <\/strong><strong>OFFRE TWIN : Si 2 inscriptions simultan\u00e9ment avec la <a href=\"https:\/\/perpignan.alfmed.com\/es\/produit\/carte-smart-family\/\">Carte SMART Family<\/a> \/ <a href=\"https:\/\/perpignan.alfmed.com\/produit\/carte-smart-company\/\">SMART Company<\/a> : r\u00e9duction de 250\u20ac\/personne (la r\u00e9duction se fera lors du paiement du solde)<\/strong><\/p>\n","protected":false},"featured_media":10822,"template":"","meta":{"_acf_changed":false,"_et_pb_use_builder":"","_et_pb_old_content":"","_et_gb_content_width":""},"product_brand":[],"product_cat":[161,162],"product_tag":[],"class_list":{"0":"post-10058","1":"product","2":"type-product","3":"status-publish","4":"has-post-thumbnail","6":"product_cat-nos-produits-es","7":"product_cat-stages-sejours-es","9":"first","10":"instock","11":"shipping-taxable","12":"purchasable","13":"product-type-variable"},"acf":[],"yoast_head":"<!-- This site is optimized with the Yoast SEO plugin v27.3 - https:\/\/yoast.com\/product\/yoast-seo-wordpress\/ -->\n<title>ALFMED Perpignan | S\u00e9jour linguistique Irlande Famille Accueil<\/title>\n<meta name=\"description\" content=\"S\u00e9jour en Irlande \u00e0 Dublin, pour les 13-18 ans, en famille d&#039;accueil au mois de Juillet - Ao\u00fbt, d\u00e9part Perpignan, pour apprendre l&#039;Anglais\" \/>\n<meta name=\"robots\" content=\"index, follow, max-snippet:-1, max-image-preview:large, max-video-preview:-1\" \/>\n<link rel=\"canonical\" href=\"https:\/\/perpignan.alfmed.com\/es\/produit\/sejour-irlande-family\/\" \/>\n<meta property=\"og:locale\" content=\"es_ES\" \/>\n<meta property=\"og:type\" content=\"article\" \/>\n<meta property=\"og:title\" content=\"ALFMED Perpignan | S\u00e9jour linguistique Irlande Famille Accueil\" \/>\n<meta property=\"og:description\" content=\"S\u00e9jour en Irlande \u00e0 Dublin, pour les 13-18 ans, en famille d&#039;accueil au mois de Juillet - Ao\u00fbt, d\u00e9part Perpignan, pour apprendre l&#039;Anglais\" \/>\n<meta property=\"og:url\" content=\"https:\/\/perpignan.alfmed.com\/es\/produit\/sejour-irlande-family\/\" \/>\n<meta property=\"og:site_name\" content=\"Alfmed\" \/>\n<meta property=\"article:modified_time\" content=\"2025-12-08T09:53:55+00:00\" \/>\n<meta property=\"og:image\" content=\"https:\/\/perpignan.alfmed.com\/wp-content\/uploads\/2022\/12\/summer-dublin-homestay-31.jpg\" \/>\n\t<meta property=\"og:image:width\" content=\"700\" \/>\n\t<meta property=\"og:image:height\" content=\"394\" \/>\n\t<meta property=\"og:image:type\" content=\"image\/jpeg\" \/>\n<meta name=\"twitter:card\" content=\"summary_large_image\" \/>\n<script type=\"application\/ld+json\" class=\"yoast-schema-graph\">{\"@context\":\"https:\\\/\\\/schema.org\",\"@graph\":[{\"@type\":\"WebPage\",\"@id\":\"https:\\\/\\\/perpignan.alfmed.com\\\/es\\\/produit\\\/sejour-irlande-family\\\/\",\"url\":\"https:\\\/\\\/perpignan.alfmed.com\\\/es\\\/produit\\\/sejour-irlande-family\\\/\",\"name\":\"ALFMED Perpignan | S\u00e9jour linguistique Irlande Famille Accueil\",\"isPartOf\":{\"@id\":\"https:\\\/\\\/perpignan.alfmed.com\\\/es\\\/#website\"},\"primaryImageOfPage\":{\"@id\":\"https:\\\/\\\/perpignan.alfmed.com\\\/es\\\/produit\\\/sejour-irlande-family\\\/#primaryimage\"},\"image\":{\"@id\":\"https:\\\/\\\/perpignan.alfmed.com\\\/es\\\/produit\\\/sejour-irlande-family\\\/#primaryimage\"},\"thumbnailUrl\":\"https:\\\/\\\/perpignan.alfmed.com\\\/wp-content\\\/uploads\\\/2022\\\/12\\\/summer-dublin-homestay-31.jpg\",\"datePublished\":\"2022-07-19T15:45:00+00:00\",\"dateModified\":\"2025-12-08T09:53:55+00:00\",\"description\":\"S\u00e9jour en Irlande \u00e0 Dublin, pour les 13-18 ans, en famille d'accueil au mois de Juillet - Ao\u00fbt, d\u00e9part Perpignan, pour apprendre l'Anglais\",\"breadcrumb\":{\"@id\":\"https:\\\/\\\/perpignan.alfmed.com\\\/es\\\/produit\\\/sejour-irlande-family\\\/#breadcrumb\"},\"inLanguage\":\"es\",\"potentialAction\":[{\"@type\":\"ReadAction\",\"target\":[\"https:\\\/\\\/perpignan.alfmed.com\\\/es\\\/produit\\\/sejour-irlande-family\\\/\"]}]},{\"@type\":\"ImageObject\",\"inLanguage\":\"es\",\"@id\":\"https:\\\/\\\/perpignan.alfmed.com\\\/es\\\/produit\\\/sejour-irlande-family\\\/#primaryimage\",\"url\":\"https:\\\/\\\/perpignan.alfmed.com\\\/wp-content\\\/uploads\\\/2022\\\/12\\\/summer-dublin-homestay-31.jpg\",\"contentUrl\":\"https:\\\/\\\/perpignan.alfmed.com\\\/wp-content\\\/uploads\\\/2022\\\/12\\\/summer-dublin-homestay-31.jpg\",\"width\":700,\"height\":394,\"caption\":\"S\u00e9jour linguistique \u00e0 Dublin en Famille\"},{\"@type\":\"BreadcrumbList\",\"@id\":\"https:\\\/\\\/perpignan.alfmed.com\\\/es\\\/produit\\\/sejour-irlande-family\\\/#breadcrumb\",\"itemListElement\":[{\"@type\":\"ListItem\",\"position\":1,\"name\":\"Home\",\"item\":\"https:\\\/\\\/perpignan.alfmed.com\\\/es\\\/\"},{\"@type\":\"ListItem\",\"position\":2,\"name\":\"Productos\",\"item\":\"https:\\\/\\\/perpignan.alfmed.com\\\/es\\\/shop\\\/\"},{\"@type\":\"ListItem\",\"position\":3,\"name\":\"S\u00e9jour Irlande Family\"}]},{\"@type\":\"WebSite\",\"@id\":\"https:\\\/\\\/perpignan.alfmed.com\\\/es\\\/#website\",\"url\":\"https:\\\/\\\/perpignan.alfmed.com\\\/es\\\/\",\"name\":\"Alfmed\",\"description\":\"EXPERTS EN LANGUES &amp; PROJETS EUROP\u00c9ENS\",\"potentialAction\":[{\"@type\":\"SearchAction\",\"target\":{\"@type\":\"EntryPoint\",\"urlTemplate\":\"https:\\\/\\\/perpignan.alfmed.com\\\/es\\\/?s={search_term_string}\"},\"query-input\":{\"@type\":\"PropertyValueSpecification\",\"valueRequired\":true,\"valueName\":\"search_term_string\"}}],\"inLanguage\":\"es\"}]}<\/script>\n<!-- \/ Yoast SEO plugin. -->","yoast_head_json":{"title":"ALFMED Perpignan | S\u00e9jour linguistique Irlande Famille Accueil","description":"S\u00e9jour en Irlande \u00e0 Dublin, pour les 13-18 ans, en famille d'accueil au mois de Juillet - Ao\u00fbt, d\u00e9part Perpignan, pour apprendre l'Anglais","robots":{"index":"index","follow":"follow","max-snippet":"max-snippet:-1","max-image-preview":"max-image-preview:large","max-video-preview":"max-video-preview:-1"},"canonical":"https:\/\/perpignan.alfmed.com\/es\/produit\/sejour-irlande-family\/","og_locale":"es_ES","og_type":"article","og_title":"ALFMED Perpignan | S\u00e9jour linguistique Irlande Famille Accueil","og_description":"S\u00e9jour en Irlande \u00e0 Dublin, pour les 13-18 ans, en famille d'accueil au mois de Juillet - Ao\u00fbt, d\u00e9part Perpignan, pour apprendre l'Anglais","og_url":"https:\/\/perpignan.alfmed.com\/es\/produit\/sejour-irlande-family\/","og_site_name":"Alfmed","article_modified_time":"2025-12-08T09:53:55+00:00","og_image":[{"width":700,"height":394,"url":"https:\/\/perpignan.alfmed.com\/wp-content\/uploads\/2022\/12\/summer-dublin-homestay-31.jpg","type":"image\/jpeg"}],"twitter_card":"summary_large_image","schema":{"@context":"https:\/\/schema.org","@graph":[{"@type":"WebPage","@id":"https:\/\/perpignan.alfmed.com\/es\/produit\/sejour-irlande-family\/","url":"https:\/\/perpignan.alfmed.com\/es\/produit\/sejour-irlande-family\/","name":"ALFMED Perpignan | S\u00e9jour linguistique Irlande Famille Accueil","isPartOf":{"@id":"https:\/\/perpignan.alfmed.com\/es\/#website"},"primaryImageOfPage":{"@id":"https:\/\/perpignan.alfmed.com\/es\/produit\/sejour-irlande-family\/#primaryimage"},"image":{"@id":"https:\/\/perpignan.alfmed.com\/es\/produit\/sejour-irlande-family\/#primaryimage"},"thumbnailUrl":"https:\/\/perpignan.alfmed.com\/wp-content\/uploads\/2022\/12\/summer-dublin-homestay-31.jpg","datePublished":"2022-07-19T15:45:00+00:00","dateModified":"2025-12-08T09:53:55+00:00","description":"S\u00e9jour en Irlande \u00e0 Dublin, pour les 13-18 ans, en famille d'accueil au mois de Juillet - Ao\u00fbt, d\u00e9part Perpignan, pour apprendre l'Anglais","breadcrumb":{"@id":"https:\/\/perpignan.alfmed.com\/es\/produit\/sejour-irlande-family\/#breadcrumb"},"inLanguage":"es","potentialAction":[{"@type":"ReadAction","target":["https:\/\/perpignan.alfmed.com\/es\/produit\/sejour-irlande-family\/"]}]},{"@type":"ImageObject","inLanguage":"es","@id":"https:\/\/perpignan.alfmed.com\/es\/produit\/sejour-irlande-family\/#primaryimage","url":"https:\/\/perpignan.alfmed.com\/wp-content\/uploads\/2022\/12\/summer-dublin-homestay-31.jpg","contentUrl":"https:\/\/perpignan.alfmed.com\/wp-content\/uploads\/2022\/12\/summer-dublin-homestay-31.jpg","width":700,"height":394,"caption":"S\u00e9jour linguistique \u00e0 Dublin en Famille"},{"@type":"BreadcrumbList","@id":"https:\/\/perpignan.alfmed.com\/es\/produit\/sejour-irlande-family\/#breadcrumb","itemListElement":[{"@type":"ListItem","position":1,"name":"Home","item":"https:\/\/perpignan.alfmed.com\/es\/"},{"@type":"ListItem","position":2,"name":"Productos","item":"https:\/\/perpignan.alfmed.com\/es\/shop\/"},{"@type":"ListItem","position":3,"name":"S\u00e9jour Irlande Family"}]},{"@type":"WebSite","@id":"https:\/\/perpignan.alfmed.com\/es\/#website","url":"https:\/\/perpignan.alfmed.com\/es\/","name":"Alfmed","description":"EXPERTS EN LANGUES &amp; PROJETS EUROP\u00c9ENS","potentialAction":[{"@type":"SearchAction","target":{"@type":"EntryPoint","urlTemplate":"https:\/\/perpignan.alfmed.com\/es\/?s={search_term_string}"},"query-input":{"@type":"PropertyValueSpecification","valueRequired":true,"valueName":"search_term_string"}}],"inLanguage":"es"}]}},"_links":{"self":[{"href":"https:\/\/perpignan.alfmed.com\/es\/wp-json\/wp\/v2\/product\/10058","targetHints":{"allow":["GET"]}}],"collection":[{"href":"https:\/\/perpignan.alfmed.com\/es\/wp-json\/wp\/v2\/product"}],"about":[{"href":"https:\/\/perpignan.alfmed.com\/es\/wp-json\/wp\/v2\/types\/product"}],"wp:featuredmedia":[{"embeddable":true,"href":"https:\/\/perpignan.alfmed.com\/es\/wp-json\/wp\/v2\/media\/10822"}],"wp:attachment":[{"href":"https:\/\/perpignan.alfmed.com\/es\/wp-json\/wp\/v2\/media?parent=10058"}],"wp:term":[{"taxonomy":"product_brand","embeddable":true,"href":"https:\/\/perpignan.alfmed.com\/es\/wp-json\/wp\/v2\/product_brand?post=10058"},{"taxonomy":"product_cat","embeddable":true,"href":"https:\/\/perpignan.alfmed.com\/es\/wp-json\/wp\/v2\/product_cat?post=10058"},{"taxonomy":"product_tag","embeddable":true,"href":"https:\/\/perpignan.alfmed.com\/es\/wp-json\/wp\/v2\/product_tag?post=10058"}],"curies":[{"name":"wp","href":"https:\/\/api.w.org\/{rel}","templated":true}]}}