{"id":10036,"date":"2022-07-20T20:42:32","date_gmt":"2022-07-20T19:42:32","guid":{"rendered":"https:\/\/perpignan.alfmed.com\/produit\/programme-cambridge\/"},"modified":"2024-10-09T15:34:57","modified_gmt":"2024-10-09T14:34:57","slug":"preparation-diplomes-cambridge-danglais","status":"publish","type":"product","link":"https:\/\/perpignan.alfmed.com\/es\/produit\/preparation-diplomes-cambridge-danglais\/","title":{"rendered":"Programme Cambridge"},"content":{"rendered":"<p>* Afin de proc\u00e9der \u00e0 la pr\u00e9-inscription, merci de r\u00e9gler la totalit\u00e9 du programme. En cas d\u2019annulation de votre part (sauf si vous fournissez un Certificat m\u00e9dical) le Centre ALFMED conserve la somme incompressible de 30 eur, le solde vous \u00e9tant rembours\u00e9. **En cas d\u2019annulation de notre part (raisons sanitaires) la totalit\u00e9 de la somme sera conserv\u00e9e en cr\u00e9dit pendant 18 mois ou rembours\u00e9e dans sa totalit\u00e9 sur simple demande \u00e9crite sur formation@alfmed.com<\/p>\n","protected":false},"excerpt":{"rendered":"<p>Programme de pr\u00e9paration aux dipl\u00f4mes d&#8217;Anglais Cambridge : de 6 \u00e0 14 ans, tous les mardis soirs de 18h \u00e0 19h, en groupes de niveaux (de d\u00e9butant \u00e0 interm\u00e9diaire), \u00e0 ALFMED ou chez vous<\/p>\n<p><a href=\"https:\/\/perpignan.alfmed.com\/diplome-cambridge\/\" target=\"_blank\" rel=\"noopener\">INFORMATIONS SUR LE PROGRAMME CAMBRIDGE<\/a><\/p>\n<p>B\u00e9n\u00e9ficiez d&#8217;une r\u00e9duction avec notre <a href=\"https:\/\/perpignan.alfmed.com\/produit\/carte-smart-family\/\">Carte SMART Family<\/a> :<\/p>\n<ul>\n<li>360\u20ac au lieu de 400\u20ac pour les niveaux STARTERS &#8211; MOVERS et FLYERS<\/li>\n<li>405\u20ac au lieu de 450\u20ac pour les niveaux KEY et PET<\/li>\n<li>495\u20ac au lieu de 550\u20ac pour le niveau FIRST<\/li>\n<li>600\u20ac pour le niveau C1 ADVANCED<\/li>\n<\/ul>\n<p>Veuillez nous <a href=\"https:\/\/perpignan.alfmed.com\/contact\/\">contacter<\/a> pour vous inscrire.<\/p>\n","protected":false},"featured_media":7855,"template":"","meta":{"_acf_changed":false,"_et_pb_use_builder":"","_et_pb_old_content":"","_et_gb_content_width":""},"product_brand":[],"product_cat":[161,162],"product_tag":[],"class_list":{"0":"post-10036","1":"product","2":"type-product","3":"status-publish","4":"has-post-thumbnail","6":"product_cat-nos-produits-es","7":"product_cat-stages-sejours-es","9":"first","10":"instock","11":"virtual","12":"purchasable","13":"product-type-simple"},"acf":[],"yoast_head":"<!-- This site is optimized with the Yoast SEO plugin v27.3 - https:\/\/yoast.com\/product\/yoast-seo-wordpress\/ -->\n<title>Pr\u00e9paration dipl\u00f4mes Cambridge d&#039;Anglais<\/title>\n<meta name=\"description\" content=\"Pr\u00e9paration aux dipl\u00f4mes d&#039;Anglais Cambridge : de 6 \u00e0 14 ans, toutes les semaines, groupes de niveaux (de d\u00e9butant \u00e0 interm\u00e9diaire), \u00e0 ALFMED ou chez vous\" \/>\n<meta name=\"robots\" content=\"index, follow, max-snippet:-1, max-image-preview:large, max-video-preview:-1\" \/>\n<link rel=\"canonical\" href=\"https:\/\/perpignan.alfmed.com\/es\/produit\/preparation-diplomes-cambridge-danglais\/\" \/>\n<meta property=\"og:locale\" content=\"es_ES\" \/>\n<meta property=\"og:type\" content=\"article\" \/>\n<meta property=\"og:title\" content=\"Pr\u00e9paration dipl\u00f4mes Cambridge d&#039;Anglais\" \/>\n<meta property=\"og:description\" content=\"Pr\u00e9paration aux dipl\u00f4mes d&#039;Anglais Cambridge : de 6 \u00e0 14 ans, toutes les semaines, groupes de niveaux (de d\u00e9butant \u00e0 interm\u00e9diaire), \u00e0 ALFMED ou chez vous\" \/>\n<meta property=\"og:url\" content=\"https:\/\/perpignan.alfmed.com\/es\/produit\/preparation-diplomes-cambridge-danglais\/\" \/>\n<meta property=\"og:site_name\" content=\"Alfmed\" \/>\n<meta property=\"article:modified_time\" content=\"2024-10-09T14:34:57+00:00\" \/>\n<meta property=\"og:image\" content=\"https:\/\/perpignan.alfmed.com\/wp-content\/uploads\/2022\/09\/visuel-site-2-1.png\" \/>\n\t<meta property=\"og:image:width\" content=\"700\" \/>\n\t<meta property=\"og:image:height\" content=\"400\" \/>\n\t<meta property=\"og:image:type\" content=\"image\/png\" \/>\n<meta name=\"twitter:card\" content=\"summary_large_image\" \/>\n<script type=\"application\/ld+json\" class=\"yoast-schema-graph\">{\"@context\":\"https:\\\/\\\/schema.org\",\"@graph\":[{\"@type\":\"WebPage\",\"@id\":\"https:\\\/\\\/perpignan.alfmed.com\\\/es\\\/produit\\\/preparation-diplomes-cambridge-danglais\\\/\",\"url\":\"https:\\\/\\\/perpignan.alfmed.com\\\/es\\\/produit\\\/preparation-diplomes-cambridge-danglais\\\/\",\"name\":\"Pr\u00e9paration dipl\u00f4mes Cambridge d'Anglais\",\"isPartOf\":{\"@id\":\"https:\\\/\\\/perpignan.alfmed.com\\\/es\\\/#website\"},\"primaryImageOfPage\":{\"@id\":\"https:\\\/\\\/perpignan.alfmed.com\\\/es\\\/produit\\\/preparation-diplomes-cambridge-danglais\\\/#primaryimage\"},\"image\":{\"@id\":\"https:\\\/\\\/perpignan.alfmed.com\\\/es\\\/produit\\\/preparation-diplomes-cambridge-danglais\\\/#primaryimage\"},\"thumbnailUrl\":\"https:\\\/\\\/perpignan.alfmed.com\\\/wp-content\\\/uploads\\\/2022\\\/09\\\/visuel-site-2-1-e1743148386759.png\",\"datePublished\":\"2022-07-20T19:42:32+00:00\",\"dateModified\":\"2024-10-09T14:34:57+00:00\",\"description\":\"Pr\u00e9paration aux dipl\u00f4mes d'Anglais Cambridge : de 6 \u00e0 14 ans, toutes les semaines, groupes de niveaux (de d\u00e9butant \u00e0 interm\u00e9diaire), \u00e0 ALFMED ou chez vous\",\"breadcrumb\":{\"@id\":\"https:\\\/\\\/perpignan.alfmed.com\\\/es\\\/produit\\\/preparation-diplomes-cambridge-danglais\\\/#breadcrumb\"},\"inLanguage\":\"es\",\"potentialAction\":[{\"@type\":\"ReadAction\",\"target\":[\"https:\\\/\\\/perpignan.alfmed.com\\\/es\\\/produit\\\/preparation-diplomes-cambridge-danglais\\\/\"]}]},{\"@type\":\"ImageObject\",\"inLanguage\":\"es\",\"@id\":\"https:\\\/\\\/perpignan.alfmed.com\\\/es\\\/produit\\\/preparation-diplomes-cambridge-danglais\\\/#primaryimage\",\"url\":\"https:\\\/\\\/perpignan.alfmed.com\\\/wp-content\\\/uploads\\\/2022\\\/09\\\/visuel-site-2-1-e1743148386759.png\",\"contentUrl\":\"https:\\\/\\\/perpignan.alfmed.com\\\/wp-content\\\/uploads\\\/2022\\\/09\\\/visuel-site-2-1-e1743148386759.png\",\"width\":700,\"height\":400,\"caption\":\"Logo dipl\u00f4me Cambridge\"},{\"@type\":\"BreadcrumbList\",\"@id\":\"https:\\\/\\\/perpignan.alfmed.com\\\/es\\\/produit\\\/preparation-diplomes-cambridge-danglais\\\/#breadcrumb\",\"itemListElement\":[{\"@type\":\"ListItem\",\"position\":1,\"name\":\"Home\",\"item\":\"https:\\\/\\\/perpignan.alfmed.com\\\/es\\\/\"},{\"@type\":\"ListItem\",\"position\":2,\"name\":\"Productos\",\"item\":\"https:\\\/\\\/perpignan.alfmed.com\\\/es\\\/shop\\\/\"},{\"@type\":\"ListItem\",\"position\":3,\"name\":\"Programme Cambridge\"}]},{\"@type\":\"WebSite\",\"@id\":\"https:\\\/\\\/perpignan.alfmed.com\\\/es\\\/#website\",\"url\":\"https:\\\/\\\/perpignan.alfmed.com\\\/es\\\/\",\"name\":\"Alfmed\",\"description\":\"EXPERTS EN LANGUES &amp; PROJETS EUROP\u00c9ENS\",\"potentialAction\":[{\"@type\":\"SearchAction\",\"target\":{\"@type\":\"EntryPoint\",\"urlTemplate\":\"https:\\\/\\\/perpignan.alfmed.com\\\/es\\\/?s={search_term_string}\"},\"query-input\":{\"@type\":\"PropertyValueSpecification\",\"valueRequired\":true,\"valueName\":\"search_term_string\"}}],\"inLanguage\":\"es\"}]}<\/script>\n<!-- \/ Yoast SEO plugin. -->","yoast_head_json":{"title":"Pr\u00e9paration dipl\u00f4mes Cambridge d'Anglais","description":"Pr\u00e9paration aux dipl\u00f4mes d'Anglais Cambridge : de 6 \u00e0 14 ans, toutes les semaines, groupes de niveaux (de d\u00e9butant \u00e0 interm\u00e9diaire), \u00e0 ALFMED ou chez vous","robots":{"index":"index","follow":"follow","max-snippet":"max-snippet:-1","max-image-preview":"max-image-preview:large","max-video-preview":"max-video-preview:-1"},"canonical":"https:\/\/perpignan.alfmed.com\/es\/produit\/preparation-diplomes-cambridge-danglais\/","og_locale":"es_ES","og_type":"article","og_title":"Pr\u00e9paration dipl\u00f4mes Cambridge d'Anglais","og_description":"Pr\u00e9paration aux dipl\u00f4mes d'Anglais Cambridge : de 6 \u00e0 14 ans, toutes les semaines, groupes de niveaux (de d\u00e9butant \u00e0 interm\u00e9diaire), \u00e0 ALFMED ou chez vous","og_url":"https:\/\/perpignan.alfmed.com\/es\/produit\/preparation-diplomes-cambridge-danglais\/","og_site_name":"Alfmed","article_modified_time":"2024-10-09T14:34:57+00:00","og_image":[{"width":700,"height":400,"url":"https:\/\/perpignan.alfmed.com\/wp-content\/uploads\/2022\/09\/visuel-site-2-1.png","type":"image\/png"}],"twitter_card":"summary_large_image","schema":{"@context":"https:\/\/schema.org","@graph":[{"@type":"WebPage","@id":"https:\/\/perpignan.alfmed.com\/es\/produit\/preparation-diplomes-cambridge-danglais\/","url":"https:\/\/perpignan.alfmed.com\/es\/produit\/preparation-diplomes-cambridge-danglais\/","name":"Pr\u00e9paration dipl\u00f4mes Cambridge d'Anglais","isPartOf":{"@id":"https:\/\/perpignan.alfmed.com\/es\/#website"},"primaryImageOfPage":{"@id":"https:\/\/perpignan.alfmed.com\/es\/produit\/preparation-diplomes-cambridge-danglais\/#primaryimage"},"image":{"@id":"https:\/\/perpignan.alfmed.com\/es\/produit\/preparation-diplomes-cambridge-danglais\/#primaryimage"},"thumbnailUrl":"https:\/\/perpignan.alfmed.com\/wp-content\/uploads\/2022\/09\/visuel-site-2-1-e1743148386759.png","datePublished":"2022-07-20T19:42:32+00:00","dateModified":"2024-10-09T14:34:57+00:00","description":"Pr\u00e9paration aux dipl\u00f4mes d'Anglais Cambridge : de 6 \u00e0 14 ans, toutes les semaines, groupes de niveaux (de d\u00e9butant \u00e0 interm\u00e9diaire), \u00e0 ALFMED ou chez vous","breadcrumb":{"@id":"https:\/\/perpignan.alfmed.com\/es\/produit\/preparation-diplomes-cambridge-danglais\/#breadcrumb"},"inLanguage":"es","potentialAction":[{"@type":"ReadAction","target":["https:\/\/perpignan.alfmed.com\/es\/produit\/preparation-diplomes-cambridge-danglais\/"]}]},{"@type":"ImageObject","inLanguage":"es","@id":"https:\/\/perpignan.alfmed.com\/es\/produit\/preparation-diplomes-cambridge-danglais\/#primaryimage","url":"https:\/\/perpignan.alfmed.com\/wp-content\/uploads\/2022\/09\/visuel-site-2-1-e1743148386759.png","contentUrl":"https:\/\/perpignan.alfmed.com\/wp-content\/uploads\/2022\/09\/visuel-site-2-1-e1743148386759.png","width":700,"height":400,"caption":"Logo dipl\u00f4me Cambridge"},{"@type":"BreadcrumbList","@id":"https:\/\/perpignan.alfmed.com\/es\/produit\/preparation-diplomes-cambridge-danglais\/#breadcrumb","itemListElement":[{"@type":"ListItem","position":1,"name":"Home","item":"https:\/\/perpignan.alfmed.com\/es\/"},{"@type":"ListItem","position":2,"name":"Productos","item":"https:\/\/perpignan.alfmed.com\/es\/shop\/"},{"@type":"ListItem","position":3,"name":"Programme Cambridge"}]},{"@type":"WebSite","@id":"https:\/\/perpignan.alfmed.com\/es\/#website","url":"https:\/\/perpignan.alfmed.com\/es\/","name":"Alfmed","description":"EXPERTS EN LANGUES &amp; PROJETS EUROP\u00c9ENS","potentialAction":[{"@type":"SearchAction","target":{"@type":"EntryPoint","urlTemplate":"https:\/\/perpignan.alfmed.com\/es\/?s={search_term_string}"},"query-input":{"@type":"PropertyValueSpecification","valueRequired":true,"valueName":"search_term_string"}}],"inLanguage":"es"}]}},"_links":{"self":[{"href":"https:\/\/perpignan.alfmed.com\/es\/wp-json\/wp\/v2\/product\/10036","targetHints":{"allow":["GET"]}}],"collection":[{"href":"https:\/\/perpignan.alfmed.com\/es\/wp-json\/wp\/v2\/product"}],"about":[{"href":"https:\/\/perpignan.alfmed.com\/es\/wp-json\/wp\/v2\/types\/product"}],"wp:featuredmedia":[{"embeddable":true,"href":"https:\/\/perpignan.alfmed.com\/es\/wp-json\/wp\/v2\/media\/7855"}],"wp:attachment":[{"href":"https:\/\/perpignan.alfmed.com\/es\/wp-json\/wp\/v2\/media?parent=10036"}],"wp:term":[{"taxonomy":"product_brand","embeddable":true,"href":"https:\/\/perpignan.alfmed.com\/es\/wp-json\/wp\/v2\/product_brand?post=10036"},{"taxonomy":"product_cat","embeddable":true,"href":"https:\/\/perpignan.alfmed.com\/es\/wp-json\/wp\/v2\/product_cat?post=10036"},{"taxonomy":"product_tag","embeddable":true,"href":"https:\/\/perpignan.alfmed.com\/es\/wp-json\/wp\/v2\/product_tag?post=10036"}],"curies":[{"name":"wp","href":"https:\/\/api.w.org\/{rel}","templated":true}]}}