{"id":981,"date":"2022-02-08T14:06:21","date_gmt":"2022-02-08T14:06:21","guid":{"rendered":"https:\/\/perpignan.alfmed.com\/?page_id=981"},"modified":"2025-12-02T18:37:45","modified_gmt":"2025-12-02T17:37:45","slug":"stage-espagnol","status":"publish","type":"page","link":"https:\/\/perpignan.alfmed.com\/es\/scolaire\/stages-vacances-scolaires\/stage-espagnol\/","title":{"rendered":"Stage Espagnol LV2"},"content":{"rendered":"","protected":false},"excerpt":{"rendered":"","protected":false},"author":1,"featured_media":12481,"parent":632,"menu_order":0,"comment_status":"closed","ping_status":"closed","template":"page-template-air-camp.php","meta":{"_acf_changed":false,"_et_pb_use_builder":"","_et_pb_old_content":"","_et_gb_content_width":"","footnotes":""},"categories":[],"tags":[41],"class_list":["post-981","page","type-page","status-publish","has-post-thumbnail","hentry","tag-gabarit-page-air-camp"],"acf":[],"yoast_head":"<!-- This site is optimized with the Yoast SEO plugin v27.3 - https:\/\/yoast.com\/product\/yoast-seo-wordpress\/ -->\n<title>ALFMED Perpignan | Stage d&#039;Espagnol LV2 pour lyc\u00e9ens<\/title>\n<meta name=\"description\" content=\"Stage d&#039;Espagnol LV2 pour lyc\u00e9ens pendant les vacances scolaires d&#039;\u00e9t\u00e9 avec notre professeure native \u00e0 Perpignan ou en visio\" \/>\n<meta name=\"robots\" content=\"index, follow, max-snippet:-1, max-image-preview:large, max-video-preview:-1\" \/>\n<link rel=\"canonical\" href=\"https:\/\/perpignan.alfmed.com\/es\/scolaire\/stages-vacances-scolaires\/stage-espagnol\/\" \/>\n<meta property=\"og:locale\" content=\"es_ES\" \/>\n<meta property=\"og:type\" content=\"article\" \/>\n<meta property=\"og:title\" content=\"ALFMED Perpignan | Stage d&#039;Espagnol LV2 pour lyc\u00e9ens\" \/>\n<meta property=\"og:description\" content=\"Stage d&#039;Espagnol LV2 pour lyc\u00e9ens pendant les vacances scolaires d&#039;\u00e9t\u00e9 avec notre professeure native \u00e0 Perpignan ou en visio\" \/>\n<meta property=\"og:url\" content=\"https:\/\/perpignan.alfmed.com\/es\/scolaire\/stages-vacances-scolaires\/stage-espagnol\/\" \/>\n<meta property=\"og:site_name\" content=\"Alfmed\" \/>\n<meta property=\"article:modified_time\" content=\"2025-12-02T17:37:45+00:00\" \/>\n<meta property=\"og:image\" content=\"https:\/\/perpignan.alfmed.com\/wp-content\/uploads\/2023\/02\/logo-stage-despagnol.png\" \/>\n\t<meta property=\"og:image:width\" content=\"933\" \/>\n\t<meta property=\"og:image:height\" content=\"1272\" \/>\n\t<meta property=\"og:image:type\" content=\"image\/png\" \/>\n<meta name=\"twitter:card\" content=\"summary_large_image\" \/>\n<script type=\"application\/ld+json\" class=\"yoast-schema-graph\">{\"@context\":\"https:\\\/\\\/schema.org\",\"@graph\":[{\"@type\":\"WebPage\",\"@id\":\"https:\\\/\\\/perpignan.alfmed.com\\\/es\\\/scolaire\\\/stages-vacances-scolaires\\\/stage-espagnol\\\/\",\"url\":\"https:\\\/\\\/perpignan.alfmed.com\\\/es\\\/scolaire\\\/stages-vacances-scolaires\\\/stage-espagnol\\\/\",\"name\":\"ALFMED Perpignan | Stage d'Espagnol LV2 pour lyc\u00e9ens\",\"isPartOf\":{\"@id\":\"https:\\\/\\\/perpignan.alfmed.com\\\/es\\\/#website\"},\"primaryImageOfPage\":{\"@id\":\"https:\\\/\\\/perpignan.alfmed.com\\\/es\\\/scolaire\\\/stages-vacances-scolaires\\\/stage-espagnol\\\/#primaryimage\"},\"image\":{\"@id\":\"https:\\\/\\\/perpignan.alfmed.com\\\/es\\\/scolaire\\\/stages-vacances-scolaires\\\/stage-espagnol\\\/#primaryimage\"},\"thumbnailUrl\":\"https:\\\/\\\/perpignan.alfmed.com\\\/wp-content\\\/uploads\\\/2023\\\/02\\\/logo-stage-despagnol.png\",\"datePublished\":\"2022-02-08T14:06:21+00:00\",\"dateModified\":\"2025-12-02T17:37:45+00:00\",\"description\":\"Stage d'Espagnol LV2 pour lyc\u00e9ens pendant les vacances scolaires d'\u00e9t\u00e9 avec notre professeure native \u00e0 Perpignan ou en visio\",\"breadcrumb\":{\"@id\":\"https:\\\/\\\/perpignan.alfmed.com\\\/es\\\/scolaire\\\/stages-vacances-scolaires\\\/stage-espagnol\\\/#breadcrumb\"},\"inLanguage\":\"es\",\"potentialAction\":[{\"@type\":\"ReadAction\",\"target\":[\"https:\\\/\\\/perpignan.alfmed.com\\\/es\\\/scolaire\\\/stages-vacances-scolaires\\\/stage-espagnol\\\/\"]}]},{\"@type\":\"ImageObject\",\"inLanguage\":\"es\",\"@id\":\"https:\\\/\\\/perpignan.alfmed.com\\\/es\\\/scolaire\\\/stages-vacances-scolaires\\\/stage-espagnol\\\/#primaryimage\",\"url\":\"https:\\\/\\\/perpignan.alfmed.com\\\/wp-content\\\/uploads\\\/2023\\\/02\\\/logo-stage-despagnol.png\",\"contentUrl\":\"https:\\\/\\\/perpignan.alfmed.com\\\/wp-content\\\/uploads\\\/2023\\\/02\\\/logo-stage-despagnol.png\",\"width\":933,\"height\":1272},{\"@type\":\"BreadcrumbList\",\"@id\":\"https:\\\/\\\/perpignan.alfmed.com\\\/es\\\/scolaire\\\/stages-vacances-scolaires\\\/stage-espagnol\\\/#breadcrumb\",\"itemListElement\":[{\"@type\":\"ListItem\",\"position\":1,\"name\":\"Home\",\"item\":\"https:\\\/\\\/perpignan.alfmed.com\\\/es\\\/\"},{\"@type\":\"ListItem\",\"position\":2,\"name\":\"Scolaires\",\"item\":\"https:\\\/\\\/perpignan.alfmed.com\\\/es\\\/scolaire\\\/\"},{\"@type\":\"ListItem\",\"position\":3,\"name\":\"Stages Vacances Scolaires\",\"item\":\"https:\\\/\\\/perpignan.alfmed.com\\\/es\\\/scolaire\\\/stages-vacances-scolaires\\\/\"},{\"@type\":\"ListItem\",\"position\":4,\"name\":\"Stage Espagnol LV2\"}]},{\"@type\":\"WebSite\",\"@id\":\"https:\\\/\\\/perpignan.alfmed.com\\\/es\\\/#website\",\"url\":\"https:\\\/\\\/perpignan.alfmed.com\\\/es\\\/\",\"name\":\"Alfmed\",\"description\":\"EXPERTS EN LANGUES &amp; PROJETS EUROP\u00c9ENS\",\"potentialAction\":[{\"@type\":\"SearchAction\",\"target\":{\"@type\":\"EntryPoint\",\"urlTemplate\":\"https:\\\/\\\/perpignan.alfmed.com\\\/es\\\/?s={search_term_string}\"},\"query-input\":{\"@type\":\"PropertyValueSpecification\",\"valueRequired\":true,\"valueName\":\"search_term_string\"}}],\"inLanguage\":\"es\"}]}<\/script>\n<!-- \/ Yoast SEO plugin. -->","yoast_head_json":{"title":"ALFMED Perpignan | Stage d'Espagnol LV2 pour lyc\u00e9ens","description":"Stage d'Espagnol LV2 pour lyc\u00e9ens pendant les vacances scolaires d'\u00e9t\u00e9 avec notre professeure native \u00e0 Perpignan ou en visio","robots":{"index":"index","follow":"follow","max-snippet":"max-snippet:-1","max-image-preview":"max-image-preview:large","max-video-preview":"max-video-preview:-1"},"canonical":"https:\/\/perpignan.alfmed.com\/es\/scolaire\/stages-vacances-scolaires\/stage-espagnol\/","og_locale":"es_ES","og_type":"article","og_title":"ALFMED Perpignan | Stage d'Espagnol LV2 pour lyc\u00e9ens","og_description":"Stage d'Espagnol LV2 pour lyc\u00e9ens pendant les vacances scolaires d'\u00e9t\u00e9 avec notre professeure native \u00e0 Perpignan ou en visio","og_url":"https:\/\/perpignan.alfmed.com\/es\/scolaire\/stages-vacances-scolaires\/stage-espagnol\/","og_site_name":"Alfmed","article_modified_time":"2025-12-02T17:37:45+00:00","og_image":[{"width":933,"height":1272,"url":"https:\/\/perpignan.alfmed.com\/wp-content\/uploads\/2023\/02\/logo-stage-despagnol.png","type":"image\/png"}],"twitter_card":"summary_large_image","schema":{"@context":"https:\/\/schema.org","@graph":[{"@type":"WebPage","@id":"https:\/\/perpignan.alfmed.com\/es\/scolaire\/stages-vacances-scolaires\/stage-espagnol\/","url":"https:\/\/perpignan.alfmed.com\/es\/scolaire\/stages-vacances-scolaires\/stage-espagnol\/","name":"ALFMED Perpignan | Stage d'Espagnol LV2 pour lyc\u00e9ens","isPartOf":{"@id":"https:\/\/perpignan.alfmed.com\/es\/#website"},"primaryImageOfPage":{"@id":"https:\/\/perpignan.alfmed.com\/es\/scolaire\/stages-vacances-scolaires\/stage-espagnol\/#primaryimage"},"image":{"@id":"https:\/\/perpignan.alfmed.com\/es\/scolaire\/stages-vacances-scolaires\/stage-espagnol\/#primaryimage"},"thumbnailUrl":"https:\/\/perpignan.alfmed.com\/wp-content\/uploads\/2023\/02\/logo-stage-despagnol.png","datePublished":"2022-02-08T14:06:21+00:00","dateModified":"2025-12-02T17:37:45+00:00","description":"Stage d'Espagnol LV2 pour lyc\u00e9ens pendant les vacances scolaires d'\u00e9t\u00e9 avec notre professeure native \u00e0 Perpignan ou en visio","breadcrumb":{"@id":"https:\/\/perpignan.alfmed.com\/es\/scolaire\/stages-vacances-scolaires\/stage-espagnol\/#breadcrumb"},"inLanguage":"es","potentialAction":[{"@type":"ReadAction","target":["https:\/\/perpignan.alfmed.com\/es\/scolaire\/stages-vacances-scolaires\/stage-espagnol\/"]}]},{"@type":"ImageObject","inLanguage":"es","@id":"https:\/\/perpignan.alfmed.com\/es\/scolaire\/stages-vacances-scolaires\/stage-espagnol\/#primaryimage","url":"https:\/\/perpignan.alfmed.com\/wp-content\/uploads\/2023\/02\/logo-stage-despagnol.png","contentUrl":"https:\/\/perpignan.alfmed.com\/wp-content\/uploads\/2023\/02\/logo-stage-despagnol.png","width":933,"height":1272},{"@type":"BreadcrumbList","@id":"https:\/\/perpignan.alfmed.com\/es\/scolaire\/stages-vacances-scolaires\/stage-espagnol\/#breadcrumb","itemListElement":[{"@type":"ListItem","position":1,"name":"Home","item":"https:\/\/perpignan.alfmed.com\/es\/"},{"@type":"ListItem","position":2,"name":"Scolaires","item":"https:\/\/perpignan.alfmed.com\/es\/scolaire\/"},{"@type":"ListItem","position":3,"name":"Stages Vacances Scolaires","item":"https:\/\/perpignan.alfmed.com\/es\/scolaire\/stages-vacances-scolaires\/"},{"@type":"ListItem","position":4,"name":"Stage Espagnol LV2"}]},{"@type":"WebSite","@id":"https:\/\/perpignan.alfmed.com\/es\/#website","url":"https:\/\/perpignan.alfmed.com\/es\/","name":"Alfmed","description":"EXPERTS EN LANGUES &amp; PROJETS EUROP\u00c9ENS","potentialAction":[{"@type":"SearchAction","target":{"@type":"EntryPoint","urlTemplate":"https:\/\/perpignan.alfmed.com\/es\/?s={search_term_string}"},"query-input":{"@type":"PropertyValueSpecification","valueRequired":true,"valueName":"search_term_string"}}],"inLanguage":"es"}]}},"_links":{"self":[{"href":"https:\/\/perpignan.alfmed.com\/es\/wp-json\/wp\/v2\/pages\/981","targetHints":{"allow":["GET"]}}],"collection":[{"href":"https:\/\/perpignan.alfmed.com\/es\/wp-json\/wp\/v2\/pages"}],"about":[{"href":"https:\/\/perpignan.alfmed.com\/es\/wp-json\/wp\/v2\/types\/page"}],"author":[{"embeddable":true,"href":"https:\/\/perpignan.alfmed.com\/es\/wp-json\/wp\/v2\/users\/1"}],"replies":[{"embeddable":true,"href":"https:\/\/perpignan.alfmed.com\/es\/wp-json\/wp\/v2\/comments?post=981"}],"version-history":[{"count":3,"href":"https:\/\/perpignan.alfmed.com\/es\/wp-json\/wp\/v2\/pages\/981\/revisions"}],"predecessor-version":[{"id":22398,"href":"https:\/\/perpignan.alfmed.com\/es\/wp-json\/wp\/v2\/pages\/981\/revisions\/22398"}],"up":[{"embeddable":true,"href":"https:\/\/perpignan.alfmed.com\/es\/wp-json\/wp\/v2\/pages\/632"}],"wp:featuredmedia":[{"embeddable":true,"href":"https:\/\/perpignan.alfmed.com\/es\/wp-json\/wp\/v2\/media\/12481"}],"wp:attachment":[{"href":"https:\/\/perpignan.alfmed.com\/es\/wp-json\/wp\/v2\/media?parent=981"}],"wp:term":[{"taxonomy":"category","embeddable":true,"href":"https:\/\/perpignan.alfmed.com\/es\/wp-json\/wp\/v2\/categories?post=981"},{"taxonomy":"post_tag","embeddable":true,"href":"https:\/\/perpignan.alfmed.com\/es\/wp-json\/wp\/v2\/tags?post=981"}],"curies":[{"name":"wp","href":"https:\/\/api.w.org\/{rel}","templated":true}]}}