{"id":9014,"date":"2022-02-04T17:24:56","date_gmt":"2022-02-04T17:24:56","guid":{"rendered":"https:\/\/perpignan.alfmed.com\/erasmus\/accueil-erasmus-stage\/"},"modified":"2023-10-05T12:11:43","modified_gmt":"2023-10-05T12:11:43","slug":"acogida-erasmus-practica","status":"publish","type":"page","link":"https:\/\/perpignan.alfmed.com\/es\/erasmus\/acogida-erasmus-practica\/","title":{"rendered":"Acogida pr\u00e1cticas erasmus"},"content":{"rendered":"","protected":false},"excerpt":{"rendered":"","protected":false},"author":1,"featured_media":15816,"parent":8382,"menu_order":0,"comment_status":"closed","ping_status":"closed","template":"page-template-scolaire.php","meta":{"_acf_changed":false,"_et_pb_use_builder":"","_et_pb_old_content":"","_et_gb_content_width":"","footnotes":""},"categories":[],"tags":[119],"class_list":["post-9014","page","type-page","status-publish","has-post-thumbnail","hentry","tag-gabarit-page-scolaire-es"],"acf":[],"yoast_head":"<!-- This site is optimized with the Yoast SEO plugin v27.4 - https:\/\/yoast.com\/product\/yoast-seo-wordpress\/ -->\n<title>ALFMED Perpignan | Home Erasmus practic\u00e0<\/title>\n<meta name=\"description\" content=\"ALFMED es uno de los l\u00edderes franceses en acogida de pr\u00e1cticas Erasmus, con m\u00e1s de 400 estudiantes al a\u00f1o en m\u00e1s de 500 empresas del departamento\" \/>\n<meta name=\"robots\" content=\"index, follow, max-snippet:-1, max-image-preview:large, max-video-preview:-1\" \/>\n<link rel=\"canonical\" href=\"https:\/\/perpignan.alfmed.com\/es\/erasmus\/acogida-erasmus-practica\/\" \/>\n<meta property=\"og:locale\" content=\"es_ES\" \/>\n<meta property=\"og:type\" content=\"article\" \/>\n<meta property=\"og:title\" content=\"ALFMED Perpignan | Home Erasmus practic\u00e0\" \/>\n<meta property=\"og:description\" content=\"ALFMED es uno de los l\u00edderes franceses en acogida de pr\u00e1cticas Erasmus, con m\u00e1s de 400 estudiantes al a\u00f1o en m\u00e1s de 500 empresas del departamento\" \/>\n<meta property=\"og:url\" content=\"https:\/\/perpignan.alfmed.com\/es\/erasmus\/acogida-erasmus-practica\/\" \/>\n<meta property=\"og:site_name\" content=\"Alfmed\" \/>\n<meta property=\"article:modified_time\" content=\"2023-10-05T12:11:43+00:00\" \/>\n<meta property=\"og:image\" content=\"https:\/\/perpignan.alfmed.com\/wp-content\/uploads\/2023\/10\/WhatsApp-Image-20d23-10-04-a-13.53.26.jpg\" \/>\n\t<meta property=\"og:image:width\" content=\"2048\" \/>\n\t<meta property=\"og:image:height\" content=\"1536\" \/>\n\t<meta property=\"og:image:type\" content=\"image\/jpeg\" \/>\n<meta name=\"twitter:card\" content=\"summary_large_image\" \/>\n<script type=\"application\/ld+json\" class=\"yoast-schema-graph\">{\"@context\":\"https:\\\/\\\/schema.org\",\"@graph\":[{\"@type\":\"WebPage\",\"@id\":\"https:\\\/\\\/perpignan.alfmed.com\\\/es\\\/erasmus\\\/acogida-erasmus-practica\\\/\",\"url\":\"https:\\\/\\\/perpignan.alfmed.com\\\/es\\\/erasmus\\\/acogida-erasmus-practica\\\/\",\"name\":\"ALFMED Perpignan | Home Erasmus practic\u00e0\",\"isPartOf\":{\"@id\":\"https:\\\/\\\/perpignan.alfmed.com\\\/es\\\/#website\"},\"primaryImageOfPage\":{\"@id\":\"https:\\\/\\\/perpignan.alfmed.com\\\/es\\\/erasmus\\\/acogida-erasmus-practica\\\/#primaryimage\"},\"image\":{\"@id\":\"https:\\\/\\\/perpignan.alfmed.com\\\/es\\\/erasmus\\\/acogida-erasmus-practica\\\/#primaryimage\"},\"thumbnailUrl\":\"https:\\\/\\\/perpignan.alfmed.com\\\/wp-content\\\/uploads\\\/2023\\\/10\\\/WhatsApp-Image-20d23-10-04-a-13.53.26.jpg\",\"datePublished\":\"2022-02-04T17:24:56+00:00\",\"dateModified\":\"2023-10-05T12:11:43+00:00\",\"description\":\"ALFMED es uno de los l\u00edderes franceses en acogida de pr\u00e1cticas Erasmus, con m\u00e1s de 400 estudiantes al a\u00f1o en m\u00e1s de 500 empresas del departamento\",\"breadcrumb\":{\"@id\":\"https:\\\/\\\/perpignan.alfmed.com\\\/es\\\/erasmus\\\/acogida-erasmus-practica\\\/#breadcrumb\"},\"inLanguage\":\"es\",\"potentialAction\":[{\"@type\":\"ReadAction\",\"target\":[\"https:\\\/\\\/perpignan.alfmed.com\\\/es\\\/erasmus\\\/acogida-erasmus-practica\\\/\"]}]},{\"@type\":\"ImageObject\",\"inLanguage\":\"es\",\"@id\":\"https:\\\/\\\/perpignan.alfmed.com\\\/es\\\/erasmus\\\/acogida-erasmus-practica\\\/#primaryimage\",\"url\":\"https:\\\/\\\/perpignan.alfmed.com\\\/wp-content\\\/uploads\\\/2023\\\/10\\\/WhatsApp-Image-20d23-10-04-a-13.53.26.jpg\",\"contentUrl\":\"https:\\\/\\\/perpignan.alfmed.com\\\/wp-content\\\/uploads\\\/2023\\\/10\\\/WhatsApp-Image-20d23-10-04-a-13.53.26.jpg\",\"width\":2048,\"height\":1536},{\"@type\":\"BreadcrumbList\",\"@id\":\"https:\\\/\\\/perpignan.alfmed.com\\\/es\\\/erasmus\\\/acogida-erasmus-practica\\\/#breadcrumb\",\"itemListElement\":[{\"@type\":\"ListItem\",\"position\":1,\"name\":\"Home\",\"item\":\"https:\\\/\\\/perpignan.alfmed.com\\\/es\\\/\"},{\"@type\":\"ListItem\",\"position\":2,\"name\":\"Erasmus\",\"item\":\"https:\\\/\\\/perpignan.alfmed.com\\\/es\\\/erasmus\\\/\"},{\"@type\":\"ListItem\",\"position\":3,\"name\":\"Acogida pr\u00e1cticas erasmus\"}]},{\"@type\":\"WebSite\",\"@id\":\"https:\\\/\\\/perpignan.alfmed.com\\\/es\\\/#website\",\"url\":\"https:\\\/\\\/perpignan.alfmed.com\\\/es\\\/\",\"name\":\"Alfmed\",\"description\":\"EXPERTS EN LANGUES &amp; PROJETS EUROP\u00c9ENS\",\"potentialAction\":[{\"@type\":\"SearchAction\",\"target\":{\"@type\":\"EntryPoint\",\"urlTemplate\":\"https:\\\/\\\/perpignan.alfmed.com\\\/es\\\/?s={search_term_string}\"},\"query-input\":{\"@type\":\"PropertyValueSpecification\",\"valueRequired\":true,\"valueName\":\"search_term_string\"}}],\"inLanguage\":\"es\"}]}<\/script>\n<!-- \/ Yoast SEO plugin. -->","yoast_head_json":{"title":"ALFMED Perpignan | Home Erasmus practic\u00e0","description":"ALFMED es uno de los l\u00edderes franceses en acogida de pr\u00e1cticas Erasmus, con m\u00e1s de 400 estudiantes al a\u00f1o en m\u00e1s de 500 empresas del departamento","robots":{"index":"index","follow":"follow","max-snippet":"max-snippet:-1","max-image-preview":"max-image-preview:large","max-video-preview":"max-video-preview:-1"},"canonical":"https:\/\/perpignan.alfmed.com\/es\/erasmus\/acogida-erasmus-practica\/","og_locale":"es_ES","og_type":"article","og_title":"ALFMED Perpignan | Home Erasmus practic\u00e0","og_description":"ALFMED es uno de los l\u00edderes franceses en acogida de pr\u00e1cticas Erasmus, con m\u00e1s de 400 estudiantes al a\u00f1o en m\u00e1s de 500 empresas del departamento","og_url":"https:\/\/perpignan.alfmed.com\/es\/erasmus\/acogida-erasmus-practica\/","og_site_name":"Alfmed","article_modified_time":"2023-10-05T12:11:43+00:00","og_image":[{"width":2048,"height":1536,"url":"https:\/\/perpignan.alfmed.com\/wp-content\/uploads\/2023\/10\/WhatsApp-Image-20d23-10-04-a-13.53.26.jpg","type":"image\/jpeg"}],"twitter_card":"summary_large_image","schema":{"@context":"https:\/\/schema.org","@graph":[{"@type":"WebPage","@id":"https:\/\/perpignan.alfmed.com\/es\/erasmus\/acogida-erasmus-practica\/","url":"https:\/\/perpignan.alfmed.com\/es\/erasmus\/acogida-erasmus-practica\/","name":"ALFMED Perpignan | Home Erasmus practic\u00e0","isPartOf":{"@id":"https:\/\/perpignan.alfmed.com\/es\/#website"},"primaryImageOfPage":{"@id":"https:\/\/perpignan.alfmed.com\/es\/erasmus\/acogida-erasmus-practica\/#primaryimage"},"image":{"@id":"https:\/\/perpignan.alfmed.com\/es\/erasmus\/acogida-erasmus-practica\/#primaryimage"},"thumbnailUrl":"https:\/\/perpignan.alfmed.com\/wp-content\/uploads\/2023\/10\/WhatsApp-Image-20d23-10-04-a-13.53.26.jpg","datePublished":"2022-02-04T17:24:56+00:00","dateModified":"2023-10-05T12:11:43+00:00","description":"ALFMED es uno de los l\u00edderes franceses en acogida de pr\u00e1cticas Erasmus, con m\u00e1s de 400 estudiantes al a\u00f1o en m\u00e1s de 500 empresas del departamento","breadcrumb":{"@id":"https:\/\/perpignan.alfmed.com\/es\/erasmus\/acogida-erasmus-practica\/#breadcrumb"},"inLanguage":"es","potentialAction":[{"@type":"ReadAction","target":["https:\/\/perpignan.alfmed.com\/es\/erasmus\/acogida-erasmus-practica\/"]}]},{"@type":"ImageObject","inLanguage":"es","@id":"https:\/\/perpignan.alfmed.com\/es\/erasmus\/acogida-erasmus-practica\/#primaryimage","url":"https:\/\/perpignan.alfmed.com\/wp-content\/uploads\/2023\/10\/WhatsApp-Image-20d23-10-04-a-13.53.26.jpg","contentUrl":"https:\/\/perpignan.alfmed.com\/wp-content\/uploads\/2023\/10\/WhatsApp-Image-20d23-10-04-a-13.53.26.jpg","width":2048,"height":1536},{"@type":"BreadcrumbList","@id":"https:\/\/perpignan.alfmed.com\/es\/erasmus\/acogida-erasmus-practica\/#breadcrumb","itemListElement":[{"@type":"ListItem","position":1,"name":"Home","item":"https:\/\/perpignan.alfmed.com\/es\/"},{"@type":"ListItem","position":2,"name":"Erasmus","item":"https:\/\/perpignan.alfmed.com\/es\/erasmus\/"},{"@type":"ListItem","position":3,"name":"Acogida pr\u00e1cticas erasmus"}]},{"@type":"WebSite","@id":"https:\/\/perpignan.alfmed.com\/es\/#website","url":"https:\/\/perpignan.alfmed.com\/es\/","name":"Alfmed","description":"EXPERTS EN LANGUES &amp; PROJETS EUROP\u00c9ENS","potentialAction":[{"@type":"SearchAction","target":{"@type":"EntryPoint","urlTemplate":"https:\/\/perpignan.alfmed.com\/es\/?s={search_term_string}"},"query-input":{"@type":"PropertyValueSpecification","valueRequired":true,"valueName":"search_term_string"}}],"inLanguage":"es"}]}},"_links":{"self":[{"href":"https:\/\/perpignan.alfmed.com\/es\/wp-json\/wp\/v2\/pages\/9014","targetHints":{"allow":["GET"]}}],"collection":[{"href":"https:\/\/perpignan.alfmed.com\/es\/wp-json\/wp\/v2\/pages"}],"about":[{"href":"https:\/\/perpignan.alfmed.com\/es\/wp-json\/wp\/v2\/types\/page"}],"author":[{"embeddable":true,"href":"https:\/\/perpignan.alfmed.com\/es\/wp-json\/wp\/v2\/users\/1"}],"replies":[{"embeddable":true,"href":"https:\/\/perpignan.alfmed.com\/es\/wp-json\/wp\/v2\/comments?post=9014"}],"version-history":[{"count":4,"href":"https:\/\/perpignan.alfmed.com\/es\/wp-json\/wp\/v2\/pages\/9014\/revisions"}],"predecessor-version":[{"id":15867,"href":"https:\/\/perpignan.alfmed.com\/es\/wp-json\/wp\/v2\/pages\/9014\/revisions\/15867"}],"up":[{"embeddable":true,"href":"https:\/\/perpignan.alfmed.com\/es\/wp-json\/wp\/v2\/pages\/8382"}],"wp:featuredmedia":[{"embeddable":true,"href":"https:\/\/perpignan.alfmed.com\/es\/wp-json\/wp\/v2\/media\/15816"}],"wp:attachment":[{"href":"https:\/\/perpignan.alfmed.com\/es\/wp-json\/wp\/v2\/media?parent=9014"}],"wp:term":[{"taxonomy":"category","embeddable":true,"href":"https:\/\/perpignan.alfmed.com\/es\/wp-json\/wp\/v2\/categories?post=9014"},{"taxonomy":"post_tag","embeddable":true,"href":"https:\/\/perpignan.alfmed.com\/es\/wp-json\/wp\/v2\/tags?post=9014"}],"curies":[{"name":"wp","href":"https:\/\/api.w.org\/{rel}","templated":true}]}}