{"id":8438,"date":"2022-02-21T13:46:55","date_gmt":"2022-02-21T12:46:55","guid":{"rendered":"https:\/\/perpignan.alfmed.com\/modalites-pedagogiques\/"},"modified":"2023-07-12T07:51:12","modified_gmt":"2023-07-12T07:51:12","slug":"metodos-de-ensenanza","status":"publish","type":"page","link":"https:\/\/perpignan.alfmed.com\/es\/metodos-de-ensenanza\/","title":{"rendered":"M\u00e9todos de ense\u00f1anza"},"content":{"rendered":"","protected":false},"excerpt":{"rendered":"","protected":false},"author":3,"featured_media":7211,"parent":0,"menu_order":0,"comment_status":"closed","ping_status":"closed","template":"page-template-info.php","meta":{"_acf_changed":false,"_et_pb_use_builder":"","_et_pb_old_content":"","_et_gb_content_width":"","footnotes":""},"categories":[],"tags":[128],"class_list":["post-8438","page","type-page","status-publish","has-post-thumbnail","hentry","tag-gabarit-page-info-es"],"acf":[],"yoast_head":"<!-- This site is optimized with the Yoast SEO plugin v27.3 - https:\/\/yoast.com\/product\/yoast-seo-wordpress\/ -->\n<title>M\u00e9todos de ense\u00f1anza | ALFMED Perpi\u00f1\u00e1n<\/title>\n<meta name=\"description\" content=\"ALFMED Perpi\u00f1\u00e1n, centro certificado Qualiopi, innovaci\u00f3n pedag\u00f3gica, formadores nativos y cualificados, utilizaci\u00f3n del MCER\" \/>\n<meta name=\"robots\" content=\"index, follow, max-snippet:-1, max-image-preview:large, max-video-preview:-1\" \/>\n<link rel=\"canonical\" href=\"https:\/\/perpignan.alfmed.com\/es\/metodos-de-ensenanza\/\" \/>\n<meta property=\"og:locale\" content=\"es_ES\" \/>\n<meta property=\"og:type\" content=\"article\" \/>\n<meta property=\"og:title\" content=\"M\u00e9todos de ense\u00f1anza | ALFMED Perpi\u00f1\u00e1n\" \/>\n<meta property=\"og:description\" content=\"ALFMED Perpi\u00f1\u00e1n, centro certificado Qualiopi, innovaci\u00f3n pedag\u00f3gica, formadores nativos y cualificados, utilizaci\u00f3n del MCER\" \/>\n<meta property=\"og:url\" content=\"https:\/\/perpignan.alfmed.com\/es\/metodos-de-ensenanza\/\" \/>\n<meta property=\"og:site_name\" content=\"Alfmed\" \/>\n<meta property=\"article:modified_time\" content=\"2023-07-12T07:51:12+00:00\" \/>\n<meta property=\"og:image\" content=\"https:\/\/perpignan.alfmed.com\/wp-content\/uploads\/2022\/02\/Sans-titre-22-1.png\" \/>\n\t<meta property=\"og:image:width\" content=\"700\" \/>\n\t<meta property=\"og:image:height\" content=\"400\" \/>\n\t<meta property=\"og:image:type\" content=\"image\/png\" \/>\n<meta name=\"twitter:card\" content=\"summary_large_image\" \/>\n<script type=\"application\/ld+json\" class=\"yoast-schema-graph\">{\"@context\":\"https:\\\/\\\/schema.org\",\"@graph\":[{\"@type\":\"WebPage\",\"@id\":\"https:\\\/\\\/perpignan.alfmed.com\\\/es\\\/metodos-de-ensenanza\\\/\",\"url\":\"https:\\\/\\\/perpignan.alfmed.com\\\/es\\\/metodos-de-ensenanza\\\/\",\"name\":\"M\u00e9todos de ense\u00f1anza | ALFMED Perpi\u00f1\u00e1n\",\"isPartOf\":{\"@id\":\"https:\\\/\\\/perpignan.alfmed.com\\\/es\\\/#website\"},\"primaryImageOfPage\":{\"@id\":\"https:\\\/\\\/perpignan.alfmed.com\\\/es\\\/metodos-de-ensenanza\\\/#primaryimage\"},\"image\":{\"@id\":\"https:\\\/\\\/perpignan.alfmed.com\\\/es\\\/metodos-de-ensenanza\\\/#primaryimage\"},\"thumbnailUrl\":\"https:\\\/\\\/perpignan.alfmed.com\\\/wp-content\\\/uploads\\\/2022\\\/02\\\/Sans-titre-22-1.png\",\"datePublished\":\"2022-02-21T12:46:55+00:00\",\"dateModified\":\"2023-07-12T07:51:12+00:00\",\"description\":\"ALFMED Perpi\u00f1\u00e1n, centro certificado Qualiopi, innovaci\u00f3n pedag\u00f3gica, formadores nativos y cualificados, utilizaci\u00f3n del MCER\",\"breadcrumb\":{\"@id\":\"https:\\\/\\\/perpignan.alfmed.com\\\/es\\\/metodos-de-ensenanza\\\/#breadcrumb\"},\"inLanguage\":\"es\",\"potentialAction\":[{\"@type\":\"ReadAction\",\"target\":[\"https:\\\/\\\/perpignan.alfmed.com\\\/es\\\/metodos-de-ensenanza\\\/\"]}]},{\"@type\":\"ImageObject\",\"inLanguage\":\"es\",\"@id\":\"https:\\\/\\\/perpignan.alfmed.com\\\/es\\\/metodos-de-ensenanza\\\/#primaryimage\",\"url\":\"https:\\\/\\\/perpignan.alfmed.com\\\/wp-content\\\/uploads\\\/2022\\\/02\\\/Sans-titre-22-1.png\",\"contentUrl\":\"https:\\\/\\\/perpignan.alfmed.com\\\/wp-content\\\/uploads\\\/2022\\\/02\\\/Sans-titre-22-1.png\",\"width\":700,\"height\":400},{\"@type\":\"BreadcrumbList\",\"@id\":\"https:\\\/\\\/perpignan.alfmed.com\\\/es\\\/metodos-de-ensenanza\\\/#breadcrumb\",\"itemListElement\":[{\"@type\":\"ListItem\",\"position\":1,\"name\":\"Home\",\"item\":\"https:\\\/\\\/perpignan.alfmed.com\\\/es\\\/\"},{\"@type\":\"ListItem\",\"position\":2,\"name\":\"M\u00e9todos de ense\u00f1anza\"}]},{\"@type\":\"WebSite\",\"@id\":\"https:\\\/\\\/perpignan.alfmed.com\\\/es\\\/#website\",\"url\":\"https:\\\/\\\/perpignan.alfmed.com\\\/es\\\/\",\"name\":\"Alfmed\",\"description\":\"EXPERTS EN LANGUES &amp; PROJETS EUROP\u00c9ENS\",\"potentialAction\":[{\"@type\":\"SearchAction\",\"target\":{\"@type\":\"EntryPoint\",\"urlTemplate\":\"https:\\\/\\\/perpignan.alfmed.com\\\/es\\\/?s={search_term_string}\"},\"query-input\":{\"@type\":\"PropertyValueSpecification\",\"valueRequired\":true,\"valueName\":\"search_term_string\"}}],\"inLanguage\":\"es\"}]}<\/script>\n<!-- \/ Yoast SEO plugin. -->","yoast_head_json":{"title":"M\u00e9todos de ense\u00f1anza | ALFMED Perpi\u00f1\u00e1n","description":"ALFMED Perpi\u00f1\u00e1n, centro certificado Qualiopi, innovaci\u00f3n pedag\u00f3gica, formadores nativos y cualificados, utilizaci\u00f3n del MCER","robots":{"index":"index","follow":"follow","max-snippet":"max-snippet:-1","max-image-preview":"max-image-preview:large","max-video-preview":"max-video-preview:-1"},"canonical":"https:\/\/perpignan.alfmed.com\/es\/metodos-de-ensenanza\/","og_locale":"es_ES","og_type":"article","og_title":"M\u00e9todos de ense\u00f1anza | ALFMED Perpi\u00f1\u00e1n","og_description":"ALFMED Perpi\u00f1\u00e1n, centro certificado Qualiopi, innovaci\u00f3n pedag\u00f3gica, formadores nativos y cualificados, utilizaci\u00f3n del MCER","og_url":"https:\/\/perpignan.alfmed.com\/es\/metodos-de-ensenanza\/","og_site_name":"Alfmed","article_modified_time":"2023-07-12T07:51:12+00:00","og_image":[{"width":700,"height":400,"url":"https:\/\/perpignan.alfmed.com\/wp-content\/uploads\/2022\/02\/Sans-titre-22-1.png","type":"image\/png"}],"twitter_card":"summary_large_image","schema":{"@context":"https:\/\/schema.org","@graph":[{"@type":"WebPage","@id":"https:\/\/perpignan.alfmed.com\/es\/metodos-de-ensenanza\/","url":"https:\/\/perpignan.alfmed.com\/es\/metodos-de-ensenanza\/","name":"M\u00e9todos de ense\u00f1anza | ALFMED Perpi\u00f1\u00e1n","isPartOf":{"@id":"https:\/\/perpignan.alfmed.com\/es\/#website"},"primaryImageOfPage":{"@id":"https:\/\/perpignan.alfmed.com\/es\/metodos-de-ensenanza\/#primaryimage"},"image":{"@id":"https:\/\/perpignan.alfmed.com\/es\/metodos-de-ensenanza\/#primaryimage"},"thumbnailUrl":"https:\/\/perpignan.alfmed.com\/wp-content\/uploads\/2022\/02\/Sans-titre-22-1.png","datePublished":"2022-02-21T12:46:55+00:00","dateModified":"2023-07-12T07:51:12+00:00","description":"ALFMED Perpi\u00f1\u00e1n, centro certificado Qualiopi, innovaci\u00f3n pedag\u00f3gica, formadores nativos y cualificados, utilizaci\u00f3n del MCER","breadcrumb":{"@id":"https:\/\/perpignan.alfmed.com\/es\/metodos-de-ensenanza\/#breadcrumb"},"inLanguage":"es","potentialAction":[{"@type":"ReadAction","target":["https:\/\/perpignan.alfmed.com\/es\/metodos-de-ensenanza\/"]}]},{"@type":"ImageObject","inLanguage":"es","@id":"https:\/\/perpignan.alfmed.com\/es\/metodos-de-ensenanza\/#primaryimage","url":"https:\/\/perpignan.alfmed.com\/wp-content\/uploads\/2022\/02\/Sans-titre-22-1.png","contentUrl":"https:\/\/perpignan.alfmed.com\/wp-content\/uploads\/2022\/02\/Sans-titre-22-1.png","width":700,"height":400},{"@type":"BreadcrumbList","@id":"https:\/\/perpignan.alfmed.com\/es\/metodos-de-ensenanza\/#breadcrumb","itemListElement":[{"@type":"ListItem","position":1,"name":"Home","item":"https:\/\/perpignan.alfmed.com\/es\/"},{"@type":"ListItem","position":2,"name":"M\u00e9todos de ense\u00f1anza"}]},{"@type":"WebSite","@id":"https:\/\/perpignan.alfmed.com\/es\/#website","url":"https:\/\/perpignan.alfmed.com\/es\/","name":"Alfmed","description":"EXPERTS EN LANGUES &amp; PROJETS EUROP\u00c9ENS","potentialAction":[{"@type":"SearchAction","target":{"@type":"EntryPoint","urlTemplate":"https:\/\/perpignan.alfmed.com\/es\/?s={search_term_string}"},"query-input":{"@type":"PropertyValueSpecification","valueRequired":true,"valueName":"search_term_string"}}],"inLanguage":"es"}]}},"_links":{"self":[{"href":"https:\/\/perpignan.alfmed.com\/es\/wp-json\/wp\/v2\/pages\/8438","targetHints":{"allow":["GET"]}}],"collection":[{"href":"https:\/\/perpignan.alfmed.com\/es\/wp-json\/wp\/v2\/pages"}],"about":[{"href":"https:\/\/perpignan.alfmed.com\/es\/wp-json\/wp\/v2\/types\/page"}],"author":[{"embeddable":true,"href":"https:\/\/perpignan.alfmed.com\/es\/wp-json\/wp\/v2\/users\/3"}],"replies":[{"embeddable":true,"href":"https:\/\/perpignan.alfmed.com\/es\/wp-json\/wp\/v2\/comments?post=8438"}],"version-history":[{"count":3,"href":"https:\/\/perpignan.alfmed.com\/es\/wp-json\/wp\/v2\/pages\/8438\/revisions"}],"predecessor-version":[{"id":13906,"href":"https:\/\/perpignan.alfmed.com\/es\/wp-json\/wp\/v2\/pages\/8438\/revisions\/13906"}],"wp:featuredmedia":[{"embeddable":true,"href":"https:\/\/perpignan.alfmed.com\/es\/wp-json\/wp\/v2\/media\/7211"}],"wp:attachment":[{"href":"https:\/\/perpignan.alfmed.com\/es\/wp-json\/wp\/v2\/media?parent=8438"}],"wp:term":[{"taxonomy":"category","embeddable":true,"href":"https:\/\/perpignan.alfmed.com\/es\/wp-json\/wp\/v2\/categories?post=8438"},{"taxonomy":"post_tag","embeddable":true,"href":"https:\/\/perpignan.alfmed.com\/es\/wp-json\/wp\/v2\/tags?post=8438"}],"curies":[{"name":"wp","href":"https:\/\/api.w.org\/{rel}","templated":true}]}}