{"id":8367,"date":"2022-02-04T17:26:37","date_gmt":"2022-02-04T17:26:37","guid":{"rendered":"https:\/\/perpignan.alfmed.com\/mobilites-des-professeurs\/"},"modified":"2023-02-22T09:51:00","modified_gmt":"2023-02-22T09:51:00","slug":"movilidad-de-los-profesores","status":"publish","type":"page","link":"https:\/\/perpignan.alfmed.com\/es\/erasmus\/acogida-erasmus-practica\/movilidad-de-los-profesores\/","title":{"rendered":"Movilidad de los profesores"},"content":{"rendered":"","protected":false},"excerpt":{"rendered":"","protected":false},"author":1,"featured_media":10411,"parent":9014,"menu_order":0,"comment_status":"closed","ping_status":"closed","template":"page-template-scolaire.php","meta":{"_acf_changed":false,"_et_pb_use_builder":"","_et_pb_old_content":"","_et_gb_content_width":"","footnotes":""},"categories":[],"tags":[119],"class_list":["post-8367","page","type-page","status-publish","has-post-thumbnail","hentry","tag-gabarit-page-scolaire-es"],"acf":[],"yoast_head":"<!-- This site is optimized with the Yoast SEO plugin v27.3 - https:\/\/yoast.com\/product\/yoast-seo-wordpress\/ -->\n<title>ALFMED Perpignan | Movilidad de los profesores<\/title>\n<meta name=\"description\" content=\"ALFMED ofrece 4 cursos de formaci\u00f3n de personal de EFP en Perpi\u00f1\u00e1n (Francia) para todos los profesores de Europa\" \/>\n<meta name=\"robots\" content=\"index, follow, max-snippet:-1, max-image-preview:large, max-video-preview:-1\" \/>\n<link rel=\"canonical\" href=\"https:\/\/perpignan.alfmed.com\/es\/erasmus\/acogida-erasmus-practica\/movilidad-de-los-profesores\/\" \/>\n<meta property=\"og:locale\" content=\"es_ES\" \/>\n<meta property=\"og:type\" content=\"article\" \/>\n<meta property=\"og:title\" content=\"ALFMED Perpignan | Movilidad de los profesores\" \/>\n<meta property=\"og:description\" content=\"ALFMED ofrece 4 cursos de formaci\u00f3n de personal de EFP en Perpi\u00f1\u00e1n (Francia) para todos los profesores de Europa\" \/>\n<meta property=\"og:url\" content=\"https:\/\/perpignan.alfmed.com\/es\/erasmus\/acogida-erasmus-practica\/movilidad-de-los-profesores\/\" \/>\n<meta property=\"og:site_name\" content=\"Alfmed\" \/>\n<meta property=\"article:modified_time\" content=\"2023-02-22T09:51:00+00:00\" \/>\n<meta name=\"twitter:card\" content=\"summary_large_image\" \/>\n<script type=\"application\/ld+json\" class=\"yoast-schema-graph\">{\"@context\":\"https:\\\/\\\/schema.org\",\"@graph\":[{\"@type\":\"WebPage\",\"@id\":\"https:\\\/\\\/perpignan.alfmed.com\\\/es\\\/erasmus\\\/acogida-erasmus-practica\\\/movilidad-de-los-profesores\\\/\",\"url\":\"https:\\\/\\\/perpignan.alfmed.com\\\/es\\\/erasmus\\\/acogida-erasmus-practica\\\/movilidad-de-los-profesores\\\/\",\"name\":\"ALFMED Perpignan | Movilidad de los profesores\",\"isPartOf\":{\"@id\":\"https:\\\/\\\/perpignan.alfmed.com\\\/es\\\/#website\"},\"primaryImageOfPage\":{\"@id\":\"https:\\\/\\\/perpignan.alfmed.com\\\/es\\\/erasmus\\\/acogida-erasmus-practica\\\/movilidad-de-los-profesores\\\/#primaryimage\"},\"image\":{\"@id\":\"https:\\\/\\\/perpignan.alfmed.com\\\/es\\\/erasmus\\\/acogida-erasmus-practica\\\/movilidad-de-los-profesores\\\/#primaryimage\"},\"thumbnailUrl\":\"https:\\\/\\\/perpignan.alfmed.com\\\/wp-content\\\/uploads\\\/2022\\\/12\\\/13330d31-f3d4-43c3-bc67-b95d3d13fe44.jpg\",\"datePublished\":\"2022-02-04T17:26:37+00:00\",\"dateModified\":\"2023-02-22T09:51:00+00:00\",\"description\":\"ALFMED ofrece 4 cursos de formaci\u00f3n de personal de EFP en Perpi\u00f1\u00e1n (Francia) para todos los profesores de Europa\",\"breadcrumb\":{\"@id\":\"https:\\\/\\\/perpignan.alfmed.com\\\/es\\\/erasmus\\\/acogida-erasmus-practica\\\/movilidad-de-los-profesores\\\/#breadcrumb\"},\"inLanguage\":\"es\",\"potentialAction\":[{\"@type\":\"ReadAction\",\"target\":[\"https:\\\/\\\/perpignan.alfmed.com\\\/es\\\/erasmus\\\/acogida-erasmus-practica\\\/movilidad-de-los-profesores\\\/\"]}]},{\"@type\":\"ImageObject\",\"inLanguage\":\"es\",\"@id\":\"https:\\\/\\\/perpignan.alfmed.com\\\/es\\\/erasmus\\\/acogida-erasmus-practica\\\/movilidad-de-los-profesores\\\/#primaryimage\",\"url\":\"https:\\\/\\\/perpignan.alfmed.com\\\/wp-content\\\/uploads\\\/2022\\\/12\\\/13330d31-f3d4-43c3-bc67-b95d3d13fe44.jpg\",\"contentUrl\":\"https:\\\/\\\/perpignan.alfmed.com\\\/wp-content\\\/uploads\\\/2022\\\/12\\\/13330d31-f3d4-43c3-bc67-b95d3d13fe44.jpg\",\"width\":1024,\"height\":768},{\"@type\":\"BreadcrumbList\",\"@id\":\"https:\\\/\\\/perpignan.alfmed.com\\\/es\\\/erasmus\\\/acogida-erasmus-practica\\\/movilidad-de-los-profesores\\\/#breadcrumb\",\"itemListElement\":[{\"@type\":\"ListItem\",\"position\":1,\"name\":\"Home\",\"item\":\"https:\\\/\\\/perpignan.alfmed.com\\\/es\\\/\"},{\"@type\":\"ListItem\",\"position\":2,\"name\":\"Erasmus\",\"item\":\"https:\\\/\\\/perpignan.alfmed.com\\\/es\\\/erasmus\\\/\"},{\"@type\":\"ListItem\",\"position\":3,\"name\":\"Acogida pr\u00e1cticas erasmus\",\"item\":\"https:\\\/\\\/perpignan.alfmed.com\\\/es\\\/erasmus\\\/acogida-erasmus-practica\\\/\"},{\"@type\":\"ListItem\",\"position\":4,\"name\":\"Movilidad de los profesores\"}]},{\"@type\":\"WebSite\",\"@id\":\"https:\\\/\\\/perpignan.alfmed.com\\\/es\\\/#website\",\"url\":\"https:\\\/\\\/perpignan.alfmed.com\\\/es\\\/\",\"name\":\"Alfmed\",\"description\":\"EXPERTS EN LANGUES &amp; PROJETS EUROP\u00c9ENS\",\"potentialAction\":[{\"@type\":\"SearchAction\",\"target\":{\"@type\":\"EntryPoint\",\"urlTemplate\":\"https:\\\/\\\/perpignan.alfmed.com\\\/es\\\/?s={search_term_string}\"},\"query-input\":{\"@type\":\"PropertyValueSpecification\",\"valueRequired\":true,\"valueName\":\"search_term_string\"}}],\"inLanguage\":\"es\"}]}<\/script>\n<!-- \/ Yoast SEO plugin. -->","yoast_head_json":{"title":"ALFMED Perpignan | Movilidad de los profesores","description":"ALFMED ofrece 4 cursos de formaci\u00f3n de personal de EFP en Perpi\u00f1\u00e1n (Francia) para todos los profesores de Europa","robots":{"index":"index","follow":"follow","max-snippet":"max-snippet:-1","max-image-preview":"max-image-preview:large","max-video-preview":"max-video-preview:-1"},"canonical":"https:\/\/perpignan.alfmed.com\/es\/erasmus\/acogida-erasmus-practica\/movilidad-de-los-profesores\/","og_locale":"es_ES","og_type":"article","og_title":"ALFMED Perpignan | Movilidad de los profesores","og_description":"ALFMED ofrece 4 cursos de formaci\u00f3n de personal de EFP en Perpi\u00f1\u00e1n (Francia) para todos los profesores de Europa","og_url":"https:\/\/perpignan.alfmed.com\/es\/erasmus\/acogida-erasmus-practica\/movilidad-de-los-profesores\/","og_site_name":"Alfmed","article_modified_time":"2023-02-22T09:51:00+00:00","twitter_card":"summary_large_image","schema":{"@context":"https:\/\/schema.org","@graph":[{"@type":"WebPage","@id":"https:\/\/perpignan.alfmed.com\/es\/erasmus\/acogida-erasmus-practica\/movilidad-de-los-profesores\/","url":"https:\/\/perpignan.alfmed.com\/es\/erasmus\/acogida-erasmus-practica\/movilidad-de-los-profesores\/","name":"ALFMED Perpignan | Movilidad de los profesores","isPartOf":{"@id":"https:\/\/perpignan.alfmed.com\/es\/#website"},"primaryImageOfPage":{"@id":"https:\/\/perpignan.alfmed.com\/es\/erasmus\/acogida-erasmus-practica\/movilidad-de-los-profesores\/#primaryimage"},"image":{"@id":"https:\/\/perpignan.alfmed.com\/es\/erasmus\/acogida-erasmus-practica\/movilidad-de-los-profesores\/#primaryimage"},"thumbnailUrl":"https:\/\/perpignan.alfmed.com\/wp-content\/uploads\/2022\/12\/13330d31-f3d4-43c3-bc67-b95d3d13fe44.jpg","datePublished":"2022-02-04T17:26:37+00:00","dateModified":"2023-02-22T09:51:00+00:00","description":"ALFMED ofrece 4 cursos de formaci\u00f3n de personal de EFP en Perpi\u00f1\u00e1n (Francia) para todos los profesores de Europa","breadcrumb":{"@id":"https:\/\/perpignan.alfmed.com\/es\/erasmus\/acogida-erasmus-practica\/movilidad-de-los-profesores\/#breadcrumb"},"inLanguage":"es","potentialAction":[{"@type":"ReadAction","target":["https:\/\/perpignan.alfmed.com\/es\/erasmus\/acogida-erasmus-practica\/movilidad-de-los-profesores\/"]}]},{"@type":"ImageObject","inLanguage":"es","@id":"https:\/\/perpignan.alfmed.com\/es\/erasmus\/acogida-erasmus-practica\/movilidad-de-los-profesores\/#primaryimage","url":"https:\/\/perpignan.alfmed.com\/wp-content\/uploads\/2022\/12\/13330d31-f3d4-43c3-bc67-b95d3d13fe44.jpg","contentUrl":"https:\/\/perpignan.alfmed.com\/wp-content\/uploads\/2022\/12\/13330d31-f3d4-43c3-bc67-b95d3d13fe44.jpg","width":1024,"height":768},{"@type":"BreadcrumbList","@id":"https:\/\/perpignan.alfmed.com\/es\/erasmus\/acogida-erasmus-practica\/movilidad-de-los-profesores\/#breadcrumb","itemListElement":[{"@type":"ListItem","position":1,"name":"Home","item":"https:\/\/perpignan.alfmed.com\/es\/"},{"@type":"ListItem","position":2,"name":"Erasmus","item":"https:\/\/perpignan.alfmed.com\/es\/erasmus\/"},{"@type":"ListItem","position":3,"name":"Acogida pr\u00e1cticas erasmus","item":"https:\/\/perpignan.alfmed.com\/es\/erasmus\/acogida-erasmus-practica\/"},{"@type":"ListItem","position":4,"name":"Movilidad de los profesores"}]},{"@type":"WebSite","@id":"https:\/\/perpignan.alfmed.com\/es\/#website","url":"https:\/\/perpignan.alfmed.com\/es\/","name":"Alfmed","description":"EXPERTS EN LANGUES &amp; PROJETS EUROP\u00c9ENS","potentialAction":[{"@type":"SearchAction","target":{"@type":"EntryPoint","urlTemplate":"https:\/\/perpignan.alfmed.com\/es\/?s={search_term_string}"},"query-input":{"@type":"PropertyValueSpecification","valueRequired":true,"valueName":"search_term_string"}}],"inLanguage":"es"}]}},"_links":{"self":[{"href":"https:\/\/perpignan.alfmed.com\/es\/wp-json\/wp\/v2\/pages\/8367","targetHints":{"allow":["GET"]}}],"collection":[{"href":"https:\/\/perpignan.alfmed.com\/es\/wp-json\/wp\/v2\/pages"}],"about":[{"href":"https:\/\/perpignan.alfmed.com\/es\/wp-json\/wp\/v2\/types\/page"}],"author":[{"embeddable":true,"href":"https:\/\/perpignan.alfmed.com\/es\/wp-json\/wp\/v2\/users\/1"}],"replies":[{"embeddable":true,"href":"https:\/\/perpignan.alfmed.com\/es\/wp-json\/wp\/v2\/comments?post=8367"}],"version-history":[{"count":3,"href":"https:\/\/perpignan.alfmed.com\/es\/wp-json\/wp\/v2\/pages\/8367\/revisions"}],"predecessor-version":[{"id":12525,"href":"https:\/\/perpignan.alfmed.com\/es\/wp-json\/wp\/v2\/pages\/8367\/revisions\/12525"}],"up":[{"embeddable":true,"href":"https:\/\/perpignan.alfmed.com\/es\/wp-json\/wp\/v2\/pages\/9014"}],"wp:featuredmedia":[{"embeddable":true,"href":"https:\/\/perpignan.alfmed.com\/es\/wp-json\/wp\/v2\/media\/10411"}],"wp:attachment":[{"href":"https:\/\/perpignan.alfmed.com\/es\/wp-json\/wp\/v2\/media?parent=8367"}],"wp:term":[{"taxonomy":"category","embeddable":true,"href":"https:\/\/perpignan.alfmed.com\/es\/wp-json\/wp\/v2\/categories?post=8367"},{"taxonomy":"post_tag","embeddable":true,"href":"https:\/\/perpignan.alfmed.com\/es\/wp-json\/wp\/v2\/tags?post=8367"}],"curies":[{"name":"wp","href":"https:\/\/api.w.org\/{rel}","templated":true}]}}