{"id":8334,"date":"2022-02-11T14:15:18","date_gmt":"2022-02-11T14:15:18","guid":{"rendered":"https:\/\/perpignan.alfmed.com\/erasmus-masterclass-de-cuisine-francaise\/"},"modified":"2023-08-24T08:50:32","modified_gmt":"2023-08-24T08:50:32","slug":"masterclass-de-cuisine-francaise","status":"publish","type":"page","link":"https:\/\/perpignan.alfmed.com\/es\/erasmus\/acogida-erasmus-practica\/movilidad-de-los-profesores\/masterclass-de-cuisine-francaise\/","title":{"rendered":"MasterClass de cocina francesa"},"content":{"rendered":"","protected":false},"excerpt":{"rendered":"","protected":false},"author":1,"featured_media":12510,"parent":8367,"menu_order":0,"comment_status":"closed","ping_status":"closed","template":"page-template-ANF.php","meta":{"_acf_changed":false,"_et_pb_use_builder":"","_et_pb_old_content":"","_et_gb_content_width":"","footnotes":""},"categories":[],"tags":[122],"class_list":["post-8334","page","type-page","status-publish","has-post-thumbnail","hentry","tag-gabarit-page-anf-es"],"acf":[],"yoast_head":"<!-- This site is optimized with the Yoast SEO plugin v27.3 - https:\/\/yoast.com\/product\/yoast-seo-wordpress\/ -->\n<title>ALFMED Perpignan | MasterClass de cocina francesa<\/title>\n<meta name=\"description\" content=\"Para el personal escolar y de educaci\u00f3n de adultos que participa en la formaci\u00f3n de cocineros, los chefs que participan en la formaci\u00f3n\" \/>\n<meta name=\"robots\" content=\"index, follow, max-snippet:-1, max-image-preview:large, max-video-preview:-1\" \/>\n<link rel=\"canonical\" href=\"https:\/\/perpignan.alfmed.com\/es\/erasmus\/acogida-erasmus-practica\/movilidad-de-los-profesores\/masterclass-de-cuisine-francaise\/\" \/>\n<meta property=\"og:locale\" content=\"es_ES\" \/>\n<meta property=\"og:type\" content=\"article\" \/>\n<meta property=\"og:title\" content=\"ALFMED Perpignan | MasterClass de cocina francesa\" \/>\n<meta property=\"og:description\" content=\"Para el personal escolar y de educaci\u00f3n de adultos que participa en la formaci\u00f3n de cocineros, los chefs que participan en la formaci\u00f3n\" \/>\n<meta property=\"og:url\" content=\"https:\/\/perpignan.alfmed.com\/es\/erasmus\/acogida-erasmus-practica\/movilidad-de-los-profesores\/masterclass-de-cuisine-francaise\/\" \/>\n<meta property=\"og:site_name\" content=\"Alfmed\" \/>\n<meta property=\"article:modified_time\" content=\"2023-08-24T08:50:32+00:00\" \/>\n<meta property=\"og:image\" content=\"https:\/\/perpignan.alfmed.com\/wp-content\/uploads\/2023\/02\/logo-french-cook.png\" \/>\n\t<meta property=\"og:image:width\" content=\"1117\" \/>\n\t<meta property=\"og:image:height\" content=\"1150\" \/>\n\t<meta property=\"og:image:type\" content=\"image\/png\" \/>\n<meta name=\"twitter:card\" content=\"summary_large_image\" \/>\n<script type=\"application\/ld+json\" class=\"yoast-schema-graph\">{\"@context\":\"https:\\\/\\\/schema.org\",\"@graph\":[{\"@type\":\"WebPage\",\"@id\":\"https:\\\/\\\/perpignan.alfmed.com\\\/es\\\/erasmus\\\/acogida-erasmus-practica\\\/movilidad-de-los-profesores\\\/masterclass-de-cuisine-francaise\\\/\",\"url\":\"https:\\\/\\\/perpignan.alfmed.com\\\/es\\\/erasmus\\\/acogida-erasmus-practica\\\/movilidad-de-los-profesores\\\/masterclass-de-cuisine-francaise\\\/\",\"name\":\"ALFMED Perpignan | MasterClass de cocina francesa\",\"isPartOf\":{\"@id\":\"https:\\\/\\\/perpignan.alfmed.com\\\/es\\\/#website\"},\"primaryImageOfPage\":{\"@id\":\"https:\\\/\\\/perpignan.alfmed.com\\\/es\\\/erasmus\\\/acogida-erasmus-practica\\\/movilidad-de-los-profesores\\\/masterclass-de-cuisine-francaise\\\/#primaryimage\"},\"image\":{\"@id\":\"https:\\\/\\\/perpignan.alfmed.com\\\/es\\\/erasmus\\\/acogida-erasmus-practica\\\/movilidad-de-los-profesores\\\/masterclass-de-cuisine-francaise\\\/#primaryimage\"},\"thumbnailUrl\":\"https:\\\/\\\/perpignan.alfmed.com\\\/wp-content\\\/uploads\\\/2023\\\/02\\\/logo-french-cook.png\",\"datePublished\":\"2022-02-11T14:15:18+00:00\",\"dateModified\":\"2023-08-24T08:50:32+00:00\",\"description\":\"Para el personal escolar y de educaci\u00f3n de adultos que participa en la formaci\u00f3n de cocineros, los chefs que participan en la formaci\u00f3n\",\"breadcrumb\":{\"@id\":\"https:\\\/\\\/perpignan.alfmed.com\\\/es\\\/erasmus\\\/acogida-erasmus-practica\\\/movilidad-de-los-profesores\\\/masterclass-de-cuisine-francaise\\\/#breadcrumb\"},\"inLanguage\":\"es\",\"potentialAction\":[{\"@type\":\"ReadAction\",\"target\":[\"https:\\\/\\\/perpignan.alfmed.com\\\/es\\\/erasmus\\\/acogida-erasmus-practica\\\/movilidad-de-los-profesores\\\/masterclass-de-cuisine-francaise\\\/\"]}]},{\"@type\":\"ImageObject\",\"inLanguage\":\"es\",\"@id\":\"https:\\\/\\\/perpignan.alfmed.com\\\/es\\\/erasmus\\\/acogida-erasmus-practica\\\/movilidad-de-los-profesores\\\/masterclass-de-cuisine-francaise\\\/#primaryimage\",\"url\":\"https:\\\/\\\/perpignan.alfmed.com\\\/wp-content\\\/uploads\\\/2023\\\/02\\\/logo-french-cook.png\",\"contentUrl\":\"https:\\\/\\\/perpignan.alfmed.com\\\/wp-content\\\/uploads\\\/2023\\\/02\\\/logo-french-cook.png\",\"width\":1117,\"height\":1150},{\"@type\":\"BreadcrumbList\",\"@id\":\"https:\\\/\\\/perpignan.alfmed.com\\\/es\\\/erasmus\\\/acogida-erasmus-practica\\\/movilidad-de-los-profesores\\\/masterclass-de-cuisine-francaise\\\/#breadcrumb\",\"itemListElement\":[{\"@type\":\"ListItem\",\"position\":1,\"name\":\"Home\",\"item\":\"https:\\\/\\\/perpignan.alfmed.com\\\/es\\\/\"},{\"@type\":\"ListItem\",\"position\":2,\"name\":\"Erasmus\",\"item\":\"https:\\\/\\\/perpignan.alfmed.com\\\/es\\\/erasmus\\\/\"},{\"@type\":\"ListItem\",\"position\":3,\"name\":\"Acogida pr\u00e1cticas erasmus\",\"item\":\"https:\\\/\\\/perpignan.alfmed.com\\\/es\\\/erasmus\\\/acogida-erasmus-practica\\\/\"},{\"@type\":\"ListItem\",\"position\":4,\"name\":\"Movilidad de los profesores\",\"item\":\"https:\\\/\\\/perpignan.alfmed.com\\\/es\\\/erasmus\\\/acogida-erasmus-practica\\\/movilidad-de-los-profesores\\\/\"},{\"@type\":\"ListItem\",\"position\":5,\"name\":\"MasterClass de cocina francesa\"}]},{\"@type\":\"WebSite\",\"@id\":\"https:\\\/\\\/perpignan.alfmed.com\\\/es\\\/#website\",\"url\":\"https:\\\/\\\/perpignan.alfmed.com\\\/es\\\/\",\"name\":\"Alfmed\",\"description\":\"EXPERTS EN LANGUES &amp; PROJETS EUROP\u00c9ENS\",\"potentialAction\":[{\"@type\":\"SearchAction\",\"target\":{\"@type\":\"EntryPoint\",\"urlTemplate\":\"https:\\\/\\\/perpignan.alfmed.com\\\/es\\\/?s={search_term_string}\"},\"query-input\":{\"@type\":\"PropertyValueSpecification\",\"valueRequired\":true,\"valueName\":\"search_term_string\"}}],\"inLanguage\":\"es\"}]}<\/script>\n<!-- \/ Yoast SEO plugin. -->","yoast_head_json":{"title":"ALFMED Perpignan | MasterClass de cocina francesa","description":"Para el personal escolar y de educaci\u00f3n de adultos que participa en la formaci\u00f3n de cocineros, los chefs que participan en la formaci\u00f3n","robots":{"index":"index","follow":"follow","max-snippet":"max-snippet:-1","max-image-preview":"max-image-preview:large","max-video-preview":"max-video-preview:-1"},"canonical":"https:\/\/perpignan.alfmed.com\/es\/erasmus\/acogida-erasmus-practica\/movilidad-de-los-profesores\/masterclass-de-cuisine-francaise\/","og_locale":"es_ES","og_type":"article","og_title":"ALFMED Perpignan | MasterClass de cocina francesa","og_description":"Para el personal escolar y de educaci\u00f3n de adultos que participa en la formaci\u00f3n de cocineros, los chefs que participan en la formaci\u00f3n","og_url":"https:\/\/perpignan.alfmed.com\/es\/erasmus\/acogida-erasmus-practica\/movilidad-de-los-profesores\/masterclass-de-cuisine-francaise\/","og_site_name":"Alfmed","article_modified_time":"2023-08-24T08:50:32+00:00","og_image":[{"width":1117,"height":1150,"url":"https:\/\/perpignan.alfmed.com\/wp-content\/uploads\/2023\/02\/logo-french-cook.png","type":"image\/png"}],"twitter_card":"summary_large_image","schema":{"@context":"https:\/\/schema.org","@graph":[{"@type":"WebPage","@id":"https:\/\/perpignan.alfmed.com\/es\/erasmus\/acogida-erasmus-practica\/movilidad-de-los-profesores\/masterclass-de-cuisine-francaise\/","url":"https:\/\/perpignan.alfmed.com\/es\/erasmus\/acogida-erasmus-practica\/movilidad-de-los-profesores\/masterclass-de-cuisine-francaise\/","name":"ALFMED Perpignan | MasterClass de cocina francesa","isPartOf":{"@id":"https:\/\/perpignan.alfmed.com\/es\/#website"},"primaryImageOfPage":{"@id":"https:\/\/perpignan.alfmed.com\/es\/erasmus\/acogida-erasmus-practica\/movilidad-de-los-profesores\/masterclass-de-cuisine-francaise\/#primaryimage"},"image":{"@id":"https:\/\/perpignan.alfmed.com\/es\/erasmus\/acogida-erasmus-practica\/movilidad-de-los-profesores\/masterclass-de-cuisine-francaise\/#primaryimage"},"thumbnailUrl":"https:\/\/perpignan.alfmed.com\/wp-content\/uploads\/2023\/02\/logo-french-cook.png","datePublished":"2022-02-11T14:15:18+00:00","dateModified":"2023-08-24T08:50:32+00:00","description":"Para el personal escolar y de educaci\u00f3n de adultos que participa en la formaci\u00f3n de cocineros, los chefs que participan en la formaci\u00f3n","breadcrumb":{"@id":"https:\/\/perpignan.alfmed.com\/es\/erasmus\/acogida-erasmus-practica\/movilidad-de-los-profesores\/masterclass-de-cuisine-francaise\/#breadcrumb"},"inLanguage":"es","potentialAction":[{"@type":"ReadAction","target":["https:\/\/perpignan.alfmed.com\/es\/erasmus\/acogida-erasmus-practica\/movilidad-de-los-profesores\/masterclass-de-cuisine-francaise\/"]}]},{"@type":"ImageObject","inLanguage":"es","@id":"https:\/\/perpignan.alfmed.com\/es\/erasmus\/acogida-erasmus-practica\/movilidad-de-los-profesores\/masterclass-de-cuisine-francaise\/#primaryimage","url":"https:\/\/perpignan.alfmed.com\/wp-content\/uploads\/2023\/02\/logo-french-cook.png","contentUrl":"https:\/\/perpignan.alfmed.com\/wp-content\/uploads\/2023\/02\/logo-french-cook.png","width":1117,"height":1150},{"@type":"BreadcrumbList","@id":"https:\/\/perpignan.alfmed.com\/es\/erasmus\/acogida-erasmus-practica\/movilidad-de-los-profesores\/masterclass-de-cuisine-francaise\/#breadcrumb","itemListElement":[{"@type":"ListItem","position":1,"name":"Home","item":"https:\/\/perpignan.alfmed.com\/es\/"},{"@type":"ListItem","position":2,"name":"Erasmus","item":"https:\/\/perpignan.alfmed.com\/es\/erasmus\/"},{"@type":"ListItem","position":3,"name":"Acogida pr\u00e1cticas erasmus","item":"https:\/\/perpignan.alfmed.com\/es\/erasmus\/acogida-erasmus-practica\/"},{"@type":"ListItem","position":4,"name":"Movilidad de los profesores","item":"https:\/\/perpignan.alfmed.com\/es\/erasmus\/acogida-erasmus-practica\/movilidad-de-los-profesores\/"},{"@type":"ListItem","position":5,"name":"MasterClass de cocina francesa"}]},{"@type":"WebSite","@id":"https:\/\/perpignan.alfmed.com\/es\/#website","url":"https:\/\/perpignan.alfmed.com\/es\/","name":"Alfmed","description":"EXPERTS EN LANGUES &amp; PROJETS EUROP\u00c9ENS","potentialAction":[{"@type":"SearchAction","target":{"@type":"EntryPoint","urlTemplate":"https:\/\/perpignan.alfmed.com\/es\/?s={search_term_string}"},"query-input":{"@type":"PropertyValueSpecification","valueRequired":true,"valueName":"search_term_string"}}],"inLanguage":"es"}]}},"_links":{"self":[{"href":"https:\/\/perpignan.alfmed.com\/es\/wp-json\/wp\/v2\/pages\/8334","targetHints":{"allow":["GET"]}}],"collection":[{"href":"https:\/\/perpignan.alfmed.com\/es\/wp-json\/wp\/v2\/pages"}],"about":[{"href":"https:\/\/perpignan.alfmed.com\/es\/wp-json\/wp\/v2\/types\/page"}],"author":[{"embeddable":true,"href":"https:\/\/perpignan.alfmed.com\/es\/wp-json\/wp\/v2\/users\/1"}],"replies":[{"embeddable":true,"href":"https:\/\/perpignan.alfmed.com\/es\/wp-json\/wp\/v2\/comments?post=8334"}],"version-history":[{"count":3,"href":"https:\/\/perpignan.alfmed.com\/es\/wp-json\/wp\/v2\/pages\/8334\/revisions"}],"predecessor-version":[{"id":15187,"href":"https:\/\/perpignan.alfmed.com\/es\/wp-json\/wp\/v2\/pages\/8334\/revisions\/15187"}],"up":[{"embeddable":true,"href":"https:\/\/perpignan.alfmed.com\/es\/wp-json\/wp\/v2\/pages\/8367"}],"wp:featuredmedia":[{"embeddable":true,"href":"https:\/\/perpignan.alfmed.com\/es\/wp-json\/wp\/v2\/media\/12510"}],"wp:attachment":[{"href":"https:\/\/perpignan.alfmed.com\/es\/wp-json\/wp\/v2\/media?parent=8334"}],"wp:term":[{"taxonomy":"category","embeddable":true,"href":"https:\/\/perpignan.alfmed.com\/es\/wp-json\/wp\/v2\/categories?post=8334"},{"taxonomy":"post_tag","embeddable":true,"href":"https:\/\/perpignan.alfmed.com\/es\/wp-json\/wp\/v2\/tags?post=8334"}],"curies":[{"name":"wp","href":"https:\/\/api.w.org\/{rel}","templated":true}]}}