{"id":8319,"date":"2022-02-11T16:07:19","date_gmt":"2022-02-11T16:07:19","guid":{"rendered":"https:\/\/perpignan.alfmed.com\/residence-napoleon\/"},"modified":"2024-01-18T11:48:37","modified_gmt":"2024-01-18T11:48:37","slug":"residencia-napoleon","status":"publish","type":"page","link":"https:\/\/perpignan.alfmed.com\/es\/erasmus\/acogida-erasmus-practica\/nuestro-alojamiento-estudiantes\/residencia-napoleon\/","title":{"rendered":"Residencia Napol\u00e9on"},"content":{"rendered":"","protected":false},"excerpt":{"rendered":"","protected":false},"author":1,"featured_media":11589,"parent":8364,"menu_order":0,"comment_status":"closed","ping_status":"closed","template":"page-template-logement.php","meta":{"_acf_changed":false,"_et_pb_use_builder":"","_et_pb_old_content":"","_et_gb_content_width":"","footnotes":""},"categories":[],"tags":[125],"class_list":["post-8319","page","type-page","status-publish","has-post-thumbnail","hentry","tag-gabarit-page-logement-es"],"acf":[],"yoast_head":"<!-- This site is optimized with the Yoast SEO plugin v27.3 - https:\/\/yoast.com\/product\/yoast-seo-wordpress\/ -->\n<title>ALFMED Perpignan | Residencia Napol\u00e9on<\/title>\n<meta name=\"description\" content=\"Cursos de ingl\u00e9s | Cursos de espa\u00f1ol | Cursos de catal\u00e1n | Franc\u00e9s como lengua extranjera | Cursos de italiano | Cursos de alem\u00e1n | Cursos de chino | Cursos de ruso en Perpi\u00f1\u00e1n\" \/>\n<meta name=\"robots\" content=\"index, follow, max-snippet:-1, max-image-preview:large, max-video-preview:-1\" \/>\n<link rel=\"canonical\" href=\"https:\/\/perpignan.alfmed.com\/es\/erasmus\/acogida-erasmus-practica\/nuestro-alojamiento-estudiantes\/residencia-napoleon\/\" \/>\n<meta property=\"og:locale\" content=\"es_ES\" \/>\n<meta property=\"og:type\" content=\"article\" \/>\n<meta property=\"og:title\" content=\"ALFMED Perpignan | Residencia Napol\u00e9on\" \/>\n<meta property=\"og:description\" content=\"Cursos de ingl\u00e9s | Cursos de espa\u00f1ol | Cursos de catal\u00e1n | Franc\u00e9s como lengua extranjera | Cursos de italiano | Cursos de alem\u00e1n | Cursos de chino | Cursos de ruso en Perpi\u00f1\u00e1n\" \/>\n<meta property=\"og:url\" content=\"https:\/\/perpignan.alfmed.com\/es\/erasmus\/acogida-erasmus-practica\/nuestro-alojamiento-estudiantes\/residencia-napoleon\/\" \/>\n<meta property=\"og:site_name\" content=\"Alfmed\" \/>\n<meta property=\"article:modified_time\" content=\"2024-01-18T11:48:37+00:00\" \/>\n<meta property=\"og:image\" content=\"https:\/\/perpignan.alfmed.com\/wp-content\/uploads\/2023\/01\/napoleon-04-scaled.jpg\" \/>\n\t<meta property=\"og:image:width\" content=\"2880\" \/>\n\t<meta property=\"og:image:height\" content=\"2160\" \/>\n\t<meta property=\"og:image:type\" content=\"image\/jpeg\" \/>\n<meta name=\"twitter:card\" content=\"summary_large_image\" \/>\n<script type=\"application\/ld+json\" class=\"yoast-schema-graph\">{\"@context\":\"https:\\\/\\\/schema.org\",\"@graph\":[{\"@type\":\"WebPage\",\"@id\":\"https:\\\/\\\/perpignan.alfmed.com\\\/es\\\/erasmus\\\/acogida-erasmus-practica\\\/nuestro-alojamiento-estudiantes\\\/residencia-napoleon\\\/\",\"url\":\"https:\\\/\\\/perpignan.alfmed.com\\\/es\\\/erasmus\\\/acogida-erasmus-practica\\\/nuestro-alojamiento-estudiantes\\\/residencia-napoleon\\\/\",\"name\":\"ALFMED Perpignan | Residencia Napol\u00e9on\",\"isPartOf\":{\"@id\":\"https:\\\/\\\/perpignan.alfmed.com\\\/es\\\/#website\"},\"primaryImageOfPage\":{\"@id\":\"https:\\\/\\\/perpignan.alfmed.com\\\/es\\\/erasmus\\\/acogida-erasmus-practica\\\/nuestro-alojamiento-estudiantes\\\/residencia-napoleon\\\/#primaryimage\"},\"image\":{\"@id\":\"https:\\\/\\\/perpignan.alfmed.com\\\/es\\\/erasmus\\\/acogida-erasmus-practica\\\/nuestro-alojamiento-estudiantes\\\/residencia-napoleon\\\/#primaryimage\"},\"thumbnailUrl\":\"https:\\\/\\\/perpignan.alfmed.com\\\/wp-content\\\/uploads\\\/2023\\\/01\\\/napoleon-04-scaled.jpg\",\"datePublished\":\"2022-02-11T16:07:19+00:00\",\"dateModified\":\"2024-01-18T11:48:37+00:00\",\"description\":\"Cursos de ingl\u00e9s | Cursos de espa\u00f1ol | Cursos de catal\u00e1n | Franc\u00e9s como lengua extranjera | Cursos de italiano | Cursos de alem\u00e1n | Cursos de chino | Cursos de ruso en Perpi\u00f1\u00e1n\",\"breadcrumb\":{\"@id\":\"https:\\\/\\\/perpignan.alfmed.com\\\/es\\\/erasmus\\\/acogida-erasmus-practica\\\/nuestro-alojamiento-estudiantes\\\/residencia-napoleon\\\/#breadcrumb\"},\"inLanguage\":\"es\",\"potentialAction\":[{\"@type\":\"ReadAction\",\"target\":[\"https:\\\/\\\/perpignan.alfmed.com\\\/es\\\/erasmus\\\/acogida-erasmus-practica\\\/nuestro-alojamiento-estudiantes\\\/residencia-napoleon\\\/\"]}]},{\"@type\":\"ImageObject\",\"inLanguage\":\"es\",\"@id\":\"https:\\\/\\\/perpignan.alfmed.com\\\/es\\\/erasmus\\\/acogida-erasmus-practica\\\/nuestro-alojamiento-estudiantes\\\/residencia-napoleon\\\/#primaryimage\",\"url\":\"https:\\\/\\\/perpignan.alfmed.com\\\/wp-content\\\/uploads\\\/2023\\\/01\\\/napoleon-04-scaled.jpg\",\"contentUrl\":\"https:\\\/\\\/perpignan.alfmed.com\\\/wp-content\\\/uploads\\\/2023\\\/01\\\/napoleon-04-scaled.jpg\",\"width\":2880,\"height\":2160},{\"@type\":\"BreadcrumbList\",\"@id\":\"https:\\\/\\\/perpignan.alfmed.com\\\/es\\\/erasmus\\\/acogida-erasmus-practica\\\/nuestro-alojamiento-estudiantes\\\/residencia-napoleon\\\/#breadcrumb\",\"itemListElement\":[{\"@type\":\"ListItem\",\"position\":1,\"name\":\"Home\",\"item\":\"https:\\\/\\\/perpignan.alfmed.com\\\/es\\\/\"},{\"@type\":\"ListItem\",\"position\":2,\"name\":\"Erasmus\",\"item\":\"https:\\\/\\\/perpignan.alfmed.com\\\/es\\\/erasmus\\\/\"},{\"@type\":\"ListItem\",\"position\":3,\"name\":\"Acogida pr\u00e1cticas erasmus\",\"item\":\"https:\\\/\\\/perpignan.alfmed.com\\\/es\\\/erasmus\\\/acogida-erasmus-practica\\\/\"},{\"@type\":\"ListItem\",\"position\":4,\"name\":\"Nuestro alojamiento para estudiantes\",\"item\":\"https:\\\/\\\/perpignan.alfmed.com\\\/es\\\/erasmus\\\/acogida-erasmus-practica\\\/nuestro-alojamiento-estudiantes\\\/\"},{\"@type\":\"ListItem\",\"position\":5,\"name\":\"Residencia Napol\u00e9on\"}]},{\"@type\":\"WebSite\",\"@id\":\"https:\\\/\\\/perpignan.alfmed.com\\\/es\\\/#website\",\"url\":\"https:\\\/\\\/perpignan.alfmed.com\\\/es\\\/\",\"name\":\"Alfmed\",\"description\":\"EXPERTS EN LANGUES &amp; PROJETS EUROP\u00c9ENS\",\"potentialAction\":[{\"@type\":\"SearchAction\",\"target\":{\"@type\":\"EntryPoint\",\"urlTemplate\":\"https:\\\/\\\/perpignan.alfmed.com\\\/es\\\/?s={search_term_string}\"},\"query-input\":{\"@type\":\"PropertyValueSpecification\",\"valueRequired\":true,\"valueName\":\"search_term_string\"}}],\"inLanguage\":\"es\"}]}<\/script>\n<!-- \/ Yoast SEO plugin. -->","yoast_head_json":{"title":"ALFMED Perpignan | Residencia Napol\u00e9on","description":"Cursos de ingl\u00e9s | Cursos de espa\u00f1ol | Cursos de catal\u00e1n | Franc\u00e9s como lengua extranjera | Cursos de italiano | Cursos de alem\u00e1n | Cursos de chino | Cursos de ruso en Perpi\u00f1\u00e1n","robots":{"index":"index","follow":"follow","max-snippet":"max-snippet:-1","max-image-preview":"max-image-preview:large","max-video-preview":"max-video-preview:-1"},"canonical":"https:\/\/perpignan.alfmed.com\/es\/erasmus\/acogida-erasmus-practica\/nuestro-alojamiento-estudiantes\/residencia-napoleon\/","og_locale":"es_ES","og_type":"article","og_title":"ALFMED Perpignan | Residencia Napol\u00e9on","og_description":"Cursos de ingl\u00e9s | Cursos de espa\u00f1ol | Cursos de catal\u00e1n | Franc\u00e9s como lengua extranjera | Cursos de italiano | Cursos de alem\u00e1n | Cursos de chino | Cursos de ruso en Perpi\u00f1\u00e1n","og_url":"https:\/\/perpignan.alfmed.com\/es\/erasmus\/acogida-erasmus-practica\/nuestro-alojamiento-estudiantes\/residencia-napoleon\/","og_site_name":"Alfmed","article_modified_time":"2024-01-18T11:48:37+00:00","og_image":[{"width":2880,"height":2160,"url":"https:\/\/perpignan.alfmed.com\/wp-content\/uploads\/2023\/01\/napoleon-04-scaled.jpg","type":"image\/jpeg"}],"twitter_card":"summary_large_image","schema":{"@context":"https:\/\/schema.org","@graph":[{"@type":"WebPage","@id":"https:\/\/perpignan.alfmed.com\/es\/erasmus\/acogida-erasmus-practica\/nuestro-alojamiento-estudiantes\/residencia-napoleon\/","url":"https:\/\/perpignan.alfmed.com\/es\/erasmus\/acogida-erasmus-practica\/nuestro-alojamiento-estudiantes\/residencia-napoleon\/","name":"ALFMED Perpignan | Residencia Napol\u00e9on","isPartOf":{"@id":"https:\/\/perpignan.alfmed.com\/es\/#website"},"primaryImageOfPage":{"@id":"https:\/\/perpignan.alfmed.com\/es\/erasmus\/acogida-erasmus-practica\/nuestro-alojamiento-estudiantes\/residencia-napoleon\/#primaryimage"},"image":{"@id":"https:\/\/perpignan.alfmed.com\/es\/erasmus\/acogida-erasmus-practica\/nuestro-alojamiento-estudiantes\/residencia-napoleon\/#primaryimage"},"thumbnailUrl":"https:\/\/perpignan.alfmed.com\/wp-content\/uploads\/2023\/01\/napoleon-04-scaled.jpg","datePublished":"2022-02-11T16:07:19+00:00","dateModified":"2024-01-18T11:48:37+00:00","description":"Cursos de ingl\u00e9s | Cursos de espa\u00f1ol | Cursos de catal\u00e1n | Franc\u00e9s como lengua extranjera | Cursos de italiano | Cursos de alem\u00e1n | Cursos de chino | Cursos de ruso en Perpi\u00f1\u00e1n","breadcrumb":{"@id":"https:\/\/perpignan.alfmed.com\/es\/erasmus\/acogida-erasmus-practica\/nuestro-alojamiento-estudiantes\/residencia-napoleon\/#breadcrumb"},"inLanguage":"es","potentialAction":[{"@type":"ReadAction","target":["https:\/\/perpignan.alfmed.com\/es\/erasmus\/acogida-erasmus-practica\/nuestro-alojamiento-estudiantes\/residencia-napoleon\/"]}]},{"@type":"ImageObject","inLanguage":"es","@id":"https:\/\/perpignan.alfmed.com\/es\/erasmus\/acogida-erasmus-practica\/nuestro-alojamiento-estudiantes\/residencia-napoleon\/#primaryimage","url":"https:\/\/perpignan.alfmed.com\/wp-content\/uploads\/2023\/01\/napoleon-04-scaled.jpg","contentUrl":"https:\/\/perpignan.alfmed.com\/wp-content\/uploads\/2023\/01\/napoleon-04-scaled.jpg","width":2880,"height":2160},{"@type":"BreadcrumbList","@id":"https:\/\/perpignan.alfmed.com\/es\/erasmus\/acogida-erasmus-practica\/nuestro-alojamiento-estudiantes\/residencia-napoleon\/#breadcrumb","itemListElement":[{"@type":"ListItem","position":1,"name":"Home","item":"https:\/\/perpignan.alfmed.com\/es\/"},{"@type":"ListItem","position":2,"name":"Erasmus","item":"https:\/\/perpignan.alfmed.com\/es\/erasmus\/"},{"@type":"ListItem","position":3,"name":"Acogida pr\u00e1cticas erasmus","item":"https:\/\/perpignan.alfmed.com\/es\/erasmus\/acogida-erasmus-practica\/"},{"@type":"ListItem","position":4,"name":"Nuestro alojamiento para estudiantes","item":"https:\/\/perpignan.alfmed.com\/es\/erasmus\/acogida-erasmus-practica\/nuestro-alojamiento-estudiantes\/"},{"@type":"ListItem","position":5,"name":"Residencia Napol\u00e9on"}]},{"@type":"WebSite","@id":"https:\/\/perpignan.alfmed.com\/es\/#website","url":"https:\/\/perpignan.alfmed.com\/es\/","name":"Alfmed","description":"EXPERTS EN LANGUES &amp; PROJETS EUROP\u00c9ENS","potentialAction":[{"@type":"SearchAction","target":{"@type":"EntryPoint","urlTemplate":"https:\/\/perpignan.alfmed.com\/es\/?s={search_term_string}"},"query-input":{"@type":"PropertyValueSpecification","valueRequired":true,"valueName":"search_term_string"}}],"inLanguage":"es"}]}},"_links":{"self":[{"href":"https:\/\/perpignan.alfmed.com\/es\/wp-json\/wp\/v2\/pages\/8319","targetHints":{"allow":["GET"]}}],"collection":[{"href":"https:\/\/perpignan.alfmed.com\/es\/wp-json\/wp\/v2\/pages"}],"about":[{"href":"https:\/\/perpignan.alfmed.com\/es\/wp-json\/wp\/v2\/types\/page"}],"author":[{"embeddable":true,"href":"https:\/\/perpignan.alfmed.com\/es\/wp-json\/wp\/v2\/users\/1"}],"replies":[{"embeddable":true,"href":"https:\/\/perpignan.alfmed.com\/es\/wp-json\/wp\/v2\/comments?post=8319"}],"version-history":[{"count":4,"href":"https:\/\/perpignan.alfmed.com\/es\/wp-json\/wp\/v2\/pages\/8319\/revisions"}],"predecessor-version":[{"id":16800,"href":"https:\/\/perpignan.alfmed.com\/es\/wp-json\/wp\/v2\/pages\/8319\/revisions\/16800"}],"up":[{"embeddable":true,"href":"https:\/\/perpignan.alfmed.com\/es\/wp-json\/wp\/v2\/pages\/8364"}],"wp:featuredmedia":[{"embeddable":true,"href":"https:\/\/perpignan.alfmed.com\/es\/wp-json\/wp\/v2\/media\/11589"}],"wp:attachment":[{"href":"https:\/\/perpignan.alfmed.com\/es\/wp-json\/wp\/v2\/media?parent=8319"}],"wp:term":[{"taxonomy":"category","embeddable":true,"href":"https:\/\/perpignan.alfmed.com\/es\/wp-json\/wp\/v2\/categories?post=8319"},{"taxonomy":"post_tag","embeddable":true,"href":"https:\/\/perpignan.alfmed.com\/es\/wp-json\/wp\/v2\/tags?post=8319"}],"curies":[{"name":"wp","href":"https:\/\/api.w.org\/{rel}","templated":true}]}}