{"id":8249,"date":"2021-10-06T13:01:12","date_gmt":"2021-10-06T12:01:12","guid":{"rendered":"https:\/\/perpignan.alfmed.com\/accueil\/"},"modified":"2023-10-16T12:55:22","modified_gmt":"2023-10-16T12:55:22","slug":"accueil","status":"publish","type":"page","link":"https:\/\/perpignan.alfmed.com\/es\/","title":{"rendered":"recepci\u00f3n"},"content":{"rendered":"","protected":false},"excerpt":{"rendered":"","protected":false},"author":1,"featured_media":11507,"parent":0,"menu_order":0,"comment_status":"closed","ping_status":"closed","template":"page-template-Home.php","meta":{"_acf_changed":false,"_et_pb_use_builder":"","_et_pb_old_content":"","_et_gb_content_width":"","footnotes":""},"categories":[],"tags":[],"class_list":["post-8249","page","type-page","status-publish","has-post-thumbnail","hentry"],"acf":[],"yoast_head":"<!-- This site is optimized with the Yoast SEO plugin v27.3 - https:\/\/yoast.com\/product\/yoast-seo-wordpress\/ -->\n<title>ALFMED Perpignan - EXPERTOS EN IDIOMAS &amp; PROYECTOS EUROPEOS<\/title>\n<meta name=\"description\" content=\"Cursos de idiomas en Perpi\u00f1\u00e1n | Semestres de franc\u00e9s | Centro acreditado Erasmus | Proyectos europeos\" \/>\n<meta name=\"robots\" content=\"index, follow, max-snippet:-1, max-image-preview:large, max-video-preview:-1\" \/>\n<link rel=\"canonical\" href=\"https:\/\/perpignan.alfmed.com\/es\/\" \/>\n<meta property=\"og:locale\" content=\"es_ES\" \/>\n<meta property=\"og:type\" content=\"article\" \/>\n<meta property=\"og:title\" content=\"ALFMED Perpignan - EXPERTOS EN IDIOMAS &amp; PROYECTOS EUROPEOS\" \/>\n<meta property=\"og:description\" content=\"Cursos de idiomas en Perpi\u00f1\u00e1n | Semestres de franc\u00e9s | Centro acreditado Erasmus | Proyectos europeos\" \/>\n<meta property=\"og:url\" content=\"https:\/\/perpignan.alfmed.com\/es\/\" \/>\n<meta property=\"og:site_name\" content=\"Alfmed\" \/>\n<meta property=\"article:modified_time\" content=\"2023-10-16T12:55:22+00:00\" \/>\n<meta property=\"og:image\" content=\"https:\/\/perpignan.alfmed.com\/wp-content\/uploads\/2023\/01\/alfmed-nouvelle-facade-1-1.jpeg\" \/>\n\t<meta property=\"og:image:width\" content=\"1200\" \/>\n\t<meta property=\"og:image:height\" content=\"1600\" \/>\n\t<meta property=\"og:image:type\" content=\"image\/jpeg\" \/>\n<meta name=\"twitter:card\" content=\"summary_large_image\" \/>\n<script type=\"application\/ld+json\" class=\"yoast-schema-graph\">{\"@context\":\"https:\\\/\\\/schema.org\",\"@graph\":[{\"@type\":\"WebPage\",\"@id\":\"https:\\\/\\\/perpignan.alfmed.com\\\/es\\\/\",\"url\":\"https:\\\/\\\/perpignan.alfmed.com\\\/es\\\/\",\"name\":\"ALFMED Perpignan - EXPERTOS EN IDIOMAS & PROYECTOS EUROPEOS\",\"isPartOf\":{\"@id\":\"https:\\\/\\\/perpignan.alfmed.com\\\/es\\\/#website\"},\"primaryImageOfPage\":{\"@id\":\"https:\\\/\\\/perpignan.alfmed.com\\\/es\\\/#primaryimage\"},\"image\":{\"@id\":\"https:\\\/\\\/perpignan.alfmed.com\\\/es\\\/#primaryimage\"},\"thumbnailUrl\":\"https:\\\/\\\/perpignan.alfmed.com\\\/wp-content\\\/uploads\\\/2023\\\/01\\\/alfmed-nouvelle-facade-1-1.jpeg\",\"datePublished\":\"2021-10-06T12:01:12+00:00\",\"dateModified\":\"2023-10-16T12:55:22+00:00\",\"description\":\"Cursos de idiomas en Perpi\u00f1\u00e1n | Semestres de franc\u00e9s | Centro acreditado Erasmus | Proyectos europeos\",\"breadcrumb\":{\"@id\":\"https:\\\/\\\/perpignan.alfmed.com\\\/es\\\/#breadcrumb\"},\"inLanguage\":\"es\",\"potentialAction\":[{\"@type\":\"ReadAction\",\"target\":[\"https:\\\/\\\/perpignan.alfmed.com\\\/es\\\/\"]}]},{\"@type\":\"ImageObject\",\"inLanguage\":\"es\",\"@id\":\"https:\\\/\\\/perpignan.alfmed.com\\\/es\\\/#primaryimage\",\"url\":\"https:\\\/\\\/perpignan.alfmed.com\\\/wp-content\\\/uploads\\\/2023\\\/01\\\/alfmed-nouvelle-facade-1-1.jpeg\",\"contentUrl\":\"https:\\\/\\\/perpignan.alfmed.com\\\/wp-content\\\/uploads\\\/2023\\\/01\\\/alfmed-nouvelle-facade-1-1.jpeg\",\"width\":1200,\"height\":1600,\"caption\":\"Devanture ALFMED\"},{\"@type\":\"BreadcrumbList\",\"@id\":\"https:\\\/\\\/perpignan.alfmed.com\\\/es\\\/#breadcrumb\",\"itemListElement\":[{\"@type\":\"ListItem\",\"position\":1,\"name\":\"Home\",\"item\":\"https:\\\/\\\/perpignan.alfmed.com\\\/es\\\/\"},{\"@type\":\"ListItem\",\"position\":2,\"name\":\"recepci\u00f3n\"}]},{\"@type\":\"WebSite\",\"@id\":\"https:\\\/\\\/perpignan.alfmed.com\\\/es\\\/#website\",\"url\":\"https:\\\/\\\/perpignan.alfmed.com\\\/es\\\/\",\"name\":\"Alfmed\",\"description\":\"EXPERTS EN LANGUES &amp; PROJETS EUROP\u00c9ENS\",\"potentialAction\":[{\"@type\":\"SearchAction\",\"target\":{\"@type\":\"EntryPoint\",\"urlTemplate\":\"https:\\\/\\\/perpignan.alfmed.com\\\/es\\\/?s={search_term_string}\"},\"query-input\":{\"@type\":\"PropertyValueSpecification\",\"valueRequired\":true,\"valueName\":\"search_term_string\"}}],\"inLanguage\":\"es\"}]}<\/script>\n<!-- \/ Yoast SEO plugin. -->","yoast_head_json":{"title":"ALFMED Perpignan - EXPERTOS EN IDIOMAS & PROYECTOS EUROPEOS","description":"Cursos de idiomas en Perpi\u00f1\u00e1n | Semestres de franc\u00e9s | Centro acreditado Erasmus | Proyectos europeos","robots":{"index":"index","follow":"follow","max-snippet":"max-snippet:-1","max-image-preview":"max-image-preview:large","max-video-preview":"max-video-preview:-1"},"canonical":"https:\/\/perpignan.alfmed.com\/es\/","og_locale":"es_ES","og_type":"article","og_title":"ALFMED Perpignan - EXPERTOS EN IDIOMAS & PROYECTOS EUROPEOS","og_description":"Cursos de idiomas en Perpi\u00f1\u00e1n | Semestres de franc\u00e9s | Centro acreditado Erasmus | Proyectos europeos","og_url":"https:\/\/perpignan.alfmed.com\/es\/","og_site_name":"Alfmed","article_modified_time":"2023-10-16T12:55:22+00:00","og_image":[{"width":1200,"height":1600,"url":"https:\/\/perpignan.alfmed.com\/wp-content\/uploads\/2023\/01\/alfmed-nouvelle-facade-1-1.jpeg","type":"image\/jpeg"}],"twitter_card":"summary_large_image","schema":{"@context":"https:\/\/schema.org","@graph":[{"@type":"WebPage","@id":"https:\/\/perpignan.alfmed.com\/es\/","url":"https:\/\/perpignan.alfmed.com\/es\/","name":"ALFMED Perpignan - EXPERTOS EN IDIOMAS & PROYECTOS EUROPEOS","isPartOf":{"@id":"https:\/\/perpignan.alfmed.com\/es\/#website"},"primaryImageOfPage":{"@id":"https:\/\/perpignan.alfmed.com\/es\/#primaryimage"},"image":{"@id":"https:\/\/perpignan.alfmed.com\/es\/#primaryimage"},"thumbnailUrl":"https:\/\/perpignan.alfmed.com\/wp-content\/uploads\/2023\/01\/alfmed-nouvelle-facade-1-1.jpeg","datePublished":"2021-10-06T12:01:12+00:00","dateModified":"2023-10-16T12:55:22+00:00","description":"Cursos de idiomas en Perpi\u00f1\u00e1n | Semestres de franc\u00e9s | Centro acreditado Erasmus | Proyectos europeos","breadcrumb":{"@id":"https:\/\/perpignan.alfmed.com\/es\/#breadcrumb"},"inLanguage":"es","potentialAction":[{"@type":"ReadAction","target":["https:\/\/perpignan.alfmed.com\/es\/"]}]},{"@type":"ImageObject","inLanguage":"es","@id":"https:\/\/perpignan.alfmed.com\/es\/#primaryimage","url":"https:\/\/perpignan.alfmed.com\/wp-content\/uploads\/2023\/01\/alfmed-nouvelle-facade-1-1.jpeg","contentUrl":"https:\/\/perpignan.alfmed.com\/wp-content\/uploads\/2023\/01\/alfmed-nouvelle-facade-1-1.jpeg","width":1200,"height":1600,"caption":"Devanture ALFMED"},{"@type":"BreadcrumbList","@id":"https:\/\/perpignan.alfmed.com\/es\/#breadcrumb","itemListElement":[{"@type":"ListItem","position":1,"name":"Home","item":"https:\/\/perpignan.alfmed.com\/es\/"},{"@type":"ListItem","position":2,"name":"recepci\u00f3n"}]},{"@type":"WebSite","@id":"https:\/\/perpignan.alfmed.com\/es\/#website","url":"https:\/\/perpignan.alfmed.com\/es\/","name":"Alfmed","description":"EXPERTS EN LANGUES &amp; PROJETS EUROP\u00c9ENS","potentialAction":[{"@type":"SearchAction","target":{"@type":"EntryPoint","urlTemplate":"https:\/\/perpignan.alfmed.com\/es\/?s={search_term_string}"},"query-input":{"@type":"PropertyValueSpecification","valueRequired":true,"valueName":"search_term_string"}}],"inLanguage":"es"}]}},"_links":{"self":[{"href":"https:\/\/perpignan.alfmed.com\/es\/wp-json\/wp\/v2\/pages\/8249","targetHints":{"allow":["GET"]}}],"collection":[{"href":"https:\/\/perpignan.alfmed.com\/es\/wp-json\/wp\/v2\/pages"}],"about":[{"href":"https:\/\/perpignan.alfmed.com\/es\/wp-json\/wp\/v2\/types\/page"}],"author":[{"embeddable":true,"href":"https:\/\/perpignan.alfmed.com\/es\/wp-json\/wp\/v2\/users\/1"}],"replies":[{"embeddable":true,"href":"https:\/\/perpignan.alfmed.com\/es\/wp-json\/wp\/v2\/comments?post=8249"}],"version-history":[{"count":3,"href":"https:\/\/perpignan.alfmed.com\/es\/wp-json\/wp\/v2\/pages\/8249\/revisions"}],"predecessor-version":[{"id":16074,"href":"https:\/\/perpignan.alfmed.com\/es\/wp-json\/wp\/v2\/pages\/8249\/revisions\/16074"}],"wp:featuredmedia":[{"embeddable":true,"href":"https:\/\/perpignan.alfmed.com\/es\/wp-json\/wp\/v2\/media\/11507"}],"wp:attachment":[{"href":"https:\/\/perpignan.alfmed.com\/es\/wp-json\/wp\/v2\/media?parent=8249"}],"wp:term":[{"taxonomy":"category","embeddable":true,"href":"https:\/\/perpignan.alfmed.com\/es\/wp-json\/wp\/v2\/categories?post=8249"},{"taxonomy":"post_tag","embeddable":true,"href":"https:\/\/perpignan.alfmed.com\/es\/wp-json\/wp\/v2\/tags?post=8249"}],"curies":[{"name":"wp","href":"https:\/\/api.w.org\/{rel}","templated":true}]}}