{"id":632,"date":"2022-02-04T17:22:12","date_gmt":"2022-02-04T17:22:12","guid":{"rendered":"https:\/\/perpignan.alfmed.com\/?page_id=632"},"modified":"2025-11-28T12:50:54","modified_gmt":"2025-11-28T11:50:54","slug":"stages-vacances-scolaires","status":"publish","type":"page","link":"https:\/\/perpignan.alfmed.com\/es\/scolaire\/stages-vacances-scolaires\/","title":{"rendered":"Stages Vacances Scolaires"},"content":{"rendered":"","protected":false},"excerpt":{"rendered":"","protected":false},"author":1,"featured_media":526,"parent":629,"menu_order":0,"comment_status":"closed","ping_status":"closed","template":"page-template-scolaire.php","meta":{"_acf_changed":false,"_et_pb_use_builder":"","_et_pb_old_content":"","_et_gb_content_width":"","footnotes":""},"categories":[],"tags":[38],"class_list":["post-632","page","type-page","status-publish","has-post-thumbnail","hentry","tag-gabarit-page-scolaire"],"acf":[],"yoast_head":"<!-- This site is optimized with the Yoast SEO plugin v27.3 - https:\/\/yoast.com\/product\/yoast-seo-wordpress\/ -->\n<title>Stages Anglais Espagnol vacances scolaires | ALFMED Perpignan<\/title>\n<meta name=\"description\" content=\"Stages Anglais Espagnol enfants\/adolescents pendant les vacances scolaires \u00e0 Perpignan, golf, arts graphiques l&#039;IDEM, espagnol lyc\u00e9e l&#039;\u00e9t\u00e9\" \/>\n<meta name=\"robots\" content=\"index, follow, max-snippet:-1, max-image-preview:large, max-video-preview:-1\" \/>\n<link rel=\"canonical\" href=\"https:\/\/perpignan.alfmed.com\/es\/scolaire\/stages-vacances-scolaires\/\" \/>\n<meta property=\"og:locale\" content=\"es_ES\" \/>\n<meta property=\"og:type\" content=\"article\" \/>\n<meta property=\"og:title\" content=\"Stages Anglais Espagnol vacances scolaires | ALFMED Perpignan\" \/>\n<meta property=\"og:description\" content=\"Stages Anglais Espagnol enfants\/adolescents pendant les vacances scolaires \u00e0 Perpignan, golf, arts graphiques l&#039;IDEM, espagnol lyc\u00e9e l&#039;\u00e9t\u00e9\" \/>\n<meta property=\"og:url\" content=\"https:\/\/perpignan.alfmed.com\/es\/scolaire\/stages-vacances-scolaires\/\" \/>\n<meta property=\"og:site_name\" content=\"Alfmed\" \/>\n<meta property=\"article:modified_time\" content=\"2025-11-28T11:50:54+00:00\" \/>\n<meta property=\"og:image\" content=\"https:\/\/perpignan.alfmed.com\/wp-content\/uploads\/2022\/02\/img-scolaire-4.jpg\" \/>\n\t<meta property=\"og:image:width\" content=\"293\" \/>\n\t<meta property=\"og:image:height\" content=\"213\" \/>\n\t<meta property=\"og:image:type\" content=\"image\/jpeg\" \/>\n<meta name=\"twitter:card\" content=\"summary_large_image\" \/>\n<script type=\"application\/ld+json\" class=\"yoast-schema-graph\">{\"@context\":\"https:\\\/\\\/schema.org\",\"@graph\":[{\"@type\":\"WebPage\",\"@id\":\"https:\\\/\\\/perpignan.alfmed.com\\\/es\\\/scolaire\\\/stages-vacances-scolaires\\\/\",\"url\":\"https:\\\/\\\/perpignan.alfmed.com\\\/es\\\/scolaire\\\/stages-vacances-scolaires\\\/\",\"name\":\"Stages Anglais Espagnol vacances scolaires | ALFMED Perpignan\",\"isPartOf\":{\"@id\":\"https:\\\/\\\/perpignan.alfmed.com\\\/es\\\/#website\"},\"primaryImageOfPage\":{\"@id\":\"https:\\\/\\\/perpignan.alfmed.com\\\/es\\\/scolaire\\\/stages-vacances-scolaires\\\/#primaryimage\"},\"image\":{\"@id\":\"https:\\\/\\\/perpignan.alfmed.com\\\/es\\\/scolaire\\\/stages-vacances-scolaires\\\/#primaryimage\"},\"thumbnailUrl\":\"https:\\\/\\\/perpignan.alfmed.com\\\/wp-content\\\/uploads\\\/2022\\\/02\\\/img-scolaire-4.jpg\",\"datePublished\":\"2022-02-04T17:22:12+00:00\",\"dateModified\":\"2025-11-28T11:50:54+00:00\",\"description\":\"Stages Anglais Espagnol enfants\\\/adolescents pendant les vacances scolaires \u00e0 Perpignan, golf, arts graphiques l'IDEM, espagnol lyc\u00e9e l'\u00e9t\u00e9\",\"breadcrumb\":{\"@id\":\"https:\\\/\\\/perpignan.alfmed.com\\\/es\\\/scolaire\\\/stages-vacances-scolaires\\\/#breadcrumb\"},\"inLanguage\":\"es\",\"potentialAction\":[{\"@type\":\"ReadAction\",\"target\":[\"https:\\\/\\\/perpignan.alfmed.com\\\/es\\\/scolaire\\\/stages-vacances-scolaires\\\/\"]}]},{\"@type\":\"ImageObject\",\"inLanguage\":\"es\",\"@id\":\"https:\\\/\\\/perpignan.alfmed.com\\\/es\\\/scolaire\\\/stages-vacances-scolaires\\\/#primaryimage\",\"url\":\"https:\\\/\\\/perpignan.alfmed.com\\\/wp-content\\\/uploads\\\/2022\\\/02\\\/img-scolaire-4.jpg\",\"contentUrl\":\"https:\\\/\\\/perpignan.alfmed.com\\\/wp-content\\\/uploads\\\/2022\\\/02\\\/img-scolaire-4.jpg\",\"width\":293,\"height\":213,\"caption\":\"cours de langue pour entreprise\"},{\"@type\":\"BreadcrumbList\",\"@id\":\"https:\\\/\\\/perpignan.alfmed.com\\\/es\\\/scolaire\\\/stages-vacances-scolaires\\\/#breadcrumb\",\"itemListElement\":[{\"@type\":\"ListItem\",\"position\":1,\"name\":\"Home\",\"item\":\"https:\\\/\\\/perpignan.alfmed.com\\\/es\\\/\"},{\"@type\":\"ListItem\",\"position\":2,\"name\":\"Scolaires\",\"item\":\"https:\\\/\\\/perpignan.alfmed.com\\\/es\\\/scolaire\\\/\"},{\"@type\":\"ListItem\",\"position\":3,\"name\":\"Stages Vacances Scolaires\"}]},{\"@type\":\"WebSite\",\"@id\":\"https:\\\/\\\/perpignan.alfmed.com\\\/es\\\/#website\",\"url\":\"https:\\\/\\\/perpignan.alfmed.com\\\/es\\\/\",\"name\":\"Alfmed\",\"description\":\"EXPERTS EN LANGUES &amp; PROJETS EUROP\u00c9ENS\",\"potentialAction\":[{\"@type\":\"SearchAction\",\"target\":{\"@type\":\"EntryPoint\",\"urlTemplate\":\"https:\\\/\\\/perpignan.alfmed.com\\\/es\\\/?s={search_term_string}\"},\"query-input\":{\"@type\":\"PropertyValueSpecification\",\"valueRequired\":true,\"valueName\":\"search_term_string\"}}],\"inLanguage\":\"es\"}]}<\/script>\n<!-- \/ Yoast SEO plugin. -->","yoast_head_json":{"title":"Stages Anglais Espagnol vacances scolaires | ALFMED Perpignan","description":"Stages Anglais Espagnol enfants\/adolescents pendant les vacances scolaires \u00e0 Perpignan, golf, arts graphiques l'IDEM, espagnol lyc\u00e9e l'\u00e9t\u00e9","robots":{"index":"index","follow":"follow","max-snippet":"max-snippet:-1","max-image-preview":"max-image-preview:large","max-video-preview":"max-video-preview:-1"},"canonical":"https:\/\/perpignan.alfmed.com\/es\/scolaire\/stages-vacances-scolaires\/","og_locale":"es_ES","og_type":"article","og_title":"Stages Anglais Espagnol vacances scolaires | ALFMED Perpignan","og_description":"Stages Anglais Espagnol enfants\/adolescents pendant les vacances scolaires \u00e0 Perpignan, golf, arts graphiques l'IDEM, espagnol lyc\u00e9e l'\u00e9t\u00e9","og_url":"https:\/\/perpignan.alfmed.com\/es\/scolaire\/stages-vacances-scolaires\/","og_site_name":"Alfmed","article_modified_time":"2025-11-28T11:50:54+00:00","og_image":[{"width":293,"height":213,"url":"https:\/\/perpignan.alfmed.com\/wp-content\/uploads\/2022\/02\/img-scolaire-4.jpg","type":"image\/jpeg"}],"twitter_card":"summary_large_image","schema":{"@context":"https:\/\/schema.org","@graph":[{"@type":"WebPage","@id":"https:\/\/perpignan.alfmed.com\/es\/scolaire\/stages-vacances-scolaires\/","url":"https:\/\/perpignan.alfmed.com\/es\/scolaire\/stages-vacances-scolaires\/","name":"Stages Anglais Espagnol vacances scolaires | ALFMED Perpignan","isPartOf":{"@id":"https:\/\/perpignan.alfmed.com\/es\/#website"},"primaryImageOfPage":{"@id":"https:\/\/perpignan.alfmed.com\/es\/scolaire\/stages-vacances-scolaires\/#primaryimage"},"image":{"@id":"https:\/\/perpignan.alfmed.com\/es\/scolaire\/stages-vacances-scolaires\/#primaryimage"},"thumbnailUrl":"https:\/\/perpignan.alfmed.com\/wp-content\/uploads\/2022\/02\/img-scolaire-4.jpg","datePublished":"2022-02-04T17:22:12+00:00","dateModified":"2025-11-28T11:50:54+00:00","description":"Stages Anglais Espagnol enfants\/adolescents pendant les vacances scolaires \u00e0 Perpignan, golf, arts graphiques l'IDEM, espagnol lyc\u00e9e l'\u00e9t\u00e9","breadcrumb":{"@id":"https:\/\/perpignan.alfmed.com\/es\/scolaire\/stages-vacances-scolaires\/#breadcrumb"},"inLanguage":"es","potentialAction":[{"@type":"ReadAction","target":["https:\/\/perpignan.alfmed.com\/es\/scolaire\/stages-vacances-scolaires\/"]}]},{"@type":"ImageObject","inLanguage":"es","@id":"https:\/\/perpignan.alfmed.com\/es\/scolaire\/stages-vacances-scolaires\/#primaryimage","url":"https:\/\/perpignan.alfmed.com\/wp-content\/uploads\/2022\/02\/img-scolaire-4.jpg","contentUrl":"https:\/\/perpignan.alfmed.com\/wp-content\/uploads\/2022\/02\/img-scolaire-4.jpg","width":293,"height":213,"caption":"cours de langue pour entreprise"},{"@type":"BreadcrumbList","@id":"https:\/\/perpignan.alfmed.com\/es\/scolaire\/stages-vacances-scolaires\/#breadcrumb","itemListElement":[{"@type":"ListItem","position":1,"name":"Home","item":"https:\/\/perpignan.alfmed.com\/es\/"},{"@type":"ListItem","position":2,"name":"Scolaires","item":"https:\/\/perpignan.alfmed.com\/es\/scolaire\/"},{"@type":"ListItem","position":3,"name":"Stages Vacances Scolaires"}]},{"@type":"WebSite","@id":"https:\/\/perpignan.alfmed.com\/es\/#website","url":"https:\/\/perpignan.alfmed.com\/es\/","name":"Alfmed","description":"EXPERTS EN LANGUES &amp; PROJETS EUROP\u00c9ENS","potentialAction":[{"@type":"SearchAction","target":{"@type":"EntryPoint","urlTemplate":"https:\/\/perpignan.alfmed.com\/es\/?s={search_term_string}"},"query-input":{"@type":"PropertyValueSpecification","valueRequired":true,"valueName":"search_term_string"}}],"inLanguage":"es"}]}},"_links":{"self":[{"href":"https:\/\/perpignan.alfmed.com\/es\/wp-json\/wp\/v2\/pages\/632","targetHints":{"allow":["GET"]}}],"collection":[{"href":"https:\/\/perpignan.alfmed.com\/es\/wp-json\/wp\/v2\/pages"}],"about":[{"href":"https:\/\/perpignan.alfmed.com\/es\/wp-json\/wp\/v2\/types\/page"}],"author":[{"embeddable":true,"href":"https:\/\/perpignan.alfmed.com\/es\/wp-json\/wp\/v2\/users\/1"}],"replies":[{"embeddable":true,"href":"https:\/\/perpignan.alfmed.com\/es\/wp-json\/wp\/v2\/comments?post=632"}],"version-history":[{"count":3,"href":"https:\/\/perpignan.alfmed.com\/es\/wp-json\/wp\/v2\/pages\/632\/revisions"}],"predecessor-version":[{"id":22361,"href":"https:\/\/perpignan.alfmed.com\/es\/wp-json\/wp\/v2\/pages\/632\/revisions\/22361"}],"up":[{"embeddable":true,"href":"https:\/\/perpignan.alfmed.com\/es\/wp-json\/wp\/v2\/pages\/629"}],"wp:featuredmedia":[{"embeddable":true,"href":"https:\/\/perpignan.alfmed.com\/es\/wp-json\/wp\/v2\/media\/526"}],"wp:attachment":[{"href":"https:\/\/perpignan.alfmed.com\/es\/wp-json\/wp\/v2\/media?parent=632"}],"wp:term":[{"taxonomy":"category","embeddable":true,"href":"https:\/\/perpignan.alfmed.com\/es\/wp-json\/wp\/v2\/categories?post=632"},{"taxonomy":"post_tag","embeddable":true,"href":"https:\/\/perpignan.alfmed.com\/es\/wp-json\/wp\/v2\/tags?post=632"}],"curies":[{"name":"wp","href":"https:\/\/api.w.org\/{rel}","templated":true}]}}