{"id":22413,"date":"2025-12-03T17:11:50","date_gmt":"2025-12-03T16:11:50","guid":{"rendered":"https:\/\/perpignan.alfmed.com\/?page_id=22413"},"modified":"2026-03-03T10:40:07","modified_gmt":"2026-03-03T09:40:07","slug":"nos-cartes-smart","status":"publish","type":"page","link":"https:\/\/perpignan.alfmed.com\/es\/nos-cartes-smart\/","title":{"rendered":"Nos cartes SMART"},"content":{"rendered":"","protected":false},"excerpt":{"rendered":"","protected":false},"author":3,"featured_media":22474,"parent":0,"menu_order":0,"comment_status":"closed","ping_status":"closed","template":"page-template-air-camp.php","meta":{"_acf_changed":false,"_et_pb_use_builder":"","_et_pb_old_content":"","_et_gb_content_width":"","footnotes":""},"categories":[],"tags":[41],"class_list":["post-22413","page","type-page","status-publish","has-post-thumbnail","hentry","tag-gabarit-page-air-camp"],"acf":[],"yoast_head":"<!-- This site is optimized with the Yoast SEO plugin v27.3 - https:\/\/yoast.com\/product\/yoast-seo-wordpress\/ -->\n<title>Nos cartes SMART - Alfmed<\/title>\n<meta name=\"description\" content=\"Maximisez vos opportunit\u00e9s professionnelles avec le dipl\u00f4me TOEIC ! Cette certification renomm\u00e9e atteste de votre ma\u00eetrise de l&#039;anglais professionnel !\" \/>\n<meta name=\"robots\" content=\"index, follow, max-snippet:-1, max-image-preview:large, max-video-preview:-1\" \/>\n<link rel=\"canonical\" href=\"https:\/\/perpignan.alfmed.com\/es\/nos-cartes-smart\/\" \/>\n<meta property=\"og:locale\" content=\"es_ES\" \/>\n<meta property=\"og:type\" content=\"article\" \/>\n<meta property=\"og:title\" content=\"Nos cartes SMART - Alfmed\" \/>\n<meta property=\"og:description\" content=\"Maximisez vos opportunit\u00e9s professionnelles avec le dipl\u00f4me TOEIC ! Cette certification renomm\u00e9e atteste de votre ma\u00eetrise de l&#039;anglais professionnel !\" \/>\n<meta property=\"og:url\" content=\"https:\/\/perpignan.alfmed.com\/es\/nos-cartes-smart\/\" \/>\n<meta property=\"og:site_name\" content=\"Alfmed\" \/>\n<meta property=\"article:modified_time\" content=\"2026-03-03T09:40:07+00:00\" \/>\n<meta property=\"og:image\" content=\"https:\/\/perpignan.alfmed.com\/wp-content\/uploads\/2025\/12\/Design-sans-titre-5.jpg\" \/>\n\t<meta property=\"og:image:width\" content=\"928\" \/>\n\t<meta property=\"og:image:height\" content=\"788\" \/>\n\t<meta property=\"og:image:type\" content=\"image\/jpeg\" \/>\n<meta name=\"twitter:card\" content=\"summary_large_image\" \/>\n<script type=\"application\/ld+json\" class=\"yoast-schema-graph\">{\"@context\":\"https:\\\/\\\/schema.org\",\"@graph\":[{\"@type\":\"WebPage\",\"@id\":\"https:\\\/\\\/perpignan.alfmed.com\\\/es\\\/nos-cartes-smart\\\/\",\"url\":\"https:\\\/\\\/perpignan.alfmed.com\\\/es\\\/nos-cartes-smart\\\/\",\"name\":\"Nos cartes SMART - Alfmed\",\"isPartOf\":{\"@id\":\"https:\\\/\\\/perpignan.alfmed.com\\\/es\\\/#website\"},\"primaryImageOfPage\":{\"@id\":\"https:\\\/\\\/perpignan.alfmed.com\\\/es\\\/nos-cartes-smart\\\/#primaryimage\"},\"image\":{\"@id\":\"https:\\\/\\\/perpignan.alfmed.com\\\/es\\\/nos-cartes-smart\\\/#primaryimage\"},\"thumbnailUrl\":\"https:\\\/\\\/perpignan.alfmed.com\\\/wp-content\\\/uploads\\\/2025\\\/12\\\/Design-sans-titre-5.jpg\",\"datePublished\":\"2025-12-03T16:11:50+00:00\",\"dateModified\":\"2026-03-03T09:40:07+00:00\",\"description\":\"Maximisez vos opportunit\u00e9s professionnelles avec le dipl\u00f4me TOEIC ! Cette certification renomm\u00e9e atteste de votre ma\u00eetrise de l'anglais professionnel !\",\"breadcrumb\":{\"@id\":\"https:\\\/\\\/perpignan.alfmed.com\\\/es\\\/nos-cartes-smart\\\/#breadcrumb\"},\"inLanguage\":\"es\",\"potentialAction\":[{\"@type\":\"ReadAction\",\"target\":[\"https:\\\/\\\/perpignan.alfmed.com\\\/es\\\/nos-cartes-smart\\\/\"]}]},{\"@type\":\"ImageObject\",\"inLanguage\":\"es\",\"@id\":\"https:\\\/\\\/perpignan.alfmed.com\\\/es\\\/nos-cartes-smart\\\/#primaryimage\",\"url\":\"https:\\\/\\\/perpignan.alfmed.com\\\/wp-content\\\/uploads\\\/2025\\\/12\\\/Design-sans-titre-5.jpg\",\"contentUrl\":\"https:\\\/\\\/perpignan.alfmed.com\\\/wp-content\\\/uploads\\\/2025\\\/12\\\/Design-sans-titre-5.jpg\",\"width\":928,\"height\":788,\"caption\":\"Design sans titre - 1\"},{\"@type\":\"BreadcrumbList\",\"@id\":\"https:\\\/\\\/perpignan.alfmed.com\\\/es\\\/nos-cartes-smart\\\/#breadcrumb\",\"itemListElement\":[{\"@type\":\"ListItem\",\"position\":1,\"name\":\"Home\",\"item\":\"https:\\\/\\\/perpignan.alfmed.com\\\/es\\\/\"},{\"@type\":\"ListItem\",\"position\":2,\"name\":\"Nos cartes SMART\"}]},{\"@type\":\"WebSite\",\"@id\":\"https:\\\/\\\/perpignan.alfmed.com\\\/es\\\/#website\",\"url\":\"https:\\\/\\\/perpignan.alfmed.com\\\/es\\\/\",\"name\":\"Alfmed\",\"description\":\"EXPERTS EN LANGUES &amp; PROJETS EUROP\u00c9ENS\",\"potentialAction\":[{\"@type\":\"SearchAction\",\"target\":{\"@type\":\"EntryPoint\",\"urlTemplate\":\"https:\\\/\\\/perpignan.alfmed.com\\\/es\\\/?s={search_term_string}\"},\"query-input\":{\"@type\":\"PropertyValueSpecification\",\"valueRequired\":true,\"valueName\":\"search_term_string\"}}],\"inLanguage\":\"es\"}]}<\/script>\n<!-- \/ Yoast SEO plugin. -->","yoast_head_json":{"title":"Nos cartes SMART - Alfmed","description":"Maximisez vos opportunit\u00e9s professionnelles avec le dipl\u00f4me TOEIC ! Cette certification renomm\u00e9e atteste de votre ma\u00eetrise de l'anglais professionnel !","robots":{"index":"index","follow":"follow","max-snippet":"max-snippet:-1","max-image-preview":"max-image-preview:large","max-video-preview":"max-video-preview:-1"},"canonical":"https:\/\/perpignan.alfmed.com\/es\/nos-cartes-smart\/","og_locale":"es_ES","og_type":"article","og_title":"Nos cartes SMART - Alfmed","og_description":"Maximisez vos opportunit\u00e9s professionnelles avec le dipl\u00f4me TOEIC ! Cette certification renomm\u00e9e atteste de votre ma\u00eetrise de l'anglais professionnel !","og_url":"https:\/\/perpignan.alfmed.com\/es\/nos-cartes-smart\/","og_site_name":"Alfmed","article_modified_time":"2026-03-03T09:40:07+00:00","og_image":[{"width":928,"height":788,"url":"https:\/\/perpignan.alfmed.com\/wp-content\/uploads\/2025\/12\/Design-sans-titre-5.jpg","type":"image\/jpeg"}],"twitter_card":"summary_large_image","schema":{"@context":"https:\/\/schema.org","@graph":[{"@type":"WebPage","@id":"https:\/\/perpignan.alfmed.com\/es\/nos-cartes-smart\/","url":"https:\/\/perpignan.alfmed.com\/es\/nos-cartes-smart\/","name":"Nos cartes SMART - Alfmed","isPartOf":{"@id":"https:\/\/perpignan.alfmed.com\/es\/#website"},"primaryImageOfPage":{"@id":"https:\/\/perpignan.alfmed.com\/es\/nos-cartes-smart\/#primaryimage"},"image":{"@id":"https:\/\/perpignan.alfmed.com\/es\/nos-cartes-smart\/#primaryimage"},"thumbnailUrl":"https:\/\/perpignan.alfmed.com\/wp-content\/uploads\/2025\/12\/Design-sans-titre-5.jpg","datePublished":"2025-12-03T16:11:50+00:00","dateModified":"2026-03-03T09:40:07+00:00","description":"Maximisez vos opportunit\u00e9s professionnelles avec le dipl\u00f4me TOEIC ! Cette certification renomm\u00e9e atteste de votre ma\u00eetrise de l'anglais professionnel !","breadcrumb":{"@id":"https:\/\/perpignan.alfmed.com\/es\/nos-cartes-smart\/#breadcrumb"},"inLanguage":"es","potentialAction":[{"@type":"ReadAction","target":["https:\/\/perpignan.alfmed.com\/es\/nos-cartes-smart\/"]}]},{"@type":"ImageObject","inLanguage":"es","@id":"https:\/\/perpignan.alfmed.com\/es\/nos-cartes-smart\/#primaryimage","url":"https:\/\/perpignan.alfmed.com\/wp-content\/uploads\/2025\/12\/Design-sans-titre-5.jpg","contentUrl":"https:\/\/perpignan.alfmed.com\/wp-content\/uploads\/2025\/12\/Design-sans-titre-5.jpg","width":928,"height":788,"caption":"Design sans titre - 1"},{"@type":"BreadcrumbList","@id":"https:\/\/perpignan.alfmed.com\/es\/nos-cartes-smart\/#breadcrumb","itemListElement":[{"@type":"ListItem","position":1,"name":"Home","item":"https:\/\/perpignan.alfmed.com\/es\/"},{"@type":"ListItem","position":2,"name":"Nos cartes SMART"}]},{"@type":"WebSite","@id":"https:\/\/perpignan.alfmed.com\/es\/#website","url":"https:\/\/perpignan.alfmed.com\/es\/","name":"Alfmed","description":"EXPERTS EN LANGUES &amp; PROJETS EUROP\u00c9ENS","potentialAction":[{"@type":"SearchAction","target":{"@type":"EntryPoint","urlTemplate":"https:\/\/perpignan.alfmed.com\/es\/?s={search_term_string}"},"query-input":{"@type":"PropertyValueSpecification","valueRequired":true,"valueName":"search_term_string"}}],"inLanguage":"es"}]}},"_links":{"self":[{"href":"https:\/\/perpignan.alfmed.com\/es\/wp-json\/wp\/v2\/pages\/22413","targetHints":{"allow":["GET"]}}],"collection":[{"href":"https:\/\/perpignan.alfmed.com\/es\/wp-json\/wp\/v2\/pages"}],"about":[{"href":"https:\/\/perpignan.alfmed.com\/es\/wp-json\/wp\/v2\/types\/page"}],"author":[{"embeddable":true,"href":"https:\/\/perpignan.alfmed.com\/es\/wp-json\/wp\/v2\/users\/3"}],"replies":[{"embeddable":true,"href":"https:\/\/perpignan.alfmed.com\/es\/wp-json\/wp\/v2\/comments?post=22413"}],"version-history":[{"count":4,"href":"https:\/\/perpignan.alfmed.com\/es\/wp-json\/wp\/v2\/pages\/22413\/revisions"}],"predecessor-version":[{"id":23249,"href":"https:\/\/perpignan.alfmed.com\/es\/wp-json\/wp\/v2\/pages\/22413\/revisions\/23249"}],"wp:featuredmedia":[{"embeddable":true,"href":"https:\/\/perpignan.alfmed.com\/es\/wp-json\/wp\/v2\/media\/22474"}],"wp:attachment":[{"href":"https:\/\/perpignan.alfmed.com\/es\/wp-json\/wp\/v2\/media?parent=22413"}],"wp:term":[{"taxonomy":"category","embeddable":true,"href":"https:\/\/perpignan.alfmed.com\/es\/wp-json\/wp\/v2\/categories?post=22413"},{"taxonomy":"post_tag","embeddable":true,"href":"https:\/\/perpignan.alfmed.com\/es\/wp-json\/wp\/v2\/tags?post=22413"}],"curies":[{"name":"wp","href":"https:\/\/api.w.org\/{rel}","templated":true}]}}