{"id":19313,"date":"2024-03-14T18:36:40","date_gmt":"2024-03-14T17:36:40","guid":{"rendered":"https:\/\/perpignan.alfmed.com\/la-certification-cloe\/"},"modified":"2024-10-01T11:10:57","modified_gmt":"2024-10-01T10:10:57","slug":"la-certification-cloe","status":"publish","type":"page","link":"https:\/\/perpignan.alfmed.com\/es\/la-certification-cloe\/","title":{"rendered":"LA CERTIFICATION CLOE"},"content":{"rendered":"","protected":false},"excerpt":{"rendered":"<p>ALFMED es desde julio de 2022, centro habilitado para la certificaci\u00f3n CLOE (Competencias Ling\u00fc\u00edsticas Orales y Escritas) ofrecida en 5 idiomas: Ingl\u00e9s, Espa\u00f1ol, Italiano, Alem\u00e1n, FLE (Franc\u00e9s Lengua Extranjera).<\/p>\n","protected":false},"author":3,"featured_media":17173,"parent":0,"menu_order":0,"comment_status":"closed","ping_status":"closed","template":"page-template-air-camp.php","meta":{"_acf_changed":false,"_et_pb_use_builder":"","_et_pb_old_content":"","_et_gb_content_width":"","footnotes":""},"categories":[203],"tags":[116],"class_list":["post-19313","page","type-page","status-publish","has-post-thumbnail","hentry","category-grados-en-idiomas","tag-gabarit-page-air-camp-es"],"acf":[],"yoast_head":"<!-- This site is optimized with the Yoast SEO plugin v27.4 - https:\/\/yoast.com\/product\/yoast-seo-wordpress\/ -->\n<title>LA CERTIFICATION CLOE - Alfmed<\/title>\n<meta name=\"description\" content=\"Maximice sus oportunidades de trabajo con el diploma CLOE! \u00a1Esta reconocida certificaci\u00f3n demuestra su dominio de un idioma en un contexto profesional! Los idiomas extranjeros son una ventaja innegable para su CV\" \/>\n<meta name=\"robots\" content=\"index, follow, max-snippet:-1, max-image-preview:large, max-video-preview:-1\" \/>\n<link rel=\"canonical\" href=\"https:\/\/perpignan.alfmed.com\/es\/la-certification-cloe\/\" \/>\n<meta property=\"og:locale\" content=\"es_ES\" \/>\n<meta property=\"og:type\" content=\"article\" \/>\n<meta property=\"og:title\" content=\"LA CERTIFICATION CLOE - Alfmed\" \/>\n<meta property=\"og:description\" content=\"Maximice sus oportunidades de trabajo con el diploma CLOE! \u00a1Esta reconocida certificaci\u00f3n demuestra su dominio de un idioma en un contexto profesional! Los idiomas extranjeros son una ventaja innegable para su CV\" \/>\n<meta property=\"og:url\" content=\"https:\/\/perpignan.alfmed.com\/es\/la-certification-cloe\/\" \/>\n<meta property=\"og:site_name\" content=\"Alfmed\" \/>\n<meta property=\"article:modified_time\" content=\"2024-10-01T10:10:57+00:00\" \/>\n<meta property=\"og:image\" content=\"https:\/\/perpignan.alfmed.com\/wp-content\/uploads\/2024\/03\/admin-ajax-1.png\" \/>\n\t<meta property=\"og:image:width\" content=\"600\" \/>\n\t<meta property=\"og:image:height\" content=\"170\" \/>\n\t<meta property=\"og:image:type\" content=\"image\/png\" \/>\n<meta name=\"twitter:card\" content=\"summary_large_image\" \/>\n<script type=\"application\/ld+json\" class=\"yoast-schema-graph\">{\"@context\":\"https:\\\/\\\/schema.org\",\"@graph\":[{\"@type\":\"WebPage\",\"@id\":\"https:\\\/\\\/perpignan.alfmed.com\\\/es\\\/la-certification-cloe\\\/\",\"url\":\"https:\\\/\\\/perpignan.alfmed.com\\\/es\\\/la-certification-cloe\\\/\",\"name\":\"LA CERTIFICATION CLOE - Alfmed\",\"isPartOf\":{\"@id\":\"https:\\\/\\\/perpignan.alfmed.com\\\/es\\\/#website\"},\"primaryImageOfPage\":{\"@id\":\"https:\\\/\\\/perpignan.alfmed.com\\\/es\\\/la-certification-cloe\\\/#primaryimage\"},\"image\":{\"@id\":\"https:\\\/\\\/perpignan.alfmed.com\\\/es\\\/la-certification-cloe\\\/#primaryimage\"},\"thumbnailUrl\":\"https:\\\/\\\/perpignan.alfmed.com\\\/wp-content\\\/uploads\\\/2024\\\/03\\\/admin-ajax-1.png\",\"datePublished\":\"2024-03-14T17:36:40+00:00\",\"dateModified\":\"2024-10-01T10:10:57+00:00\",\"description\":\"Maximice sus oportunidades de trabajo con el diploma CLOE! \u00a1Esta reconocida certificaci\u00f3n demuestra su dominio de un idioma en un contexto profesional! Los idiomas extranjeros son una ventaja innegable para su CV\",\"breadcrumb\":{\"@id\":\"https:\\\/\\\/perpignan.alfmed.com\\\/es\\\/la-certification-cloe\\\/#breadcrumb\"},\"inLanguage\":\"es\",\"potentialAction\":[{\"@type\":\"ReadAction\",\"target\":[\"https:\\\/\\\/perpignan.alfmed.com\\\/es\\\/la-certification-cloe\\\/\"]}]},{\"@type\":\"ImageObject\",\"inLanguage\":\"es\",\"@id\":\"https:\\\/\\\/perpignan.alfmed.com\\\/es\\\/la-certification-cloe\\\/#primaryimage\",\"url\":\"https:\\\/\\\/perpignan.alfmed.com\\\/wp-content\\\/uploads\\\/2024\\\/03\\\/admin-ajax-1.png\",\"contentUrl\":\"https:\\\/\\\/perpignan.alfmed.com\\\/wp-content\\\/uploads\\\/2024\\\/03\\\/admin-ajax-1.png\",\"width\":600,\"height\":170},{\"@type\":\"BreadcrumbList\",\"@id\":\"https:\\\/\\\/perpignan.alfmed.com\\\/es\\\/la-certification-cloe\\\/#breadcrumb\",\"itemListElement\":[{\"@type\":\"ListItem\",\"position\":1,\"name\":\"Home\",\"item\":\"https:\\\/\\\/perpignan.alfmed.com\\\/es\\\/\"},{\"@type\":\"ListItem\",\"position\":2,\"name\":\"LA CERTIFICATION CLOE\"}]},{\"@type\":\"WebSite\",\"@id\":\"https:\\\/\\\/perpignan.alfmed.com\\\/es\\\/#website\",\"url\":\"https:\\\/\\\/perpignan.alfmed.com\\\/es\\\/\",\"name\":\"Alfmed\",\"description\":\"EXPERTS EN LANGUES &amp; PROJETS EUROP\u00c9ENS\",\"potentialAction\":[{\"@type\":\"SearchAction\",\"target\":{\"@type\":\"EntryPoint\",\"urlTemplate\":\"https:\\\/\\\/perpignan.alfmed.com\\\/es\\\/?s={search_term_string}\"},\"query-input\":{\"@type\":\"PropertyValueSpecification\",\"valueRequired\":true,\"valueName\":\"search_term_string\"}}],\"inLanguage\":\"es\"}]}<\/script>\n<!-- \/ Yoast SEO plugin. -->","yoast_head_json":{"title":"LA CERTIFICATION CLOE - Alfmed","description":"Maximice sus oportunidades de trabajo con el diploma CLOE! \u00a1Esta reconocida certificaci\u00f3n demuestra su dominio de un idioma en un contexto profesional! Los idiomas extranjeros son una ventaja innegable para su CV","robots":{"index":"index","follow":"follow","max-snippet":"max-snippet:-1","max-image-preview":"max-image-preview:large","max-video-preview":"max-video-preview:-1"},"canonical":"https:\/\/perpignan.alfmed.com\/es\/la-certification-cloe\/","og_locale":"es_ES","og_type":"article","og_title":"LA CERTIFICATION CLOE - Alfmed","og_description":"Maximice sus oportunidades de trabajo con el diploma CLOE! \u00a1Esta reconocida certificaci\u00f3n demuestra su dominio de un idioma en un contexto profesional! Los idiomas extranjeros son una ventaja innegable para su CV","og_url":"https:\/\/perpignan.alfmed.com\/es\/la-certification-cloe\/","og_site_name":"Alfmed","article_modified_time":"2024-10-01T10:10:57+00:00","og_image":[{"width":600,"height":170,"url":"https:\/\/perpignan.alfmed.com\/wp-content\/uploads\/2024\/03\/admin-ajax-1.png","type":"image\/png"}],"twitter_card":"summary_large_image","schema":{"@context":"https:\/\/schema.org","@graph":[{"@type":"WebPage","@id":"https:\/\/perpignan.alfmed.com\/es\/la-certification-cloe\/","url":"https:\/\/perpignan.alfmed.com\/es\/la-certification-cloe\/","name":"LA CERTIFICATION CLOE - Alfmed","isPartOf":{"@id":"https:\/\/perpignan.alfmed.com\/es\/#website"},"primaryImageOfPage":{"@id":"https:\/\/perpignan.alfmed.com\/es\/la-certification-cloe\/#primaryimage"},"image":{"@id":"https:\/\/perpignan.alfmed.com\/es\/la-certification-cloe\/#primaryimage"},"thumbnailUrl":"https:\/\/perpignan.alfmed.com\/wp-content\/uploads\/2024\/03\/admin-ajax-1.png","datePublished":"2024-03-14T17:36:40+00:00","dateModified":"2024-10-01T10:10:57+00:00","description":"Maximice sus oportunidades de trabajo con el diploma CLOE! \u00a1Esta reconocida certificaci\u00f3n demuestra su dominio de un idioma en un contexto profesional! Los idiomas extranjeros son una ventaja innegable para su CV","breadcrumb":{"@id":"https:\/\/perpignan.alfmed.com\/es\/la-certification-cloe\/#breadcrumb"},"inLanguage":"es","potentialAction":[{"@type":"ReadAction","target":["https:\/\/perpignan.alfmed.com\/es\/la-certification-cloe\/"]}]},{"@type":"ImageObject","inLanguage":"es","@id":"https:\/\/perpignan.alfmed.com\/es\/la-certification-cloe\/#primaryimage","url":"https:\/\/perpignan.alfmed.com\/wp-content\/uploads\/2024\/03\/admin-ajax-1.png","contentUrl":"https:\/\/perpignan.alfmed.com\/wp-content\/uploads\/2024\/03\/admin-ajax-1.png","width":600,"height":170},{"@type":"BreadcrumbList","@id":"https:\/\/perpignan.alfmed.com\/es\/la-certification-cloe\/#breadcrumb","itemListElement":[{"@type":"ListItem","position":1,"name":"Home","item":"https:\/\/perpignan.alfmed.com\/es\/"},{"@type":"ListItem","position":2,"name":"LA CERTIFICATION CLOE"}]},{"@type":"WebSite","@id":"https:\/\/perpignan.alfmed.com\/es\/#website","url":"https:\/\/perpignan.alfmed.com\/es\/","name":"Alfmed","description":"EXPERTS EN LANGUES &amp; PROJETS EUROP\u00c9ENS","potentialAction":[{"@type":"SearchAction","target":{"@type":"EntryPoint","urlTemplate":"https:\/\/perpignan.alfmed.com\/es\/?s={search_term_string}"},"query-input":{"@type":"PropertyValueSpecification","valueRequired":true,"valueName":"search_term_string"}}],"inLanguage":"es"}]}},"_links":{"self":[{"href":"https:\/\/perpignan.alfmed.com\/es\/wp-json\/wp\/v2\/pages\/19313","targetHints":{"allow":["GET"]}}],"collection":[{"href":"https:\/\/perpignan.alfmed.com\/es\/wp-json\/wp\/v2\/pages"}],"about":[{"href":"https:\/\/perpignan.alfmed.com\/es\/wp-json\/wp\/v2\/types\/page"}],"author":[{"embeddable":true,"href":"https:\/\/perpignan.alfmed.com\/es\/wp-json\/wp\/v2\/users\/3"}],"replies":[{"embeddable":true,"href":"https:\/\/perpignan.alfmed.com\/es\/wp-json\/wp\/v2\/comments?post=19313"}],"version-history":[{"count":3,"href":"https:\/\/perpignan.alfmed.com\/es\/wp-json\/wp\/v2\/pages\/19313\/revisions"}],"predecessor-version":[{"id":19323,"href":"https:\/\/perpignan.alfmed.com\/es\/wp-json\/wp\/v2\/pages\/19313\/revisions\/19323"}],"wp:featuredmedia":[{"embeddable":true,"href":"https:\/\/perpignan.alfmed.com\/es\/wp-json\/wp\/v2\/media\/17173"}],"wp:attachment":[{"href":"https:\/\/perpignan.alfmed.com\/es\/wp-json\/wp\/v2\/media?parent=19313"}],"wp:term":[{"taxonomy":"category","embeddable":true,"href":"https:\/\/perpignan.alfmed.com\/es\/wp-json\/wp\/v2\/categories?post=19313"},{"taxonomy":"post_tag","embeddable":true,"href":"https:\/\/perpignan.alfmed.com\/es\/wp-json\/wp\/v2\/tags?post=19313"}],"curies":[{"name":"wp","href":"https:\/\/api.w.org\/{rel}","templated":true}]}}