{"id":179,"date":"2022-02-09T15:50:49","date_gmt":"2022-02-09T15:50:49","guid":{"rendered":"https:\/\/perpignan.alfmed.com\/?page_id=179"},"modified":"2024-10-31T09:17:53","modified_gmt":"2024-10-31T08:17:53","slug":"conditions-generales-dutilisation","status":"publish","type":"page","link":"https:\/\/perpignan.alfmed.com\/es\/conditions-generales-dutilisation\/","title":{"rendered":"Conditions G\u00e9n\u00e9rales d\u2019utilisation"},"content":{"rendered":"<p><span style=\"color: #ff0000;\"><strong>CONDITIONS G\u00c9N\u00c9RALES D&#8217;UTILISATION (CGU)<\/strong><\/span><\/p>\n<p>&nbsp;<\/p>\n<p>&nbsp;<\/p>\n<p>Derni\u00e8re mise \u00e0 jour : 25\/10\/2024<\/p>\n<p>&nbsp;<\/p>\n<p>&nbsp;<\/p>\n<p><strong>\u00a0<\/strong><\/p>\n<ol>\n<li>Objet<\/li>\n<\/ol>\n<p>Les pr\u00e9sentes Conditions G\u00e9n\u00e9rales d&#8217;Utilisation (CGU) r\u00e9gissent l&#8217;acc\u00e8s et l&#8217;utilisation des services propos\u00e9s par ALFMED \u00e0 Perpignan, notamment les cours de langues, les examens et certifications.<\/p>\n<p>&nbsp;<\/p>\n<ol start=\"2\">\n<li>Acceptation des Conditions<\/li>\n<\/ol>\n<p>En utilisant nos services, vous acceptez sans r\u00e9serve les pr\u00e9sentes CGU. Si vous n&#8217;acceptez pas ces conditions, vous devez vous abstenir d&#8217;utiliser notre site ou nos services.<\/p>\n<p>&nbsp;<\/p>\n<ol start=\"3\">\n<li>Inscription<\/li>\n<\/ol>\n<p>Pour acc\u00e9der \u00e0 certains services, les utilisateurs doivent cr\u00e9er un compte. Les informations fournies lors de l&#8217;inscription doivent \u00eatre exactes et \u00e0 jour. Les utilisateurs sont responsables de la confidentialit\u00e9 de leurs identifiants de connexion.<\/p>\n<p>&nbsp;<\/p>\n<ol start=\"4\">\n<li>Acc\u00e8s aux Cours et Examinations<\/li>\n<\/ol>\n<p>ALFMED se r\u00e9serve le droit de modifier, suspendre ou arr\u00eater tout ou partie des cours et examens. L&#8217;acc\u00e8s peut \u00eatre restreint en fonction des disponibilit\u00e9s et des pr\u00e9requis sp\u00e9cifiques.<\/p>\n<p>&nbsp;<\/p>\n<ol start=\"5\">\n<li>Propri\u00e9t\u00e9 Intellectuelle<\/li>\n<\/ol>\n<p>Tous les contenus pr\u00e9sent\u00e9s sur notre site, y compris les textes, images, logos, et vid\u00e9os, sont prot\u00e9g\u00e9s par des droits d&#8217;auteur et ne peuvent \u00eatre utilis\u00e9s sans autorisation pr\u00e9alable.<\/p>\n<p>&nbsp;<\/p>\n<ol start=\"6\">\n<li>Responsabilit\u00e9<\/li>\n<\/ol>\n<p>ALFMED ne peut \u00eatre tenue responsable des dommages directs ou indirects r\u00e9sultant de l&#8217;utilisation de ses services. Les utilisateurs sont responsables de leur propre apprentissage et de leur participation.<\/p>\n<p>&nbsp;<\/p>\n<ol start=\"7\">\n<li>Comportement des Utilisateurs<\/li>\n<\/ol>\n<p>Les utilisateurs s&#8217;engagent \u00e0 adopter un comportement respectueux envers les enseignants et les autres stagiaires. Toute forme de harc\u00e8lement, de discrimination ou de comportement inappropri\u00e9 sera sanctionn\u00e9e.<\/p>\n<p>&nbsp;<\/p>\n<ol start=\"8\">\n<li>Modification des CGU<\/li>\n<\/ol>\n<p>ALFMED se r\u00e9serve le droit de modifier les pr\u00e9sentes CGU \u00e0 tout moment. Les utilisateurs seront inform\u00e9s des modifications via notre site. L&#8217;utilisation continue des services apr\u00e8s modification constitue une acceptation des nouvelles conditions.<\/p>\n<p>&nbsp;<\/p>\n<ol start=\"9\">\n<li>Donn\u00e9es Personnelles<\/li>\n<\/ol>\n<p>Les informations personnelles collect\u00e9es lors de l&#8217;inscription sont trait\u00e9es conform\u00e9ment \u00e0 notre politique de confidentialit\u00e9. Les utilisateurs ont le droit d&#8217;acc\u00e9der, de modifier ou de supprimer leurs donn\u00e9es personnelles.<\/p>\n<p>&nbsp;<\/p>\n<ol start=\"10\">\n<li>Droit Applicable<\/li>\n<\/ol>\n<p>Les pr\u00e9sentes CGU sont soumises au droit fran\u00e7ais. Tout litige relatif \u00e0 l&#8217;utilisation des services sera soumis \u00e0 la comp\u00e9tence des tribunaux fran\u00e7ais.<\/p>\n<p>&nbsp;<\/p>\n<ol start=\"11\">\n<li>Contact<\/li>\n<\/ol>\n<p>Pour toute question relative aux pr\u00e9sentes CGU, veuillez nous contacter \u00e0 l&#8217;adresse suivante : contact@alfmed.com<\/p>\n<p>&nbsp;<\/p>\n","protected":false},"excerpt":{"rendered":"<p>CONDITIONS G\u00c9N\u00c9RALES D&#8217;UTILISATION (CGU) &nbsp; &nbsp; Derni\u00e8re mise \u00e0 jour : 25\/10\/2024 &nbsp; &nbsp; \u00a0 Objet Les pr\u00e9sentes Conditions G\u00e9n\u00e9rales d&#8217;Utilisation (CGU) r\u00e9gissent l&#8217;acc\u00e8s et l&#8217;utilisation des services propos\u00e9s par ALFMED \u00e0 Perpignan, notamment les cours de langues, les examens et certifications. &nbsp; Acceptation des Conditions En utilisant nos services, vous acceptez sans r\u00e9serve les [&hellip;]<\/p>\n","protected":false},"author":1,"featured_media":20045,"parent":0,"menu_order":0,"comment_status":"closed","ping_status":"closed","template":"","meta":{"_acf_changed":false,"_et_pb_use_builder":"","_et_pb_old_content":"","_et_gb_content_width":"","footnotes":""},"categories":[],"tags":[],"class_list":["post-179","page","type-page","status-publish","has-post-thumbnail","hentry"],"acf":[],"yoast_head":"<!-- This site is optimized with the Yoast SEO plugin v27.5 - https:\/\/yoast.com\/product\/yoast-seo-wordpress\/ -->\n<title>Conditions G\u00e9n\u00e9rales d\u2019utilisation - Alfmed<\/title>\n<meta name=\"robots\" content=\"index, follow, max-snippet:-1, max-image-preview:large, max-video-preview:-1\" \/>\n<link rel=\"canonical\" href=\"https:\/\/perpignan.alfmed.com\/es\/conditions-generales-dutilisation\/\" \/>\n<meta property=\"og:locale\" content=\"es_ES\" \/>\n<meta property=\"og:type\" content=\"article\" \/>\n<meta property=\"og:title\" content=\"Conditions G\u00e9n\u00e9rales d\u2019utilisation - Alfmed\" \/>\n<meta property=\"og:description\" content=\"CONDITIONS G\u00c9N\u00c9RALES D&#8217;UTILISATION (CGU) &nbsp; &nbsp; Derni\u00e8re mise \u00e0 jour : 25\/10\/2024 &nbsp; &nbsp; \u00a0 Objet Les pr\u00e9sentes Conditions G\u00e9n\u00e9rales d&#8217;Utilisation (CGU) r\u00e9gissent l&#8217;acc\u00e8s et l&#8217;utilisation des services propos\u00e9s par ALFMED \u00e0 Perpignan, notamment les cours de langues, les examens et certifications. &nbsp; Acceptation des Conditions En utilisant nos services, vous acceptez sans r\u00e9serve les [&hellip;]\" \/>\n<meta property=\"og:url\" content=\"https:\/\/perpignan.alfmed.com\/es\/conditions-generales-dutilisation\/\" \/>\n<meta property=\"og:site_name\" content=\"Alfmed\" \/>\n<meta property=\"article:modified_time\" content=\"2024-10-31T08:17:53+00:00\" \/>\n<meta property=\"og:image\" content=\"https:\/\/perpignan.alfmed.com\/wp-content\/uploads\/2024\/10\/CarreVertical_LOGO_Alfmed_CMJN_0122.png\" \/>\n\t<meta property=\"og:image:width\" content=\"567\" \/>\n\t<meta property=\"og:image:height\" content=\"341\" \/>\n\t<meta property=\"og:image:type\" content=\"image\/png\" \/>\n<meta name=\"twitter:card\" content=\"summary_large_image\" \/>\n<script type=\"application\/ld+json\" class=\"yoast-schema-graph\">{\"@context\":\"https:\\\/\\\/schema.org\",\"@graph\":[{\"@type\":\"WebPage\",\"@id\":\"https:\\\/\\\/perpignan.alfmed.com\\\/es\\\/conditions-generales-dutilisation\\\/\",\"url\":\"https:\\\/\\\/perpignan.alfmed.com\\\/es\\\/conditions-generales-dutilisation\\\/\",\"name\":\"Conditions G\u00e9n\u00e9rales d\u2019utilisation - Alfmed\",\"isPartOf\":{\"@id\":\"https:\\\/\\\/perpignan.alfmed.com\\\/es\\\/#website\"},\"primaryImageOfPage\":{\"@id\":\"https:\\\/\\\/perpignan.alfmed.com\\\/es\\\/conditions-generales-dutilisation\\\/#primaryimage\"},\"image\":{\"@id\":\"https:\\\/\\\/perpignan.alfmed.com\\\/es\\\/conditions-generales-dutilisation\\\/#primaryimage\"},\"thumbnailUrl\":\"https:\\\/\\\/perpignan.alfmed.com\\\/wp-content\\\/uploads\\\/2024\\\/10\\\/CarreVertical_LOGO_Alfmed_CMJN_0122.png\",\"datePublished\":\"2022-02-09T15:50:49+00:00\",\"dateModified\":\"2024-10-31T08:17:53+00:00\",\"breadcrumb\":{\"@id\":\"https:\\\/\\\/perpignan.alfmed.com\\\/es\\\/conditions-generales-dutilisation\\\/#breadcrumb\"},\"inLanguage\":\"es\",\"potentialAction\":[{\"@type\":\"ReadAction\",\"target\":[\"https:\\\/\\\/perpignan.alfmed.com\\\/es\\\/conditions-generales-dutilisation\\\/\"]}]},{\"@type\":\"ImageObject\",\"inLanguage\":\"es\",\"@id\":\"https:\\\/\\\/perpignan.alfmed.com\\\/es\\\/conditions-generales-dutilisation\\\/#primaryimage\",\"url\":\"https:\\\/\\\/perpignan.alfmed.com\\\/wp-content\\\/uploads\\\/2024\\\/10\\\/CarreVertical_LOGO_Alfmed_CMJN_0122.png\",\"contentUrl\":\"https:\\\/\\\/perpignan.alfmed.com\\\/wp-content\\\/uploads\\\/2024\\\/10\\\/CarreVertical_LOGO_Alfmed_CMJN_0122.png\",\"width\":567,\"height\":341},{\"@type\":\"BreadcrumbList\",\"@id\":\"https:\\\/\\\/perpignan.alfmed.com\\\/es\\\/conditions-generales-dutilisation\\\/#breadcrumb\",\"itemListElement\":[{\"@type\":\"ListItem\",\"position\":1,\"name\":\"Home\",\"item\":\"https:\\\/\\\/perpignan.alfmed.com\\\/es\\\/\"},{\"@type\":\"ListItem\",\"position\":2,\"name\":\"Conditions G\u00e9n\u00e9rales d\u2019utilisation\"}]},{\"@type\":\"WebSite\",\"@id\":\"https:\\\/\\\/perpignan.alfmed.com\\\/es\\\/#website\",\"url\":\"https:\\\/\\\/perpignan.alfmed.com\\\/es\\\/\",\"name\":\"Alfmed\",\"description\":\"EXPERTS EN LANGUES &amp; PROJETS EUROP\u00c9ENS\",\"potentialAction\":[{\"@type\":\"SearchAction\",\"target\":{\"@type\":\"EntryPoint\",\"urlTemplate\":\"https:\\\/\\\/perpignan.alfmed.com\\\/es\\\/?s={search_term_string}\"},\"query-input\":{\"@type\":\"PropertyValueSpecification\",\"valueRequired\":true,\"valueName\":\"search_term_string\"}}],\"inLanguage\":\"es\"}]}<\/script>\n<!-- \/ Yoast SEO plugin. -->","yoast_head_json":{"title":"Conditions G\u00e9n\u00e9rales d\u2019utilisation - Alfmed","robots":{"index":"index","follow":"follow","max-snippet":"max-snippet:-1","max-image-preview":"max-image-preview:large","max-video-preview":"max-video-preview:-1"},"canonical":"https:\/\/perpignan.alfmed.com\/es\/conditions-generales-dutilisation\/","og_locale":"es_ES","og_type":"article","og_title":"Conditions G\u00e9n\u00e9rales d\u2019utilisation - Alfmed","og_description":"CONDITIONS G\u00c9N\u00c9RALES D&#8217;UTILISATION (CGU) &nbsp; &nbsp; Derni\u00e8re mise \u00e0 jour : 25\/10\/2024 &nbsp; &nbsp; \u00a0 Objet Les pr\u00e9sentes Conditions G\u00e9n\u00e9rales d&#8217;Utilisation (CGU) r\u00e9gissent l&#8217;acc\u00e8s et l&#8217;utilisation des services propos\u00e9s par ALFMED \u00e0 Perpignan, notamment les cours de langues, les examens et certifications. &nbsp; Acceptation des Conditions En utilisant nos services, vous acceptez sans r\u00e9serve les [&hellip;]","og_url":"https:\/\/perpignan.alfmed.com\/es\/conditions-generales-dutilisation\/","og_site_name":"Alfmed","article_modified_time":"2024-10-31T08:17:53+00:00","og_image":[{"width":567,"height":341,"url":"https:\/\/perpignan.alfmed.com\/wp-content\/uploads\/2024\/10\/CarreVertical_LOGO_Alfmed_CMJN_0122.png","type":"image\/png"}],"twitter_card":"summary_large_image","schema":{"@context":"https:\/\/schema.org","@graph":[{"@type":"WebPage","@id":"https:\/\/perpignan.alfmed.com\/es\/conditions-generales-dutilisation\/","url":"https:\/\/perpignan.alfmed.com\/es\/conditions-generales-dutilisation\/","name":"Conditions G\u00e9n\u00e9rales d\u2019utilisation - Alfmed","isPartOf":{"@id":"https:\/\/perpignan.alfmed.com\/es\/#website"},"primaryImageOfPage":{"@id":"https:\/\/perpignan.alfmed.com\/es\/conditions-generales-dutilisation\/#primaryimage"},"image":{"@id":"https:\/\/perpignan.alfmed.com\/es\/conditions-generales-dutilisation\/#primaryimage"},"thumbnailUrl":"https:\/\/perpignan.alfmed.com\/wp-content\/uploads\/2024\/10\/CarreVertical_LOGO_Alfmed_CMJN_0122.png","datePublished":"2022-02-09T15:50:49+00:00","dateModified":"2024-10-31T08:17:53+00:00","breadcrumb":{"@id":"https:\/\/perpignan.alfmed.com\/es\/conditions-generales-dutilisation\/#breadcrumb"},"inLanguage":"es","potentialAction":[{"@type":"ReadAction","target":["https:\/\/perpignan.alfmed.com\/es\/conditions-generales-dutilisation\/"]}]},{"@type":"ImageObject","inLanguage":"es","@id":"https:\/\/perpignan.alfmed.com\/es\/conditions-generales-dutilisation\/#primaryimage","url":"https:\/\/perpignan.alfmed.com\/wp-content\/uploads\/2024\/10\/CarreVertical_LOGO_Alfmed_CMJN_0122.png","contentUrl":"https:\/\/perpignan.alfmed.com\/wp-content\/uploads\/2024\/10\/CarreVertical_LOGO_Alfmed_CMJN_0122.png","width":567,"height":341},{"@type":"BreadcrumbList","@id":"https:\/\/perpignan.alfmed.com\/es\/conditions-generales-dutilisation\/#breadcrumb","itemListElement":[{"@type":"ListItem","position":1,"name":"Home","item":"https:\/\/perpignan.alfmed.com\/es\/"},{"@type":"ListItem","position":2,"name":"Conditions G\u00e9n\u00e9rales d\u2019utilisation"}]},{"@type":"WebSite","@id":"https:\/\/perpignan.alfmed.com\/es\/#website","url":"https:\/\/perpignan.alfmed.com\/es\/","name":"Alfmed","description":"EXPERTS EN LANGUES &amp; PROJETS EUROP\u00c9ENS","potentialAction":[{"@type":"SearchAction","target":{"@type":"EntryPoint","urlTemplate":"https:\/\/perpignan.alfmed.com\/es\/?s={search_term_string}"},"query-input":{"@type":"PropertyValueSpecification","valueRequired":true,"valueName":"search_term_string"}}],"inLanguage":"es"}]}},"_links":{"self":[{"href":"https:\/\/perpignan.alfmed.com\/es\/wp-json\/wp\/v2\/pages\/179","targetHints":{"allow":["GET"]}}],"collection":[{"href":"https:\/\/perpignan.alfmed.com\/es\/wp-json\/wp\/v2\/pages"}],"about":[{"href":"https:\/\/perpignan.alfmed.com\/es\/wp-json\/wp\/v2\/types\/page"}],"author":[{"embeddable":true,"href":"https:\/\/perpignan.alfmed.com\/es\/wp-json\/wp\/v2\/users\/1"}],"replies":[{"embeddable":true,"href":"https:\/\/perpignan.alfmed.com\/es\/wp-json\/wp\/v2\/comments?post=179"}],"version-history":[{"count":3,"href":"https:\/\/perpignan.alfmed.com\/es\/wp-json\/wp\/v2\/pages\/179\/revisions"}],"predecessor-version":[{"id":20040,"href":"https:\/\/perpignan.alfmed.com\/es\/wp-json\/wp\/v2\/pages\/179\/revisions\/20040"}],"wp:featuredmedia":[{"embeddable":true,"href":"https:\/\/perpignan.alfmed.com\/es\/wp-json\/wp\/v2\/media\/20045"}],"wp:attachment":[{"href":"https:\/\/perpignan.alfmed.com\/es\/wp-json\/wp\/v2\/media?parent=179"}],"wp:term":[{"taxonomy":"category","embeddable":true,"href":"https:\/\/perpignan.alfmed.com\/es\/wp-json\/wp\/v2\/categories?post=179"},{"taxonomy":"post_tag","embeddable":true,"href":"https:\/\/perpignan.alfmed.com\/es\/wp-json\/wp\/v2\/tags?post=179"}],"curies":[{"name":"wp","href":"https:\/\/api.w.org\/{rel}","templated":true}]}}