{"id":13234,"date":"2023-05-11T08:23:35","date_gmt":"2023-05-11T08:23:35","guid":{"rendered":"https:\/\/perpignan.alfmed.com\/erasmus\/home-erasmus-practica\/nuestro-alojamiento-estudiantes\/residence-coeur\/"},"modified":"2023-06-15T09:03:09","modified_gmt":"2023-06-15T09:03:09","slug":"villa-malibu","status":"publish","type":"page","link":"https:\/\/perpignan.alfmed.com\/es\/erasmus\/acogida-erasmus-practica\/nuestro-alojamiento-estudiantes\/villa-malibu\/","title":{"rendered":"Villa Malibu"},"content":{"rendered":"","protected":false},"excerpt":{"rendered":"","protected":false},"author":3,"featured_media":13421,"parent":8364,"menu_order":0,"comment_status":"closed","ping_status":"closed","template":"page-template-logement.php","meta":{"_acf_changed":false,"_et_pb_use_builder":"","_et_pb_old_content":"","_et_gb_content_width":"","footnotes":""},"categories":[],"tags":[125],"class_list":["post-13234","page","type-page","status-publish","has-post-thumbnail","hentry","tag-gabarit-page-logement-es"],"acf":[],"yoast_head":"<!-- This site is optimized with the Yoast SEO plugin v27.3 - https:\/\/yoast.com\/product\/yoast-seo-wordpress\/ -->\n<title>ALFMED Perpignan | Villa Malibu<\/title>\n<meta name=\"description\" content=\"Cours d&#039;Anglais | Espagnol | Catalan | Fran\u00e7ais Langue \u00e9trang\u00e8re | Italien | Allemand | Chinois | N\u00e9erlandais | Russe \u00e0 Perpignan\" \/>\n<meta name=\"robots\" content=\"index, follow, max-snippet:-1, max-image-preview:large, max-video-preview:-1\" \/>\n<link rel=\"canonical\" href=\"https:\/\/perpignan.alfmed.com\/es\/erasmus\/acogida-erasmus-practica\/nuestro-alojamiento-estudiantes\/villa-malibu\/\" \/>\n<meta property=\"og:locale\" content=\"es_ES\" \/>\n<meta property=\"og:type\" content=\"article\" \/>\n<meta property=\"og:title\" content=\"ALFMED Perpignan | Villa Malibu\" \/>\n<meta property=\"og:description\" content=\"Cours d&#039;Anglais | Espagnol | Catalan | Fran\u00e7ais Langue \u00e9trang\u00e8re | Italien | Allemand | Chinois | N\u00e9erlandais | Russe \u00e0 Perpignan\" \/>\n<meta property=\"og:url\" content=\"https:\/\/perpignan.alfmed.com\/es\/erasmus\/acogida-erasmus-practica\/nuestro-alojamiento-estudiantes\/villa-malibu\/\" \/>\n<meta property=\"og:site_name\" content=\"Alfmed\" \/>\n<meta property=\"article:modified_time\" content=\"2023-06-15T09:03:09+00:00\" \/>\n<meta property=\"og:image\" content=\"https:\/\/perpignan.alfmed.com\/wp-content\/uploads\/2023\/06\/WhatsApp-Image-2023-06-05-a-q22.32.40.jpg\" \/>\n\t<meta property=\"og:image:width\" content=\"768\" \/>\n\t<meta property=\"og:image:height\" content=\"1024\" \/>\n\t<meta property=\"og:image:type\" content=\"image\/jpeg\" \/>\n<meta name=\"twitter:card\" content=\"summary_large_image\" \/>\n<script type=\"application\/ld+json\" class=\"yoast-schema-graph\">{\"@context\":\"https:\\\/\\\/schema.org\",\"@graph\":[{\"@type\":\"WebPage\",\"@id\":\"https:\\\/\\\/perpignan.alfmed.com\\\/es\\\/erasmus\\\/acogida-erasmus-practica\\\/nuestro-alojamiento-estudiantes\\\/villa-malibu\\\/\",\"url\":\"https:\\\/\\\/perpignan.alfmed.com\\\/es\\\/erasmus\\\/acogida-erasmus-practica\\\/nuestro-alojamiento-estudiantes\\\/villa-malibu\\\/\",\"name\":\"ALFMED Perpignan | Villa Malibu\",\"isPartOf\":{\"@id\":\"https:\\\/\\\/perpignan.alfmed.com\\\/es\\\/#website\"},\"primaryImageOfPage\":{\"@id\":\"https:\\\/\\\/perpignan.alfmed.com\\\/es\\\/erasmus\\\/acogida-erasmus-practica\\\/nuestro-alojamiento-estudiantes\\\/villa-malibu\\\/#primaryimage\"},\"image\":{\"@id\":\"https:\\\/\\\/perpignan.alfmed.com\\\/es\\\/erasmus\\\/acogida-erasmus-practica\\\/nuestro-alojamiento-estudiantes\\\/villa-malibu\\\/#primaryimage\"},\"thumbnailUrl\":\"https:\\\/\\\/perpignan.alfmed.com\\\/wp-content\\\/uploads\\\/2023\\\/06\\\/WhatsApp-Image-2023-06-05-a-q22.32.40.jpg\",\"datePublished\":\"2023-05-11T08:23:35+00:00\",\"dateModified\":\"2023-06-15T09:03:09+00:00\",\"description\":\"Cours d'Anglais | Espagnol | Catalan | Fran\u00e7ais Langue \u00e9trang\u00e8re | Italien | Allemand | Chinois | N\u00e9erlandais | Russe \u00e0 Perpignan\",\"breadcrumb\":{\"@id\":\"https:\\\/\\\/perpignan.alfmed.com\\\/es\\\/erasmus\\\/acogida-erasmus-practica\\\/nuestro-alojamiento-estudiantes\\\/villa-malibu\\\/#breadcrumb\"},\"inLanguage\":\"es\",\"potentialAction\":[{\"@type\":\"ReadAction\",\"target\":[\"https:\\\/\\\/perpignan.alfmed.com\\\/es\\\/erasmus\\\/acogida-erasmus-practica\\\/nuestro-alojamiento-estudiantes\\\/villa-malibu\\\/\"]}]},{\"@type\":\"ImageObject\",\"inLanguage\":\"es\",\"@id\":\"https:\\\/\\\/perpignan.alfmed.com\\\/es\\\/erasmus\\\/acogida-erasmus-practica\\\/nuestro-alojamiento-estudiantes\\\/villa-malibu\\\/#primaryimage\",\"url\":\"https:\\\/\\\/perpignan.alfmed.com\\\/wp-content\\\/uploads\\\/2023\\\/06\\\/WhatsApp-Image-2023-06-05-a-q22.32.40.jpg\",\"contentUrl\":\"https:\\\/\\\/perpignan.alfmed.com\\\/wp-content\\\/uploads\\\/2023\\\/06\\\/WhatsApp-Image-2023-06-05-a-q22.32.40.jpg\",\"width\":768,\"height\":1024},{\"@type\":\"BreadcrumbList\",\"@id\":\"https:\\\/\\\/perpignan.alfmed.com\\\/es\\\/erasmus\\\/acogida-erasmus-practica\\\/nuestro-alojamiento-estudiantes\\\/villa-malibu\\\/#breadcrumb\",\"itemListElement\":[{\"@type\":\"ListItem\",\"position\":1,\"name\":\"Home\",\"item\":\"https:\\\/\\\/perpignan.alfmed.com\\\/es\\\/\"},{\"@type\":\"ListItem\",\"position\":2,\"name\":\"Erasmus\",\"item\":\"https:\\\/\\\/perpignan.alfmed.com\\\/es\\\/erasmus\\\/\"},{\"@type\":\"ListItem\",\"position\":3,\"name\":\"Acogida pr\u00e1cticas erasmus\",\"item\":\"https:\\\/\\\/perpignan.alfmed.com\\\/es\\\/erasmus\\\/acogida-erasmus-practica\\\/\"},{\"@type\":\"ListItem\",\"position\":4,\"name\":\"Nuestro alojamiento para estudiantes\",\"item\":\"https:\\\/\\\/perpignan.alfmed.com\\\/es\\\/erasmus\\\/acogida-erasmus-practica\\\/nuestro-alojamiento-estudiantes\\\/\"},{\"@type\":\"ListItem\",\"position\":5,\"name\":\"Villa Malibu\"}]},{\"@type\":\"WebSite\",\"@id\":\"https:\\\/\\\/perpignan.alfmed.com\\\/es\\\/#website\",\"url\":\"https:\\\/\\\/perpignan.alfmed.com\\\/es\\\/\",\"name\":\"Alfmed\",\"description\":\"EXPERTS EN LANGUES &amp; PROJETS EUROP\u00c9ENS\",\"potentialAction\":[{\"@type\":\"SearchAction\",\"target\":{\"@type\":\"EntryPoint\",\"urlTemplate\":\"https:\\\/\\\/perpignan.alfmed.com\\\/es\\\/?s={search_term_string}\"},\"query-input\":{\"@type\":\"PropertyValueSpecification\",\"valueRequired\":true,\"valueName\":\"search_term_string\"}}],\"inLanguage\":\"es\"}]}<\/script>\n<!-- \/ Yoast SEO plugin. -->","yoast_head_json":{"title":"ALFMED Perpignan | Villa Malibu","description":"Cours d'Anglais | Espagnol | Catalan | Fran\u00e7ais Langue \u00e9trang\u00e8re | Italien | Allemand | Chinois | N\u00e9erlandais | Russe \u00e0 Perpignan","robots":{"index":"index","follow":"follow","max-snippet":"max-snippet:-1","max-image-preview":"max-image-preview:large","max-video-preview":"max-video-preview:-1"},"canonical":"https:\/\/perpignan.alfmed.com\/es\/erasmus\/acogida-erasmus-practica\/nuestro-alojamiento-estudiantes\/villa-malibu\/","og_locale":"es_ES","og_type":"article","og_title":"ALFMED Perpignan | Villa Malibu","og_description":"Cours d'Anglais | Espagnol | Catalan | Fran\u00e7ais Langue \u00e9trang\u00e8re | Italien | Allemand | Chinois | N\u00e9erlandais | Russe \u00e0 Perpignan","og_url":"https:\/\/perpignan.alfmed.com\/es\/erasmus\/acogida-erasmus-practica\/nuestro-alojamiento-estudiantes\/villa-malibu\/","og_site_name":"Alfmed","article_modified_time":"2023-06-15T09:03:09+00:00","og_image":[{"width":768,"height":1024,"url":"https:\/\/perpignan.alfmed.com\/wp-content\/uploads\/2023\/06\/WhatsApp-Image-2023-06-05-a-q22.32.40.jpg","type":"image\/jpeg"}],"twitter_card":"summary_large_image","schema":{"@context":"https:\/\/schema.org","@graph":[{"@type":"WebPage","@id":"https:\/\/perpignan.alfmed.com\/es\/erasmus\/acogida-erasmus-practica\/nuestro-alojamiento-estudiantes\/villa-malibu\/","url":"https:\/\/perpignan.alfmed.com\/es\/erasmus\/acogida-erasmus-practica\/nuestro-alojamiento-estudiantes\/villa-malibu\/","name":"ALFMED Perpignan | Villa Malibu","isPartOf":{"@id":"https:\/\/perpignan.alfmed.com\/es\/#website"},"primaryImageOfPage":{"@id":"https:\/\/perpignan.alfmed.com\/es\/erasmus\/acogida-erasmus-practica\/nuestro-alojamiento-estudiantes\/villa-malibu\/#primaryimage"},"image":{"@id":"https:\/\/perpignan.alfmed.com\/es\/erasmus\/acogida-erasmus-practica\/nuestro-alojamiento-estudiantes\/villa-malibu\/#primaryimage"},"thumbnailUrl":"https:\/\/perpignan.alfmed.com\/wp-content\/uploads\/2023\/06\/WhatsApp-Image-2023-06-05-a-q22.32.40.jpg","datePublished":"2023-05-11T08:23:35+00:00","dateModified":"2023-06-15T09:03:09+00:00","description":"Cours d'Anglais | Espagnol | Catalan | Fran\u00e7ais Langue \u00e9trang\u00e8re | Italien | Allemand | Chinois | N\u00e9erlandais | Russe \u00e0 Perpignan","breadcrumb":{"@id":"https:\/\/perpignan.alfmed.com\/es\/erasmus\/acogida-erasmus-practica\/nuestro-alojamiento-estudiantes\/villa-malibu\/#breadcrumb"},"inLanguage":"es","potentialAction":[{"@type":"ReadAction","target":["https:\/\/perpignan.alfmed.com\/es\/erasmus\/acogida-erasmus-practica\/nuestro-alojamiento-estudiantes\/villa-malibu\/"]}]},{"@type":"ImageObject","inLanguage":"es","@id":"https:\/\/perpignan.alfmed.com\/es\/erasmus\/acogida-erasmus-practica\/nuestro-alojamiento-estudiantes\/villa-malibu\/#primaryimage","url":"https:\/\/perpignan.alfmed.com\/wp-content\/uploads\/2023\/06\/WhatsApp-Image-2023-06-05-a-q22.32.40.jpg","contentUrl":"https:\/\/perpignan.alfmed.com\/wp-content\/uploads\/2023\/06\/WhatsApp-Image-2023-06-05-a-q22.32.40.jpg","width":768,"height":1024},{"@type":"BreadcrumbList","@id":"https:\/\/perpignan.alfmed.com\/es\/erasmus\/acogida-erasmus-practica\/nuestro-alojamiento-estudiantes\/villa-malibu\/#breadcrumb","itemListElement":[{"@type":"ListItem","position":1,"name":"Home","item":"https:\/\/perpignan.alfmed.com\/es\/"},{"@type":"ListItem","position":2,"name":"Erasmus","item":"https:\/\/perpignan.alfmed.com\/es\/erasmus\/"},{"@type":"ListItem","position":3,"name":"Acogida pr\u00e1cticas erasmus","item":"https:\/\/perpignan.alfmed.com\/es\/erasmus\/acogida-erasmus-practica\/"},{"@type":"ListItem","position":4,"name":"Nuestro alojamiento para estudiantes","item":"https:\/\/perpignan.alfmed.com\/es\/erasmus\/acogida-erasmus-practica\/nuestro-alojamiento-estudiantes\/"},{"@type":"ListItem","position":5,"name":"Villa Malibu"}]},{"@type":"WebSite","@id":"https:\/\/perpignan.alfmed.com\/es\/#website","url":"https:\/\/perpignan.alfmed.com\/es\/","name":"Alfmed","description":"EXPERTS EN LANGUES &amp; PROJETS EUROP\u00c9ENS","potentialAction":[{"@type":"SearchAction","target":{"@type":"EntryPoint","urlTemplate":"https:\/\/perpignan.alfmed.com\/es\/?s={search_term_string}"},"query-input":{"@type":"PropertyValueSpecification","valueRequired":true,"valueName":"search_term_string"}}],"inLanguage":"es"}]}},"_links":{"self":[{"href":"https:\/\/perpignan.alfmed.com\/es\/wp-json\/wp\/v2\/pages\/13234","targetHints":{"allow":["GET"]}}],"collection":[{"href":"https:\/\/perpignan.alfmed.com\/es\/wp-json\/wp\/v2\/pages"}],"about":[{"href":"https:\/\/perpignan.alfmed.com\/es\/wp-json\/wp\/v2\/types\/page"}],"author":[{"embeddable":true,"href":"https:\/\/perpignan.alfmed.com\/es\/wp-json\/wp\/v2\/users\/3"}],"replies":[{"embeddable":true,"href":"https:\/\/perpignan.alfmed.com\/es\/wp-json\/wp\/v2\/comments?post=13234"}],"version-history":[{"count":3,"href":"https:\/\/perpignan.alfmed.com\/es\/wp-json\/wp\/v2\/pages\/13234\/revisions"}],"predecessor-version":[{"id":13532,"href":"https:\/\/perpignan.alfmed.com\/es\/wp-json\/wp\/v2\/pages\/13234\/revisions\/13532"}],"up":[{"embeddable":true,"href":"https:\/\/perpignan.alfmed.com\/es\/wp-json\/wp\/v2\/pages\/8364"}],"wp:featuredmedia":[{"embeddable":true,"href":"https:\/\/perpignan.alfmed.com\/es\/wp-json\/wp\/v2\/media\/13421"}],"wp:attachment":[{"href":"https:\/\/perpignan.alfmed.com\/es\/wp-json\/wp\/v2\/media?parent=13234"}],"wp:term":[{"taxonomy":"category","embeddable":true,"href":"https:\/\/perpignan.alfmed.com\/es\/wp-json\/wp\/v2\/categories?post=13234"},{"taxonomy":"post_tag","embeddable":true,"href":"https:\/\/perpignan.alfmed.com\/es\/wp-json\/wp\/v2\/tags?post=13234"}],"curies":[{"name":"wp","href":"https:\/\/api.w.org\/{rel}","templated":true}]}}