{"id":22915,"date":"2026-02-18T12:53:48","date_gmt":"2026-02-18T11:53:48","guid":{"rendered":"https:\/\/perpignan.alfmed.com\/?post_type=product&#038;p=22915"},"modified":"2026-03-09T11:46:16","modified_gmt":"2026-03-09T10:46:16","slug":"tcf-irn-copie","status":"publish","type":"product","link":"https:\/\/perpignan.alfmed.com\/en\/produit\/tcf-irn-copie\/","title":{"rendered":"CIVIC EXAM"},"content":{"rendered":"","protected":false},"excerpt":{"rendered":"<p>The civic exam is an official assessment introduced by the French government as part of new regulations on integration and access to residence in France. From 1 January 2026, passing this exam will be mandatory for:<\/p>\n<ul>\n<li>first-time applicants or renewals of multi-year residence permits (CSP)<\/li>\n<li>first-time applicants for residence permits (CR)<\/li>\n<li>applicants for French naturalisation<\/li>\n<\/ul>\n<p><a href=\"https:\/\/perpignan.alfmed.com\/examen-civique\/\">INFORMATION ABOUT THE CIVIC EXAM<\/a><\/p>\n<p>&nbsp;<\/p>\n<p>Please note: you are about to register for the civic exam at ALFMED; please <a href=\"https:\/\/test-civique.fr\/inscription\">pre-register on the official civic exam website<\/a> beforehand. Your registration and payment to ALFMED must be completed 48 hours before the exam date in order to be confirmed.<\/p>\n","protected":false},"featured_media":23311,"template":"","meta":{"_acf_changed":false,"_et_pb_use_builder":"","_et_pb_old_content":"","_et_gb_content_width":""},"product_brand":[],"product_cat":[157],"product_tag":[],"class_list":{"0":"post-22915","1":"product","2":"type-product","3":"status-publish","4":"has-post-thumbnail","6":"product_cat-nos-produits-en","8":"first","9":"instock","10":"shipping-taxable","11":"purchasable","12":"product-type-variable"},"acf":[],"yoast_head":"<!-- This site is optimized with the Yoast SEO plugin v27.5 - https:\/\/yoast.com\/product\/yoast-seo-wordpress\/ -->\n<title>ALFMED Perpignan | TCF IRN<\/title>\n<meta name=\"description\" content=\"Test de connaissance du Fran\u00e7ais TCF pour une demande de nationalit\u00e9 fran\u00e7aise, de carte de r\u00e9sident ou dans le cadre du parcours citoyen OFII\" \/>\n<meta name=\"robots\" content=\"index, follow, max-snippet:-1, max-image-preview:large, max-video-preview:-1\" \/>\n<link rel=\"canonical\" href=\"https:\/\/perpignan.alfmed.com\/en\/produit\/tcf-irn-copie\/\" \/>\n<meta property=\"og:locale\" content=\"en_US\" \/>\n<meta property=\"og:type\" content=\"article\" \/>\n<meta property=\"og:title\" content=\"ALFMED Perpignan | TCF IRN\" \/>\n<meta property=\"og:description\" content=\"Test de connaissance du Fran\u00e7ais TCF pour une demande de nationalit\u00e9 fran\u00e7aise, de carte de r\u00e9sident ou dans le cadre du parcours citoyen OFII\" \/>\n<meta property=\"og:url\" content=\"https:\/\/perpignan.alfmed.com\/en\/produit\/tcf-irn-copie\/\" \/>\n<meta property=\"og:site_name\" content=\"Alfmed\" \/>\n<meta property=\"article:modified_time\" content=\"2026-03-09T10:46:16+00:00\" \/>\n<meta property=\"og:image\" content=\"https:\/\/perpignan.alfmed.com\/wp-content\/uploads\/2026\/02\/Capture-decran-2026-02-17-163757.png\" \/>\n\t<meta property=\"og:image:width\" content=\"641\" \/>\n\t<meta property=\"og:image:height\" content=\"394\" \/>\n\t<meta property=\"og:image:type\" content=\"image\/png\" \/>\n<meta name=\"twitter:card\" content=\"summary_large_image\" \/>\n<script type=\"application\/ld+json\" class=\"yoast-schema-graph\">{\"@context\":\"https:\\\/\\\/schema.org\",\"@graph\":[{\"@type\":\"WebPage\",\"@id\":\"https:\\\/\\\/perpignan.alfmed.com\\\/en\\\/produit\\\/tcf-irn-copie\\\/\",\"url\":\"https:\\\/\\\/perpignan.alfmed.com\\\/en\\\/produit\\\/tcf-irn-copie\\\/\",\"name\":\"ALFMED Perpignan | TCF IRN\",\"isPartOf\":{\"@id\":\"https:\\\/\\\/perpignan.alfmed.com\\\/en\\\/#website\"},\"primaryImageOfPage\":{\"@id\":\"https:\\\/\\\/perpignan.alfmed.com\\\/en\\\/produit\\\/tcf-irn-copie\\\/#primaryimage\"},\"image\":{\"@id\":\"https:\\\/\\\/perpignan.alfmed.com\\\/en\\\/produit\\\/tcf-irn-copie\\\/#primaryimage\"},\"thumbnailUrl\":\"https:\\\/\\\/perpignan.alfmed.com\\\/wp-content\\\/uploads\\\/2026\\\/03\\\/ChatGPT-Image-10-mars-2026-18_19_40.png\",\"datePublished\":\"2026-02-18T11:53:48+00:00\",\"dateModified\":\"2026-03-09T10:46:16+00:00\",\"description\":\"Test de connaissance du Fran\u00e7ais TCF pour une demande de nationalit\u00e9 fran\u00e7aise, de carte de r\u00e9sident ou dans le cadre du parcours citoyen OFII\",\"breadcrumb\":{\"@id\":\"https:\\\/\\\/perpignan.alfmed.com\\\/en\\\/produit\\\/tcf-irn-copie\\\/#breadcrumb\"},\"inLanguage\":\"en-US\",\"potentialAction\":[{\"@type\":\"ReadAction\",\"target\":[\"https:\\\/\\\/perpignan.alfmed.com\\\/en\\\/produit\\\/tcf-irn-copie\\\/\"]}]},{\"@type\":\"ImageObject\",\"inLanguage\":\"en-US\",\"@id\":\"https:\\\/\\\/perpignan.alfmed.com\\\/en\\\/produit\\\/tcf-irn-copie\\\/#primaryimage\",\"url\":\"https:\\\/\\\/perpignan.alfmed.com\\\/wp-content\\\/uploads\\\/2026\\\/03\\\/ChatGPT-Image-10-mars-2026-18_19_40.png\",\"contentUrl\":\"https:\\\/\\\/perpignan.alfmed.com\\\/wp-content\\\/uploads\\\/2026\\\/03\\\/ChatGPT-Image-10-mars-2026-18_19_40.png\",\"width\":1536,\"height\":1024},{\"@type\":\"BreadcrumbList\",\"@id\":\"https:\\\/\\\/perpignan.alfmed.com\\\/en\\\/produit\\\/tcf-irn-copie\\\/#breadcrumb\",\"itemListElement\":[{\"@type\":\"ListItem\",\"position\":1,\"name\":\"Home\",\"item\":\"https:\\\/\\\/perpignan.alfmed.com\\\/en\\\/\"},{\"@type\":\"ListItem\",\"position\":2,\"name\":\"Products\",\"item\":\"https:\\\/\\\/perpignan.alfmed.com\\\/en\\\/shop\\\/\"},{\"@type\":\"ListItem\",\"position\":3,\"name\":\"CIVIC EXAM\"}]},{\"@type\":\"WebSite\",\"@id\":\"https:\\\/\\\/perpignan.alfmed.com\\\/en\\\/#website\",\"url\":\"https:\\\/\\\/perpignan.alfmed.com\\\/en\\\/\",\"name\":\"Alfmed\",\"description\":\"EXPERTS EN LANGUES &amp; PROJETS EUROP\u00c9ENS\",\"potentialAction\":[{\"@type\":\"SearchAction\",\"target\":{\"@type\":\"EntryPoint\",\"urlTemplate\":\"https:\\\/\\\/perpignan.alfmed.com\\\/en\\\/?s={search_term_string}\"},\"query-input\":{\"@type\":\"PropertyValueSpecification\",\"valueRequired\":true,\"valueName\":\"search_term_string\"}}],\"inLanguage\":\"en-US\"}]}<\/script>\n<!-- \/ Yoast SEO plugin. -->","yoast_head_json":{"title":"ALFMED Perpignan | TCF IRN","description":"Test de connaissance du Fran\u00e7ais TCF pour une demande de nationalit\u00e9 fran\u00e7aise, de carte de r\u00e9sident ou dans le cadre du parcours citoyen OFII","robots":{"index":"index","follow":"follow","max-snippet":"max-snippet:-1","max-image-preview":"max-image-preview:large","max-video-preview":"max-video-preview:-1"},"canonical":"https:\/\/perpignan.alfmed.com\/en\/produit\/tcf-irn-copie\/","og_locale":"en_US","og_type":"article","og_title":"ALFMED Perpignan | TCF IRN","og_description":"Test de connaissance du Fran\u00e7ais TCF pour une demande de nationalit\u00e9 fran\u00e7aise, de carte de r\u00e9sident ou dans le cadre du parcours citoyen OFII","og_url":"https:\/\/perpignan.alfmed.com\/en\/produit\/tcf-irn-copie\/","og_site_name":"Alfmed","article_modified_time":"2026-03-09T10:46:16+00:00","og_image":[{"width":641,"height":394,"url":"https:\/\/perpignan.alfmed.com\/wp-content\/uploads\/2026\/02\/Capture-decran-2026-02-17-163757.png","type":"image\/png"}],"twitter_card":"summary_large_image","schema":{"@context":"https:\/\/schema.org","@graph":[{"@type":"WebPage","@id":"https:\/\/perpignan.alfmed.com\/en\/produit\/tcf-irn-copie\/","url":"https:\/\/perpignan.alfmed.com\/en\/produit\/tcf-irn-copie\/","name":"ALFMED Perpignan | TCF IRN","isPartOf":{"@id":"https:\/\/perpignan.alfmed.com\/en\/#website"},"primaryImageOfPage":{"@id":"https:\/\/perpignan.alfmed.com\/en\/produit\/tcf-irn-copie\/#primaryimage"},"image":{"@id":"https:\/\/perpignan.alfmed.com\/en\/produit\/tcf-irn-copie\/#primaryimage"},"thumbnailUrl":"https:\/\/perpignan.alfmed.com\/wp-content\/uploads\/2026\/03\/ChatGPT-Image-10-mars-2026-18_19_40.png","datePublished":"2026-02-18T11:53:48+00:00","dateModified":"2026-03-09T10:46:16+00:00","description":"Test de connaissance du Fran\u00e7ais TCF pour une demande de nationalit\u00e9 fran\u00e7aise, de carte de r\u00e9sident ou dans le cadre du parcours citoyen OFII","breadcrumb":{"@id":"https:\/\/perpignan.alfmed.com\/en\/produit\/tcf-irn-copie\/#breadcrumb"},"inLanguage":"en-US","potentialAction":[{"@type":"ReadAction","target":["https:\/\/perpignan.alfmed.com\/en\/produit\/tcf-irn-copie\/"]}]},{"@type":"ImageObject","inLanguage":"en-US","@id":"https:\/\/perpignan.alfmed.com\/en\/produit\/tcf-irn-copie\/#primaryimage","url":"https:\/\/perpignan.alfmed.com\/wp-content\/uploads\/2026\/03\/ChatGPT-Image-10-mars-2026-18_19_40.png","contentUrl":"https:\/\/perpignan.alfmed.com\/wp-content\/uploads\/2026\/03\/ChatGPT-Image-10-mars-2026-18_19_40.png","width":1536,"height":1024},{"@type":"BreadcrumbList","@id":"https:\/\/perpignan.alfmed.com\/en\/produit\/tcf-irn-copie\/#breadcrumb","itemListElement":[{"@type":"ListItem","position":1,"name":"Home","item":"https:\/\/perpignan.alfmed.com\/en\/"},{"@type":"ListItem","position":2,"name":"Products","item":"https:\/\/perpignan.alfmed.com\/en\/shop\/"},{"@type":"ListItem","position":3,"name":"CIVIC EXAM"}]},{"@type":"WebSite","@id":"https:\/\/perpignan.alfmed.com\/en\/#website","url":"https:\/\/perpignan.alfmed.com\/en\/","name":"Alfmed","description":"EXPERTS EN LANGUES &amp; PROJETS EUROP\u00c9ENS","potentialAction":[{"@type":"SearchAction","target":{"@type":"EntryPoint","urlTemplate":"https:\/\/perpignan.alfmed.com\/en\/?s={search_term_string}"},"query-input":{"@type":"PropertyValueSpecification","valueRequired":true,"valueName":"search_term_string"}}],"inLanguage":"en-US"}]}},"_links":{"self":[{"href":"https:\/\/perpignan.alfmed.com\/en\/wp-json\/wp\/v2\/product\/22915","targetHints":{"allow":["GET"]}}],"collection":[{"href":"https:\/\/perpignan.alfmed.com\/en\/wp-json\/wp\/v2\/product"}],"about":[{"href":"https:\/\/perpignan.alfmed.com\/en\/wp-json\/wp\/v2\/types\/product"}],"wp:featuredmedia":[{"embeddable":true,"href":"https:\/\/perpignan.alfmed.com\/en\/wp-json\/wp\/v2\/media\/23311"}],"wp:attachment":[{"href":"https:\/\/perpignan.alfmed.com\/en\/wp-json\/wp\/v2\/media?parent=22915"}],"wp:term":[{"taxonomy":"product_brand","embeddable":true,"href":"https:\/\/perpignan.alfmed.com\/en\/wp-json\/wp\/v2\/product_brand?post=22915"},{"taxonomy":"product_cat","embeddable":true,"href":"https:\/\/perpignan.alfmed.com\/en\/wp-json\/wp\/v2\/product_cat?post=22915"},{"taxonomy":"product_tag","embeddable":true,"href":"https:\/\/perpignan.alfmed.com\/en\/wp-json\/wp\/v2\/product_tag?post=22915"}],"curies":[{"name":"wp","href":"https:\/\/api.w.org\/{rel}","templated":true}]}}