{"id":10088,"date":"2022-03-08T10:54:14","date_gmt":"2022-03-08T10:54:14","guid":{"rendered":"https:\/\/perpignan.alfmed.com\/produit\/tcf-irn\/"},"modified":"2025-07-30T22:32:28","modified_gmt":"2025-07-30T21:32:28","slug":"tcf-irn","status":"publish","type":"product","link":"https:\/\/perpignan.alfmed.com\/en\/produit\/tcf-irn\/","title":{"rendered":"TCF IRN"},"content":{"rendered":"","protected":false},"excerpt":{"rendered":"<p>Le <a href=\"https:\/\/perpignan.alfmed.com\/tcf-irn\/\">TCF IRN<\/a> est destin\u00e9 \u00e0 toute personne \u00e9trang\u00e8re de plus de 16 ans souhaitant valider son niveau de fran\u00e7ais pour :<\/p>\n<ul>\n<li>une demande de nationalit\u00e9 fran\u00e7aise : Niveau B2<\/li>\n<li>une demande de carte de r\u00e9sident de longue dur\u00e9e : Niveau B1<\/li>\n<li>une validation du niveau A2 dans le cadre du parcours citoyen OFII<\/li>\n<\/ul>\n<p><a href=\"https:\/\/perpignan.alfmed.com\/tcf-irn\/\">INFORMATIONS SUR LE TCF IRN<\/a><\/p>\n","protected":false},"featured_media":7873,"template":"","meta":{"_acf_changed":false,"_et_pb_use_builder":"","_et_pb_old_content":"","_et_gb_content_width":""},"product_brand":[],"product_cat":[157,169],"product_tag":[],"class_list":{"0":"post-10088","1":"product","2":"type-product","3":"status-publish","4":"has-post-thumbnail","6":"product_cat-nos-produits-en","7":"product_cat-tcf-en","9":"first","10":"outofstock","11":"shipping-taxable","12":"purchasable","13":"product-type-variable"},"acf":[],"yoast_head":"<!-- This site is optimized with the Yoast SEO plugin v27.5 - https:\/\/yoast.com\/product\/yoast-seo-wordpress\/ -->\n<title>ALFMED Perpignan | TCF IRN<\/title>\n<meta name=\"description\" content=\"Test de connaissance du Fran\u00e7ais TCF pour une demande de nationalit\u00e9 fran\u00e7aise, de carte de r\u00e9sident ou dans le cadre du parcours citoyen OFII\" \/>\n<meta name=\"robots\" content=\"index, follow, max-snippet:-1, max-image-preview:large, max-video-preview:-1\" \/>\n<link rel=\"canonical\" href=\"https:\/\/perpignan.alfmed.com\/en\/produit\/tcf-irn\/\" \/>\n<meta property=\"og:locale\" content=\"en_US\" \/>\n<meta property=\"og:type\" content=\"article\" \/>\n<meta property=\"og:title\" content=\"ALFMED Perpignan | TCF IRN\" \/>\n<meta property=\"og:description\" content=\"Test de connaissance du Fran\u00e7ais TCF pour une demande de nationalit\u00e9 fran\u00e7aise, de carte de r\u00e9sident ou dans le cadre du parcours citoyen OFII\" \/>\n<meta property=\"og:url\" content=\"https:\/\/perpignan.alfmed.com\/en\/produit\/tcf-irn\/\" \/>\n<meta property=\"og:site_name\" content=\"Alfmed\" \/>\n<meta property=\"article:modified_time\" content=\"2025-07-30T21:32:28+00:00\" \/>\n<meta property=\"og:image\" content=\"https:\/\/perpignan.alfmed.com\/wp-content\/uploads\/2022\/09\/visuel-site-1.png\" \/>\n\t<meta property=\"og:image:width\" content=\"700\" \/>\n\t<meta property=\"og:image:height\" content=\"400\" \/>\n\t<meta property=\"og:image:type\" content=\"image\/png\" \/>\n<meta name=\"twitter:card\" content=\"summary_large_image\" \/>\n<script type=\"application\/ld+json\" class=\"yoast-schema-graph\">{\"@context\":\"https:\\\/\\\/schema.org\",\"@graph\":[{\"@type\":\"WebPage\",\"@id\":\"https:\\\/\\\/perpignan.alfmed.com\\\/en\\\/produit\\\/tcf-irn\\\/\",\"url\":\"https:\\\/\\\/perpignan.alfmed.com\\\/en\\\/produit\\\/tcf-irn\\\/\",\"name\":\"ALFMED Perpignan | TCF IRN\",\"isPartOf\":{\"@id\":\"https:\\\/\\\/perpignan.alfmed.com\\\/en\\\/#website\"},\"primaryImageOfPage\":{\"@id\":\"https:\\\/\\\/perpignan.alfmed.com\\\/en\\\/produit\\\/tcf-irn\\\/#primaryimage\"},\"image\":{\"@id\":\"https:\\\/\\\/perpignan.alfmed.com\\\/en\\\/produit\\\/tcf-irn\\\/#primaryimage\"},\"thumbnailUrl\":\"https:\\\/\\\/perpignan.alfmed.com\\\/wp-content\\\/uploads\\\/2022\\\/09\\\/visuel-site-1.png\",\"datePublished\":\"2022-03-08T10:54:14+00:00\",\"dateModified\":\"2025-07-30T21:32:28+00:00\",\"description\":\"Test de connaissance du Fran\u00e7ais TCF pour une demande de nationalit\u00e9 fran\u00e7aise, de carte de r\u00e9sident ou dans le cadre du parcours citoyen OFII\",\"breadcrumb\":{\"@id\":\"https:\\\/\\\/perpignan.alfmed.com\\\/en\\\/produit\\\/tcf-irn\\\/#breadcrumb\"},\"inLanguage\":\"en-US\",\"potentialAction\":[{\"@type\":\"ReadAction\",\"target\":[\"https:\\\/\\\/perpignan.alfmed.com\\\/en\\\/produit\\\/tcf-irn\\\/\"]}]},{\"@type\":\"ImageObject\",\"inLanguage\":\"en-US\",\"@id\":\"https:\\\/\\\/perpignan.alfmed.com\\\/en\\\/produit\\\/tcf-irn\\\/#primaryimage\",\"url\":\"https:\\\/\\\/perpignan.alfmed.com\\\/wp-content\\\/uploads\\\/2022\\\/09\\\/visuel-site-1.png\",\"contentUrl\":\"https:\\\/\\\/perpignan.alfmed.com\\\/wp-content\\\/uploads\\\/2022\\\/09\\\/visuel-site-1.png\",\"width\":700,\"height\":400},{\"@type\":\"BreadcrumbList\",\"@id\":\"https:\\\/\\\/perpignan.alfmed.com\\\/en\\\/produit\\\/tcf-irn\\\/#breadcrumb\",\"itemListElement\":[{\"@type\":\"ListItem\",\"position\":1,\"name\":\"Home\",\"item\":\"https:\\\/\\\/perpignan.alfmed.com\\\/en\\\/\"},{\"@type\":\"ListItem\",\"position\":2,\"name\":\"Products\",\"item\":\"https:\\\/\\\/perpignan.alfmed.com\\\/en\\\/shop\\\/\"},{\"@type\":\"ListItem\",\"position\":3,\"name\":\"TCF IRN\"}]},{\"@type\":\"WebSite\",\"@id\":\"https:\\\/\\\/perpignan.alfmed.com\\\/en\\\/#website\",\"url\":\"https:\\\/\\\/perpignan.alfmed.com\\\/en\\\/\",\"name\":\"Alfmed\",\"description\":\"EXPERTS EN LANGUES &amp; PROJETS EUROP\u00c9ENS\",\"potentialAction\":[{\"@type\":\"SearchAction\",\"target\":{\"@type\":\"EntryPoint\",\"urlTemplate\":\"https:\\\/\\\/perpignan.alfmed.com\\\/en\\\/?s={search_term_string}\"},\"query-input\":{\"@type\":\"PropertyValueSpecification\",\"valueRequired\":true,\"valueName\":\"search_term_string\"}}],\"inLanguage\":\"en-US\"}]}<\/script>\n<!-- \/ Yoast SEO plugin. -->","yoast_head_json":{"title":"ALFMED Perpignan | TCF IRN","description":"Test de connaissance du Fran\u00e7ais TCF pour une demande de nationalit\u00e9 fran\u00e7aise, de carte de r\u00e9sident ou dans le cadre du parcours citoyen OFII","robots":{"index":"index","follow":"follow","max-snippet":"max-snippet:-1","max-image-preview":"max-image-preview:large","max-video-preview":"max-video-preview:-1"},"canonical":"https:\/\/perpignan.alfmed.com\/en\/produit\/tcf-irn\/","og_locale":"en_US","og_type":"article","og_title":"ALFMED Perpignan | TCF IRN","og_description":"Test de connaissance du Fran\u00e7ais TCF pour une demande de nationalit\u00e9 fran\u00e7aise, de carte de r\u00e9sident ou dans le cadre du parcours citoyen OFII","og_url":"https:\/\/perpignan.alfmed.com\/en\/produit\/tcf-irn\/","og_site_name":"Alfmed","article_modified_time":"2025-07-30T21:32:28+00:00","og_image":[{"width":700,"height":400,"url":"https:\/\/perpignan.alfmed.com\/wp-content\/uploads\/2022\/09\/visuel-site-1.png","type":"image\/png"}],"twitter_card":"summary_large_image","schema":{"@context":"https:\/\/schema.org","@graph":[{"@type":"WebPage","@id":"https:\/\/perpignan.alfmed.com\/en\/produit\/tcf-irn\/","url":"https:\/\/perpignan.alfmed.com\/en\/produit\/tcf-irn\/","name":"ALFMED Perpignan | TCF IRN","isPartOf":{"@id":"https:\/\/perpignan.alfmed.com\/en\/#website"},"primaryImageOfPage":{"@id":"https:\/\/perpignan.alfmed.com\/en\/produit\/tcf-irn\/#primaryimage"},"image":{"@id":"https:\/\/perpignan.alfmed.com\/en\/produit\/tcf-irn\/#primaryimage"},"thumbnailUrl":"https:\/\/perpignan.alfmed.com\/wp-content\/uploads\/2022\/09\/visuel-site-1.png","datePublished":"2022-03-08T10:54:14+00:00","dateModified":"2025-07-30T21:32:28+00:00","description":"Test de connaissance du Fran\u00e7ais TCF pour une demande de nationalit\u00e9 fran\u00e7aise, de carte de r\u00e9sident ou dans le cadre du parcours citoyen OFII","breadcrumb":{"@id":"https:\/\/perpignan.alfmed.com\/en\/produit\/tcf-irn\/#breadcrumb"},"inLanguage":"en-US","potentialAction":[{"@type":"ReadAction","target":["https:\/\/perpignan.alfmed.com\/en\/produit\/tcf-irn\/"]}]},{"@type":"ImageObject","inLanguage":"en-US","@id":"https:\/\/perpignan.alfmed.com\/en\/produit\/tcf-irn\/#primaryimage","url":"https:\/\/perpignan.alfmed.com\/wp-content\/uploads\/2022\/09\/visuel-site-1.png","contentUrl":"https:\/\/perpignan.alfmed.com\/wp-content\/uploads\/2022\/09\/visuel-site-1.png","width":700,"height":400},{"@type":"BreadcrumbList","@id":"https:\/\/perpignan.alfmed.com\/en\/produit\/tcf-irn\/#breadcrumb","itemListElement":[{"@type":"ListItem","position":1,"name":"Home","item":"https:\/\/perpignan.alfmed.com\/en\/"},{"@type":"ListItem","position":2,"name":"Products","item":"https:\/\/perpignan.alfmed.com\/en\/shop\/"},{"@type":"ListItem","position":3,"name":"TCF IRN"}]},{"@type":"WebSite","@id":"https:\/\/perpignan.alfmed.com\/en\/#website","url":"https:\/\/perpignan.alfmed.com\/en\/","name":"Alfmed","description":"EXPERTS EN LANGUES &amp; PROJETS EUROP\u00c9ENS","potentialAction":[{"@type":"SearchAction","target":{"@type":"EntryPoint","urlTemplate":"https:\/\/perpignan.alfmed.com\/en\/?s={search_term_string}"},"query-input":{"@type":"PropertyValueSpecification","valueRequired":true,"valueName":"search_term_string"}}],"inLanguage":"en-US"}]}},"_links":{"self":[{"href":"https:\/\/perpignan.alfmed.com\/en\/wp-json\/wp\/v2\/product\/10088","targetHints":{"allow":["GET"]}}],"collection":[{"href":"https:\/\/perpignan.alfmed.com\/en\/wp-json\/wp\/v2\/product"}],"about":[{"href":"https:\/\/perpignan.alfmed.com\/en\/wp-json\/wp\/v2\/types\/product"}],"wp:featuredmedia":[{"embeddable":true,"href":"https:\/\/perpignan.alfmed.com\/en\/wp-json\/wp\/v2\/media\/7873"}],"wp:attachment":[{"href":"https:\/\/perpignan.alfmed.com\/en\/wp-json\/wp\/v2\/media?parent=10088"}],"wp:term":[{"taxonomy":"product_brand","embeddable":true,"href":"https:\/\/perpignan.alfmed.com\/en\/wp-json\/wp\/v2\/product_brand?post=10088"},{"taxonomy":"product_cat","embeddable":true,"href":"https:\/\/perpignan.alfmed.com\/en\/wp-json\/wp\/v2\/product_cat?post=10088"},{"taxonomy":"product_tag","embeddable":true,"href":"https:\/\/perpignan.alfmed.com\/en\/wp-json\/wp\/v2\/product_tag?post=10088"}],"curies":[{"name":"wp","href":"https:\/\/api.w.org\/{rel}","templated":true}]}}