{"id":982,"date":"2022-02-08T14:06:24","date_gmt":"2022-02-08T14:06:24","guid":{"rendered":"https:\/\/perpignan.alfmed.com\/?page_id=982"},"modified":"2026-03-25T11:23:26","modified_gmt":"2026-03-25T10:23:26","slug":"sejour-irlande-campus","status":"publish","type":"page","link":"https:\/\/perpignan.alfmed.com\/en\/scolaire\/sejours-linguistiques\/sejour-irlande-campus\/","title":{"rendered":"S\u00e9jour Irlande Campus"},"content":{"rendered":"","protected":false},"excerpt":{"rendered":"","protected":false},"author":1,"featured_media":22350,"parent":633,"menu_order":0,"comment_status":"closed","ping_status":"closed","template":"page-template-air-camp.php","meta":{"_acf_changed":false,"_et_pb_use_builder":"","_et_pb_old_content":"","_et_gb_content_width":"","footnotes":""},"categories":[],"tags":[41],"class_list":["post-982","page","type-page","status-publish","has-post-thumbnail","hentry","tag-gabarit-page-air-camp"],"acf":[],"yoast_head":"<!-- This site is optimized with the Yoast SEO plugin v27.3 - https:\/\/yoast.com\/product\/yoast-seo-wordpress\/ -->\n<title>S\u00e9jour linguistique en Irlande en Campus<\/title>\n<meta name=\"description\" content=\"S\u00e9jour linguistique en Irlande- Dublin en Campus, d\u00e9part de Perpignan pour les 13-19 ans TOUT INCLUS + pr\u00e9paration au voyage \u00e0 ALFMED. Unique \u00e0 Perpignan.\" \/>\n<meta name=\"robots\" content=\"index, follow, max-snippet:-1, max-image-preview:large, max-video-preview:-1\" \/>\n<link rel=\"canonical\" href=\"https:\/\/perpignan.alfmed.com\/en\/scolaire\/sejours-linguistiques\/sejour-irlande-campus\/\" \/>\n<meta property=\"og:locale\" content=\"en_US\" \/>\n<meta property=\"og:type\" content=\"article\" \/>\n<meta property=\"og:title\" content=\"S\u00e9jour linguistique en Irlande en Campus\" \/>\n<meta property=\"og:description\" content=\"S\u00e9jour linguistique en Irlande- Dublin en Campus, d\u00e9part de Perpignan pour les 13-19 ans TOUT INCLUS + pr\u00e9paration au voyage \u00e0 ALFMED. Unique \u00e0 Perpignan.\" \/>\n<meta property=\"og:url\" content=\"https:\/\/perpignan.alfmed.com\/en\/scolaire\/sejours-linguistiques\/sejour-irlande-campus\/\" \/>\n<meta property=\"og:site_name\" content=\"Alfmed\" \/>\n<meta property=\"article:modified_time\" content=\"2026-03-25T10:23:26+00:00\" \/>\n<meta property=\"og:image\" content=\"https:\/\/perpignan.alfmed.com\/wp-content\/uploads\/2025\/11\/MAYNOOTH-SUMMER-2023-2-scaled-1.jpg\" \/>\n\t<meta property=\"og:image:width\" content=\"2560\" \/>\n\t<meta property=\"og:image:height\" content=\"1840\" \/>\n\t<meta property=\"og:image:type\" content=\"image\/jpeg\" \/>\n<meta name=\"twitter:card\" content=\"summary_large_image\" \/>\n<script type=\"application\/ld+json\" class=\"yoast-schema-graph\">{\"@context\":\"https:\\\/\\\/schema.org\",\"@graph\":[{\"@type\":\"WebPage\",\"@id\":\"https:\\\/\\\/perpignan.alfmed.com\\\/en\\\/scolaire\\\/sejours-linguistiques\\\/sejour-irlande-campus\\\/\",\"url\":\"https:\\\/\\\/perpignan.alfmed.com\\\/en\\\/scolaire\\\/sejours-linguistiques\\\/sejour-irlande-campus\\\/\",\"name\":\"S\u00e9jour linguistique en Irlande en Campus\",\"isPartOf\":{\"@id\":\"https:\\\/\\\/perpignan.alfmed.com\\\/en\\\/#website\"},\"primaryImageOfPage\":{\"@id\":\"https:\\\/\\\/perpignan.alfmed.com\\\/en\\\/scolaire\\\/sejours-linguistiques\\\/sejour-irlande-campus\\\/#primaryimage\"},\"image\":{\"@id\":\"https:\\\/\\\/perpignan.alfmed.com\\\/en\\\/scolaire\\\/sejours-linguistiques\\\/sejour-irlande-campus\\\/#primaryimage\"},\"thumbnailUrl\":\"https:\\\/\\\/perpignan.alfmed.com\\\/wp-content\\\/uploads\\\/2025\\\/11\\\/MAYNOOTH-SUMMER-2023-2-scaled-1.jpg\",\"datePublished\":\"2022-02-08T14:06:24+00:00\",\"dateModified\":\"2026-03-25T10:23:26+00:00\",\"description\":\"S\u00e9jour linguistique en Irlande- Dublin en Campus, d\u00e9part de Perpignan pour les 13-19 ans TOUT INCLUS + pr\u00e9paration au voyage \u00e0 ALFMED. Unique \u00e0 Perpignan.\",\"breadcrumb\":{\"@id\":\"https:\\\/\\\/perpignan.alfmed.com\\\/en\\\/scolaire\\\/sejours-linguistiques\\\/sejour-irlande-campus\\\/#breadcrumb\"},\"inLanguage\":\"en-US\",\"potentialAction\":[{\"@type\":\"ReadAction\",\"target\":[\"https:\\\/\\\/perpignan.alfmed.com\\\/en\\\/scolaire\\\/sejours-linguistiques\\\/sejour-irlande-campus\\\/\"]}]},{\"@type\":\"ImageObject\",\"inLanguage\":\"en-US\",\"@id\":\"https:\\\/\\\/perpignan.alfmed.com\\\/en\\\/scolaire\\\/sejours-linguistiques\\\/sejour-irlande-campus\\\/#primaryimage\",\"url\":\"https:\\\/\\\/perpignan.alfmed.com\\\/wp-content\\\/uploads\\\/2025\\\/11\\\/MAYNOOTH-SUMMER-2023-2-scaled-1.jpg\",\"contentUrl\":\"https:\\\/\\\/perpignan.alfmed.com\\\/wp-content\\\/uploads\\\/2025\\\/11\\\/MAYNOOTH-SUMMER-2023-2-scaled-1.jpg\",\"width\":2560,\"height\":1840},{\"@type\":\"BreadcrumbList\",\"@id\":\"https:\\\/\\\/perpignan.alfmed.com\\\/en\\\/scolaire\\\/sejours-linguistiques\\\/sejour-irlande-campus\\\/#breadcrumb\",\"itemListElement\":[{\"@type\":\"ListItem\",\"position\":1,\"name\":\"Home\",\"item\":\"https:\\\/\\\/perpignan.alfmed.com\\\/en\\\/\"},{\"@type\":\"ListItem\",\"position\":2,\"name\":\"Scolaires\",\"item\":\"https:\\\/\\\/perpignan.alfmed.com\\\/en\\\/scolaire\\\/\"},{\"@type\":\"ListItem\",\"position\":3,\"name\":\"S\u00e9jours Linguistiques\",\"item\":\"https:\\\/\\\/perpignan.alfmed.com\\\/en\\\/scolaire\\\/sejours-linguistiques\\\/\"},{\"@type\":\"ListItem\",\"position\":4,\"name\":\"S\u00e9jour Irlande Campus\"}]},{\"@type\":\"WebSite\",\"@id\":\"https:\\\/\\\/perpignan.alfmed.com\\\/en\\\/#website\",\"url\":\"https:\\\/\\\/perpignan.alfmed.com\\\/en\\\/\",\"name\":\"Alfmed\",\"description\":\"EXPERTS EN LANGUES &amp; PROJETS EUROP\u00c9ENS\",\"potentialAction\":[{\"@type\":\"SearchAction\",\"target\":{\"@type\":\"EntryPoint\",\"urlTemplate\":\"https:\\\/\\\/perpignan.alfmed.com\\\/en\\\/?s={search_term_string}\"},\"query-input\":{\"@type\":\"PropertyValueSpecification\",\"valueRequired\":true,\"valueName\":\"search_term_string\"}}],\"inLanguage\":\"en-US\"}]}<\/script>\n<!-- \/ Yoast SEO plugin. -->","yoast_head_json":{"title":"S\u00e9jour linguistique en Irlande en Campus","description":"S\u00e9jour linguistique en Irlande- Dublin en Campus, d\u00e9part de Perpignan pour les 13-19 ans TOUT INCLUS + pr\u00e9paration au voyage \u00e0 ALFMED. Unique \u00e0 Perpignan.","robots":{"index":"index","follow":"follow","max-snippet":"max-snippet:-1","max-image-preview":"max-image-preview:large","max-video-preview":"max-video-preview:-1"},"canonical":"https:\/\/perpignan.alfmed.com\/en\/scolaire\/sejours-linguistiques\/sejour-irlande-campus\/","og_locale":"en_US","og_type":"article","og_title":"S\u00e9jour linguistique en Irlande en Campus","og_description":"S\u00e9jour linguistique en Irlande- Dublin en Campus, d\u00e9part de Perpignan pour les 13-19 ans TOUT INCLUS + pr\u00e9paration au voyage \u00e0 ALFMED. Unique \u00e0 Perpignan.","og_url":"https:\/\/perpignan.alfmed.com\/en\/scolaire\/sejours-linguistiques\/sejour-irlande-campus\/","og_site_name":"Alfmed","article_modified_time":"2026-03-25T10:23:26+00:00","og_image":[{"width":2560,"height":1840,"url":"https:\/\/perpignan.alfmed.com\/wp-content\/uploads\/2025\/11\/MAYNOOTH-SUMMER-2023-2-scaled-1.jpg","type":"image\/jpeg"}],"twitter_card":"summary_large_image","schema":{"@context":"https:\/\/schema.org","@graph":[{"@type":"WebPage","@id":"https:\/\/perpignan.alfmed.com\/en\/scolaire\/sejours-linguistiques\/sejour-irlande-campus\/","url":"https:\/\/perpignan.alfmed.com\/en\/scolaire\/sejours-linguistiques\/sejour-irlande-campus\/","name":"S\u00e9jour linguistique en Irlande en Campus","isPartOf":{"@id":"https:\/\/perpignan.alfmed.com\/en\/#website"},"primaryImageOfPage":{"@id":"https:\/\/perpignan.alfmed.com\/en\/scolaire\/sejours-linguistiques\/sejour-irlande-campus\/#primaryimage"},"image":{"@id":"https:\/\/perpignan.alfmed.com\/en\/scolaire\/sejours-linguistiques\/sejour-irlande-campus\/#primaryimage"},"thumbnailUrl":"https:\/\/perpignan.alfmed.com\/wp-content\/uploads\/2025\/11\/MAYNOOTH-SUMMER-2023-2-scaled-1.jpg","datePublished":"2022-02-08T14:06:24+00:00","dateModified":"2026-03-25T10:23:26+00:00","description":"S\u00e9jour linguistique en Irlande- Dublin en Campus, d\u00e9part de Perpignan pour les 13-19 ans TOUT INCLUS + pr\u00e9paration au voyage \u00e0 ALFMED. Unique \u00e0 Perpignan.","breadcrumb":{"@id":"https:\/\/perpignan.alfmed.com\/en\/scolaire\/sejours-linguistiques\/sejour-irlande-campus\/#breadcrumb"},"inLanguage":"en-US","potentialAction":[{"@type":"ReadAction","target":["https:\/\/perpignan.alfmed.com\/en\/scolaire\/sejours-linguistiques\/sejour-irlande-campus\/"]}]},{"@type":"ImageObject","inLanguage":"en-US","@id":"https:\/\/perpignan.alfmed.com\/en\/scolaire\/sejours-linguistiques\/sejour-irlande-campus\/#primaryimage","url":"https:\/\/perpignan.alfmed.com\/wp-content\/uploads\/2025\/11\/MAYNOOTH-SUMMER-2023-2-scaled-1.jpg","contentUrl":"https:\/\/perpignan.alfmed.com\/wp-content\/uploads\/2025\/11\/MAYNOOTH-SUMMER-2023-2-scaled-1.jpg","width":2560,"height":1840},{"@type":"BreadcrumbList","@id":"https:\/\/perpignan.alfmed.com\/en\/scolaire\/sejours-linguistiques\/sejour-irlande-campus\/#breadcrumb","itemListElement":[{"@type":"ListItem","position":1,"name":"Home","item":"https:\/\/perpignan.alfmed.com\/en\/"},{"@type":"ListItem","position":2,"name":"Scolaires","item":"https:\/\/perpignan.alfmed.com\/en\/scolaire\/"},{"@type":"ListItem","position":3,"name":"S\u00e9jours Linguistiques","item":"https:\/\/perpignan.alfmed.com\/en\/scolaire\/sejours-linguistiques\/"},{"@type":"ListItem","position":4,"name":"S\u00e9jour Irlande Campus"}]},{"@type":"WebSite","@id":"https:\/\/perpignan.alfmed.com\/en\/#website","url":"https:\/\/perpignan.alfmed.com\/en\/","name":"Alfmed","description":"EXPERTS EN LANGUES &amp; PROJETS EUROP\u00c9ENS","potentialAction":[{"@type":"SearchAction","target":{"@type":"EntryPoint","urlTemplate":"https:\/\/perpignan.alfmed.com\/en\/?s={search_term_string}"},"query-input":{"@type":"PropertyValueSpecification","valueRequired":true,"valueName":"search_term_string"}}],"inLanguage":"en-US"}]}},"_links":{"self":[{"href":"https:\/\/perpignan.alfmed.com\/en\/wp-json\/wp\/v2\/pages\/982","targetHints":{"allow":["GET"]}}],"collection":[{"href":"https:\/\/perpignan.alfmed.com\/en\/wp-json\/wp\/v2\/pages"}],"about":[{"href":"https:\/\/perpignan.alfmed.com\/en\/wp-json\/wp\/v2\/types\/page"}],"author":[{"embeddable":true,"href":"https:\/\/perpignan.alfmed.com\/en\/wp-json\/wp\/v2\/users\/1"}],"replies":[{"embeddable":true,"href":"https:\/\/perpignan.alfmed.com\/en\/wp-json\/wp\/v2\/comments?post=982"}],"version-history":[{"count":4,"href":"https:\/\/perpignan.alfmed.com\/en\/wp-json\/wp\/v2\/pages\/982\/revisions"}],"predecessor-version":[{"id":23464,"href":"https:\/\/perpignan.alfmed.com\/en\/wp-json\/wp\/v2\/pages\/982\/revisions\/23464"}],"up":[{"embeddable":true,"href":"https:\/\/perpignan.alfmed.com\/en\/wp-json\/wp\/v2\/pages\/633"}],"wp:featuredmedia":[{"embeddable":true,"href":"https:\/\/perpignan.alfmed.com\/en\/wp-json\/wp\/v2\/media\/22350"}],"wp:attachment":[{"href":"https:\/\/perpignan.alfmed.com\/en\/wp-json\/wp\/v2\/media?parent=982"}],"wp:term":[{"taxonomy":"category","embeddable":true,"href":"https:\/\/perpignan.alfmed.com\/en\/wp-json\/wp\/v2\/categories?post=982"},{"taxonomy":"post_tag","embeddable":true,"href":"https:\/\/perpignan.alfmed.com\/en\/wp-json\/wp\/v2\/tags?post=982"}],"curies":[{"name":"wp","href":"https:\/\/api.w.org\/{rel}","templated":true}]}}