{"id":976,"date":"2022-02-08T14:06:10","date_gmt":"2022-02-08T14:06:10","guid":{"rendered":"https:\/\/perpignan.alfmed.com\/?page_id=976"},"modified":"2025-03-27T16:46:58","modified_gmt":"2025-03-27T15:46:58","slug":"dirigeants-independants","status":"publish","type":"page","link":"https:\/\/perpignan.alfmed.com\/en\/dirigeants-independants\/","title":{"rendered":"Dirigeants \/ Ind\u00e9pendants"},"content":{"rendered":"","protected":false},"excerpt":{"rendered":"","protected":false},"author":1,"featured_media":296,"parent":0,"menu_order":0,"comment_status":"closed","ping_status":"closed","template":"page-template-air-camp.php","meta":{"_acf_changed":false,"_et_pb_use_builder":"","_et_pb_old_content":"","_et_gb_content_width":"","footnotes":""},"categories":[],"tags":[41],"class_list":["post-976","page","type-page","status-publish","has-post-thumbnail","hentry","tag-gabarit-page-air-camp"],"acf":[],"yoast_head":"<!-- This site is optimized with the Yoast SEO plugin v27.3 - https:\/\/yoast.com\/product\/yoast-seo-wordpress\/ -->\n<title>ALFMED Perpignan | Cours de langues dirigeants | ind\u00e9pendants<\/title>\n<meta name=\"description\" content=\"Cours d&#039;Anglais | Espagnol | Catalan | Fran\u00e7ais Langue \u00e9trang\u00e8re | Italien | Allemand | Chinois | N\u00e9erlandais | Russe \u00e0 Perpignan dirigeants ind\u00e9pendants Financement 100%\" \/>\n<meta name=\"robots\" content=\"index, follow, max-snippet:-1, max-image-preview:large, max-video-preview:-1\" \/>\n<link rel=\"canonical\" href=\"https:\/\/perpignan.alfmed.com\/en\/dirigeants-independants\/\" \/>\n<meta property=\"og:locale\" content=\"en_US\" \/>\n<meta property=\"og:type\" content=\"article\" \/>\n<meta property=\"og:title\" content=\"ALFMED Perpignan | Cours de langues dirigeants | ind\u00e9pendants\" \/>\n<meta property=\"og:description\" content=\"Cours d&#039;Anglais | Espagnol | Catalan | Fran\u00e7ais Langue \u00e9trang\u00e8re | Italien | Allemand | Chinois | N\u00e9erlandais | Russe \u00e0 Perpignan dirigeants ind\u00e9pendants Financement 100%\" \/>\n<meta property=\"og:url\" content=\"https:\/\/perpignan.alfmed.com\/en\/dirigeants-independants\/\" \/>\n<meta property=\"og:site_name\" content=\"Alfmed\" \/>\n<meta property=\"article:modified_time\" content=\"2025-03-27T15:46:58+00:00\" \/>\n<meta property=\"og:image\" content=\"https:\/\/perpignan.alfmed.com\/wp-content\/uploads\/2022\/02\/img-cat-1.jpg\" \/>\n\t<meta property=\"og:image:width\" content=\"293\" \/>\n\t<meta property=\"og:image:height\" content=\"213\" \/>\n\t<meta property=\"og:image:type\" content=\"image\/jpeg\" \/>\n<meta name=\"twitter:card\" content=\"summary_large_image\" \/>\n<script type=\"application\/ld+json\" class=\"yoast-schema-graph\">{\"@context\":\"https:\\\/\\\/schema.org\",\"@graph\":[{\"@type\":\"WebPage\",\"@id\":\"https:\\\/\\\/perpignan.alfmed.com\\\/en\\\/dirigeants-independants\\\/\",\"url\":\"https:\\\/\\\/perpignan.alfmed.com\\\/en\\\/dirigeants-independants\\\/\",\"name\":\"ALFMED Perpignan | Cours de langues dirigeants | ind\u00e9pendants\",\"isPartOf\":{\"@id\":\"https:\\\/\\\/perpignan.alfmed.com\\\/en\\\/#website\"},\"primaryImageOfPage\":{\"@id\":\"https:\\\/\\\/perpignan.alfmed.com\\\/en\\\/dirigeants-independants\\\/#primaryimage\"},\"image\":{\"@id\":\"https:\\\/\\\/perpignan.alfmed.com\\\/en\\\/dirigeants-independants\\\/#primaryimage\"},\"thumbnailUrl\":\"https:\\\/\\\/perpignan.alfmed.com\\\/wp-content\\\/uploads\\\/2022\\\/02\\\/img-cat-1.jpg\",\"datePublished\":\"2022-02-08T14:06:10+00:00\",\"dateModified\":\"2025-03-27T15:46:58+00:00\",\"description\":\"Cours d'Anglais | Espagnol | Catalan | Fran\u00e7ais Langue \u00e9trang\u00e8re | Italien | Allemand | Chinois | N\u00e9erlandais | Russe \u00e0 Perpignan dirigeants ind\u00e9pendants Financement 100%\",\"breadcrumb\":{\"@id\":\"https:\\\/\\\/perpignan.alfmed.com\\\/en\\\/dirigeants-independants\\\/#breadcrumb\"},\"inLanguage\":\"en-US\",\"potentialAction\":[{\"@type\":\"ReadAction\",\"target\":[\"https:\\\/\\\/perpignan.alfmed.com\\\/en\\\/dirigeants-independants\\\/\"]}]},{\"@type\":\"ImageObject\",\"inLanguage\":\"en-US\",\"@id\":\"https:\\\/\\\/perpignan.alfmed.com\\\/en\\\/dirigeants-independants\\\/#primaryimage\",\"url\":\"https:\\\/\\\/perpignan.alfmed.com\\\/wp-content\\\/uploads\\\/2022\\\/02\\\/img-cat-1.jpg\",\"contentUrl\":\"https:\\\/\\\/perpignan.alfmed.com\\\/wp-content\\\/uploads\\\/2022\\\/02\\\/img-cat-1.jpg\",\"width\":293,\"height\":213,\"caption\":\"cours de langues-entreprise\"},{\"@type\":\"BreadcrumbList\",\"@id\":\"https:\\\/\\\/perpignan.alfmed.com\\\/en\\\/dirigeants-independants\\\/#breadcrumb\",\"itemListElement\":[{\"@type\":\"ListItem\",\"position\":1,\"name\":\"Home\",\"item\":\"https:\\\/\\\/perpignan.alfmed.com\\\/en\\\/\"},{\"@type\":\"ListItem\",\"position\":2,\"name\":\"Dirigeants \\\/ Ind\u00e9pendants\"}]},{\"@type\":\"WebSite\",\"@id\":\"https:\\\/\\\/perpignan.alfmed.com\\\/en\\\/#website\",\"url\":\"https:\\\/\\\/perpignan.alfmed.com\\\/en\\\/\",\"name\":\"Alfmed\",\"description\":\"EXPERTS EN LANGUES &amp; PROJETS EUROP\u00c9ENS\",\"potentialAction\":[{\"@type\":\"SearchAction\",\"target\":{\"@type\":\"EntryPoint\",\"urlTemplate\":\"https:\\\/\\\/perpignan.alfmed.com\\\/en\\\/?s={search_term_string}\"},\"query-input\":{\"@type\":\"PropertyValueSpecification\",\"valueRequired\":true,\"valueName\":\"search_term_string\"}}],\"inLanguage\":\"en-US\"}]}<\/script>\n<!-- \/ Yoast SEO plugin. -->","yoast_head_json":{"title":"ALFMED Perpignan | Cours de langues dirigeants | ind\u00e9pendants","description":"Cours d'Anglais | Espagnol | Catalan | Fran\u00e7ais Langue \u00e9trang\u00e8re | Italien | Allemand | Chinois | N\u00e9erlandais | Russe \u00e0 Perpignan dirigeants ind\u00e9pendants Financement 100%","robots":{"index":"index","follow":"follow","max-snippet":"max-snippet:-1","max-image-preview":"max-image-preview:large","max-video-preview":"max-video-preview:-1"},"canonical":"https:\/\/perpignan.alfmed.com\/en\/dirigeants-independants\/","og_locale":"en_US","og_type":"article","og_title":"ALFMED Perpignan | Cours de langues dirigeants | ind\u00e9pendants","og_description":"Cours d'Anglais | Espagnol | Catalan | Fran\u00e7ais Langue \u00e9trang\u00e8re | Italien | Allemand | Chinois | N\u00e9erlandais | Russe \u00e0 Perpignan dirigeants ind\u00e9pendants Financement 100%","og_url":"https:\/\/perpignan.alfmed.com\/en\/dirigeants-independants\/","og_site_name":"Alfmed","article_modified_time":"2025-03-27T15:46:58+00:00","og_image":[{"width":293,"height":213,"url":"https:\/\/perpignan.alfmed.com\/wp-content\/uploads\/2022\/02\/img-cat-1.jpg","type":"image\/jpeg"}],"twitter_card":"summary_large_image","schema":{"@context":"https:\/\/schema.org","@graph":[{"@type":"WebPage","@id":"https:\/\/perpignan.alfmed.com\/en\/dirigeants-independants\/","url":"https:\/\/perpignan.alfmed.com\/en\/dirigeants-independants\/","name":"ALFMED Perpignan | Cours de langues dirigeants | ind\u00e9pendants","isPartOf":{"@id":"https:\/\/perpignan.alfmed.com\/en\/#website"},"primaryImageOfPage":{"@id":"https:\/\/perpignan.alfmed.com\/en\/dirigeants-independants\/#primaryimage"},"image":{"@id":"https:\/\/perpignan.alfmed.com\/en\/dirigeants-independants\/#primaryimage"},"thumbnailUrl":"https:\/\/perpignan.alfmed.com\/wp-content\/uploads\/2022\/02\/img-cat-1.jpg","datePublished":"2022-02-08T14:06:10+00:00","dateModified":"2025-03-27T15:46:58+00:00","description":"Cours d'Anglais | Espagnol | Catalan | Fran\u00e7ais Langue \u00e9trang\u00e8re | Italien | Allemand | Chinois | N\u00e9erlandais | Russe \u00e0 Perpignan dirigeants ind\u00e9pendants Financement 100%","breadcrumb":{"@id":"https:\/\/perpignan.alfmed.com\/en\/dirigeants-independants\/#breadcrumb"},"inLanguage":"en-US","potentialAction":[{"@type":"ReadAction","target":["https:\/\/perpignan.alfmed.com\/en\/dirigeants-independants\/"]}]},{"@type":"ImageObject","inLanguage":"en-US","@id":"https:\/\/perpignan.alfmed.com\/en\/dirigeants-independants\/#primaryimage","url":"https:\/\/perpignan.alfmed.com\/wp-content\/uploads\/2022\/02\/img-cat-1.jpg","contentUrl":"https:\/\/perpignan.alfmed.com\/wp-content\/uploads\/2022\/02\/img-cat-1.jpg","width":293,"height":213,"caption":"cours de langues-entreprise"},{"@type":"BreadcrumbList","@id":"https:\/\/perpignan.alfmed.com\/en\/dirigeants-independants\/#breadcrumb","itemListElement":[{"@type":"ListItem","position":1,"name":"Home","item":"https:\/\/perpignan.alfmed.com\/en\/"},{"@type":"ListItem","position":2,"name":"Dirigeants \/ Ind\u00e9pendants"}]},{"@type":"WebSite","@id":"https:\/\/perpignan.alfmed.com\/en\/#website","url":"https:\/\/perpignan.alfmed.com\/en\/","name":"Alfmed","description":"EXPERTS EN LANGUES &amp; PROJETS EUROP\u00c9ENS","potentialAction":[{"@type":"SearchAction","target":{"@type":"EntryPoint","urlTemplate":"https:\/\/perpignan.alfmed.com\/en\/?s={search_term_string}"},"query-input":{"@type":"PropertyValueSpecification","valueRequired":true,"valueName":"search_term_string"}}],"inLanguage":"en-US"}]}},"_links":{"self":[{"href":"https:\/\/perpignan.alfmed.com\/en\/wp-json\/wp\/v2\/pages\/976","targetHints":{"allow":["GET"]}}],"collection":[{"href":"https:\/\/perpignan.alfmed.com\/en\/wp-json\/wp\/v2\/pages"}],"about":[{"href":"https:\/\/perpignan.alfmed.com\/en\/wp-json\/wp\/v2\/types\/page"}],"author":[{"embeddable":true,"href":"https:\/\/perpignan.alfmed.com\/en\/wp-json\/wp\/v2\/users\/1"}],"replies":[{"embeddable":true,"href":"https:\/\/perpignan.alfmed.com\/en\/wp-json\/wp\/v2\/comments?post=976"}],"version-history":[{"count":3,"href":"https:\/\/perpignan.alfmed.com\/en\/wp-json\/wp\/v2\/pages\/976\/revisions"}],"predecessor-version":[{"id":20852,"href":"https:\/\/perpignan.alfmed.com\/en\/wp-json\/wp\/v2\/pages\/976\/revisions\/20852"}],"wp:featuredmedia":[{"embeddable":true,"href":"https:\/\/perpignan.alfmed.com\/en\/wp-json\/wp\/v2\/media\/296"}],"wp:attachment":[{"href":"https:\/\/perpignan.alfmed.com\/en\/wp-json\/wp\/v2\/media?parent=976"}],"wp:term":[{"taxonomy":"category","embeddable":true,"href":"https:\/\/perpignan.alfmed.com\/en\/wp-json\/wp\/v2\/categories?post=976"},{"taxonomy":"post_tag","embeddable":true,"href":"https:\/\/perpignan.alfmed.com\/en\/wp-json\/wp\/v2\/tags?post=976"}],"curies":[{"name":"wp","href":"https:\/\/api.w.org\/{rel}","templated":true}]}}