{"id":973,"date":"2022-02-08T14:06:02","date_gmt":"2022-02-08T14:06:02","guid":{"rendered":"https:\/\/perpignan.alfmed.com\/?page_id=973"},"modified":"2026-03-19T16:16:02","modified_gmt":"2026-03-19T15:16:02","slug":"utiliser-le-cpf","status":"publish","type":"page","link":"https:\/\/perpignan.alfmed.com\/en\/utiliser-le-cpf\/","title":{"rendered":"Utiliser le CPF"},"content":{"rendered":"","protected":false},"excerpt":{"rendered":"","protected":false},"author":1,"featured_media":1486,"parent":0,"menu_order":0,"comment_status":"closed","ping_status":"closed","template":"page-template-air-camp.php","meta":{"_acf_changed":false,"_et_pb_use_builder":"","_et_pb_old_content":"","_et_gb_content_width":"","footnotes":""},"categories":[35,31,32],"tags":[41],"class_list":["post-973","page","type-page","status-publish","has-post-thumbnail","hentry","category-diplomes-linguistiques","category-entreprises","category-particuliers","tag-gabarit-page-air-camp"],"acf":[],"yoast_head":"<!-- This site is optimized with the Yoast SEO plugin v27.3 - https:\/\/yoast.com\/product\/yoast-seo-wordpress\/ -->\n<title>ALFMED Perpignan | Cours de langues CPF<\/title>\n<meta name=\"description\" content=\"ALFMED propose des cours de langues (anglais espagnol italien allemand fran\u00e7ais ) \u00e0 Perpignan financement 100% CPF pour les particuliers et salari\u00e9s d&#039;entreprises\" \/>\n<meta name=\"robots\" content=\"index, follow, max-snippet:-1, max-image-preview:large, max-video-preview:-1\" \/>\n<link rel=\"canonical\" href=\"https:\/\/perpignan.alfmed.com\/en\/utiliser-le-cpf\/\" \/>\n<meta property=\"og:locale\" content=\"en_US\" \/>\n<meta property=\"og:type\" content=\"article\" \/>\n<meta property=\"og:title\" content=\"ALFMED Perpignan | Cours de langues CPF\" \/>\n<meta property=\"og:description\" content=\"ALFMED propose des cours de langues (anglais espagnol italien allemand fran\u00e7ais ) \u00e0 Perpignan financement 100% CPF pour les particuliers et salari\u00e9s d&#039;entreprises\" \/>\n<meta property=\"og:url\" content=\"https:\/\/perpignan.alfmed.com\/en\/utiliser-le-cpf\/\" \/>\n<meta property=\"og:site_name\" content=\"Alfmed\" \/>\n<meta property=\"article:modified_time\" content=\"2026-03-19T15:16:02+00:00\" \/>\n<meta property=\"og:image\" content=\"https:\/\/perpignan.alfmed.com\/wp-content\/uploads\/2022\/02\/cpf.png\" \/>\n\t<meta property=\"og:image:width\" content=\"532\" \/>\n\t<meta property=\"og:image:height\" content=\"533\" \/>\n\t<meta property=\"og:image:type\" content=\"image\/png\" \/>\n<meta name=\"twitter:card\" content=\"summary_large_image\" \/>\n<script type=\"application\/ld+json\" class=\"yoast-schema-graph\">{\"@context\":\"https:\\\/\\\/schema.org\",\"@graph\":[{\"@type\":\"WebPage\",\"@id\":\"https:\\\/\\\/perpignan.alfmed.com\\\/en\\\/utiliser-le-cpf\\\/\",\"url\":\"https:\\\/\\\/perpignan.alfmed.com\\\/en\\\/utiliser-le-cpf\\\/\",\"name\":\"ALFMED Perpignan | Cours de langues CPF\",\"isPartOf\":{\"@id\":\"https:\\\/\\\/perpignan.alfmed.com\\\/en\\\/#website\"},\"primaryImageOfPage\":{\"@id\":\"https:\\\/\\\/perpignan.alfmed.com\\\/en\\\/utiliser-le-cpf\\\/#primaryimage\"},\"image\":{\"@id\":\"https:\\\/\\\/perpignan.alfmed.com\\\/en\\\/utiliser-le-cpf\\\/#primaryimage\"},\"thumbnailUrl\":\"https:\\\/\\\/perpignan.alfmed.com\\\/wp-content\\\/uploads\\\/2022\\\/02\\\/cpf.png\",\"datePublished\":\"2022-02-08T14:06:02+00:00\",\"dateModified\":\"2026-03-19T15:16:02+00:00\",\"description\":\"ALFMED propose des cours de langues (anglais espagnol italien allemand fran\u00e7ais ) \u00e0 Perpignan financement 100% CPF pour les particuliers et salari\u00e9s d'entreprises\",\"breadcrumb\":{\"@id\":\"https:\\\/\\\/perpignan.alfmed.com\\\/en\\\/utiliser-le-cpf\\\/#breadcrumb\"},\"inLanguage\":\"en-US\",\"potentialAction\":[{\"@type\":\"ReadAction\",\"target\":[\"https:\\\/\\\/perpignan.alfmed.com\\\/en\\\/utiliser-le-cpf\\\/\"]}]},{\"@type\":\"ImageObject\",\"inLanguage\":\"en-US\",\"@id\":\"https:\\\/\\\/perpignan.alfmed.com\\\/en\\\/utiliser-le-cpf\\\/#primaryimage\",\"url\":\"https:\\\/\\\/perpignan.alfmed.com\\\/wp-content\\\/uploads\\\/2022\\\/02\\\/cpf.png\",\"contentUrl\":\"https:\\\/\\\/perpignan.alfmed.com\\\/wp-content\\\/uploads\\\/2022\\\/02\\\/cpf.png\",\"width\":532,\"height\":533},{\"@type\":\"BreadcrumbList\",\"@id\":\"https:\\\/\\\/perpignan.alfmed.com\\\/en\\\/utiliser-le-cpf\\\/#breadcrumb\",\"itemListElement\":[{\"@type\":\"ListItem\",\"position\":1,\"name\":\"Home\",\"item\":\"https:\\\/\\\/perpignan.alfmed.com\\\/en\\\/\"},{\"@type\":\"ListItem\",\"position\":2,\"name\":\"Utiliser le CPF\"}]},{\"@type\":\"WebSite\",\"@id\":\"https:\\\/\\\/perpignan.alfmed.com\\\/en\\\/#website\",\"url\":\"https:\\\/\\\/perpignan.alfmed.com\\\/en\\\/\",\"name\":\"Alfmed\",\"description\":\"EXPERTS EN LANGUES &amp; PROJETS EUROP\u00c9ENS\",\"potentialAction\":[{\"@type\":\"SearchAction\",\"target\":{\"@type\":\"EntryPoint\",\"urlTemplate\":\"https:\\\/\\\/perpignan.alfmed.com\\\/en\\\/?s={search_term_string}\"},\"query-input\":{\"@type\":\"PropertyValueSpecification\",\"valueRequired\":true,\"valueName\":\"search_term_string\"}}],\"inLanguage\":\"en-US\"}]}<\/script>\n<!-- \/ Yoast SEO plugin. -->","yoast_head_json":{"title":"ALFMED Perpignan | Cours de langues CPF","description":"ALFMED propose des cours de langues (anglais espagnol italien allemand fran\u00e7ais ) \u00e0 Perpignan financement 100% CPF pour les particuliers et salari\u00e9s d'entreprises","robots":{"index":"index","follow":"follow","max-snippet":"max-snippet:-1","max-image-preview":"max-image-preview:large","max-video-preview":"max-video-preview:-1"},"canonical":"https:\/\/perpignan.alfmed.com\/en\/utiliser-le-cpf\/","og_locale":"en_US","og_type":"article","og_title":"ALFMED Perpignan | Cours de langues CPF","og_description":"ALFMED propose des cours de langues (anglais espagnol italien allemand fran\u00e7ais ) \u00e0 Perpignan financement 100% CPF pour les particuliers et salari\u00e9s d'entreprises","og_url":"https:\/\/perpignan.alfmed.com\/en\/utiliser-le-cpf\/","og_site_name":"Alfmed","article_modified_time":"2026-03-19T15:16:02+00:00","og_image":[{"width":532,"height":533,"url":"https:\/\/perpignan.alfmed.com\/wp-content\/uploads\/2022\/02\/cpf.png","type":"image\/png"}],"twitter_card":"summary_large_image","schema":{"@context":"https:\/\/schema.org","@graph":[{"@type":"WebPage","@id":"https:\/\/perpignan.alfmed.com\/en\/utiliser-le-cpf\/","url":"https:\/\/perpignan.alfmed.com\/en\/utiliser-le-cpf\/","name":"ALFMED Perpignan | Cours de langues CPF","isPartOf":{"@id":"https:\/\/perpignan.alfmed.com\/en\/#website"},"primaryImageOfPage":{"@id":"https:\/\/perpignan.alfmed.com\/en\/utiliser-le-cpf\/#primaryimage"},"image":{"@id":"https:\/\/perpignan.alfmed.com\/en\/utiliser-le-cpf\/#primaryimage"},"thumbnailUrl":"https:\/\/perpignan.alfmed.com\/wp-content\/uploads\/2022\/02\/cpf.png","datePublished":"2022-02-08T14:06:02+00:00","dateModified":"2026-03-19T15:16:02+00:00","description":"ALFMED propose des cours de langues (anglais espagnol italien allemand fran\u00e7ais ) \u00e0 Perpignan financement 100% CPF pour les particuliers et salari\u00e9s d'entreprises","breadcrumb":{"@id":"https:\/\/perpignan.alfmed.com\/en\/utiliser-le-cpf\/#breadcrumb"},"inLanguage":"en-US","potentialAction":[{"@type":"ReadAction","target":["https:\/\/perpignan.alfmed.com\/en\/utiliser-le-cpf\/"]}]},{"@type":"ImageObject","inLanguage":"en-US","@id":"https:\/\/perpignan.alfmed.com\/en\/utiliser-le-cpf\/#primaryimage","url":"https:\/\/perpignan.alfmed.com\/wp-content\/uploads\/2022\/02\/cpf.png","contentUrl":"https:\/\/perpignan.alfmed.com\/wp-content\/uploads\/2022\/02\/cpf.png","width":532,"height":533},{"@type":"BreadcrumbList","@id":"https:\/\/perpignan.alfmed.com\/en\/utiliser-le-cpf\/#breadcrumb","itemListElement":[{"@type":"ListItem","position":1,"name":"Home","item":"https:\/\/perpignan.alfmed.com\/en\/"},{"@type":"ListItem","position":2,"name":"Utiliser le CPF"}]},{"@type":"WebSite","@id":"https:\/\/perpignan.alfmed.com\/en\/#website","url":"https:\/\/perpignan.alfmed.com\/en\/","name":"Alfmed","description":"EXPERTS EN LANGUES &amp; PROJETS EUROP\u00c9ENS","potentialAction":[{"@type":"SearchAction","target":{"@type":"EntryPoint","urlTemplate":"https:\/\/perpignan.alfmed.com\/en\/?s={search_term_string}"},"query-input":{"@type":"PropertyValueSpecification","valueRequired":true,"valueName":"search_term_string"}}],"inLanguage":"en-US"}]}},"_links":{"self":[{"href":"https:\/\/perpignan.alfmed.com\/en\/wp-json\/wp\/v2\/pages\/973","targetHints":{"allow":["GET"]}}],"collection":[{"href":"https:\/\/perpignan.alfmed.com\/en\/wp-json\/wp\/v2\/pages"}],"about":[{"href":"https:\/\/perpignan.alfmed.com\/en\/wp-json\/wp\/v2\/types\/page"}],"author":[{"embeddable":true,"href":"https:\/\/perpignan.alfmed.com\/en\/wp-json\/wp\/v2\/users\/1"}],"replies":[{"embeddable":true,"href":"https:\/\/perpignan.alfmed.com\/en\/wp-json\/wp\/v2\/comments?post=973"}],"version-history":[{"count":3,"href":"https:\/\/perpignan.alfmed.com\/en\/wp-json\/wp\/v2\/pages\/973\/revisions"}],"predecessor-version":[{"id":23445,"href":"https:\/\/perpignan.alfmed.com\/en\/wp-json\/wp\/v2\/pages\/973\/revisions\/23445"}],"wp:featuredmedia":[{"embeddable":true,"href":"https:\/\/perpignan.alfmed.com\/en\/wp-json\/wp\/v2\/media\/1486"}],"wp:attachment":[{"href":"https:\/\/perpignan.alfmed.com\/en\/wp-json\/wp\/v2\/media?parent=973"}],"wp:term":[{"taxonomy":"category","embeddable":true,"href":"https:\/\/perpignan.alfmed.com\/en\/wp-json\/wp\/v2\/categories?post=973"},{"taxonomy":"post_tag","embeddable":true,"href":"https:\/\/perpignan.alfmed.com\/en\/wp-json\/wp\/v2\/tags?post=973"}],"curies":[{"name":"wp","href":"https:\/\/api.w.org\/{rel}","templated":true}]}}